{"id":1461,"date":"2022-04-19T08:52:40","date_gmt":"2022-04-19T07:52:40","guid":{"rendered":"https:\/\/www.corncrakelife.ie\/educational-materials\/"},"modified":"2023-03-22T09:57:11","modified_gmt":"2023-03-22T09:57:11","slug":"educational-materials","status":"publish","type":"page","link":"https:\/\/www.corncrakelife.ie\/ga\/educational-materials\/","title":{"rendered":"\u00c1bhair Oideachais"},"content":{"rendered":"\n<div class=\"wp-block-columns ticss-29639403 is-layout-flex wp-container-core-columns-is-layout-28f84493 wp-block-columns-is-layout-flex\">\n<div class=\"wp-block-column ticss-9d9c32cd is-layout-flow wp-block-column-is-layout-flow\" style=\"flex-basis:33.33%\">\n<figure class=\"wp-block-image size-full is-resized ticss-7ec1cb38\"><img decoding=\"async\" src=\"https:\/\/www.corncrakelife.ie\/wp-content\/uploads\/2023\/03\/CorncrakeLIFEEducation.png\" alt=\"\" class=\"wp-image-2026\" width=\"237\" srcset=\"https:\/\/www.corncrakelife.ie\/wp-content\/uploads\/2023\/03\/CorncrakeLIFEEducation.png 576w, https:\/\/www.corncrakelife.ie\/wp-content\/uploads\/2023\/03\/CorncrakeLIFEEducation-213x300.png 213w\" sizes=\"(max-width: 576px) 100vw, 576px\" \/><\/figure>\n<\/div>\n\n\n\n<div class=\"wp-block-column is-layout-flow wp-block-column-is-layout-flow\" style=\"flex-basis:66.66%\">\n<h2 class=\"wp-block-heading\">Cl\u00e1r Bunscoile an TraonaighLIFE<\/h2>\n\n\n\n<p><a href=\"https:\/\/www.corncrakelife.ie\/ga\/clar-bunscoile-an-traonaighlife-forbhreathnu\/\">Forbhreathn\u00fa<\/a><\/p>\n\n\n\n<p><a href=\"https:\/\/www.corncrakelife.ie\/ga\/clar-bunscoile-an-traonaighlife-forbhreathnu\/#Session-1-Educational_Material\">Seisi\u00fan 1<\/a><\/p>\n\n\n\n<p><a href=\"https:\/\/www.corncrakelife.ie\/ga\/clar-bunscoile-an-traonaighlife-forbhreathnu\/#Session-2-Educational_Material\">Seisi\u00fan 2<\/a><\/p>\n\n\n\n<p><a href=\"https:\/\/www.corncrakelife.ie\/ga\/clar-bunscoile-an-traonaighlife-forbhreathnu\/#Session-3-Educational-Material\">Seisi\u00fan 3<\/a><\/p>\n<\/div>\n<\/div>\n\n<div class=\"wp-block-columns ticss-29639403 is-layout-flex wp-container-core-columns-is-layout-28f84493 wp-block-columns-is-layout-flex\">\n<div class=\"wp-block-column ticss-9d9c32cd is-layout-flow wp-block-column-is-layout-flow\" style=\"flex-basis:33.33%\">\n<figure class=\"wp-block-image size-full ticss-7ec1cb38\"><a href=\"\/wp-content\/uploads\/2022\/04\/Corncrake-poster-Feb2022-gaelge.pdf\"><img loading=\"lazy\" decoding=\"async\" width=\"237\" height=\"335\" src=\"https:\/\/www.corncrakelife.ie\/wp-content\/uploads\/2022\/04\/CorncrakePosterEng.png\" alt=\"P&#xF3;staer LIFE an Traonaigh - B&#xE9;arla - PDF\" class=\"wp-image-1448\" srcset=\"https:\/\/www.corncrakelife.ie\/wp-content\/uploads\/2022\/04\/CorncrakePosterEng.png 237w, https:\/\/www.corncrakelife.ie\/wp-content\/uploads\/2022\/04\/CorncrakePosterEng-212x300.png 212w\" sizes=\"auto, (max-width: 237px) 100vw, 237px\" \/><\/a><\/figure>\n<\/div>\n\n\n\n<div class=\"wp-block-column is-layout-flow wp-block-column-is-layout-flow\" style=\"flex-basis:66.66%\">\n<h2 class=\"wp-block-heading\">Corncrake\/Traonach LIFE Educational Poster<\/h2>\n\n\n\n<p><a href=\"\/wp-content\/uploads\/2022\/04\/Corncrake-poster-Feb2022-english.pdf\" data-type=\"URL\" data-id=\"\/wp-content\/uploads\/2022\/04\/Corncrake-poster-Feb2022-english.pdf\">\u00cdosl\u00f3d\u00e1il p\u00f3staer i mb\u00e9arla &#8211; PDF<\/a><\/p>\n\n\n\n<p><a href=\"\/wp-content\/uploads\/2022\/04\/Corncrake-poster-Feb2022-gaeilge.pdf\">\u00cdosl\u00f3d\u00e1il P\u00f3staer &#8211; Gaeilge &#8211; PDF<\/a><\/p>\n<\/div>\n<\/div>\n","protected":false},"excerpt":{"rendered":"<p>Cl\u00e1r Bunscoile an TraonaighLIFE Forbhreathn\u00fa Seisi\u00fan 1 Seisi\u00fan 2 Seisi\u00fan 3 Corncrake\/Traonach LIFE Educational Poster \u00cdosl\u00f3d\u00e1il p\u00f3staer i mb\u00e9arla &#8211; PDF \u00cdosl\u00f3d\u00e1il P\u00f3staer &#8211; Gaeilge &#8211; PDF<\/p>\n","protected":false},"author":1,"featured_media":0,"parent":0,"menu_order":0,"comment_status":"closed","ping_status":"closed","template":"","meta":{"site-sidebar-layout":"no-sidebar","site-content-layout":"","ast-site-content-layout":"default","site-content-style":"default","site-sidebar-style":"default","ast-global-header-display":"","ast-banner-title-visibility":"","ast-main-header-display":"","ast-hfb-above-header-display":"","ast-hfb-below-header-display":"","ast-hfb-mobile-header-display":"","site-post-title":"","ast-breadcrumbs-content":"","ast-featured-img":"","footer-sml-layout":"","ast-disable-related-posts":"","theme-transparent-header-meta":"","adv-header-id-meta":"","stick-header-meta":"","header-above-stick-meta":"","header-main-stick-meta":"","header-below-stick-meta":"","astra-migrate-meta-layouts":"default","ast-page-background-enabled":"default","ast-page-background-meta":{"desktop":{"background-color":"var(--ast-global-color-4)","background-image":"","background-repeat":"repeat","background-position":"center center","background-size":"auto","background-attachment":"scroll","background-type":"","background-media":"","overlay-type":"","overlay-color":"","overlay-opacity":"","overlay-gradient":""},"tablet":{"background-color":"","background-image":"","background-repeat":"repeat","background-position":"center center","background-size":"auto","background-attachment":"scroll","background-type":"","background-media":"","overlay-type":"","overlay-color":"","overlay-opacity":"","overlay-gradient":""},"mobile":{"background-color":"","background-image":"","background-repeat":"repeat","background-position":"center center","background-size":"auto","background-attachment":"scroll","background-type":"","background-media":"","overlay-type":"","overlay-color":"","overlay-opacity":"","overlay-gradient":""}},"ast-content-background-meta":{"desktop":{"background-color":"var(--ast-global-color-5)","background-image":"","background-repeat":"repeat","background-position":"center center","background-size":"auto","background-attachment":"scroll","background-type":"","background-media":"","overlay-type":"","overlay-color":"","overlay-opacity":"","overlay-gradient":""},"tablet":{"background-color":"var(--ast-global-color-5)","background-image":"","background-repeat":"repeat","background-position":"center center","background-size":"auto","background-attachment":"scroll","background-type":"","background-media":"","overlay-type":"","overlay-color":"","overlay-opacity":"","overlay-gradient":""},"mobile":{"background-color":"var(--ast-global-color-5)","background-image":"","background-repeat":"repeat","background-position":"center center","background-size":"auto","background-attachment":"scroll","background-type":"","background-media":"","overlay-type":"","overlay-color":"","overlay-opacity":"","overlay-gradient":""}},"footnotes":""},"class_list":["post-1461","page","type-page","status-publish","hentry"],"yoast_head":"<!-- This site is optimized with the Yoast SEO plugin v27.3 - https:\/\/yoast.com\/product\/yoast-seo-wordpress\/ -->\n<title>\u00c1bhair Oideachais - Corncrake LIFE<\/title>\n<meta name=\"robots\" content=\"index, follow, max-snippet:-1, max-image-preview:large, max-video-preview:-1\" \/>\n<link rel=\"canonical\" href=\"https:\/\/www.corncrakelife.ie\/ga\/educational-materials\/\" \/>\n<meta property=\"og:locale\" content=\"ga_IE\" \/>\n<meta property=\"og:type\" content=\"article\" \/>\n<meta property=\"og:title\" content=\"\u00c1bhair Oideachais - Corncrake LIFE\" \/>\n<meta property=\"og:description\" content=\"Cl\u00e1r Bunscoile an TraonaighLIFE Forbhreathn\u00fa Seisi\u00fan 1 Seisi\u00fan 2 Seisi\u00fan 3 Corncrake\/Traonach LIFE Educational Poster \u00cdosl\u00f3d\u00e1il p\u00f3staer i mb\u00e9arla &#8211; PDF \u00cdosl\u00f3d\u00e1il P\u00f3staer &#8211; Gaeilge &#8211; PDF\" \/>\n<meta property=\"og:url\" content=\"https:\/\/www.corncrakelife.ie\/ga\/educational-materials\/\" \/>\n<meta property=\"og:site_name\" content=\"Corncrake LIFE\" \/>\n<meta property=\"article:publisher\" content=\"https:\/\/www.facebook.com\/groups\/1110924015998978\" \/>\n<meta property=\"article:modified_time\" content=\"2023-03-22T09:57:11+00:00\" \/>\n<meta property=\"og:image\" content=\"https:\/\/www.corncrakelife.ie\/wp-content\/uploads\/2023\/03\/CorncrakeLIFEEducation.png\" \/>\n<meta name=\"twitter:card\" content=\"summary_large_image\" \/>\n<meta name=\"twitter:site\" content=\"@CorncrakeLife\" \/>\n<script type=\"application\/ld+json\" class=\"yoast-schema-graph\">{\"@context\":\"https:\\\/\\\/schema.org\",\"@graph\":[{\"@type\":\"WebPage\",\"@id\":\"https:\\\/\\\/www.corncrakelife.ie\\\/ga\\\/educational-materials\\\/\",\"url\":\"https:\\\/\\\/www.corncrakelife.ie\\\/ga\\\/educational-materials\\\/\",\"name\":\"\u00c1bhair Oideachais - Corncrake LIFE\",\"isPartOf\":{\"@id\":\"https:\\\/\\\/www.corncrakelife.ie\\\/ga\\\/#website\"},\"primaryImageOfPage\":{\"@id\":\"https:\\\/\\\/www.corncrakelife.ie\\\/ga\\\/educational-materials\\\/#primaryimage\"},\"image\":{\"@id\":\"https:\\\/\\\/www.corncrakelife.ie\\\/ga\\\/educational-materials\\\/#primaryimage\"},\"thumbnailUrl\":\"https:\\\/\\\/www.corncrakelife.ie\\\/wp-content\\\/uploads\\\/2023\\\/03\\\/CorncrakeLIFEEducation.png\",\"datePublished\":\"2022-04-19T07:52:40+00:00\",\"dateModified\":\"2023-03-22T09:57:11+00:00\",\"breadcrumb\":{\"@id\":\"https:\\\/\\\/www.corncrakelife.ie\\\/ga\\\/educational-materials\\\/#breadcrumb\"},\"inLanguage\":\"ga-IE\",\"potentialAction\":[{\"@type\":\"ReadAction\",\"target\":[\"https:\\\/\\\/www.corncrakelife.ie\\\/ga\\\/educational-materials\\\/\"]}]},{\"@type\":\"ImageObject\",\"inLanguage\":\"ga-IE\",\"@id\":\"https:\\\/\\\/www.corncrakelife.ie\\\/ga\\\/educational-materials\\\/#primaryimage\",\"url\":\"https:\\\/\\\/www.corncrakelife.ie\\\/wp-content\\\/uploads\\\/2023\\\/03\\\/CorncrakeLIFEEducation.png\",\"contentUrl\":\"https:\\\/\\\/www.corncrakelife.ie\\\/wp-content\\\/uploads\\\/2023\\\/03\\\/CorncrakeLIFEEducation.png\"},{\"@type\":\"BreadcrumbList\",\"@id\":\"https:\\\/\\\/www.corncrakelife.ie\\\/ga\\\/educational-materials\\\/#breadcrumb\",\"itemListElement\":[{\"@type\":\"ListItem\",\"position\":1,\"name\":\"Home\",\"item\":\"https:\\\/\\\/www.corncrakelife.ie\\\/ga\\\/\"},{\"@type\":\"ListItem\",\"position\":2,\"name\":\"\u00c1bhair Oideachais\"}]},{\"@type\":\"WebSite\",\"@id\":\"https:\\\/\\\/www.corncrakelife.ie\\\/ga\\\/#website\",\"url\":\"https:\\\/\\\/www.corncrakelife.ie\\\/ga\\\/\",\"name\":\"Corncrake LIFE\",\"description\":\"Corncrake Traonach LIFE\",\"publisher\":{\"@id\":\"https:\\\/\\\/www.corncrakelife.ie\\\/ga\\\/#organization\"},\"potentialAction\":[{\"@type\":\"SearchAction\",\"target\":{\"@type\":\"EntryPoint\",\"urlTemplate\":\"https:\\\/\\\/www.corncrakelife.ie\\\/ga\\\/?s={search_term_string}\"},\"query-input\":{\"@type\":\"PropertyValueSpecification\",\"valueRequired\":true,\"valueName\":\"search_term_string\"}}],\"inLanguage\":\"ga-IE\"},{\"@type\":\"Organization\",\"@id\":\"https:\\\/\\\/www.corncrakelife.ie\\\/ga\\\/#organization\",\"name\":\"Department of Housing, Local Government and Heritage\",\"url\":\"https:\\\/\\\/www.corncrakelife.ie\\\/ga\\\/\",\"logo\":{\"@type\":\"ImageObject\",\"inLanguage\":\"ga-IE\",\"@id\":\"https:\\\/\\\/www.corncrakelife.ie\\\/ga\\\/#\\\/schema\\\/logo\\\/image\\\/\",\"url\":\"https:\\\/\\\/www.corncrakelife.ie\\\/wp-content\\\/uploads\\\/2022\\\/03\\\/Corncrake-Traonach-LIFE-Logo.png\",\"contentUrl\":\"https:\\\/\\\/www.corncrakelife.ie\\\/wp-content\\\/uploads\\\/2022\\\/03\\\/Corncrake-Traonach-LIFE-Logo.png\",\"width\":207,\"height\":100,\"caption\":\"Department of Housing, Local Government and Heritage\"},\"image\":{\"@id\":\"https:\\\/\\\/www.corncrakelife.ie\\\/ga\\\/#\\\/schema\\\/logo\\\/image\\\/\"},\"sameAs\":[\"https:\\\/\\\/www.facebook.com\\\/groups\\\/1110924015998978\",\"https:\\\/\\\/x.com\\\/CorncrakeLife\",\"https:\\\/\\\/www.instagram.com\\\/corncrakelife\\\/\",\"https:\\\/\\\/www.youtube.com\\\/channel\\\/UCJGP2YKBafZ689yVU0Iy_Zw\"]}]}<\/script>\n<!-- \/ Yoast SEO plugin. -->","yoast_head_json":{"title":"\u00c1bhair Oideachais - Corncrake LIFE","robots":{"index":"index","follow":"follow","max-snippet":"max-snippet:-1","max-image-preview":"max-image-preview:large","max-video-preview":"max-video-preview:-1"},"canonical":"https:\/\/www.corncrakelife.ie\/ga\/educational-materials\/","og_locale":"ga_IE","og_type":"article","og_title":"\u00c1bhair Oideachais - Corncrake LIFE","og_description":"Cl\u00e1r Bunscoile an TraonaighLIFE Forbhreathn\u00fa Seisi\u00fan 1 Seisi\u00fan 2 Seisi\u00fan 3 Corncrake\/Traonach LIFE Educational Poster \u00cdosl\u00f3d\u00e1il p\u00f3staer i mb\u00e9arla &#8211; PDF \u00cdosl\u00f3d\u00e1il P\u00f3staer &#8211; Gaeilge &#8211; PDF","og_url":"https:\/\/www.corncrakelife.ie\/ga\/educational-materials\/","og_site_name":"Corncrake LIFE","article_publisher":"https:\/\/www.facebook.com\/groups\/1110924015998978","article_modified_time":"2023-03-22T09:57:11+00:00","og_image":[{"url":"https:\/\/www.corncrakelife.ie\/wp-content\/uploads\/2023\/03\/CorncrakeLIFEEducation.png","type":"","width":"","height":""}],"twitter_card":"summary_large_image","twitter_site":"@CorncrakeLife","schema":{"@context":"https:\/\/schema.org","@graph":[{"@type":"WebPage","@id":"https:\/\/www.corncrakelife.ie\/ga\/educational-materials\/","url":"https:\/\/www.corncrakelife.ie\/ga\/educational-materials\/","name":"\u00c1bhair Oideachais - Corncrake LIFE","isPartOf":{"@id":"https:\/\/www.corncrakelife.ie\/ga\/#website"},"primaryImageOfPage":{"@id":"https:\/\/www.corncrakelife.ie\/ga\/educational-materials\/#primaryimage"},"image":{"@id":"https:\/\/www.corncrakelife.ie\/ga\/educational-materials\/#primaryimage"},"thumbnailUrl":"https:\/\/www.corncrakelife.ie\/wp-content\/uploads\/2023\/03\/CorncrakeLIFEEducation.png","datePublished":"2022-04-19T07:52:40+00:00","dateModified":"2023-03-22T09:57:11+00:00","breadcrumb":{"@id":"https:\/\/www.corncrakelife.ie\/ga\/educational-materials\/#breadcrumb"},"inLanguage":"ga-IE","potentialAction":[{"@type":"ReadAction","target":["https:\/\/www.corncrakelife.ie\/ga\/educational-materials\/"]}]},{"@type":"ImageObject","inLanguage":"ga-IE","@id":"https:\/\/www.corncrakelife.ie\/ga\/educational-materials\/#primaryimage","url":"https:\/\/www.corncrakelife.ie\/wp-content\/uploads\/2023\/03\/CorncrakeLIFEEducation.png","contentUrl":"https:\/\/www.corncrakelife.ie\/wp-content\/uploads\/2023\/03\/CorncrakeLIFEEducation.png"},{"@type":"BreadcrumbList","@id":"https:\/\/www.corncrakelife.ie\/ga\/educational-materials\/#breadcrumb","itemListElement":[{"@type":"ListItem","position":1,"name":"Home","item":"https:\/\/www.corncrakelife.ie\/ga\/"},{"@type":"ListItem","position":2,"name":"\u00c1bhair Oideachais"}]},{"@type":"WebSite","@id":"https:\/\/www.corncrakelife.ie\/ga\/#website","url":"https:\/\/www.corncrakelife.ie\/ga\/","name":"Corncrake LIFE","description":"Corncrake Traonach LIFE","publisher":{"@id":"https:\/\/www.corncrakelife.ie\/ga\/#organization"},"potentialAction":[{"@type":"SearchAction","target":{"@type":"EntryPoint","urlTemplate":"https:\/\/www.corncrakelife.ie\/ga\/?s={search_term_string}"},"query-input":{"@type":"PropertyValueSpecification","valueRequired":true,"valueName":"search_term_string"}}],"inLanguage":"ga-IE"},{"@type":"Organization","@id":"https:\/\/www.corncrakelife.ie\/ga\/#organization","name":"Department of Housing, Local Government and Heritage","url":"https:\/\/www.corncrakelife.ie\/ga\/","logo":{"@type":"ImageObject","inLanguage":"ga-IE","@id":"https:\/\/www.corncrakelife.ie\/ga\/#\/schema\/logo\/image\/","url":"https:\/\/www.corncrakelife.ie\/wp-content\/uploads\/2022\/03\/Corncrake-Traonach-LIFE-Logo.png","contentUrl":"https:\/\/www.corncrakelife.ie\/wp-content\/uploads\/2022\/03\/Corncrake-Traonach-LIFE-Logo.png","width":207,"height":100,"caption":"Department of Housing, Local Government and Heritage"},"image":{"@id":"https:\/\/www.corncrakelife.ie\/ga\/#\/schema\/logo\/image\/"},"sameAs":["https:\/\/www.facebook.com\/groups\/1110924015998978","https:\/\/x.com\/CorncrakeLife","https:\/\/www.instagram.com\/corncrakelife\/","https:\/\/www.youtube.com\/channel\/UCJGP2YKBafZ689yVU0Iy_Zw"]}]}},"_links":{"self":[{"href":"https:\/\/www.corncrakelife.ie\/ga\/wp-json\/wp\/v2\/pages\/1461","targetHints":{"allow":["GET"]}}],"collection":[{"href":"https:\/\/www.corncrakelife.ie\/ga\/wp-json\/wp\/v2\/pages"}],"about":[{"href":"https:\/\/www.corncrakelife.ie\/ga\/wp-json\/wp\/v2\/types\/page"}],"author":[{"embeddable":true,"href":"https:\/\/www.corncrakelife.ie\/ga\/wp-json\/wp\/v2\/users\/1"}],"replies":[{"embeddable":true,"href":"https:\/\/www.corncrakelife.ie\/ga\/wp-json\/wp\/v2\/comments?post=1461"}],"version-history":[{"count":8,"href":"https:\/\/www.corncrakelife.ie\/ga\/wp-json\/wp\/v2\/pages\/1461\/revisions"}],"predecessor-version":[{"id":2034,"href":"https:\/\/www.corncrakelife.ie\/ga\/wp-json\/wp\/v2\/pages\/1461\/revisions\/2034"}],"wp:attachment":[{"href":"https:\/\/www.corncrakelife.ie\/ga\/wp-json\/wp\/v2\/media?parent=1461"}],"curies":[{"name":"wp","href":"https:\/\/api.w.org\/{rel}","templated":true}]}}