{"id":1316,"date":"2022-03-01T16:02:07","date_gmt":"2022-03-01T16:02:07","guid":{"rendered":"https:\/\/www.corncrakelife.ie\/buneolas-faoin-togra\/"},"modified":"2024-11-25T16:48:22","modified_gmt":"2024-11-25T16:48:22","slug":"buneolas-faoin-togra","status":"publish","type":"page","link":"https:\/\/www.corncrakelife.ie\/ga\/buneolas-faoin-togra\/","title":{"rendered":"Buneolas faoin Togra"},"content":{"rendered":"\n<div class=\"wp-block-media-text alignwide is-stacked-on-mobile is-vertically-aligned-top\" style=\"grid-template-columns:30% auto\"><figure class=\"wp-block-media-text__media\"><a href=\"https:\/\/www.corncrakelife.ie\/wp-content\/uploads\/2022\/03\/03611e_0462f70ff0ea43af8707750394160846_mv2.jpg\"><img loading=\"lazy\" decoding=\"async\" width=\"505\" height=\"758\" src=\"https:\/\/www.corncrakelife.ie\/wp-content\/uploads\/2022\/03\/03611e_0462f70ff0ea43af8707750394160846_mv2.jpg\" alt=\"Corncrake\" class=\"wp-image-11 size-full\" srcset=\"https:\/\/www.corncrakelife.ie\/wp-content\/uploads\/2022\/03\/03611e_0462f70ff0ea43af8707750394160846_mv2.jpg 505w, https:\/\/www.corncrakelife.ie\/wp-content\/uploads\/2022\/03\/03611e_0462f70ff0ea43af8707750394160846_mv2-200x300.jpg 200w\" sizes=\"auto, (max-width: 505px) 100vw, 505px\" \/><\/a><\/figure><div class=\"wp-block-media-text__content\">\n<p>T\u00e1 d&#8217;aidhm ghinear\u00e1lta le tionscadal Corncrake LIFE an st\u00e1das caomhantais maidir leis an Traonach in \u00c9irinn a thabhairt chun cinn tr\u00ed fhorfheabhs\u00fa ar ch\u00f3ras na Limist\u00e9ar faoi Chosaint Speisialta (LCS) agus an talamh feirme in aice l\u00e1imhe. Beidh an tionscadal seo ar si\u00fal ar 8 gcinn de shu\u00edomhanna tionscadail (i 9 gcinn de limist\u00e9ir LCS agus ar an talamh feirme m\u00e1guaird). <\/p>\n\n\n\n<p>T\u00e1 bunt\u00e1bhacht maidir leis an tionscadal seo leis an talamh feirme in aice l\u00e1imhe \u00f3 tharla circa 85% de l\u00edon na n-\u00e9an ar f\u00e1il taobh istigh de na limist\u00e9ir LCS agus an talamh m\u00e1guaird. D\u00edreofar ar na r\u00e9ims\u00ed tal\u00fan sin ar fad (d\u00e1 dtagra\u00edtear leis an t\u00e9arma \u201cd\u00faich\u00ed an traonaigh\u201d) faoin togra seo. <\/p>\n\n\n\n<p>Is iad na haidhmeanna sonracha at\u00e1 le gn\u00e9ithe \u00e9ags\u00fala den togra:<\/p>\n\n\n\n<ul class=\"wp-block-list\"><li>comhoibri\u00fa na n-\u00fain\u00e9ir\u00ed tal\u00fan agus comhph\u00e1irt\u00edocht mhuintir na h\u00e1ite a choth\u00fa;<\/li><li>feabhas, bunaithe ar ch\u00farsa\u00ed eola\u00edochta, maidir le bearta caomhantais den \u00e9ifeacht\u00falacht a shaind\u00edri\u00fa ar spriocanna faoi leith;<\/li><li>feabhas ar ch\u00f3rais bainist\u00edochta maidir leis an Traonach sna su\u00edomhanna tionscadail;<\/li><li>F\u00e1sra Luath agus Mall (FLM) a chruth\u00fa agus a chothabh\u00e1il;<\/li><li>feabhas maidir le malart\u00fa eolais le feirmeoir\u00ed agus lucht plean\u00e1la sna su\u00edomhanna tionscadail;<\/li><li>an Traonach a chur chun cinn mar sh\u00f3cmhainn ag an gceantar agus ag muintir an cheantair. <\/li><\/ul>\n\n\n\n<p>Ar na haidhmeanna a thabhairt i gcr\u00edch, meastar go dtarl\u00f3idh feabhas ar riocht na gn\u00e1th\u00f3ige lena gcoth\u00f3far, go me\u00e1nt\u00e9armach, ard\u00fa ar l\u00edon na n-\u00e9an. I rith sh\u00e9as\u00far an ghoir sa bhliain 2018, bh\u00ed tuairisc ar 151 \u00e9an fireann ag glaoch ar fud na t\u00edre (tuairim is 85% d\u00edobh sin taobh istigh de limist\u00e9ir an tionscadail). Tharla ard\u00fa sa bhliain 2019 ar an bhfigi\u00far sin go dt\u00ed 162 agus \u00edsli\u00fa go dt\u00ed 146 sa bhliain 2020*. C\u00e9 nach f\u00e9idir a r\u00e1 go cinnte go dtiocfaidh ard\u00fa ar l\u00edon na n-\u00e9an de thoradh ar riocht na gn\u00e1th\u00f3ige a fheabhs\u00fa, f\u00e9achfar le hard\u00fa 20% ar l\u00edon na n-\u00e9an fireann a bh\u00edonn ag glaoch a thabhairt i gcr\u00edch i rith r\u00e9 feidhme an togra seo ar fud limist\u00e9ir an tionscadail.   <\/p>\n\n\n\n<p>T\u00e1 d&#8217;aidhm leis an tionscadal bearta a chur i bhfeidhm ar fud achar ioml\u00e1n 1,000ha de r\u00e9ims\u00ed sprice, faoi r\u00e9ir ag aont\u00fa na n-\u00fain\u00e9ir\u00ed tal\u00fan leis sin. Tabharfar sin i gcr\u00edch tr\u00ed chomhaontuithe maidir le bainist\u00edocht gn\u00e1th\u00f3ige, l\u00e9as\u00e1il tal\u00fan agus ceannach tal\u00fan ar bhonn strait\u00e9ise. T\u00e1 an togra d\u00edrithe go h\u00e1irithe ar sh\u00e1rchleachtas a chur i bhfeidhm agus a thabhairt chun cinn ionas go dtugtar aidhmeanna an togra, mar a leagtar amach thuas, i gcr\u00edch. Tuigtear go hioml\u00e1n an r\u00f3l a chaithfidh a bheith le pobal na h\u00e1ite, le h\u00fain\u00e9ir\u00ed tal\u00fan go m\u00f3r m\u00f3r, maidir le gn\u00e1th\u00f3g an Traonaigh a chaomhn\u00fa agus d\u00e9anfar obair i gcomhar leis na geallsealbh\u00f3ir\u00ed sin ar fad. Beidh an rath a thagann ar an togra ag brath go m\u00f3r ar sp\u00e9is gheallsealbh\u00f3ir\u00ed na h\u00e1ite a spreagadh ann. Chun na cr\u00edche sin, beidh bearta faoi leith i gceist leis an tionscadal at\u00e1 d\u00edrithe ar chomhoibri\u00fa na n-\u00fain\u00e9ir\u00ed tal\u00fan a chinnti\u00fa agus rannph\u00e1irt\u00edocht mhuintir na h\u00e1ite a choth\u00fa.     <\/p>\n\n\n\n<p><em>*D&#8217;fh\u00e9adfa\u00ed a mheas gur tharla lagthuairisc\u00edocht maidir le figi\u00far na bliana 2020 mar gheall ar a anr\u00f3it\u00ed a bh\u00ed obair chruinn comhairimh a dh\u00e9anamh i rith phaind\u00e9im Covid-19<\/em><\/p>\n<\/div><\/div>\n","protected":false},"excerpt":{"rendered":"<p>T\u00e1 d&#8217;aidhm ghinear\u00e1lta le tionscadal Corncrake LIFE an st\u00e1das caomhantais maidir leis an Traonach in \u00c9irinn a thabhairt chun cinn tr\u00ed fhorfheabhs\u00fa ar ch\u00f3ras na Limist\u00e9ar faoi Chosaint Speisialta (LCS) agus an talamh feirme in aice l\u00e1imhe. Beidh an tionscadal seo ar si\u00fal ar 8 gcinn de shu\u00edomhanna tionscadail (i 9 gcinn de limist\u00e9ir LCS [&hellip;]<\/p>\n","protected":false},"author":1,"featured_media":0,"parent":0,"menu_order":0,"comment_status":"closed","ping_status":"closed","template":"","meta":{"site-sidebar-layout":"no-sidebar","site-content-layout":"","ast-site-content-layout":"default","site-content-style":"default","site-sidebar-style":"default","ast-global-header-display":"","ast-banner-title-visibility":"","ast-main-header-display":"","ast-hfb-above-header-display":"","ast-hfb-below-header-display":"","ast-hfb-mobile-header-display":"","site-post-title":"","ast-breadcrumbs-content":"","ast-featured-img":"","footer-sml-layout":"","ast-disable-related-posts":"","theme-transparent-header-meta":"","adv-header-id-meta":"","stick-header-meta":"","header-above-stick-meta":"","header-main-stick-meta":"","header-below-stick-meta":"","astra-migrate-meta-layouts":"default","ast-page-background-enabled":"default","ast-page-background-meta":{"desktop":{"background-color":"var(--ast-global-color-4)","background-image":"","background-repeat":"repeat","background-position":"center center","background-size":"auto","background-attachment":"scroll","background-type":"","background-media":"","overlay-type":"","overlay-color":"","overlay-opacity":"","overlay-gradient":""},"tablet":{"background-color":"","background-image":"","background-repeat":"repeat","background-position":"center center","background-size":"auto","background-attachment":"scroll","background-type":"","background-media":"","overlay-type":"","overlay-color":"","overlay-opacity":"","overlay-gradient":""},"mobile":{"background-color":"","background-image":"","background-repeat":"repeat","background-position":"center center","background-size":"auto","background-attachment":"scroll","background-type":"","background-media":"","overlay-type":"","overlay-color":"","overlay-opacity":"","overlay-gradient":""}},"ast-content-background-meta":{"desktop":{"background-color":"var(--ast-global-color-5)","background-image":"","background-repeat":"repeat","background-position":"center center","background-size":"auto","background-attachment":"scroll","background-type":"","background-media":"","overlay-type":"","overlay-color":"","overlay-opacity":"","overlay-gradient":""},"tablet":{"background-color":"var(--ast-global-color-5)","background-image":"","background-repeat":"repeat","background-position":"center center","background-size":"auto","background-attachment":"scroll","background-type":"","background-media":"","overlay-type":"","overlay-color":"","overlay-opacity":"","overlay-gradient":""},"mobile":{"background-color":"var(--ast-global-color-5)","background-image":"","background-repeat":"repeat","background-position":"center center","background-size":"auto","background-attachment":"scroll","background-type":"","background-media":"","overlay-type":"","overlay-color":"","overlay-opacity":"","overlay-gradient":""}},"footnotes":""},"class_list":["post-1316","page","type-page","status-publish","hentry"],"yoast_head":"<!-- This site is optimized with the Yoast SEO plugin v27.3 - https:\/\/yoast.com\/product\/yoast-seo-wordpress\/ -->\n<title>Buneolas faoin Togra - Corncrake LIFE<\/title>\n<meta name=\"robots\" content=\"index, follow, max-snippet:-1, max-image-preview:large, max-video-preview:-1\" \/>\n<link rel=\"canonical\" href=\"https:\/\/www.corncrakelife.ie\/ga\/buneolas-faoin-togra\/\" \/>\n<meta property=\"og:locale\" content=\"ga_IE\" \/>\n<meta property=\"og:type\" content=\"article\" \/>\n<meta property=\"og:title\" content=\"Buneolas faoin Togra - Corncrake LIFE\" \/>\n<meta property=\"og:description\" content=\"T\u00e1 d&#8217;aidhm ghinear\u00e1lta le tionscadal Corncrake LIFE an st\u00e1das caomhantais maidir leis an Traonach in \u00c9irinn a thabhairt chun cinn tr\u00ed fhorfheabhs\u00fa ar ch\u00f3ras na Limist\u00e9ar faoi Chosaint Speisialta (LCS) agus an talamh feirme in aice l\u00e1imhe. Beidh an tionscadal seo ar si\u00fal ar 8 gcinn de shu\u00edomhanna tionscadail (i 9 gcinn de limist\u00e9ir LCS [&hellip;]\" \/>\n<meta property=\"og:url\" content=\"https:\/\/www.corncrakelife.ie\/ga\/buneolas-faoin-togra\/\" \/>\n<meta property=\"og:site_name\" content=\"Corncrake LIFE\" \/>\n<meta property=\"article:publisher\" content=\"https:\/\/www.facebook.com\/groups\/1110924015998978\" \/>\n<meta property=\"article:modified_time\" content=\"2024-11-25T16:48:22+00:00\" \/>\n<meta property=\"og:image\" content=\"https:\/\/www.corncrakelife.ie\/wp-content\/uploads\/2022\/03\/03611e_0462f70ff0ea43af8707750394160846_mv2.jpg\" \/>\n\t<meta property=\"og:image:width\" content=\"505\" \/>\n\t<meta property=\"og:image:height\" content=\"758\" \/>\n\t<meta property=\"og:image:type\" content=\"image\/jpeg\" \/>\n<meta name=\"twitter:card\" content=\"summary_large_image\" \/>\n<meta name=\"twitter:site\" content=\"@CorncrakeLife\" \/>\n<meta name=\"twitter:label1\" content=\"Est. reading time\" \/>\n\t<meta name=\"twitter:data1\" content=\"3 minutes\" \/>\n<script type=\"application\/ld+json\" class=\"yoast-schema-graph\">{\"@context\":\"https:\\\/\\\/schema.org\",\"@graph\":[{\"@type\":\"WebPage\",\"@id\":\"https:\\\/\\\/www.corncrakelife.ie\\\/ga\\\/buneolas-faoin-togra\\\/\",\"url\":\"https:\\\/\\\/www.corncrakelife.ie\\\/ga\\\/buneolas-faoin-togra\\\/\",\"name\":\"Buneolas faoin Togra - Corncrake LIFE\",\"isPartOf\":{\"@id\":\"https:\\\/\\\/www.corncrakelife.ie\\\/ga\\\/#website\"},\"primaryImageOfPage\":{\"@id\":\"https:\\\/\\\/www.corncrakelife.ie\\\/ga\\\/buneolas-faoin-togra\\\/#primaryimage\"},\"image\":{\"@id\":\"https:\\\/\\\/www.corncrakelife.ie\\\/ga\\\/buneolas-faoin-togra\\\/#primaryimage\"},\"thumbnailUrl\":\"https:\\\/\\\/www.corncrakelife.ie\\\/wp-content\\\/uploads\\\/2022\\\/03\\\/03611e_0462f70ff0ea43af8707750394160846_mv2.jpg\",\"datePublished\":\"2022-03-01T16:02:07+00:00\",\"dateModified\":\"2024-11-25T16:48:22+00:00\",\"breadcrumb\":{\"@id\":\"https:\\\/\\\/www.corncrakelife.ie\\\/ga\\\/buneolas-faoin-togra\\\/#breadcrumb\"},\"inLanguage\":\"ga-IE\",\"potentialAction\":[{\"@type\":\"ReadAction\",\"target\":[\"https:\\\/\\\/www.corncrakelife.ie\\\/ga\\\/buneolas-faoin-togra\\\/\"]}]},{\"@type\":\"ImageObject\",\"inLanguage\":\"ga-IE\",\"@id\":\"https:\\\/\\\/www.corncrakelife.ie\\\/ga\\\/buneolas-faoin-togra\\\/#primaryimage\",\"url\":\"https:\\\/\\\/www.corncrakelife.ie\\\/wp-content\\\/uploads\\\/2022\\\/03\\\/03611e_0462f70ff0ea43af8707750394160846_mv2.jpg\",\"contentUrl\":\"https:\\\/\\\/www.corncrakelife.ie\\\/wp-content\\\/uploads\\\/2022\\\/03\\\/03611e_0462f70ff0ea43af8707750394160846_mv2.jpg\"},{\"@type\":\"BreadcrumbList\",\"@id\":\"https:\\\/\\\/www.corncrakelife.ie\\\/ga\\\/buneolas-faoin-togra\\\/#breadcrumb\",\"itemListElement\":[{\"@type\":\"ListItem\",\"position\":1,\"name\":\"Home\",\"item\":\"https:\\\/\\\/www.corncrakelife.ie\\\/ga\\\/\"},{\"@type\":\"ListItem\",\"position\":2,\"name\":\"Buneolas faoin Togra\"}]},{\"@type\":\"WebSite\",\"@id\":\"https:\\\/\\\/www.corncrakelife.ie\\\/ga\\\/#website\",\"url\":\"https:\\\/\\\/www.corncrakelife.ie\\\/ga\\\/\",\"name\":\"Corncrake LIFE\",\"description\":\"Corncrake Traonach LIFE\",\"publisher\":{\"@id\":\"https:\\\/\\\/www.corncrakelife.ie\\\/ga\\\/#organization\"},\"potentialAction\":[{\"@type\":\"SearchAction\",\"target\":{\"@type\":\"EntryPoint\",\"urlTemplate\":\"https:\\\/\\\/www.corncrakelife.ie\\\/ga\\\/?s={search_term_string}\"},\"query-input\":{\"@type\":\"PropertyValueSpecification\",\"valueRequired\":true,\"valueName\":\"search_term_string\"}}],\"inLanguage\":\"ga-IE\"},{\"@type\":\"Organization\",\"@id\":\"https:\\\/\\\/www.corncrakelife.ie\\\/ga\\\/#organization\",\"name\":\"Department of Housing, Local Government and Heritage\",\"url\":\"https:\\\/\\\/www.corncrakelife.ie\\\/ga\\\/\",\"logo\":{\"@type\":\"ImageObject\",\"inLanguage\":\"ga-IE\",\"@id\":\"https:\\\/\\\/www.corncrakelife.ie\\\/ga\\\/#\\\/schema\\\/logo\\\/image\\\/\",\"url\":\"https:\\\/\\\/www.corncrakelife.ie\\\/wp-content\\\/uploads\\\/2022\\\/03\\\/Corncrake-Traonach-LIFE-Logo.png\",\"contentUrl\":\"https:\\\/\\\/www.corncrakelife.ie\\\/wp-content\\\/uploads\\\/2022\\\/03\\\/Corncrake-Traonach-LIFE-Logo.png\",\"width\":207,\"height\":100,\"caption\":\"Department of Housing, Local Government and Heritage\"},\"image\":{\"@id\":\"https:\\\/\\\/www.corncrakelife.ie\\\/ga\\\/#\\\/schema\\\/logo\\\/image\\\/\"},\"sameAs\":[\"https:\\\/\\\/www.facebook.com\\\/groups\\\/1110924015998978\",\"https:\\\/\\\/x.com\\\/CorncrakeLife\",\"https:\\\/\\\/www.instagram.com\\\/corncrakelife\\\/\",\"https:\\\/\\\/www.youtube.com\\\/channel\\\/UCJGP2YKBafZ689yVU0Iy_Zw\"]}]}<\/script>\n<!-- \/ Yoast SEO plugin. -->","yoast_head_json":{"title":"Buneolas faoin Togra - Corncrake LIFE","robots":{"index":"index","follow":"follow","max-snippet":"max-snippet:-1","max-image-preview":"max-image-preview:large","max-video-preview":"max-video-preview:-1"},"canonical":"https:\/\/www.corncrakelife.ie\/ga\/buneolas-faoin-togra\/","og_locale":"ga_IE","og_type":"article","og_title":"Buneolas faoin Togra - Corncrake LIFE","og_description":"T\u00e1 d&#8217;aidhm ghinear\u00e1lta le tionscadal Corncrake LIFE an st\u00e1das caomhantais maidir leis an Traonach in \u00c9irinn a thabhairt chun cinn tr\u00ed fhorfheabhs\u00fa ar ch\u00f3ras na Limist\u00e9ar faoi Chosaint Speisialta (LCS) agus an talamh feirme in aice l\u00e1imhe. Beidh an tionscadal seo ar si\u00fal ar 8 gcinn de shu\u00edomhanna tionscadail (i 9 gcinn de limist\u00e9ir LCS [&hellip;]","og_url":"https:\/\/www.corncrakelife.ie\/ga\/buneolas-faoin-togra\/","og_site_name":"Corncrake LIFE","article_publisher":"https:\/\/www.facebook.com\/groups\/1110924015998978","article_modified_time":"2024-11-25T16:48:22+00:00","og_image":[{"width":505,"height":758,"url":"https:\/\/www.corncrakelife.ie\/wp-content\/uploads\/2022\/03\/03611e_0462f70ff0ea43af8707750394160846_mv2.jpg","type":"image\/jpeg"}],"twitter_card":"summary_large_image","twitter_site":"@CorncrakeLife","twitter_misc":{"Est. reading time":"3 minutes"},"schema":{"@context":"https:\/\/schema.org","@graph":[{"@type":"WebPage","@id":"https:\/\/www.corncrakelife.ie\/ga\/buneolas-faoin-togra\/","url":"https:\/\/www.corncrakelife.ie\/ga\/buneolas-faoin-togra\/","name":"Buneolas faoin Togra - Corncrake LIFE","isPartOf":{"@id":"https:\/\/www.corncrakelife.ie\/ga\/#website"},"primaryImageOfPage":{"@id":"https:\/\/www.corncrakelife.ie\/ga\/buneolas-faoin-togra\/#primaryimage"},"image":{"@id":"https:\/\/www.corncrakelife.ie\/ga\/buneolas-faoin-togra\/#primaryimage"},"thumbnailUrl":"https:\/\/www.corncrakelife.ie\/wp-content\/uploads\/2022\/03\/03611e_0462f70ff0ea43af8707750394160846_mv2.jpg","datePublished":"2022-03-01T16:02:07+00:00","dateModified":"2024-11-25T16:48:22+00:00","breadcrumb":{"@id":"https:\/\/www.corncrakelife.ie\/ga\/buneolas-faoin-togra\/#breadcrumb"},"inLanguage":"ga-IE","potentialAction":[{"@type":"ReadAction","target":["https:\/\/www.corncrakelife.ie\/ga\/buneolas-faoin-togra\/"]}]},{"@type":"ImageObject","inLanguage":"ga-IE","@id":"https:\/\/www.corncrakelife.ie\/ga\/buneolas-faoin-togra\/#primaryimage","url":"https:\/\/www.corncrakelife.ie\/wp-content\/uploads\/2022\/03\/03611e_0462f70ff0ea43af8707750394160846_mv2.jpg","contentUrl":"https:\/\/www.corncrakelife.ie\/wp-content\/uploads\/2022\/03\/03611e_0462f70ff0ea43af8707750394160846_mv2.jpg"},{"@type":"BreadcrumbList","@id":"https:\/\/www.corncrakelife.ie\/ga\/buneolas-faoin-togra\/#breadcrumb","itemListElement":[{"@type":"ListItem","position":1,"name":"Home","item":"https:\/\/www.corncrakelife.ie\/ga\/"},{"@type":"ListItem","position":2,"name":"Buneolas faoin Togra"}]},{"@type":"WebSite","@id":"https:\/\/www.corncrakelife.ie\/ga\/#website","url":"https:\/\/www.corncrakelife.ie\/ga\/","name":"Corncrake LIFE","description":"Corncrake Traonach LIFE","publisher":{"@id":"https:\/\/www.corncrakelife.ie\/ga\/#organization"},"potentialAction":[{"@type":"SearchAction","target":{"@type":"EntryPoint","urlTemplate":"https:\/\/www.corncrakelife.ie\/ga\/?s={search_term_string}"},"query-input":{"@type":"PropertyValueSpecification","valueRequired":true,"valueName":"search_term_string"}}],"inLanguage":"ga-IE"},{"@type":"Organization","@id":"https:\/\/www.corncrakelife.ie\/ga\/#organization","name":"Department of Housing, Local Government and Heritage","url":"https:\/\/www.corncrakelife.ie\/ga\/","logo":{"@type":"ImageObject","inLanguage":"ga-IE","@id":"https:\/\/www.corncrakelife.ie\/ga\/#\/schema\/logo\/image\/","url":"https:\/\/www.corncrakelife.ie\/wp-content\/uploads\/2022\/03\/Corncrake-Traonach-LIFE-Logo.png","contentUrl":"https:\/\/www.corncrakelife.ie\/wp-content\/uploads\/2022\/03\/Corncrake-Traonach-LIFE-Logo.png","width":207,"height":100,"caption":"Department of Housing, Local Government and Heritage"},"image":{"@id":"https:\/\/www.corncrakelife.ie\/ga\/#\/schema\/logo\/image\/"},"sameAs":["https:\/\/www.facebook.com\/groups\/1110924015998978","https:\/\/x.com\/CorncrakeLife","https:\/\/www.instagram.com\/corncrakelife\/","https:\/\/www.youtube.com\/channel\/UCJGP2YKBafZ689yVU0Iy_Zw"]}]}},"_links":{"self":[{"href":"https:\/\/www.corncrakelife.ie\/ga\/wp-json\/wp\/v2\/pages\/1316","targetHints":{"allow":["GET"]}}],"collection":[{"href":"https:\/\/www.corncrakelife.ie\/ga\/wp-json\/wp\/v2\/pages"}],"about":[{"href":"https:\/\/www.corncrakelife.ie\/ga\/wp-json\/wp\/v2\/types\/page"}],"author":[{"embeddable":true,"href":"https:\/\/www.corncrakelife.ie\/ga\/wp-json\/wp\/v2\/users\/1"}],"replies":[{"embeddable":true,"href":"https:\/\/www.corncrakelife.ie\/ga\/wp-json\/wp\/v2\/comments?post=1316"}],"version-history":[{"count":3,"href":"https:\/\/www.corncrakelife.ie\/ga\/wp-json\/wp\/v2\/pages\/1316\/revisions"}],"predecessor-version":[{"id":2475,"href":"https:\/\/www.corncrakelife.ie\/ga\/wp-json\/wp\/v2\/pages\/1316\/revisions\/2475"}],"wp:attachment":[{"href":"https:\/\/www.corncrakelife.ie\/ga\/wp-json\/wp\/v2\/media?parent=1316"}],"curies":[{"name":"wp","href":"https:\/\/api.w.org\/{rel}","templated":true}]}}