{"id":1312,"date":"2022-03-04T12:09:43","date_gmt":"2022-03-04T12:09:43","guid":{"rendered":"https:\/\/www.corncrakelife.ie\/maidir-le-cairde-an-traonaigh\/"},"modified":"2022-11-08T14:35:56","modified_gmt":"2022-11-08T14:35:56","slug":"maidir-le-cairde-an-traonaigh","status":"publish","type":"page","link":"https:\/\/www.corncrakelife.ie\/ga\/maidir-le-cairde-an-traonaigh\/","title":{"rendered":"Maidir le Cairde an Traonaigh"},"content":{"rendered":"\n<p>F\u00e1ilte a chairde! T\u00e1 an tionscadal Traonach LIFE ar si\u00fal agus ba bhre\u00e1 linn gach duine den phobal a thabhairt linn. T\u00e1thar ag obair le pobal na h\u00e1ite i r\u00e9ims\u00ed \u00e9ags\u00fala a bhaineann leis an tionscadal ar fud Dh\u00fan na nGall, Mhaigh Eo agus na Gaillimhe. San am a caitheadh, bh\u00edodh an traonach ar fud na h\u00c9ireann ar fad ach fi\u00fa san \u00e1it nach gcloistear faoi l\u00e1thair iad, n\u00edl dearmad d\u00e9anta orthu. Nuair a chuirtear an c\u00fang\u00fa g\u00e9ar ar r\u00e9ims\u00ed na n-\u00e9an agus imirce na ndaoine \u00f3ga \u00f3 cheantair thuaithe in \u00c9irinn, is ioma\u00ed gl\u00fain \u00f3g a chaill an seans maireacht\u00e1il san \u00e1it ch\u00e9anna leis an speiceas seo agus n\u00f3sanna traidisi\u00fanta feirmeoireachta a chaomhn\u00fa.   <\/p>\n\n<p>Is ard\u00e1n Cairde an Traonaigh a cuireadh ar bun d&#8217;fhonn daoine a thabhairt le ch\u00e9ile ag obair mar a bheadh meitheal ann. Is f\u00e9idir le duine cion tairbhe a dh\u00e9anamh anois is cuma c\u00e9 chomh c\u00f3ngarach agus at\u00e1 d&#8217;\u00e1it ina bhfuil traonach n\u00f3 c\u00e9 chomh fada i gc\u00e9in agus at\u00e1thar. Fi\u00fa murar chuala t\u00fa an traonach riamh, is f\u00e9idir leat a bheith p\u00e1irteach i gCairde an Traonaigh agus cuidi\u00fa leis na bearta seo a leanas:  <\/p>\n\n<ul class=\"wp-block-list\">\n<li>an traonach a chaomhn\u00fa<\/li>\n\n\n\n<li>n\u00f3sanna traidisi\u00fanta feirmeoireachta a chaomhn\u00fa<\/li>\n\n\n\n<li>cur leis an mbith\u00e9ags\u00falacht<\/li>\n<\/ul>\n\n<p>I do dhuine den mheitheal seo duit, t\u00e1 cruinni\u00fa s\u00edolta ar cheann de na ruda\u00ed is f\u00e9idir leat a dh\u00e9anamh \u00f3n t\u00fas. T\u00e1 beartaithe againn roinnt r\u00e9ims\u00ed F\u00e1sra Luath-Mall (FLM) a shaothr\u00fa ag deireadh an tsamhraidh gach bliain agus is ollmh\u00f3r an l\u00edon s\u00edolta a bheidh de dh\u00edth go mb\u00edonn an rath ar an obair sin. <\/p>\n\n<p><strong>Tuilleadh eolais faoi <a href=\"https:\/\/www.corncrakelife.ie\/ga\/bailiuchan-sil-agus-rhizome\/\">Chruinni\u00fa S\u00edolta<\/a>.<\/strong><\/p>\n","protected":false},"excerpt":{"rendered":"<p>F\u00e1ilte a chairde! T\u00e1 an tionscadal Traonach LIFE ar si\u00fal agus ba bhre\u00e1 linn gach duine den phobal a thabhairt linn. T\u00e1thar ag obair le pobal na h\u00e1ite i r\u00e9ims\u00ed \u00e9ags\u00fala a bhaineann leis an tionscadal ar fud Dh\u00fan na nGall, Mhaigh Eo agus na Gaillimhe. San am a caitheadh, bh\u00edodh an traonach ar fud [&hellip;]<\/p>\n","protected":false},"author":1,"featured_media":0,"parent":0,"menu_order":0,"comment_status":"closed","ping_status":"closed","template":"","meta":{"site-sidebar-layout":"no-sidebar","site-content-layout":"","ast-site-content-layout":"default","site-content-style":"default","site-sidebar-style":"default","ast-global-header-display":"","ast-banner-title-visibility":"","ast-main-header-display":"","ast-hfb-above-header-display":"","ast-hfb-below-header-display":"","ast-hfb-mobile-header-display":"","site-post-title":"","ast-breadcrumbs-content":"","ast-featured-img":"","footer-sml-layout":"","ast-disable-related-posts":"","theme-transparent-header-meta":"","adv-header-id-meta":"","stick-header-meta":"","header-above-stick-meta":"","header-main-stick-meta":"","header-below-stick-meta":"","astra-migrate-meta-layouts":"default","ast-page-background-enabled":"default","ast-page-background-meta":{"desktop":{"background-color":"var(--ast-global-color-4)","background-image":"","background-repeat":"repeat","background-position":"center center","background-size":"auto","background-attachment":"scroll","background-type":"","background-media":"","overlay-type":"","overlay-color":"","overlay-opacity":"","overlay-gradient":""},"tablet":{"background-color":"","background-image":"","background-repeat":"repeat","background-position":"center center","background-size":"auto","background-attachment":"scroll","background-type":"","background-media":"","overlay-type":"","overlay-color":"","overlay-opacity":"","overlay-gradient":""},"mobile":{"background-color":"","background-image":"","background-repeat":"repeat","background-position":"center center","background-size":"auto","background-attachment":"scroll","background-type":"","background-media":"","overlay-type":"","overlay-color":"","overlay-opacity":"","overlay-gradient":""}},"ast-content-background-meta":{"desktop":{"background-color":"var(--ast-global-color-5)","background-image":"","background-repeat":"repeat","background-position":"center center","background-size":"auto","background-attachment":"scroll","background-type":"","background-media":"","overlay-type":"","overlay-color":"","overlay-opacity":"","overlay-gradient":""},"tablet":{"background-color":"var(--ast-global-color-5)","background-image":"","background-repeat":"repeat","background-position":"center center","background-size":"auto","background-attachment":"scroll","background-type":"","background-media":"","overlay-type":"","overlay-color":"","overlay-opacity":"","overlay-gradient":""},"mobile":{"background-color":"var(--ast-global-color-5)","background-image":"","background-repeat":"repeat","background-position":"center center","background-size":"auto","background-attachment":"scroll","background-type":"","background-media":"","overlay-type":"","overlay-color":"","overlay-opacity":"","overlay-gradient":""}},"footnotes":""},"class_list":["post-1312","page","type-page","status-publish","hentry"],"yoast_head":"<!-- This site is optimized with the Yoast SEO plugin v27.3 - https:\/\/yoast.com\/product\/yoast-seo-wordpress\/ -->\n<title>Maidir le Cairde an Traonaigh - Corncrake LIFE<\/title>\n<meta name=\"robots\" content=\"index, follow, max-snippet:-1, max-image-preview:large, max-video-preview:-1\" \/>\n<link rel=\"canonical\" href=\"https:\/\/www.corncrakelife.ie\/ga\/maidir-le-cairde-an-traonaigh\/\" \/>\n<meta property=\"og:locale\" content=\"ga_IE\" \/>\n<meta property=\"og:type\" content=\"article\" \/>\n<meta property=\"og:title\" content=\"Maidir le Cairde an Traonaigh - Corncrake LIFE\" \/>\n<meta property=\"og:description\" content=\"F\u00e1ilte a chairde! T\u00e1 an tionscadal Traonach LIFE ar si\u00fal agus ba bhre\u00e1 linn gach duine den phobal a thabhairt linn. T\u00e1thar ag obair le pobal na h\u00e1ite i r\u00e9ims\u00ed \u00e9ags\u00fala a bhaineann leis an tionscadal ar fud Dh\u00fan na nGall, Mhaigh Eo agus na Gaillimhe. San am a caitheadh, bh\u00edodh an traonach ar fud [&hellip;]\" \/>\n<meta property=\"og:url\" content=\"https:\/\/www.corncrakelife.ie\/ga\/maidir-le-cairde-an-traonaigh\/\" \/>\n<meta property=\"og:site_name\" content=\"Corncrake LIFE\" \/>\n<meta property=\"article:publisher\" content=\"https:\/\/www.facebook.com\/groups\/1110924015998978\" \/>\n<meta property=\"article:modified_time\" content=\"2022-11-08T14:35:56+00:00\" \/>\n<meta name=\"twitter:card\" content=\"summary_large_image\" \/>\n<meta name=\"twitter:site\" content=\"@CorncrakeLife\" \/>\n<meta name=\"twitter:label1\" content=\"Est. reading time\" \/>\n\t<meta name=\"twitter:data1\" content=\"2 minutes\" \/>\n<script type=\"application\/ld+json\" class=\"yoast-schema-graph\">{\"@context\":\"https:\\\/\\\/schema.org\",\"@graph\":[{\"@type\":\"WebPage\",\"@id\":\"https:\\\/\\\/www.corncrakelife.ie\\\/ga\\\/maidir-le-cairde-an-traonaigh\\\/\",\"url\":\"https:\\\/\\\/www.corncrakelife.ie\\\/ga\\\/maidir-le-cairde-an-traonaigh\\\/\",\"name\":\"Maidir le Cairde an Traonaigh - Corncrake LIFE\",\"isPartOf\":{\"@id\":\"https:\\\/\\\/www.corncrakelife.ie\\\/ga\\\/#website\"},\"datePublished\":\"2022-03-04T12:09:43+00:00\",\"dateModified\":\"2022-11-08T14:35:56+00:00\",\"breadcrumb\":{\"@id\":\"https:\\\/\\\/www.corncrakelife.ie\\\/ga\\\/maidir-le-cairde-an-traonaigh\\\/#breadcrumb\"},\"inLanguage\":\"ga-IE\",\"potentialAction\":[{\"@type\":\"ReadAction\",\"target\":[\"https:\\\/\\\/www.corncrakelife.ie\\\/ga\\\/maidir-le-cairde-an-traonaigh\\\/\"]}]},{\"@type\":\"BreadcrumbList\",\"@id\":\"https:\\\/\\\/www.corncrakelife.ie\\\/ga\\\/maidir-le-cairde-an-traonaigh\\\/#breadcrumb\",\"itemListElement\":[{\"@type\":\"ListItem\",\"position\":1,\"name\":\"Home\",\"item\":\"https:\\\/\\\/www.corncrakelife.ie\\\/ga\\\/\"},{\"@type\":\"ListItem\",\"position\":2,\"name\":\"Maidir le Cairde an Traonaigh\"}]},{\"@type\":\"WebSite\",\"@id\":\"https:\\\/\\\/www.corncrakelife.ie\\\/ga\\\/#website\",\"url\":\"https:\\\/\\\/www.corncrakelife.ie\\\/ga\\\/\",\"name\":\"Corncrake LIFE\",\"description\":\"Corncrake Traonach LIFE\",\"publisher\":{\"@id\":\"https:\\\/\\\/www.corncrakelife.ie\\\/ga\\\/#organization\"},\"potentialAction\":[{\"@type\":\"SearchAction\",\"target\":{\"@type\":\"EntryPoint\",\"urlTemplate\":\"https:\\\/\\\/www.corncrakelife.ie\\\/ga\\\/?s={search_term_string}\"},\"query-input\":{\"@type\":\"PropertyValueSpecification\",\"valueRequired\":true,\"valueName\":\"search_term_string\"}}],\"inLanguage\":\"ga-IE\"},{\"@type\":\"Organization\",\"@id\":\"https:\\\/\\\/www.corncrakelife.ie\\\/ga\\\/#organization\",\"name\":\"Department of Housing, Local Government and Heritage\",\"url\":\"https:\\\/\\\/www.corncrakelife.ie\\\/ga\\\/\",\"logo\":{\"@type\":\"ImageObject\",\"inLanguage\":\"ga-IE\",\"@id\":\"https:\\\/\\\/www.corncrakelife.ie\\\/ga\\\/#\\\/schema\\\/logo\\\/image\\\/\",\"url\":\"https:\\\/\\\/www.corncrakelife.ie\\\/wp-content\\\/uploads\\\/2022\\\/03\\\/Corncrake-Traonach-LIFE-Logo.png\",\"contentUrl\":\"https:\\\/\\\/www.corncrakelife.ie\\\/wp-content\\\/uploads\\\/2022\\\/03\\\/Corncrake-Traonach-LIFE-Logo.png\",\"width\":207,\"height\":100,\"caption\":\"Department of Housing, Local Government and Heritage\"},\"image\":{\"@id\":\"https:\\\/\\\/www.corncrakelife.ie\\\/ga\\\/#\\\/schema\\\/logo\\\/image\\\/\"},\"sameAs\":[\"https:\\\/\\\/www.facebook.com\\\/groups\\\/1110924015998978\",\"https:\\\/\\\/x.com\\\/CorncrakeLife\",\"https:\\\/\\\/www.instagram.com\\\/corncrakelife\\\/\",\"https:\\\/\\\/www.youtube.com\\\/channel\\\/UCJGP2YKBafZ689yVU0Iy_Zw\"]}]}<\/script>\n<!-- \/ Yoast SEO plugin. -->","yoast_head_json":{"title":"Maidir le Cairde an Traonaigh - Corncrake LIFE","robots":{"index":"index","follow":"follow","max-snippet":"max-snippet:-1","max-image-preview":"max-image-preview:large","max-video-preview":"max-video-preview:-1"},"canonical":"https:\/\/www.corncrakelife.ie\/ga\/maidir-le-cairde-an-traonaigh\/","og_locale":"ga_IE","og_type":"article","og_title":"Maidir le Cairde an Traonaigh - Corncrake LIFE","og_description":"F\u00e1ilte a chairde! T\u00e1 an tionscadal Traonach LIFE ar si\u00fal agus ba bhre\u00e1 linn gach duine den phobal a thabhairt linn. T\u00e1thar ag obair le pobal na h\u00e1ite i r\u00e9ims\u00ed \u00e9ags\u00fala a bhaineann leis an tionscadal ar fud Dh\u00fan na nGall, Mhaigh Eo agus na Gaillimhe. San am a caitheadh, bh\u00edodh an traonach ar fud [&hellip;]","og_url":"https:\/\/www.corncrakelife.ie\/ga\/maidir-le-cairde-an-traonaigh\/","og_site_name":"Corncrake LIFE","article_publisher":"https:\/\/www.facebook.com\/groups\/1110924015998978","article_modified_time":"2022-11-08T14:35:56+00:00","twitter_card":"summary_large_image","twitter_site":"@CorncrakeLife","twitter_misc":{"Est. reading time":"2 minutes"},"schema":{"@context":"https:\/\/schema.org","@graph":[{"@type":"WebPage","@id":"https:\/\/www.corncrakelife.ie\/ga\/maidir-le-cairde-an-traonaigh\/","url":"https:\/\/www.corncrakelife.ie\/ga\/maidir-le-cairde-an-traonaigh\/","name":"Maidir le Cairde an Traonaigh - Corncrake LIFE","isPartOf":{"@id":"https:\/\/www.corncrakelife.ie\/ga\/#website"},"datePublished":"2022-03-04T12:09:43+00:00","dateModified":"2022-11-08T14:35:56+00:00","breadcrumb":{"@id":"https:\/\/www.corncrakelife.ie\/ga\/maidir-le-cairde-an-traonaigh\/#breadcrumb"},"inLanguage":"ga-IE","potentialAction":[{"@type":"ReadAction","target":["https:\/\/www.corncrakelife.ie\/ga\/maidir-le-cairde-an-traonaigh\/"]}]},{"@type":"BreadcrumbList","@id":"https:\/\/www.corncrakelife.ie\/ga\/maidir-le-cairde-an-traonaigh\/#breadcrumb","itemListElement":[{"@type":"ListItem","position":1,"name":"Home","item":"https:\/\/www.corncrakelife.ie\/ga\/"},{"@type":"ListItem","position":2,"name":"Maidir le Cairde an Traonaigh"}]},{"@type":"WebSite","@id":"https:\/\/www.corncrakelife.ie\/ga\/#website","url":"https:\/\/www.corncrakelife.ie\/ga\/","name":"Corncrake LIFE","description":"Corncrake Traonach LIFE","publisher":{"@id":"https:\/\/www.corncrakelife.ie\/ga\/#organization"},"potentialAction":[{"@type":"SearchAction","target":{"@type":"EntryPoint","urlTemplate":"https:\/\/www.corncrakelife.ie\/ga\/?s={search_term_string}"},"query-input":{"@type":"PropertyValueSpecification","valueRequired":true,"valueName":"search_term_string"}}],"inLanguage":"ga-IE"},{"@type":"Organization","@id":"https:\/\/www.corncrakelife.ie\/ga\/#organization","name":"Department of Housing, Local Government and Heritage","url":"https:\/\/www.corncrakelife.ie\/ga\/","logo":{"@type":"ImageObject","inLanguage":"ga-IE","@id":"https:\/\/www.corncrakelife.ie\/ga\/#\/schema\/logo\/image\/","url":"https:\/\/www.corncrakelife.ie\/wp-content\/uploads\/2022\/03\/Corncrake-Traonach-LIFE-Logo.png","contentUrl":"https:\/\/www.corncrakelife.ie\/wp-content\/uploads\/2022\/03\/Corncrake-Traonach-LIFE-Logo.png","width":207,"height":100,"caption":"Department of Housing, Local Government and Heritage"},"image":{"@id":"https:\/\/www.corncrakelife.ie\/ga\/#\/schema\/logo\/image\/"},"sameAs":["https:\/\/www.facebook.com\/groups\/1110924015998978","https:\/\/x.com\/CorncrakeLife","https:\/\/www.instagram.com\/corncrakelife\/","https:\/\/www.youtube.com\/channel\/UCJGP2YKBafZ689yVU0Iy_Zw"]}]}},"_links":{"self":[{"href":"https:\/\/www.corncrakelife.ie\/ga\/wp-json\/wp\/v2\/pages\/1312","targetHints":{"allow":["GET"]}}],"collection":[{"href":"https:\/\/www.corncrakelife.ie\/ga\/wp-json\/wp\/v2\/pages"}],"about":[{"href":"https:\/\/www.corncrakelife.ie\/ga\/wp-json\/wp\/v2\/types\/page"}],"author":[{"embeddable":true,"href":"https:\/\/www.corncrakelife.ie\/ga\/wp-json\/wp\/v2\/users\/1"}],"replies":[{"embeddable":true,"href":"https:\/\/www.corncrakelife.ie\/ga\/wp-json\/wp\/v2\/comments?post=1312"}],"version-history":[{"count":6,"href":"https:\/\/www.corncrakelife.ie\/ga\/wp-json\/wp\/v2\/pages\/1312\/revisions"}],"predecessor-version":[{"id":1572,"href":"https:\/\/www.corncrakelife.ie\/ga\/wp-json\/wp\/v2\/pages\/1312\/revisions\/1572"}],"wp:attachment":[{"href":"https:\/\/www.corncrakelife.ie\/ga\/wp-json\/wp\/v2\/media?parent=1312"}],"curies":[{"name":"wp","href":"https:\/\/api.w.org\/{rel}","templated":true}]}}