{"id":1133,"date":"2022-03-03T16:41:58","date_gmt":"2022-03-03T16:41:58","guid":{"rendered":"https:\/\/www.corncrakelife.ie\/stadas-caomhnaithe-3\/"},"modified":"2022-04-01T08:40:32","modified_gmt":"2022-04-01T07:40:32","slug":"stadas-caomhnaithe-3","status":"publish","type":"page","link":"https:\/\/www.corncrakelife.ie\/ga\/stadas-caomhnaithe-3\/","title":{"rendered":"Sprioc-r\u00e9ims\u00ed RBPS"},"content":{"rendered":"\n<h2 class=\"wp-block-heading\">dobharcheantair Dh\u00fan na nGall<\/h2>\n\n<figure class=\"wp-block-gallery has-nested-images columns-4 is-cropped wp-block-gallery-1 is-layout-flex wp-block-gallery-is-layout-flex\">\n<figure class=\"wp-block-image size-large\"><img loading=\"lazy\" decoding=\"async\" width=\"509\" height=\"720\" data-id=\"415\" src=\"https:\/\/www.corncrakelife.ie\/wp-content\/uploads\/2022\/03\/03611e_1edd6e4ac9d544f2a3e673b812b01471_mv2-1.jpg\" alt=\"\" class=\"wp-image-415\" srcset=\"https:\/\/www.corncrakelife.ie\/wp-content\/uploads\/2022\/03\/03611e_1edd6e4ac9d544f2a3e673b812b01471_mv2-1.jpg 509w, https:\/\/www.corncrakelife.ie\/wp-content\/uploads\/2022\/03\/03611e_1edd6e4ac9d544f2a3e673b812b01471_mv2-1-212x300.jpg 212w\" sizes=\"auto, (max-width: 509px) 100vw, 509px\" \/><figcaption>L\u00e9arsc\u00e1il Cheantar Dh\u00fan na nGall<\/figcaption><\/figure>\n\n\n\n<figure class=\"wp-block-image size-large\"><img loading=\"lazy\" decoding=\"async\" width=\"1018\" height=\"720\" data-id=\"416\" src=\"https:\/\/www.corncrakelife.ie\/wp-content\/uploads\/2022\/03\/03611e_64d5587000784f97aadfe6a3b5ae09b8_mv2.jpg\" alt=\"\" class=\"wp-image-416\" srcset=\"https:\/\/www.corncrakelife.ie\/wp-content\/uploads\/2022\/03\/03611e_64d5587000784f97aadfe6a3b5ae09b8_mv2.jpg 1018w, https:\/\/www.corncrakelife.ie\/wp-content\/uploads\/2022\/03\/03611e_64d5587000784f97aadfe6a3b5ae09b8_mv2-300x212.jpg 300w, https:\/\/www.corncrakelife.ie\/wp-content\/uploads\/2022\/03\/03611e_64d5587000784f97aadfe6a3b5ae09b8_mv2-768x543.jpg 768w\" sizes=\"auto, (max-width: 1018px) 100vw, 1018px\" \/><figcaption>L\u00e9arsc\u00e1il Cheantar Thoraigh<\/figcaption><\/figure>\n\n\n\n<figure class=\"wp-block-image size-large\"><img loading=\"lazy\" decoding=\"async\" width=\"509\" height=\"720\" data-id=\"417\" src=\"https:\/\/www.corncrakelife.ie\/wp-content\/uploads\/2022\/03\/03611e_e65f9e4697484338a0574ebb17558bb9_mv2.jpg\" alt=\"\" class=\"wp-image-417\" srcset=\"https:\/\/www.corncrakelife.ie\/wp-content\/uploads\/2022\/03\/03611e_e65f9e4697484338a0574ebb17558bb9_mv2.jpg 509w, https:\/\/www.corncrakelife.ie\/wp-content\/uploads\/2022\/03\/03611e_e65f9e4697484338a0574ebb17558bb9_mv2-212x300.jpg 212w\" sizes=\"auto, (max-width: 509px) 100vw, 509px\" \/><figcaption>Abhantrach Cheann Mh\u00e1lanna<\/figcaption><\/figure>\n\n\n\n<figure class=\"wp-block-image size-large\"><img loading=\"lazy\" decoding=\"async\" width=\"1018\" height=\"720\" data-id=\"418\" src=\"https:\/\/www.corncrakelife.ie\/wp-content\/uploads\/2022\/03\/03611e_fc5bd4d208e041f294eca3c787371275_mv2.jpg\" alt=\"L&#xE9;arsc&#xE1;il Fanad Head\" class=\"wp-image-418\" srcset=\"https:\/\/www.corncrakelife.ie\/wp-content\/uploads\/2022\/03\/03611e_fc5bd4d208e041f294eca3c787371275_mv2.jpg 1018w, https:\/\/www.corncrakelife.ie\/wp-content\/uploads\/2022\/03\/03611e_fc5bd4d208e041f294eca3c787371275_mv2-300x212.jpg 300w, https:\/\/www.corncrakelife.ie\/wp-content\/uploads\/2022\/03\/03611e_fc5bd4d208e041f294eca3c787371275_mv2-768x543.jpg 768w\" sizes=\"auto, (max-width: 1018px) 100vw, 1018px\" \/><figcaption>L\u00e9arsc\u00e1il Fanad Head<\/figcaption><\/figure>\n\n\n\n<figure class=\"wp-block-image size-large\"><img loading=\"lazy\" decoding=\"async\" width=\"1018\" height=\"720\" data-id=\"419\" src=\"https:\/\/www.corncrakelife.ie\/wp-content\/uploads\/2022\/03\/03611e_2059c1bcbd7c4919b4f80c4027a0490f_mv2.jpg\" alt=\"L&#xE9;arsc&#xE1;il cheantar Dh&#xFA;n Fionnachaidh\" class=\"wp-image-419\" srcset=\"https:\/\/www.corncrakelife.ie\/wp-content\/uploads\/2022\/03\/03611e_2059c1bcbd7c4919b4f80c4027a0490f_mv2.jpg 1018w, https:\/\/www.corncrakelife.ie\/wp-content\/uploads\/2022\/03\/03611e_2059c1bcbd7c4919b4f80c4027a0490f_mv2-300x212.jpg 300w, https:\/\/www.corncrakelife.ie\/wp-content\/uploads\/2022\/03\/03611e_2059c1bcbd7c4919b4f80c4027a0490f_mv2-768x543.jpg 768w\" sizes=\"auto, (max-width: 1018px) 100vw, 1018px\" \/><figcaption>L\u00e9arsc\u00e1il cheantar Dh\u00fan Fionnachaidh<\/figcaption><\/figure>\n\n\n\n<figure class=\"wp-block-image size-large\"><img loading=\"lazy\" decoding=\"async\" width=\"1018\" height=\"720\" data-id=\"420\" src=\"https:\/\/www.corncrakelife.ie\/wp-content\/uploads\/2022\/03\/03611e_91185fee319049438af406ebbc7352c9_mv2.jpg\" alt=\"L&#xE9;arsc&#xE1;il ceantair &#xF3;n bhF&#xE1;l Carrach go M&#xED;n L&#xE1;ithreach\" class=\"wp-image-420\" srcset=\"https:\/\/www.corncrakelife.ie\/wp-content\/uploads\/2022\/03\/03611e_91185fee319049438af406ebbc7352c9_mv2.jpg 1018w, https:\/\/www.corncrakelife.ie\/wp-content\/uploads\/2022\/03\/03611e_91185fee319049438af406ebbc7352c9_mv2-300x212.jpg 300w, https:\/\/www.corncrakelife.ie\/wp-content\/uploads\/2022\/03\/03611e_91185fee319049438af406ebbc7352c9_mv2-768x543.jpg 768w\" sizes=\"auto, (max-width: 1018px) 100vw, 1018px\" \/><figcaption>L\u00e9arsc\u00e1il ceantair \u00f3n bhF\u00e1l Carrach go M\u00edn L\u00e1ithreach<\/figcaption><\/figure>\n\n\n\n<figure class=\"wp-block-image size-large\"><img loading=\"lazy\" decoding=\"async\" width=\"1018\" height=\"720\" data-id=\"421\" src=\"https:\/\/www.corncrakelife.ie\/wp-content\/uploads\/2022\/03\/03611e_636361f37e234934a464c1c8d2bb9c45_mv2.jpg\" alt=\"L&#xE9;arsc&#xE1;il cheantar B&#xF3; Finne\" class=\"wp-image-421\" srcset=\"https:\/\/www.corncrakelife.ie\/wp-content\/uploads\/2022\/03\/03611e_636361f37e234934a464c1c8d2bb9c45_mv2.jpg 1018w, https:\/\/www.corncrakelife.ie\/wp-content\/uploads\/2022\/03\/03611e_636361f37e234934a464c1c8d2bb9c45_mv2-300x212.jpg 300w, https:\/\/www.corncrakelife.ie\/wp-content\/uploads\/2022\/03\/03611e_636361f37e234934a464c1c8d2bb9c45_mv2-768x543.jpg 768w\" sizes=\"auto, (max-width: 1018px) 100vw, 1018px\" \/><figcaption>L\u00e9arsc\u00e1il cheantar B\u00f3 Finne<\/figcaption><\/figure>\n<\/figure>\n\n<h2 class=\"wp-block-heading\">dobharcheantair Mhaigh Eo<\/h2>\n\n<figure class=\"wp-block-gallery has-nested-images columns-default is-cropped wp-block-gallery-2 is-layout-flex wp-block-gallery-is-layout-flex\">\n<figure class=\"wp-block-image size-large\"><img loading=\"lazy\" decoding=\"async\" width=\"509\" height=\"720\" data-id=\"423\" src=\"https:\/\/www.corncrakelife.ie\/wp-content\/uploads\/2022\/03\/03611e_31ed432508604ead9b1cee22d6d2cb30_mv2.jpg\" alt=\"L&#xE9;arsc&#xE1;il an Mhuilinn Theas\" class=\"wp-image-423\" srcset=\"https:\/\/www.corncrakelife.ie\/wp-content\/uploads\/2022\/03\/03611e_31ed432508604ead9b1cee22d6d2cb30_mv2.jpg 509w, https:\/\/www.corncrakelife.ie\/wp-content\/uploads\/2022\/03\/03611e_31ed432508604ead9b1cee22d6d2cb30_mv2-212x300.jpg 212w\" sizes=\"auto, (max-width: 509px) 100vw, 509px\" \/><figcaption>L\u00e9arsc\u00e1il an Mhuilinn Theas<\/figcaption><\/figure>\n\n\n\n<figure class=\"wp-block-image size-large\"><img loading=\"lazy\" decoding=\"async\" width=\"509\" height=\"720\" data-id=\"424\" src=\"https:\/\/www.corncrakelife.ie\/wp-content\/uploads\/2022\/03\/03611e_8a7db220b26e40d1a08c30b29e8b7c1e_mv2.jpg\" alt=\"L&#xE9;arsc&#xE1;il an Mhuilinn Thuaidh\" class=\"wp-image-424\" srcset=\"https:\/\/www.corncrakelife.ie\/wp-content\/uploads\/2022\/03\/03611e_8a7db220b26e40d1a08c30b29e8b7c1e_mv2.jpg 509w, https:\/\/www.corncrakelife.ie\/wp-content\/uploads\/2022\/03\/03611e_8a7db220b26e40d1a08c30b29e8b7c1e_mv2-212x300.jpg 212w\" sizes=\"auto, (max-width: 509px) 100vw, 509px\" \/><figcaption>L\u00e9arsc\u00e1il an Mhuilinn Thuaidh<\/figcaption><\/figure>\n<\/figure>\n\n<h2 class=\"wp-block-heading\">dobharcheantair na Gaillimhe<\/h2>\n\n<figure class=\"wp-block-gallery has-nested-images columns-default is-cropped wp-block-gallery-3 is-layout-flex wp-block-gallery-is-layout-flex\">\n<figure class=\"wp-block-image size-large\"><img loading=\"lazy\" decoding=\"async\" width=\"1018\" height=\"720\" data-id=\"426\" src=\"https:\/\/www.corncrakelife.ie\/wp-content\/uploads\/2022\/03\/03611e_1eb9ea0f4f154eb089bf44fc244e235c_mv2.jpg\" alt=\"L&#xE9;arsc&#xE1;il cheantar Inis B&#xF3; Finne\" class=\"wp-image-426\" srcset=\"https:\/\/www.corncrakelife.ie\/wp-content\/uploads\/2022\/03\/03611e_1eb9ea0f4f154eb089bf44fc244e235c_mv2.jpg 1018w, https:\/\/www.corncrakelife.ie\/wp-content\/uploads\/2022\/03\/03611e_1eb9ea0f4f154eb089bf44fc244e235c_mv2-300x212.jpg 300w, https:\/\/www.corncrakelife.ie\/wp-content\/uploads\/2022\/03\/03611e_1eb9ea0f4f154eb089bf44fc244e235c_mv2-768x543.jpg 768w\" sizes=\"auto, (max-width: 1018px) 100vw, 1018px\" \/><figcaption>L\u00e9arsc\u00e1il cheantar Inis B\u00f3 Finne<\/figcaption><\/figure>\n\n\n\n<figure class=\"wp-block-image size-large\"><img loading=\"lazy\" decoding=\"async\" width=\"509\" height=\"720\" data-id=\"427\" src=\"https:\/\/www.corncrakelife.ie\/wp-content\/uploads\/2022\/03\/03611e_1f21e6eea29549d8bdb413d3b2cd4967_mv2.jpg\" alt=\"L&#xE9;arsc&#xE1;il de cheantar oile&#xE1;n Ioma&#xED; agus Turbot\" class=\"wp-image-427\" srcset=\"https:\/\/www.corncrakelife.ie\/wp-content\/uploads\/2022\/03\/03611e_1f21e6eea29549d8bdb413d3b2cd4967_mv2.jpg 509w, https:\/\/www.corncrakelife.ie\/wp-content\/uploads\/2022\/03\/03611e_1f21e6eea29549d8bdb413d3b2cd4967_mv2-212x300.jpg 212w\" sizes=\"auto, (max-width: 509px) 100vw, 509px\" \/><figcaption>L\u00e9arsc\u00e1il de cheantar oile\u00e1n Ioma\u00ed agus Turbot<\/figcaption><\/figure>\n<\/figure>\n","protected":false},"excerpt":{"rendered":"<p>dobharcheantair Dh\u00fan na nGall dobharcheantair Mhaigh Eo dobharcheantair na Gaillimhe<\/p>\n","protected":false},"author":1,"featured_media":0,"parent":0,"menu_order":0,"comment_status":"closed","ping_status":"closed","template":"","meta":{"site-sidebar-layout":"no-sidebar","site-content-layout":"","ast-site-content-layout":"default","site-content-style":"default","site-sidebar-style":"default","ast-global-header-display":"","ast-banner-title-visibility":"","ast-main-header-display":"","ast-hfb-above-header-display":"","ast-hfb-below-header-display":"","ast-hfb-mobile-header-display":"","site-post-title":"","ast-breadcrumbs-content":"","ast-featured-img":"","footer-sml-layout":"","ast-disable-related-posts":"","theme-transparent-header-meta":"","adv-header-id-meta":"","stick-header-meta":"","header-above-stick-meta":"","header-main-stick-meta":"","header-below-stick-meta":"","astra-migrate-meta-layouts":"default","ast-page-background-enabled":"default","ast-page-background-meta":{"desktop":{"background-color":"var(--ast-global-color-4)","background-image":"","background-repeat":"repeat","background-position":"center center","background-size":"auto","background-attachment":"scroll","background-type":"","background-media":"","overlay-type":"","overlay-color":"","overlay-opacity":"","overlay-gradient":""},"tablet":{"background-color":"","background-image":"","background-repeat":"repeat","background-position":"center center","background-size":"auto","background-attachment":"scroll","background-type":"","background-media":"","overlay-type":"","overlay-color":"","overlay-opacity":"","overlay-gradient":""},"mobile":{"background-color":"","background-image":"","background-repeat":"repeat","background-position":"center center","background-size":"auto","background-attachment":"scroll","background-type":"","background-media":"","overlay-type":"","overlay-color":"","overlay-opacity":"","overlay-gradient":""}},"ast-content-background-meta":{"desktop":{"background-color":"var(--ast-global-color-5)","background-image":"","background-repeat":"repeat","background-position":"center center","background-size":"auto","background-attachment":"scroll","background-type":"","background-media":"","overlay-type":"","overlay-color":"","overlay-opacity":"","overlay-gradient":""},"tablet":{"background-color":"var(--ast-global-color-5)","background-image":"","background-repeat":"repeat","background-position":"center center","background-size":"auto","background-attachment":"scroll","background-type":"","background-media":"","overlay-type":"","overlay-color":"","overlay-opacity":"","overlay-gradient":""},"mobile":{"background-color":"var(--ast-global-color-5)","background-image":"","background-repeat":"repeat","background-position":"center center","background-size":"auto","background-attachment":"scroll","background-type":"","background-media":"","overlay-type":"","overlay-color":"","overlay-opacity":"","overlay-gradient":""}},"footnotes":""},"class_list":["post-1133","page","type-page","status-publish","hentry"],"yoast_head":"<!-- This site is optimized with the Yoast SEO plugin v27.3 - https:\/\/yoast.com\/product\/yoast-seo-wordpress\/ -->\n<title>Sprioc-r\u00e9ims\u00ed RBPS - Corncrake LIFE<\/title>\n<meta name=\"robots\" content=\"index, follow, max-snippet:-1, max-image-preview:large, max-video-preview:-1\" \/>\n<link rel=\"canonical\" href=\"https:\/\/www.corncrakelife.ie\/ga\/stadas-caomhnaithe-3\/\" \/>\n<meta property=\"og:locale\" content=\"ga_IE\" \/>\n<meta property=\"og:type\" content=\"article\" \/>\n<meta property=\"og:title\" content=\"Sprioc-r\u00e9ims\u00ed RBPS - Corncrake LIFE\" \/>\n<meta property=\"og:description\" content=\"dobharcheantair Dh\u00fan na nGall dobharcheantair Mhaigh Eo dobharcheantair na Gaillimhe\" \/>\n<meta property=\"og:url\" content=\"https:\/\/www.corncrakelife.ie\/ga\/stadas-caomhnaithe-3\/\" \/>\n<meta property=\"og:site_name\" content=\"Corncrake LIFE\" \/>\n<meta property=\"article:publisher\" content=\"https:\/\/www.facebook.com\/groups\/1110924015998978\" \/>\n<meta property=\"article:modified_time\" content=\"2022-04-01T07:40:32+00:00\" \/>\n<meta property=\"og:image\" content=\"https:\/\/www.corncrakelife.ie\/wp-content\/uploads\/2022\/03\/03611e_1edd6e4ac9d544f2a3e673b812b01471_mv2-1.jpg\" \/>\n<meta name=\"twitter:card\" content=\"summary_large_image\" \/>\n<meta name=\"twitter:site\" content=\"@CorncrakeLife\" \/>\n<script type=\"application\/ld+json\" class=\"yoast-schema-graph\">{\"@context\":\"https:\\\/\\\/schema.org\",\"@graph\":[{\"@type\":\"WebPage\",\"@id\":\"https:\\\/\\\/www.corncrakelife.ie\\\/ga\\\/stadas-caomhnaithe-3\\\/\",\"url\":\"https:\\\/\\\/www.corncrakelife.ie\\\/ga\\\/stadas-caomhnaithe-3\\\/\",\"name\":\"Sprioc-r\u00e9ims\u00ed RBPS - Corncrake LIFE\",\"isPartOf\":{\"@id\":\"https:\\\/\\\/www.corncrakelife.ie\\\/ga\\\/#website\"},\"primaryImageOfPage\":{\"@id\":\"https:\\\/\\\/www.corncrakelife.ie\\\/ga\\\/stadas-caomhnaithe-3\\\/#primaryimage\"},\"image\":{\"@id\":\"https:\\\/\\\/www.corncrakelife.ie\\\/ga\\\/stadas-caomhnaithe-3\\\/#primaryimage\"},\"thumbnailUrl\":\"https:\\\/\\\/www.corncrakelife.ie\\\/wp-content\\\/uploads\\\/2022\\\/03\\\/03611e_1edd6e4ac9d544f2a3e673b812b01471_mv2-1.jpg\",\"datePublished\":\"2022-03-03T16:41:58+00:00\",\"dateModified\":\"2022-04-01T07:40:32+00:00\",\"breadcrumb\":{\"@id\":\"https:\\\/\\\/www.corncrakelife.ie\\\/ga\\\/stadas-caomhnaithe-3\\\/#breadcrumb\"},\"inLanguage\":\"ga-IE\",\"potentialAction\":[{\"@type\":\"ReadAction\",\"target\":[\"https:\\\/\\\/www.corncrakelife.ie\\\/ga\\\/stadas-caomhnaithe-3\\\/\"]}]},{\"@type\":\"ImageObject\",\"inLanguage\":\"ga-IE\",\"@id\":\"https:\\\/\\\/www.corncrakelife.ie\\\/ga\\\/stadas-caomhnaithe-3\\\/#primaryimage\",\"url\":\"https:\\\/\\\/www.corncrakelife.ie\\\/wp-content\\\/uploads\\\/2022\\\/03\\\/03611e_1edd6e4ac9d544f2a3e673b812b01471_mv2-1.jpg\",\"contentUrl\":\"https:\\\/\\\/www.corncrakelife.ie\\\/wp-content\\\/uploads\\\/2022\\\/03\\\/03611e_1edd6e4ac9d544f2a3e673b812b01471_mv2-1.jpg\"},{\"@type\":\"BreadcrumbList\",\"@id\":\"https:\\\/\\\/www.corncrakelife.ie\\\/ga\\\/stadas-caomhnaithe-3\\\/#breadcrumb\",\"itemListElement\":[{\"@type\":\"ListItem\",\"position\":1,\"name\":\"Home\",\"item\":\"https:\\\/\\\/www.corncrakelife.ie\\\/ga\\\/\"},{\"@type\":\"ListItem\",\"position\":2,\"name\":\"Sprioc-r\u00e9ims\u00ed RBPS\"}]},{\"@type\":\"WebSite\",\"@id\":\"https:\\\/\\\/www.corncrakelife.ie\\\/ga\\\/#website\",\"url\":\"https:\\\/\\\/www.corncrakelife.ie\\\/ga\\\/\",\"name\":\"Corncrake LIFE\",\"description\":\"Corncrake Traonach LIFE\",\"publisher\":{\"@id\":\"https:\\\/\\\/www.corncrakelife.ie\\\/ga\\\/#organization\"},\"potentialAction\":[{\"@type\":\"SearchAction\",\"target\":{\"@type\":\"EntryPoint\",\"urlTemplate\":\"https:\\\/\\\/www.corncrakelife.ie\\\/ga\\\/?s={search_term_string}\"},\"query-input\":{\"@type\":\"PropertyValueSpecification\",\"valueRequired\":true,\"valueName\":\"search_term_string\"}}],\"inLanguage\":\"ga-IE\"},{\"@type\":\"Organization\",\"@id\":\"https:\\\/\\\/www.corncrakelife.ie\\\/ga\\\/#organization\",\"name\":\"Department of Housing, Local Government and Heritage\",\"url\":\"https:\\\/\\\/www.corncrakelife.ie\\\/ga\\\/\",\"logo\":{\"@type\":\"ImageObject\",\"inLanguage\":\"ga-IE\",\"@id\":\"https:\\\/\\\/www.corncrakelife.ie\\\/ga\\\/#\\\/schema\\\/logo\\\/image\\\/\",\"url\":\"https:\\\/\\\/www.corncrakelife.ie\\\/wp-content\\\/uploads\\\/2022\\\/03\\\/Corncrake-Traonach-LIFE-Logo.png\",\"contentUrl\":\"https:\\\/\\\/www.corncrakelife.ie\\\/wp-content\\\/uploads\\\/2022\\\/03\\\/Corncrake-Traonach-LIFE-Logo.png\",\"width\":207,\"height\":100,\"caption\":\"Department of Housing, Local Government and Heritage\"},\"image\":{\"@id\":\"https:\\\/\\\/www.corncrakelife.ie\\\/ga\\\/#\\\/schema\\\/logo\\\/image\\\/\"},\"sameAs\":[\"https:\\\/\\\/www.facebook.com\\\/groups\\\/1110924015998978\",\"https:\\\/\\\/x.com\\\/CorncrakeLife\",\"https:\\\/\\\/www.instagram.com\\\/corncrakelife\\\/\",\"https:\\\/\\\/www.youtube.com\\\/channel\\\/UCJGP2YKBafZ689yVU0Iy_Zw\"]}]}<\/script>\n<!-- \/ Yoast SEO plugin. -->","yoast_head_json":{"title":"Sprioc-r\u00e9ims\u00ed RBPS - Corncrake LIFE","robots":{"index":"index","follow":"follow","max-snippet":"max-snippet:-1","max-image-preview":"max-image-preview:large","max-video-preview":"max-video-preview:-1"},"canonical":"https:\/\/www.corncrakelife.ie\/ga\/stadas-caomhnaithe-3\/","og_locale":"ga_IE","og_type":"article","og_title":"Sprioc-r\u00e9ims\u00ed RBPS - Corncrake LIFE","og_description":"dobharcheantair Dh\u00fan na nGall dobharcheantair Mhaigh Eo dobharcheantair na Gaillimhe","og_url":"https:\/\/www.corncrakelife.ie\/ga\/stadas-caomhnaithe-3\/","og_site_name":"Corncrake LIFE","article_publisher":"https:\/\/www.facebook.com\/groups\/1110924015998978","article_modified_time":"2022-04-01T07:40:32+00:00","og_image":[{"url":"https:\/\/www.corncrakelife.ie\/wp-content\/uploads\/2022\/03\/03611e_1edd6e4ac9d544f2a3e673b812b01471_mv2-1.jpg","type":"","width":"","height":""}],"twitter_card":"summary_large_image","twitter_site":"@CorncrakeLife","schema":{"@context":"https:\/\/schema.org","@graph":[{"@type":"WebPage","@id":"https:\/\/www.corncrakelife.ie\/ga\/stadas-caomhnaithe-3\/","url":"https:\/\/www.corncrakelife.ie\/ga\/stadas-caomhnaithe-3\/","name":"Sprioc-r\u00e9ims\u00ed RBPS - Corncrake LIFE","isPartOf":{"@id":"https:\/\/www.corncrakelife.ie\/ga\/#website"},"primaryImageOfPage":{"@id":"https:\/\/www.corncrakelife.ie\/ga\/stadas-caomhnaithe-3\/#primaryimage"},"image":{"@id":"https:\/\/www.corncrakelife.ie\/ga\/stadas-caomhnaithe-3\/#primaryimage"},"thumbnailUrl":"https:\/\/www.corncrakelife.ie\/wp-content\/uploads\/2022\/03\/03611e_1edd6e4ac9d544f2a3e673b812b01471_mv2-1.jpg","datePublished":"2022-03-03T16:41:58+00:00","dateModified":"2022-04-01T07:40:32+00:00","breadcrumb":{"@id":"https:\/\/www.corncrakelife.ie\/ga\/stadas-caomhnaithe-3\/#breadcrumb"},"inLanguage":"ga-IE","potentialAction":[{"@type":"ReadAction","target":["https:\/\/www.corncrakelife.ie\/ga\/stadas-caomhnaithe-3\/"]}]},{"@type":"ImageObject","inLanguage":"ga-IE","@id":"https:\/\/www.corncrakelife.ie\/ga\/stadas-caomhnaithe-3\/#primaryimage","url":"https:\/\/www.corncrakelife.ie\/wp-content\/uploads\/2022\/03\/03611e_1edd6e4ac9d544f2a3e673b812b01471_mv2-1.jpg","contentUrl":"https:\/\/www.corncrakelife.ie\/wp-content\/uploads\/2022\/03\/03611e_1edd6e4ac9d544f2a3e673b812b01471_mv2-1.jpg"},{"@type":"BreadcrumbList","@id":"https:\/\/www.corncrakelife.ie\/ga\/stadas-caomhnaithe-3\/#breadcrumb","itemListElement":[{"@type":"ListItem","position":1,"name":"Home","item":"https:\/\/www.corncrakelife.ie\/ga\/"},{"@type":"ListItem","position":2,"name":"Sprioc-r\u00e9ims\u00ed RBPS"}]},{"@type":"WebSite","@id":"https:\/\/www.corncrakelife.ie\/ga\/#website","url":"https:\/\/www.corncrakelife.ie\/ga\/","name":"Corncrake LIFE","description":"Corncrake Traonach LIFE","publisher":{"@id":"https:\/\/www.corncrakelife.ie\/ga\/#organization"},"potentialAction":[{"@type":"SearchAction","target":{"@type":"EntryPoint","urlTemplate":"https:\/\/www.corncrakelife.ie\/ga\/?s={search_term_string}"},"query-input":{"@type":"PropertyValueSpecification","valueRequired":true,"valueName":"search_term_string"}}],"inLanguage":"ga-IE"},{"@type":"Organization","@id":"https:\/\/www.corncrakelife.ie\/ga\/#organization","name":"Department of Housing, Local Government and Heritage","url":"https:\/\/www.corncrakelife.ie\/ga\/","logo":{"@type":"ImageObject","inLanguage":"ga-IE","@id":"https:\/\/www.corncrakelife.ie\/ga\/#\/schema\/logo\/image\/","url":"https:\/\/www.corncrakelife.ie\/wp-content\/uploads\/2022\/03\/Corncrake-Traonach-LIFE-Logo.png","contentUrl":"https:\/\/www.corncrakelife.ie\/wp-content\/uploads\/2022\/03\/Corncrake-Traonach-LIFE-Logo.png","width":207,"height":100,"caption":"Department of Housing, Local Government and Heritage"},"image":{"@id":"https:\/\/www.corncrakelife.ie\/ga\/#\/schema\/logo\/image\/"},"sameAs":["https:\/\/www.facebook.com\/groups\/1110924015998978","https:\/\/x.com\/CorncrakeLife","https:\/\/www.instagram.com\/corncrakelife\/","https:\/\/www.youtube.com\/channel\/UCJGP2YKBafZ689yVU0Iy_Zw"]}]}},"_links":{"self":[{"href":"https:\/\/www.corncrakelife.ie\/ga\/wp-json\/wp\/v2\/pages\/1133","targetHints":{"allow":["GET"]}}],"collection":[{"href":"https:\/\/www.corncrakelife.ie\/ga\/wp-json\/wp\/v2\/pages"}],"about":[{"href":"https:\/\/www.corncrakelife.ie\/ga\/wp-json\/wp\/v2\/types\/page"}],"author":[{"embeddable":true,"href":"https:\/\/www.corncrakelife.ie\/ga\/wp-json\/wp\/v2\/users\/1"}],"replies":[{"embeddable":true,"href":"https:\/\/www.corncrakelife.ie\/ga\/wp-json\/wp\/v2\/comments?post=1133"}],"version-history":[{"count":3,"href":"https:\/\/www.corncrakelife.ie\/ga\/wp-json\/wp\/v2\/pages\/1133\/revisions"}],"predecessor-version":[{"id":1247,"href":"https:\/\/www.corncrakelife.ie\/ga\/wp-json\/wp\/v2\/pages\/1133\/revisions\/1247"}],"wp:attachment":[{"href":"https:\/\/www.corncrakelife.ie\/ga\/wp-json\/wp\/v2\/media?parent=1133"}],"curies":[{"name":"wp","href":"https:\/\/api.w.org\/{rel}","templated":true}]}}