{"id":1131,"date":"2022-03-03T16:41:34","date_gmt":"2022-03-03T16:41:34","guid":{"rendered":"https:\/\/www.corncrakelife.ie\/stadas-caomhnaithe-2\/"},"modified":"2024-08-08T12:38:20","modified_gmt":"2024-08-08T11:38:20","slug":"stadas-caomhnaithe-2","status":"publish","type":"page","link":"https:\/\/www.corncrakelife.ie\/ga\/stadas-caomhnaithe-2\/","title":{"rendered":"\u00c1bhair RBPS"},"content":{"rendered":"\n<div class=\"wp-block-columns ticss-29639403 is-layout-flex wp-container-core-columns-is-layout-28f84493 wp-block-columns-is-layout-flex\">\n<div class=\"wp-block-column ticss-9d9c32cd is-layout-flow wp-block-column-is-layout-flow\" style=\"flex-basis:33.33%\">\n<figure class=\"wp-block-image size-full is-resized ticss-7ec1cb38\"><a href=\"https:\/\/www.corncrakelife.ie\/wp-content\/uploads\/2023\/09\/Corncrake-Habitat-Management-Guidelines.pdf\"><img loading=\"lazy\" decoding=\"async\" width=\"448\" height=\"638\" src=\"https:\/\/www.corncrakelife.ie\/wp-content\/uploads\/2023\/09\/farming-with-corncrakes.png\" alt=\"\" class=\"wp-image-2205\" style=\"width:237px;height:335px\" srcset=\"https:\/\/www.corncrakelife.ie\/wp-content\/uploads\/2023\/09\/farming-with-corncrakes.png 448w, https:\/\/www.corncrakelife.ie\/wp-content\/uploads\/2023\/09\/farming-with-corncrakes-211x300.png 211w\" sizes=\"auto, (max-width: 448px) 100vw, 448px\" \/><\/a><\/figure>\n<\/div>\n\n\n\n<div class=\"wp-block-column is-layout-flow wp-block-column-is-layout-flow\" style=\"flex-basis:66.66%\">\n<h2 class=\"wp-block-heading\">Habitat Management Guidelines<\/h2>\n\n\n\n<p><a href=\"https:\/\/www.corncrakelife.ie\/wp-content\/uploads\/2023\/09\/Corncrake-Habitat-Management-Guidelines.pdf\" target=\"_blank\" rel=\"noreferrer noopener\">Download the Habitat Management Guidelines (English)<\/a><\/p>\n\n\n\n<p><a href=\"https:\/\/www.corncrakelife.ie\/wp-content\/uploads\/2024\/04\/treoir-maidir-le-bainistiocht-ghnathoige.pdf\">Download the Habitat Management Guidelines (Gaeilge)<\/a><\/p>\n<\/div>\n<\/div>\n\n<div class=\"wp-block-columns ticss-29639403 is-layout-flex wp-container-core-columns-is-layout-28f84493 wp-block-columns-is-layout-flex\">\n<div class=\"wp-block-column ticss-9d9c32cd is-layout-flow wp-block-column-is-layout-flow\" style=\"flex-basis:33.33%\">\n<figure class=\"wp-block-image size-full is-resized ticss-7ec1cb38\"><a href=\"https:\/\/www.corncrakelife.ie\/wp-content\/uploads\/2023\/01\/Crex-LIFE-Bank-Mandate.pdf\"><img loading=\"lazy\" decoding=\"async\" width=\"303\" height=\"428\" src=\"https:\/\/www.corncrakelife.ie\/wp-content\/uploads\/2023\/09\/corncrake-life-bank-mandate.png\" alt=\"Corncrake LIFE Mandate Form\" class=\"wp-image-2209\" style=\"width:237px;height:335px\" srcset=\"https:\/\/www.corncrakelife.ie\/wp-content\/uploads\/2023\/09\/corncrake-life-bank-mandate.png 303w, https:\/\/www.corncrakelife.ie\/wp-content\/uploads\/2023\/09\/corncrake-life-bank-mandate-212x300.png 212w\" sizes=\"auto, (max-width: 303px) 100vw, 303px\" \/><\/a><\/figure>\n<\/div>\n\n\n\n<div class=\"wp-block-column is-layout-flow wp-block-column-is-layout-flow\" style=\"flex-basis:66.66%\">\n<h2 class=\"wp-block-heading\">EFT Mandate Form<\/h2>\n\n\n\n<p><a href=\"https:\/\/www.corncrakelife.ie\/wp-content\/uploads\/2023\/01\/Crex-LIFE-Bank-Mandate.pdf\" target=\"_blank\" rel=\"noreferrer noopener\">Download the Corncrake LIFE Bank Mandate Form<\/a><\/p>\n<\/div>\n<\/div>\n\n<div class=\"wp-block-columns ticss-29639403 is-layout-flex wp-container-core-columns-is-layout-28f84493 wp-block-columns-is-layout-flex\">\n<div class=\"wp-block-column ticss-9d9c32cd is-layout-flow wp-block-column-is-layout-flow\" style=\"flex-basis:33.33%\">\n<figure class=\"wp-block-image size-full ticss-7ec1cb38\"><a href=\"https:\/\/www.corncrakelife.ie\/wp-content\/uploads\/2022\/12\/corncrake-booklet-nov-2022-v4.pdf\"><img loading=\"lazy\" decoding=\"async\" width=\"907\" height=\"638\" src=\"https:\/\/www.corncrakelife.ie\/wp-content\/uploads\/2022\/12\/information-bookket-2022-cover.png\" alt=\"&#xCD;osl&#xF3;d&#xE1;il Leabhr&#xE1;n Faisn&#xE9;ise BEATHA AN Traonaigh\" class=\"wp-image-1597\" srcset=\"https:\/\/www.corncrakelife.ie\/wp-content\/uploads\/2022\/12\/information-bookket-2022-cover.png 907w, https:\/\/www.corncrakelife.ie\/wp-content\/uploads\/2022\/12\/information-bookket-2022-cover-300x211.png 300w, https:\/\/www.corncrakelife.ie\/wp-content\/uploads\/2022\/12\/information-bookket-2022-cover-768x540.png 768w\" sizes=\"auto, (max-width: 907px) 100vw, 907px\" \/><\/a><\/figure>\n<\/div>\n\n\n\n<div class=\"wp-block-column is-layout-flow wp-block-column-is-layout-flow\" style=\"flex-basis:66.66%\">\n<h2 class=\"wp-block-heading\">Traonach\/Traonach LIFE Leabhr\u00e1n Faisn\u00e9ise RBPS<\/h2>\n\n\n\n<p><a href=\"https:\/\/www.corncrakelife.ie\/wp-content\/uploads\/2022\/12\/corncrake-booklet-nov-2022-v4.pdf\">\u00cdosl\u00f3d\u00e1il Leabhr\u00e1n Faisn\u00e9ise BEATHA AN Traonaigh<\/a><\/p>\n<\/div>\n<\/div>\n\n<div class=\"wp-block-columns ticss-29639403 is-layout-flex wp-container-core-columns-is-layout-28f84493 wp-block-columns-is-layout-flex\">\n<div class=\"wp-block-column ticss-9d9c32cd is-layout-flow wp-block-column-is-layout-flow\" style=\"flex-basis:33.33%\">\n<figure class=\"wp-block-image size-medium is-resized ticss-7ec1cb38\"><a href=\"https:\/\/www.corncrakelife.ie\/wp-content\/uploads\/2022\/12\/corncrake-life-terms-and-conditions-Nov-2022.pdf\"><img loading=\"lazy\" decoding=\"async\" width=\"231\" height=\"300\" src=\"https:\/\/www.corncrakelife.ie\/wp-content\/uploads\/2022\/12\/corncrake-life-terms-cover-231x300.png\" alt=\"&#xCD;osl&#xF3;d&#xE1;il PDF T&#xE9;arma&#xED; agus Coinn&#xED;ollacha\" class=\"wp-image-1593\" style=\"width:237px;height:335px\" srcset=\"https:\/\/www.corncrakelife.ie\/wp-content\/uploads\/2022\/12\/corncrake-life-terms-cover-231x300.png 231w, https:\/\/www.corncrakelife.ie\/wp-content\/uploads\/2022\/12\/corncrake-life-terms-cover.png 449w\" sizes=\"auto, (max-width: 231px) 100vw, 231px\" \/><\/a><\/figure>\n<\/div>\n\n\n\n<div class=\"wp-block-column is-layout-flow wp-block-column-is-layout-flow\" style=\"flex-basis:66.66%\">\n<h2 class=\"wp-block-heading\">Traonach\/Traonach LIFE RBPS T\u00e9arma\u00ed &amp; Coinn\u00edollacha<\/h2>\n\n\n\n<p><a href=\"https:\/\/www.corncrakelife.ie\/wp-content\/uploads\/2022\/12\/corncrake-life-terms-and-conditions-Nov-2022.pdf\">\u00cdosl\u00f3d\u00e1il PDF T\u00e9arma\u00ed agus Coinn\u00edollacha<\/a><\/p>\n<\/div>\n<\/div>\n\n<div class=\"wp-block-columns ticss-e54be452 is-layout-flex wp-container-core-columns-is-layout-28f84493 wp-block-columns-is-layout-flex\">\n<div class=\"wp-block-column ticss-af5c61f0 is-layout-flow wp-block-column-is-layout-flow\" style=\"flex-basis:33.33%\">\n<figure class=\"wp-block-image size-full is-resized\"><a href=\"https:\/\/www.corncrakelife.ie\/wp-content\/uploads\/2022\/12\/corncrake-life-expression-of-interest-form.pdf\" target=\"_blank\" rel=\"noreferrer noopener\"><img loading=\"lazy\" decoding=\"async\" width=\"598\" height=\"802\" src=\"https:\/\/www.corncrakelife.ie\/wp-content\/uploads\/2022\/12\/rbps-eoi-2022-cover.png\" alt=\"&#xCD;osl&#xF3;d&#xE1;il an fhoirm r&#xE1;iteas sp&#xE9;ise i bhform&#xE1;id PDF\" class=\"wp-image-1617\" style=\"width:237px;height:318px\" srcset=\"https:\/\/www.corncrakelife.ie\/wp-content\/uploads\/2022\/12\/rbps-eoi-2022-cover.png 598w, https:\/\/www.corncrakelife.ie\/wp-content\/uploads\/2022\/12\/rbps-eoi-2022-cover-224x300.png 224w\" sizes=\"auto, (max-width: 598px) 100vw, 598px\" \/><\/a><\/figure>\n<\/div>\n\n\n\n<div class=\"wp-block-column is-layout-flow wp-block-column-is-layout-flow\" style=\"flex-basis:66.66%\">\n<h2 class=\"wp-block-heading\">Foirm L\u00e9irithe Leasa na Sc\u00e9ime \u00cdoca\u00edochta Agra-chomhshaoil (RBPS) Bunaithe ar Thortha\u00ed<\/h2>\n\n\n\n<p><a href=\"https:\/\/www.corncrakelife.ie\/wp-content\/uploads\/2022\/12\/corncrake-life-expression-of-interest-form.pdf\">\u00cdosl\u00f3d\u00e1il an fhoirm r\u00e1iteas sp\u00e9ise i bhform\u00e1id PDF<\/a><\/p>\n<\/div>\n<\/div>\n\n<div class=\"wp-block-columns ticss-bd0a0ab3 is-layout-flex wp-container-core-columns-is-layout-28f84493 wp-block-columns-is-layout-flex\">\n<div class=\"wp-block-column ticss-202836cd is-layout-flow wp-block-column-is-layout-flow\" style=\"flex-basis:33.33%\">\n<figure class=\"wp-block-image size-medium is-resized\"><a href=\"https:\/\/www.corncrakelife.ie\/wp-content\/uploads\/2024\/04\/corncrake-scorecard-november-2023.pdf\" target=\"_blank\" rel=\"noreferrer noopener\"><img loading=\"lazy\" decoding=\"async\" width=\"215\" height=\"300\" src=\"https:\/\/www.corncrakelife.ie\/wp-content\/uploads\/2022\/12\/corncrake-life-scorecard-215x300.png\" alt=\"&#xCD;osl&#xF3;d&#xE1;il an Sc&#xF3;rch&#xE1;rta Gn&#xE1;th&#xF3;g PDF\" class=\"wp-image-1589\" style=\"width:237px;height:335px\" srcset=\"https:\/\/www.corncrakelife.ie\/wp-content\/uploads\/2022\/12\/corncrake-life-scorecard-215x300.png 215w, https:\/\/www.corncrakelife.ie\/wp-content\/uploads\/2022\/12\/corncrake-life-scorecard.png 457w\" sizes=\"auto, (max-width: 215px) 100vw, 215px\" \/><\/a><\/figure>\n<\/div>\n\n\n\n<div class=\"wp-block-column is-layout-flow wp-block-column-is-layout-flow\" style=\"flex-basis:66.66%\">\n<h2 class=\"wp-block-heading\">Sc\u00f3rch\u00e1rta gn\u00e1th\u00f3ige F\u00e9araigh an Traonaigh<\/h2>\n\n\n\n<p><a href=\"https:\/\/www.corncrakelife.ie\/wp-content\/uploads\/2024\/04\/corncrake-scorecard-november-2023.pdf\" target=\"_blank\" rel=\"noreferrer noopener\">\u00cdosl\u00f3d\u00e1il an Sc\u00f3rch\u00e1rta Gn\u00e1th\u00f3g PDF<\/a><\/p>\n<\/div>\n<\/div>\n\n<div class=\"wp-block-columns ticss-492869ea is-layout-flex wp-container-core-columns-is-layout-28f84493 wp-block-columns-is-layout-flex\">\n<div class=\"wp-block-column ticss-3350b6f4 is-layout-flow wp-block-column-is-layout-flow\" style=\"flex-basis:33.33%\">\n<figure class=\"wp-block-image size-full\"><a href=\"\/wp-content\/uploads\/2022\/03\/Pre-approved-advisor-list-2021-2022.pdf\"><img loading=\"lazy\" decoding=\"async\" width=\"237\" height=\"335\" src=\"https:\/\/www.corncrakelife.ie\/wp-content\/uploads\/2022\/03\/Pre-approved-advisor-list-2021-2022.jpg\" alt=\"&#xCD;osl&#xF3;d&#xE1;il an liosta de na comhairleoir&#xED; formheasta\" class=\"wp-image-399\" srcset=\"https:\/\/www.corncrakelife.ie\/wp-content\/uploads\/2022\/03\/Pre-approved-advisor-list-2021-2022.jpg 237w, https:\/\/www.corncrakelife.ie\/wp-content\/uploads\/2022\/03\/Pre-approved-advisor-list-2021-2022-212x300.jpg 212w\" sizes=\"auto, (max-width: 237px) 100vw, 237px\" \/><\/a><\/figure>\n<\/div>\n\n\n\n<div class=\"wp-block-column is-layout-flow wp-block-column-is-layout-flow\" style=\"flex-basis:66.66%\">\n<h2 class=\"wp-block-heading\">Liosta de Chomhairleoir\u00ed Ceadaithe<\/h2>\n\n\n\n<p><a href=\"\/wp-content\/uploads\/2022\/03\/Pre-approved-advisor-list-2021-2022.pdf\">\u00cdosl\u00f3d\u00e1il an liosta de na comhairleoir\u00ed formheasta<\/a><\/p>\n<\/div>\n<\/div>\n","protected":false},"excerpt":{"rendered":"<p>Habitat Management Guidelines Download the Habitat Management Guidelines (English) Download the Habitat Management Guidelines (Gaeilge) EFT Mandate Form Download the Corncrake LIFE Bank Mandate Form Traonach\/Traonach LIFE Leabhr\u00e1n Faisn\u00e9ise RBPS \u00cdosl\u00f3d\u00e1il Leabhr\u00e1n Faisn\u00e9ise BEATHA AN Traonaigh Traonach\/Traonach LIFE RBPS T\u00e9arma\u00ed &amp; Coinn\u00edollacha \u00cdosl\u00f3d\u00e1il PDF T\u00e9arma\u00ed agus Coinn\u00edollacha Foirm L\u00e9irithe Leasa na Sc\u00e9ime \u00cdoca\u00edochta Agra-chomhshaoil (RBPS) [&hellip;]<\/p>\n","protected":false},"author":1,"featured_media":0,"parent":0,"menu_order":0,"comment_status":"closed","ping_status":"closed","template":"","meta":{"site-sidebar-layout":"no-sidebar","site-content-layout":"","ast-site-content-layout":"default","site-content-style":"default","site-sidebar-style":"default","ast-global-header-display":"","ast-banner-title-visibility":"","ast-main-header-display":"","ast-hfb-above-header-display":"","ast-hfb-below-header-display":"","ast-hfb-mobile-header-display":"","site-post-title":"","ast-breadcrumbs-content":"","ast-featured-img":"","footer-sml-layout":"","ast-disable-related-posts":"","theme-transparent-header-meta":"","adv-header-id-meta":"","stick-header-meta":"","header-above-stick-meta":"","header-main-stick-meta":"","header-below-stick-meta":"","astra-migrate-meta-layouts":"default","ast-page-background-enabled":"default","ast-page-background-meta":{"desktop":{"background-color":"var(--ast-global-color-4)","background-image":"","background-repeat":"repeat","background-position":"center center","background-size":"auto","background-attachment":"scroll","background-type":"","background-media":"","overlay-type":"","overlay-color":"","overlay-opacity":"","overlay-gradient":""},"tablet":{"background-color":"","background-image":"","background-repeat":"repeat","background-position":"center center","background-size":"auto","background-attachment":"scroll","background-type":"","background-media":"","overlay-type":"","overlay-color":"","overlay-opacity":"","overlay-gradient":""},"mobile":{"background-color":"","background-image":"","background-repeat":"repeat","background-position":"center center","background-size":"auto","background-attachment":"scroll","background-type":"","background-media":"","overlay-type":"","overlay-color":"","overlay-opacity":"","overlay-gradient":""}},"ast-content-background-meta":{"desktop":{"background-color":"var(--ast-global-color-5)","background-image":"","background-repeat":"repeat","background-position":"center center","background-size":"auto","background-attachment":"scroll","background-type":"","background-media":"","overlay-type":"","overlay-color":"","overlay-opacity":"","overlay-gradient":""},"tablet":{"background-color":"var(--ast-global-color-5)","background-image":"","background-repeat":"repeat","background-position":"center center","background-size":"auto","background-attachment":"scroll","background-type":"","background-media":"","overlay-type":"","overlay-color":"","overlay-opacity":"","overlay-gradient":""},"mobile":{"background-color":"var(--ast-global-color-5)","background-image":"","background-repeat":"repeat","background-position":"center center","background-size":"auto","background-attachment":"scroll","background-type":"","background-media":"","overlay-type":"","overlay-color":"","overlay-opacity":"","overlay-gradient":""}},"footnotes":""},"class_list":["post-1131","page","type-page","status-publish","hentry"],"yoast_head":"<!-- This site is optimized with the Yoast SEO plugin v27.3 - https:\/\/yoast.com\/product\/yoast-seo-wordpress\/ -->\n<title>\u00c1bhair RBPS - Corncrake LIFE<\/title>\n<meta name=\"robots\" content=\"index, follow, max-snippet:-1, max-image-preview:large, max-video-preview:-1\" \/>\n<link rel=\"canonical\" href=\"https:\/\/www.corncrakelife.ie\/ga\/stadas-caomhnaithe-2\/\" \/>\n<meta property=\"og:locale\" content=\"ga_IE\" \/>\n<meta property=\"og:type\" content=\"article\" \/>\n<meta property=\"og:title\" content=\"\u00c1bhair RBPS - Corncrake LIFE\" \/>\n<meta property=\"og:description\" content=\"Habitat Management Guidelines Download the Habitat Management Guidelines (English) Download the Habitat Management Guidelines (Gaeilge) EFT Mandate Form Download the Corncrake LIFE Bank Mandate Form Traonach\/Traonach LIFE Leabhr\u00e1n Faisn\u00e9ise RBPS \u00cdosl\u00f3d\u00e1il Leabhr\u00e1n Faisn\u00e9ise BEATHA AN Traonaigh Traonach\/Traonach LIFE RBPS T\u00e9arma\u00ed &amp; Coinn\u00edollacha \u00cdosl\u00f3d\u00e1il PDF T\u00e9arma\u00ed agus Coinn\u00edollacha Foirm L\u00e9irithe Leasa na Sc\u00e9ime \u00cdoca\u00edochta Agra-chomhshaoil (RBPS) [&hellip;]\" \/>\n<meta property=\"og:url\" content=\"https:\/\/www.corncrakelife.ie\/ga\/stadas-caomhnaithe-2\/\" \/>\n<meta property=\"og:site_name\" content=\"Corncrake LIFE\" \/>\n<meta property=\"article:publisher\" content=\"https:\/\/www.facebook.com\/groups\/1110924015998978\" \/>\n<meta property=\"article:modified_time\" content=\"2024-08-08T11:38:20+00:00\" \/>\n<meta property=\"og:image\" content=\"https:\/\/www.corncrakelife.ie\/wp-content\/uploads\/2023\/09\/farming-with-corncrakes.png\" \/>\n<meta name=\"twitter:card\" content=\"summary_large_image\" \/>\n<meta name=\"twitter:site\" content=\"@CorncrakeLife\" \/>\n<meta name=\"twitter:label1\" content=\"Est. reading time\" \/>\n\t<meta name=\"twitter:data1\" content=\"1 minute\" \/>\n<script type=\"application\/ld+json\" class=\"yoast-schema-graph\">{\"@context\":\"https:\\\/\\\/schema.org\",\"@graph\":[{\"@type\":\"WebPage\",\"@id\":\"https:\\\/\\\/www.corncrakelife.ie\\\/ga\\\/stadas-caomhnaithe-2\\\/\",\"url\":\"https:\\\/\\\/www.corncrakelife.ie\\\/ga\\\/stadas-caomhnaithe-2\\\/\",\"name\":\"\u00c1bhair RBPS - Corncrake LIFE\",\"isPartOf\":{\"@id\":\"https:\\\/\\\/www.corncrakelife.ie\\\/ga\\\/#website\"},\"primaryImageOfPage\":{\"@id\":\"https:\\\/\\\/www.corncrakelife.ie\\\/ga\\\/stadas-caomhnaithe-2\\\/#primaryimage\"},\"image\":{\"@id\":\"https:\\\/\\\/www.corncrakelife.ie\\\/ga\\\/stadas-caomhnaithe-2\\\/#primaryimage\"},\"thumbnailUrl\":\"https:\\\/\\\/www.corncrakelife.ie\\\/wp-content\\\/uploads\\\/2023\\\/09\\\/farming-with-corncrakes.png\",\"datePublished\":\"2022-03-03T16:41:34+00:00\",\"dateModified\":\"2024-08-08T11:38:20+00:00\",\"breadcrumb\":{\"@id\":\"https:\\\/\\\/www.corncrakelife.ie\\\/ga\\\/stadas-caomhnaithe-2\\\/#breadcrumb\"},\"inLanguage\":\"ga-IE\",\"potentialAction\":[{\"@type\":\"ReadAction\",\"target\":[\"https:\\\/\\\/www.corncrakelife.ie\\\/ga\\\/stadas-caomhnaithe-2\\\/\"]}]},{\"@type\":\"ImageObject\",\"inLanguage\":\"ga-IE\",\"@id\":\"https:\\\/\\\/www.corncrakelife.ie\\\/ga\\\/stadas-caomhnaithe-2\\\/#primaryimage\",\"url\":\"https:\\\/\\\/www.corncrakelife.ie\\\/wp-content\\\/uploads\\\/2023\\\/09\\\/farming-with-corncrakes.png\",\"contentUrl\":\"https:\\\/\\\/www.corncrakelife.ie\\\/wp-content\\\/uploads\\\/2023\\\/09\\\/farming-with-corncrakes.png\"},{\"@type\":\"BreadcrumbList\",\"@id\":\"https:\\\/\\\/www.corncrakelife.ie\\\/ga\\\/stadas-caomhnaithe-2\\\/#breadcrumb\",\"itemListElement\":[{\"@type\":\"ListItem\",\"position\":1,\"name\":\"Home\",\"item\":\"https:\\\/\\\/www.corncrakelife.ie\\\/ga\\\/\"},{\"@type\":\"ListItem\",\"position\":2,\"name\":\"\u00c1bhair RBPS\"}]},{\"@type\":\"WebSite\",\"@id\":\"https:\\\/\\\/www.corncrakelife.ie\\\/ga\\\/#website\",\"url\":\"https:\\\/\\\/www.corncrakelife.ie\\\/ga\\\/\",\"name\":\"Corncrake LIFE\",\"description\":\"Corncrake Traonach LIFE\",\"publisher\":{\"@id\":\"https:\\\/\\\/www.corncrakelife.ie\\\/ga\\\/#organization\"},\"potentialAction\":[{\"@type\":\"SearchAction\",\"target\":{\"@type\":\"EntryPoint\",\"urlTemplate\":\"https:\\\/\\\/www.corncrakelife.ie\\\/ga\\\/?s={search_term_string}\"},\"query-input\":{\"@type\":\"PropertyValueSpecification\",\"valueRequired\":true,\"valueName\":\"search_term_string\"}}],\"inLanguage\":\"ga-IE\"},{\"@type\":\"Organization\",\"@id\":\"https:\\\/\\\/www.corncrakelife.ie\\\/ga\\\/#organization\",\"name\":\"Department of Housing, Local Government and Heritage\",\"url\":\"https:\\\/\\\/www.corncrakelife.ie\\\/ga\\\/\",\"logo\":{\"@type\":\"ImageObject\",\"inLanguage\":\"ga-IE\",\"@id\":\"https:\\\/\\\/www.corncrakelife.ie\\\/ga\\\/#\\\/schema\\\/logo\\\/image\\\/\",\"url\":\"https:\\\/\\\/www.corncrakelife.ie\\\/wp-content\\\/uploads\\\/2022\\\/03\\\/Corncrake-Traonach-LIFE-Logo.png\",\"contentUrl\":\"https:\\\/\\\/www.corncrakelife.ie\\\/wp-content\\\/uploads\\\/2022\\\/03\\\/Corncrake-Traonach-LIFE-Logo.png\",\"width\":207,\"height\":100,\"caption\":\"Department of Housing, Local Government and Heritage\"},\"image\":{\"@id\":\"https:\\\/\\\/www.corncrakelife.ie\\\/ga\\\/#\\\/schema\\\/logo\\\/image\\\/\"},\"sameAs\":[\"https:\\\/\\\/www.facebook.com\\\/groups\\\/1110924015998978\",\"https:\\\/\\\/x.com\\\/CorncrakeLife\",\"https:\\\/\\\/www.instagram.com\\\/corncrakelife\\\/\",\"https:\\\/\\\/www.youtube.com\\\/channel\\\/UCJGP2YKBafZ689yVU0Iy_Zw\"]}]}<\/script>\n<!-- \/ Yoast SEO plugin. -->","yoast_head_json":{"title":"\u00c1bhair RBPS - Corncrake LIFE","robots":{"index":"index","follow":"follow","max-snippet":"max-snippet:-1","max-image-preview":"max-image-preview:large","max-video-preview":"max-video-preview:-1"},"canonical":"https:\/\/www.corncrakelife.ie\/ga\/stadas-caomhnaithe-2\/","og_locale":"ga_IE","og_type":"article","og_title":"\u00c1bhair RBPS - Corncrake LIFE","og_description":"Habitat Management Guidelines Download the Habitat Management Guidelines (English) Download the Habitat Management Guidelines (Gaeilge) EFT Mandate Form Download the Corncrake LIFE Bank Mandate Form Traonach\/Traonach LIFE Leabhr\u00e1n Faisn\u00e9ise RBPS \u00cdosl\u00f3d\u00e1il Leabhr\u00e1n Faisn\u00e9ise BEATHA AN Traonaigh Traonach\/Traonach LIFE RBPS T\u00e9arma\u00ed &amp; Coinn\u00edollacha \u00cdosl\u00f3d\u00e1il PDF T\u00e9arma\u00ed agus Coinn\u00edollacha Foirm L\u00e9irithe Leasa na Sc\u00e9ime \u00cdoca\u00edochta Agra-chomhshaoil (RBPS) [&hellip;]","og_url":"https:\/\/www.corncrakelife.ie\/ga\/stadas-caomhnaithe-2\/","og_site_name":"Corncrake LIFE","article_publisher":"https:\/\/www.facebook.com\/groups\/1110924015998978","article_modified_time":"2024-08-08T11:38:20+00:00","og_image":[{"url":"https:\/\/www.corncrakelife.ie\/wp-content\/uploads\/2023\/09\/farming-with-corncrakes.png","type":"","width":"","height":""}],"twitter_card":"summary_large_image","twitter_site":"@CorncrakeLife","twitter_misc":{"Est. reading time":"1 minute"},"schema":{"@context":"https:\/\/schema.org","@graph":[{"@type":"WebPage","@id":"https:\/\/www.corncrakelife.ie\/ga\/stadas-caomhnaithe-2\/","url":"https:\/\/www.corncrakelife.ie\/ga\/stadas-caomhnaithe-2\/","name":"\u00c1bhair RBPS - Corncrake LIFE","isPartOf":{"@id":"https:\/\/www.corncrakelife.ie\/ga\/#website"},"primaryImageOfPage":{"@id":"https:\/\/www.corncrakelife.ie\/ga\/stadas-caomhnaithe-2\/#primaryimage"},"image":{"@id":"https:\/\/www.corncrakelife.ie\/ga\/stadas-caomhnaithe-2\/#primaryimage"},"thumbnailUrl":"https:\/\/www.corncrakelife.ie\/wp-content\/uploads\/2023\/09\/farming-with-corncrakes.png","datePublished":"2022-03-03T16:41:34+00:00","dateModified":"2024-08-08T11:38:20+00:00","breadcrumb":{"@id":"https:\/\/www.corncrakelife.ie\/ga\/stadas-caomhnaithe-2\/#breadcrumb"},"inLanguage":"ga-IE","potentialAction":[{"@type":"ReadAction","target":["https:\/\/www.corncrakelife.ie\/ga\/stadas-caomhnaithe-2\/"]}]},{"@type":"ImageObject","inLanguage":"ga-IE","@id":"https:\/\/www.corncrakelife.ie\/ga\/stadas-caomhnaithe-2\/#primaryimage","url":"https:\/\/www.corncrakelife.ie\/wp-content\/uploads\/2023\/09\/farming-with-corncrakes.png","contentUrl":"https:\/\/www.corncrakelife.ie\/wp-content\/uploads\/2023\/09\/farming-with-corncrakes.png"},{"@type":"BreadcrumbList","@id":"https:\/\/www.corncrakelife.ie\/ga\/stadas-caomhnaithe-2\/#breadcrumb","itemListElement":[{"@type":"ListItem","position":1,"name":"Home","item":"https:\/\/www.corncrakelife.ie\/ga\/"},{"@type":"ListItem","position":2,"name":"\u00c1bhair RBPS"}]},{"@type":"WebSite","@id":"https:\/\/www.corncrakelife.ie\/ga\/#website","url":"https:\/\/www.corncrakelife.ie\/ga\/","name":"Corncrake LIFE","description":"Corncrake Traonach LIFE","publisher":{"@id":"https:\/\/www.corncrakelife.ie\/ga\/#organization"},"potentialAction":[{"@type":"SearchAction","target":{"@type":"EntryPoint","urlTemplate":"https:\/\/www.corncrakelife.ie\/ga\/?s={search_term_string}"},"query-input":{"@type":"PropertyValueSpecification","valueRequired":true,"valueName":"search_term_string"}}],"inLanguage":"ga-IE"},{"@type":"Organization","@id":"https:\/\/www.corncrakelife.ie\/ga\/#organization","name":"Department of Housing, Local Government and Heritage","url":"https:\/\/www.corncrakelife.ie\/ga\/","logo":{"@type":"ImageObject","inLanguage":"ga-IE","@id":"https:\/\/www.corncrakelife.ie\/ga\/#\/schema\/logo\/image\/","url":"https:\/\/www.corncrakelife.ie\/wp-content\/uploads\/2022\/03\/Corncrake-Traonach-LIFE-Logo.png","contentUrl":"https:\/\/www.corncrakelife.ie\/wp-content\/uploads\/2022\/03\/Corncrake-Traonach-LIFE-Logo.png","width":207,"height":100,"caption":"Department of Housing, Local Government and Heritage"},"image":{"@id":"https:\/\/www.corncrakelife.ie\/ga\/#\/schema\/logo\/image\/"},"sameAs":["https:\/\/www.facebook.com\/groups\/1110924015998978","https:\/\/x.com\/CorncrakeLife","https:\/\/www.instagram.com\/corncrakelife\/","https:\/\/www.youtube.com\/channel\/UCJGP2YKBafZ689yVU0Iy_Zw"]}]}},"_links":{"self":[{"href":"https:\/\/www.corncrakelife.ie\/ga\/wp-json\/wp\/v2\/pages\/1131","targetHints":{"allow":["GET"]}}],"collection":[{"href":"https:\/\/www.corncrakelife.ie\/ga\/wp-json\/wp\/v2\/pages"}],"about":[{"href":"https:\/\/www.corncrakelife.ie\/ga\/wp-json\/wp\/v2\/types\/page"}],"author":[{"embeddable":true,"href":"https:\/\/www.corncrakelife.ie\/ga\/wp-json\/wp\/v2\/users\/1"}],"replies":[{"embeddable":true,"href":"https:\/\/www.corncrakelife.ie\/ga\/wp-json\/wp\/v2\/comments?post=1131"}],"version-history":[{"count":16,"href":"https:\/\/www.corncrakelife.ie\/ga\/wp-json\/wp\/v2\/pages\/1131\/revisions"}],"predecessor-version":[{"id":2370,"href":"https:\/\/www.corncrakelife.ie\/ga\/wp-json\/wp\/v2\/pages\/1131\/revisions\/2370"}],"wp:attachment":[{"href":"https:\/\/www.corncrakelife.ie\/ga\/wp-json\/wp\/v2\/media?parent=1131"}],"curies":[{"name":"wp","href":"https:\/\/api.w.org\/{rel}","templated":true}]}}