{"id":1102,"date":"2022-03-03T08:59:05","date_gmt":"2022-03-03T08:59:05","guid":{"rendered":"https:\/\/www.corncrakelife.ie\/cnoc-an-mharmair-go-min-larach\/"},"modified":"2025-01-10T11:04:35","modified_gmt":"2025-01-10T11:04:35","slug":"cnoc-an-mharmair-go-min-larach","status":"publish","type":"page","link":"https:\/\/www.corncrakelife.ie\/ga\/cnoc-an-mharmair-go-min-larach\/","title":{"rendered":"Cnoc an Mharmair go M\u00edn L\u00e1rach"},"content":{"rendered":"\n<p><strong>Dobharcheantar: 4, t\u00e1 <a rel=\"noreferrer noopener\" href=\"https:\/\/www.npws.ie\/protected-sites\/spa\/004149\" target=\"_blank\">C\u00f3d L\u00e1ithre\u00e1in 004149 san \u00e1ireamh<\/a> <\/strong><\/p>\n\n<div class=\"wp-block-media-text alignwide has-media-on-the-right is-stacked-on-mobile\"><div class=\"wp-block-media-text__content\">\n<h2 class=\"wp-block-heading\">Fiadh\u00falra<\/h2>\n\n\n\n<p>Go stairi\u00fail bh\u00ed daonra maith Corncrakes ag Dobharcheantar Cnoc an Mharmair go M\u00edn L\u00e1rach ach t\u00e1 laghd\u00fa tagtha ar an l\u00edon le blianta beaga anuas. Maidir le hiontr\u00e1lacha \u00e9an, t\u00e1 raon ollmh\u00f3r speiceas cosanta agus neamhchoitianta sa l\u00edne ch\u00f3ta lena n-\u00e1ir\u00edtear; Fulmar, Cormorant Shag (Phalacrocorax aristotelis)  [A018] G\u00e9 Barnacle (Branta leucopsis) [A045] Seabhac Gorm (Falco peregrinus) [A103] Kittiwake (Rissa tridactyla) [A188] Guillemot Razorbill (Alca tyrora) [A200] Chough (Pyrrhocorax pyrrhocorax) [A346] G\u00e9 aghaidhe b\u00e1n na Graonlainne (Anser albifrons flavirostris) [A395] <\/p>\n\n\n\n<p>Taca\u00edonn an dobharcheantar seo (Cnoc an Mharmair go M\u00edn L\u00e1rach) le l\u00edon t\u00e1bhachtach de an Traonach gach bliain (10 bhfear ag glaoch, me\u00e1n suirbh\u00e9 2014 &#8211; 2018). T\u00e1 s\u00e9 ar cheann den bheag\u00e1n su\u00edomhanna m\u00f3rth\u00edr at\u00e1 f\u00e1gtha ag tac\u00fa le an Traonach i gContae Dh\u00fan na nGall agus go minic b\u00edonn l\u00edon maith fear ag glaoch air.  <\/p>\n<\/div><figure class=\"wp-block-media-text__media\"><a href=\"https:\/\/www.corncrakelife.ie\/wp-content\/uploads\/2022\/03\/03611e_629ccc252048440c8a8c05d91f28fe4b_mv2-1024x724.jpg\"><img loading=\"lazy\" decoding=\"async\" width=\"1024\" height=\"724\" src=\"https:\/\/www.corncrakelife.ie\/wp-content\/uploads\/2022\/03\/03611e_629ccc252048440c8a8c05d91f28fe4b_mv2-1024x724.jpg\" alt=\"Marblehill to Meenlaragh Catchment Map\" class=\"wp-image-300 size-full\" srcset=\"https:\/\/www.corncrakelife.ie\/wp-content\/uploads\/2022\/03\/03611e_629ccc252048440c8a8c05d91f28fe4b_mv2-1024x724.jpg 1024w, https:\/\/www.corncrakelife.ie\/wp-content\/uploads\/2022\/03\/03611e_629ccc252048440c8a8c05d91f28fe4b_mv2-300x212.jpg 300w, https:\/\/www.corncrakelife.ie\/wp-content\/uploads\/2022\/03\/03611e_629ccc252048440c8a8c05d91f28fe4b_mv2-768x543.jpg 768w, https:\/\/www.corncrakelife.ie\/wp-content\/uploads\/2022\/03\/03611e_629ccc252048440c8a8c05d91f28fe4b_mv2.jpg 1200w\" sizes=\"auto, (max-width: 1024px) 100vw, 1024px\" \/><\/a><\/figure><\/div>\n\n<div class=\"wp-block-media-text alignwide has-media-on-the-right is-stacked-on-mobile\"><div class=\"wp-block-media-text__content\">\n<p>D\u00e9antar abhantrach Mharmair go M\u00edn L\u00e1rach a dh\u00e1ileadh thar roinnt bailte fearainn feadh ch\u00f3sta thiar thuaidh Chontae Dh\u00fan na nGall, lena n-\u00e1ir\u00edtear ceantair an SPA i <em><a rel=\"noreferrer noopener\" href=\"https:\/\/goo.gl\/maps\/bYDhkGo5YGPkzuSk8\" target=\"_blank\">M\u00edn Larach<\/a><\/em>, <em><a rel=\"noreferrer noopener\" href=\"https:\/\/goo.gl\/maps\/hLf6E4eR9x7KToAR9\" target=\"_blank\">Machaire Rabhartaigh <\/a><\/em> , <em>Cill Ulta<\/em>, <em><a rel=\"noreferrer noopener\" href=\"https:\/\/goo.gl\/maps\/6WgDqVDi2it56cf49\" target=\"_blank\">Baile An Easa<\/a><\/em>, <em><a rel=\"noreferrer noopener\" href=\"https:\/\/goo.gl\/maps\/HuwLrtEUc2BrhtSU7\" target=\"_blank\">Droim Na Tine<\/a><\/em> agus <em>Baile Chonaill<\/em>. <\/p>\n\n\n\n<p>Go stairi\u00fail bh\u00ed daonra maith Corncrakes ag Dobharcheantar Cnoc an Mharmair go M\u00edn L\u00e1rach ach t\u00e1 laghd\u00fa tagtha ar an l\u00edon le blianta beaga anuas. Maidir le hiontr\u00e1lacha \u00e9an, t\u00e1 raon ollmh\u00f3r speiceas cosanta agus neamhchoitianta sa l\u00edne ch\u00f3ta lena n-\u00e1ir\u00edtear; Fulmar, Cormorant Shag (Phalacrocorax aristotelis)  [A018] G\u00e9 Barnacle (Branta leucopsis) [A045] Seabhac Gorm (Falco peregrinus) [A103] Kittiwake (Rissa tridactyla) [A188] Guillemot Razorbill (Alca tyrora) [A200] Chough (Pyrrhocorax pyrrhocorax) [A346] G\u00e9 aghaidhe b\u00e1n na Graonlainne (Anser albifrons flavirostris) [A395]<\/p>\n<\/div><figure class=\"wp-block-media-text__media\"><a href=\"https:\/\/www.corncrakelife.ie\/wp-content\/uploads\/2022\/03\/image013.jpg\"><img loading=\"lazy\" decoding=\"async\" width=\"405\" height=\"285\" src=\"https:\/\/www.corncrakelife.ie\/wp-content\/uploads\/2022\/03\/image013.jpg\" alt=\"Total Male Calling Corncrakes - Marblehill to Meenlaragh\" class=\"wp-image-331 size-full\" srcset=\"https:\/\/www.corncrakelife.ie\/wp-content\/uploads\/2022\/03\/image013.jpg 405w, https:\/\/www.corncrakelife.ie\/wp-content\/uploads\/2022\/03\/image013-300x211.jpg 300w\" sizes=\"auto, (max-width: 405px) 100vw, 405px\" \/><\/a><\/figure><\/div>\n\n<p>T\u00e1 sean-phar\u00f3iste Gaeltachta <em>Cloich Cheann Fhaola<\/em>, at\u00e1 anois comhdh\u00e9anta de phar\u00f3ist\u00ed <a href=\"https:\/\/goo.gl\/maps\/fKRWu9nCbuAxGgT59\" target=\"_blank\" rel=\"noreferrer noopener\">G<em>ort A\u2019 Choirce<\/em><\/a> agus <em><a href=\"https:\/\/goo.gl\/maps\/8WqjUQnJiKzDUCx58\" target=\"_blank\" rel=\"noreferrer noopener\">An F\u00e1l Carrach<\/a><\/em>, sa choirn\u00e9al thiar thuaidh d\u2019\u00c9irinn, ag rith \u00f3 Foreland Bloody, \u00f3 thuaidh chomh fada leis an Rye abhainn, ag dul i dtreo <a href=\"https:\/\/goo.gl\/maps\/PXRn7s2zc6vbMjYZA\" target=\"_blank\" rel=\"noreferrer noopener\">Dunfanaghy<\/a>. Ranga\u00edtear an t\u00edrdhreach c\u00f3sta seo mar Limist\u00e9ar Taitneamhachta Ard-S\u00e1rsc\u00e9imhe go h\u00e1irithe laistigh de Phlean Forbartha Contae Dh\u00fan na nGall 2018-2024, toisc go gcoinn\u00edonn s\u00e9 a shaintr\u00e9ithe traidisi\u00fanta tuaithe f\u00f3s. T\u00e1 daonra de thart ar 4000 ann. <\/p>\n\n<p>\u200bIs \u00ed gn\u00edomha\u00edocht talmha\u00edochta is m\u00f3 a bhaineann \u00fas\u00e1id tal\u00fan sa dobharcheantar. T\u00e1 gn\u00edomha\u00edocht eacnama\u00edoch sa cheantar d\u00edrithe go pr\u00edomha ar an turas\u00f3ireacht agus ar an tionscal f\u00e1ilteachais. Mar thoradh ar Bhealach an Atlantaigh Fhi\u00e1in t\u00e1 l\u00edon na gcuairteoir\u00ed m\u00e9adaithe. Go h\u00e1irithe tar \u00e9is v\u00f3t\u00e1il Raboneaigh Dh\u00fan na nGall agus <em>Machaire Rabhartaigh<\/em> mar uimhir a haon ar <a rel=\"noreferrer noopener\" href=\"https:\/\/www.nationalgeographic.co.uk\/travel\/2016\/12\/cool-list-17-2017\" target=\"_blank\">an Liosta Fuar: 17 do 2017 | Geografach N\u00e1isi\u00fanta <\/a>.    I measc na nithe \u00e1iti\u00fala eile t\u00e1 <a rel=\"noreferrer noopener\" href=\"https:\/\/www.tripadvisor.ie\/Attraction_Review-g1937012-d12211101-Reviews-Ray_Church-Falcarragh_County_Donegal.html\" target=\"_blank\">Ray Church,<\/a> <a rel=\"noreferrer noopener\" href=\"https:\/\/www.tripadvisor.ie\/Attraction_Review-g1937012-d17433653-Reviews-Drumnatinny_Beach-Falcarragh_County_Donegal.html\" target=\"_blank\">Tr\u00e1 Drumnatinney,<\/a> agus ionad cuairteoir\u00ed <em><a rel=\"noreferrer noopener\" href=\"https:\/\/www.tripadvisor.ie\/Attraction_Review-g1937012-d2624680-Reviews-Falcarragh_Visitor_Centre-Falcarragh_County_Donegal.html\" target=\"_blank\">An tSean Bhearic<\/a><\/em> .<\/p>\n\n<p>Is r\u00e9igi\u00fan Gaeltachta i nD\u00fan na nGall \u00e9 Falcarragh (<em>An F\u00e1l Carrach<\/em>), baile margaidh i bpar\u00f3iste Chluain \u00c1tha, at\u00e1 suite in Iarthuaisceart Dh\u00fan na nGall ar bhealach an N56, timpeall 45km \u00f3 Leitir Ceanainn. T\u00e1 an ceantar m\u00f3rthimpeall ar an Falcarragh ar cheann de na h\u00e1illeacht n\u00e1d\u00fartha iontach, le Sl\u00e9ibhte Dhoire Bheatha ar thaobh amh\u00e1in agus tr\u00e1nna \u00e1ille gan mhilleadh Dhroim na Finne, B\u00e1 an Bhaile agus Magheroarty ar an taobh eile. T\u00e1 oile\u00e1in Thora\u00ed agus Innisboffin suite d\u00edreach amach \u00f3n gc\u00f3sta. T\u00e1 an t\u00edrdhreach \u00e9ags\u00fail seo oiri\u00fanach do dh\u00edograiseoir\u00ed gn\u00edomha\u00edochta lasmuigh.<br\/>F\u00e9ach ar leathanach <a rel=\"noreferrer noopener\" href=\"http:\/\/www.falcarraghvisitorcentre.com\/activities\" target=\"_blank\">Gn\u00edomha\u00edochta\u00ed <\/a>Ionad Cuairteoir\u00ed Falcarragh le haghaidh roinnt smaointe ar ruda\u00ed le d\u00e9anamh sa ch\u00fainne radhairc seo de Dh\u00fan na nGall.   <\/p>\n\n<p>C\u00e9 go bhfuil surf\u00e1il agus marca\u00edocht ar Dunfanaghy, <a href=\"https:\/\/www.tripadvisor.ie\/Attraction_Review-g212536-d214832-Reviews-The_Workhouse-Dunfanaghy_County_Donegal.html\" target=\"_blank\" rel=\"noreferrer noopener\">m\u00fasaem an t\u00ed oibre<\/a> chomh maith le P\u00e1irc Foraoise iontach \u00e1lainn Ards agus <a href=\"https:\/\/www.tripadvisor.ie\/Attraction_Review-g212536-d5979209-Reviews-Hornhead_Loop-Dunfanaghy_County_Donegal.html\" target=\"_blank\" rel=\"noreferrer noopener\">L\u00fab Horn Head <\/a>. Is d\u00edol sp\u00e9ise do chuairteoir\u00ed \u00e9 <a href=\"https:\/\/www.glenveaghnationalpark.ie\/\" target=\"_blank\" rel=\"noreferrer noopener\">P\u00e1irc N\u00e1isi\u00fanta Glenveagh <\/a> in aice l\u00e1imhe. <\/p>\n\n<p>Is mol tr\u00e1cht\u00e1la \u00e9 Dunfanaghy in iarthuaisceart Dh\u00fan na nGall. Is ceann scr\u00edbe turas\u00f3ireachta \u00e9 a bhfuil go leor \u00e1iseanna ann, lena n-\u00e1ir\u00edtear c\u00farsa gailf, ionad l\u00e9irmh\u00ednithe, agus scoil surf\u00e1la. Is gn\u00edomha\u00edochta\u00ed t\u00e1bhachtacha iad an fheirmeoireacht agus, go pointe n\u00edos l\u00fa, an iascaireacht, sa dobharcheantar.  <\/p>\n\n<p>\u200bLe haghaidh tuilleadh L\u00e9arsc\u00e1ileanna agus Faisn\u00e9is Turas\u00f3ireachta tabhair cuairt ar: <a rel=\"noreferrer noopener\" href=\"http:\/\/www.wildatlanticcamp.ie\/\" target=\"_blank\">www.wildatlanticcamp.ie<\/a><\/p>\n\n<p>Le haghaidh tuilleadh faisn\u00e9ise ar an Limist\u00e9ar Cosanta Speisialta laistigh den dobharcheantar seo, tabhair cuairt ar shu\u00edomh Gr\u00e9as\u00e1in na Seirbh\u00eds\u00ed P\u00e1irceanna N\u00e1isi\u00fanta agus Fiadh\u00falra <a rel=\"noreferrer noopener\" href=\"https:\/\/www.npws.ie\/protected-sites\/spa\/004149\" target=\"_blank\">https:\/\/www.npws.ie\/protected-sites\/spa\/004149<\/a><\/p>\n","protected":false},"excerpt":{"rendered":"<p>Dobharcheantar: 4, t\u00e1 C\u00f3d L\u00e1ithre\u00e1in 004149 san \u00e1ireamh Fiadh\u00falra Go stairi\u00fail bh\u00ed daonra maith Corncrakes ag Dobharcheantar Cnoc an Mharmair go M\u00edn L\u00e1rach ach t\u00e1 laghd\u00fa tagtha ar an l\u00edon le blianta beaga anuas. Maidir le hiontr\u00e1lacha \u00e9an, t\u00e1 raon ollmh\u00f3r speiceas cosanta agus neamhchoitianta sa l\u00edne ch\u00f3ta lena n-\u00e1ir\u00edtear; Fulmar, Cormorant Shag (Phalacrocorax aristotelis) [&hellip;]<\/p>\n","protected":false},"author":1,"featured_media":0,"parent":0,"menu_order":0,"comment_status":"closed","ping_status":"closed","template":"","meta":{"site-sidebar-layout":"no-sidebar","site-content-layout":"","ast-site-content-layout":"default","site-content-style":"default","site-sidebar-style":"default","ast-global-header-display":"","ast-banner-title-visibility":"","ast-main-header-display":"","ast-hfb-above-header-display":"","ast-hfb-below-header-display":"","ast-hfb-mobile-header-display":"","site-post-title":"","ast-breadcrumbs-content":"","ast-featured-img":"","footer-sml-layout":"","ast-disable-related-posts":"","theme-transparent-header-meta":"","adv-header-id-meta":"","stick-header-meta":"","header-above-stick-meta":"","header-main-stick-meta":"","header-below-stick-meta":"","astra-migrate-meta-layouts":"default","ast-page-background-enabled":"default","ast-page-background-meta":{"desktop":{"background-color":"var(--ast-global-color-4)","background-image":"","background-repeat":"repeat","background-position":"center center","background-size":"auto","background-attachment":"scroll","background-type":"","background-media":"","overlay-type":"","overlay-color":"","overlay-opacity":"","overlay-gradient":""},"tablet":{"background-color":"","background-image":"","background-repeat":"repeat","background-position":"center center","background-size":"auto","background-attachment":"scroll","background-type":"","background-media":"","overlay-type":"","overlay-color":"","overlay-opacity":"","overlay-gradient":""},"mobile":{"background-color":"","background-image":"","background-repeat":"repeat","background-position":"center center","background-size":"auto","background-attachment":"scroll","background-type":"","background-media":"","overlay-type":"","overlay-color":"","overlay-opacity":"","overlay-gradient":""}},"ast-content-background-meta":{"desktop":{"background-color":"var(--ast-global-color-5)","background-image":"","background-repeat":"repeat","background-position":"center center","background-size":"auto","background-attachment":"scroll","background-type":"","background-media":"","overlay-type":"","overlay-color":"","overlay-opacity":"","overlay-gradient":""},"tablet":{"background-color":"var(--ast-global-color-5)","background-image":"","background-repeat":"repeat","background-position":"center center","background-size":"auto","background-attachment":"scroll","background-type":"","background-media":"","overlay-type":"","overlay-color":"","overlay-opacity":"","overlay-gradient":""},"mobile":{"background-color":"var(--ast-global-color-5)","background-image":"","background-repeat":"repeat","background-position":"center center","background-size":"auto","background-attachment":"scroll","background-type":"","background-media":"","overlay-type":"","overlay-color":"","overlay-opacity":"","overlay-gradient":""}},"footnotes":""},"class_list":["post-1102","page","type-page","status-publish","hentry"],"yoast_head":"<!-- This site is optimized with the Yoast SEO plugin v27.3 - https:\/\/yoast.com\/product\/yoast-seo-wordpress\/ -->\n<title>Cnoc an Mharmair go M\u00edn L\u00e1rach - Corncrake LIFE<\/title>\n<meta name=\"robots\" content=\"index, follow, max-snippet:-1, max-image-preview:large, max-video-preview:-1\" \/>\n<link rel=\"canonical\" href=\"https:\/\/www.corncrakelife.ie\/ga\/cnoc-an-mharmair-go-min-larach\/\" \/>\n<meta property=\"og:locale\" content=\"ga_IE\" \/>\n<meta property=\"og:type\" content=\"article\" \/>\n<meta property=\"og:title\" content=\"Cnoc an Mharmair go M\u00edn L\u00e1rach - Corncrake LIFE\" \/>\n<meta property=\"og:description\" content=\"Dobharcheantar: 4, t\u00e1 C\u00f3d L\u00e1ithre\u00e1in 004149 san \u00e1ireamh Fiadh\u00falra Go stairi\u00fail bh\u00ed daonra maith Corncrakes ag Dobharcheantar Cnoc an Mharmair go M\u00edn L\u00e1rach ach t\u00e1 laghd\u00fa tagtha ar an l\u00edon le blianta beaga anuas. Maidir le hiontr\u00e1lacha \u00e9an, t\u00e1 raon ollmh\u00f3r speiceas cosanta agus neamhchoitianta sa l\u00edne ch\u00f3ta lena n-\u00e1ir\u00edtear; Fulmar, Cormorant Shag (Phalacrocorax aristotelis) [&hellip;]\" \/>\n<meta property=\"og:url\" content=\"https:\/\/www.corncrakelife.ie\/ga\/cnoc-an-mharmair-go-min-larach\/\" \/>\n<meta property=\"og:site_name\" content=\"Corncrake LIFE\" \/>\n<meta property=\"article:publisher\" content=\"https:\/\/www.facebook.com\/groups\/1110924015998978\" \/>\n<meta property=\"article:modified_time\" content=\"2025-01-10T11:04:35+00:00\" \/>\n<meta property=\"og:image\" content=\"https:\/\/www.corncrakelife.ie\/wp-content\/uploads\/2022\/03\/03611e_629ccc252048440c8a8c05d91f28fe4b_mv2.jpg\" \/>\n\t<meta property=\"og:image:width\" content=\"1200\" \/>\n\t<meta property=\"og:image:height\" content=\"849\" \/>\n\t<meta property=\"og:image:type\" content=\"image\/jpeg\" \/>\n<meta name=\"twitter:card\" content=\"summary_large_image\" \/>\n<meta name=\"twitter:site\" content=\"@CorncrakeLife\" \/>\n<meta name=\"twitter:label1\" content=\"Est. reading time\" \/>\n\t<meta name=\"twitter:data1\" content=\"4 minutes\" \/>\n<script type=\"application\/ld+json\" class=\"yoast-schema-graph\">{\"@context\":\"https:\\\/\\\/schema.org\",\"@graph\":[{\"@type\":\"WebPage\",\"@id\":\"https:\\\/\\\/www.corncrakelife.ie\\\/ga\\\/cnoc-an-mharmair-go-min-larach\\\/\",\"url\":\"https:\\\/\\\/www.corncrakelife.ie\\\/ga\\\/cnoc-an-mharmair-go-min-larach\\\/\",\"name\":\"Cnoc an Mharmair go M\u00edn L\u00e1rach - Corncrake LIFE\",\"isPartOf\":{\"@id\":\"https:\\\/\\\/www.corncrakelife.ie\\\/ga\\\/#website\"},\"primaryImageOfPage\":{\"@id\":\"https:\\\/\\\/www.corncrakelife.ie\\\/ga\\\/cnoc-an-mharmair-go-min-larach\\\/#primaryimage\"},\"image\":{\"@id\":\"https:\\\/\\\/www.corncrakelife.ie\\\/ga\\\/cnoc-an-mharmair-go-min-larach\\\/#primaryimage\"},\"thumbnailUrl\":\"https:\\\/\\\/www.corncrakelife.ie\\\/wp-content\\\/uploads\\\/2022\\\/03\\\/03611e_629ccc252048440c8a8c05d91f28fe4b_mv2-1024x724.jpg\",\"datePublished\":\"2022-03-03T08:59:05+00:00\",\"dateModified\":\"2025-01-10T11:04:35+00:00\",\"breadcrumb\":{\"@id\":\"https:\\\/\\\/www.corncrakelife.ie\\\/ga\\\/cnoc-an-mharmair-go-min-larach\\\/#breadcrumb\"},\"inLanguage\":\"ga-IE\",\"potentialAction\":[{\"@type\":\"ReadAction\",\"target\":[\"https:\\\/\\\/www.corncrakelife.ie\\\/ga\\\/cnoc-an-mharmair-go-min-larach\\\/\"]}]},{\"@type\":\"ImageObject\",\"inLanguage\":\"ga-IE\",\"@id\":\"https:\\\/\\\/www.corncrakelife.ie\\\/ga\\\/cnoc-an-mharmair-go-min-larach\\\/#primaryimage\",\"url\":\"https:\\\/\\\/www.corncrakelife.ie\\\/wp-content\\\/uploads\\\/2022\\\/03\\\/03611e_629ccc252048440c8a8c05d91f28fe4b_mv2-1024x724.jpg\",\"contentUrl\":\"https:\\\/\\\/www.corncrakelife.ie\\\/wp-content\\\/uploads\\\/2022\\\/03\\\/03611e_629ccc252048440c8a8c05d91f28fe4b_mv2-1024x724.jpg\"},{\"@type\":\"BreadcrumbList\",\"@id\":\"https:\\\/\\\/www.corncrakelife.ie\\\/ga\\\/cnoc-an-mharmair-go-min-larach\\\/#breadcrumb\",\"itemListElement\":[{\"@type\":\"ListItem\",\"position\":1,\"name\":\"Home\",\"item\":\"https:\\\/\\\/www.corncrakelife.ie\\\/ga\\\/\"},{\"@type\":\"ListItem\",\"position\":2,\"name\":\"Cnoc an Mharmair go M\u00edn L\u00e1rach\"}]},{\"@type\":\"WebSite\",\"@id\":\"https:\\\/\\\/www.corncrakelife.ie\\\/ga\\\/#website\",\"url\":\"https:\\\/\\\/www.corncrakelife.ie\\\/ga\\\/\",\"name\":\"Corncrake LIFE\",\"description\":\"Corncrake Traonach LIFE\",\"publisher\":{\"@id\":\"https:\\\/\\\/www.corncrakelife.ie\\\/ga\\\/#organization\"},\"potentialAction\":[{\"@type\":\"SearchAction\",\"target\":{\"@type\":\"EntryPoint\",\"urlTemplate\":\"https:\\\/\\\/www.corncrakelife.ie\\\/ga\\\/?s={search_term_string}\"},\"query-input\":{\"@type\":\"PropertyValueSpecification\",\"valueRequired\":true,\"valueName\":\"search_term_string\"}}],\"inLanguage\":\"ga-IE\"},{\"@type\":\"Organization\",\"@id\":\"https:\\\/\\\/www.corncrakelife.ie\\\/ga\\\/#organization\",\"name\":\"Department of Housing, Local Government and Heritage\",\"url\":\"https:\\\/\\\/www.corncrakelife.ie\\\/ga\\\/\",\"logo\":{\"@type\":\"ImageObject\",\"inLanguage\":\"ga-IE\",\"@id\":\"https:\\\/\\\/www.corncrakelife.ie\\\/ga\\\/#\\\/schema\\\/logo\\\/image\\\/\",\"url\":\"https:\\\/\\\/www.corncrakelife.ie\\\/wp-content\\\/uploads\\\/2022\\\/03\\\/Corncrake-Traonach-LIFE-Logo.png\",\"contentUrl\":\"https:\\\/\\\/www.corncrakelife.ie\\\/wp-content\\\/uploads\\\/2022\\\/03\\\/Corncrake-Traonach-LIFE-Logo.png\",\"width\":207,\"height\":100,\"caption\":\"Department of Housing, Local Government and Heritage\"},\"image\":{\"@id\":\"https:\\\/\\\/www.corncrakelife.ie\\\/ga\\\/#\\\/schema\\\/logo\\\/image\\\/\"},\"sameAs\":[\"https:\\\/\\\/www.facebook.com\\\/groups\\\/1110924015998978\",\"https:\\\/\\\/x.com\\\/CorncrakeLife\",\"https:\\\/\\\/www.instagram.com\\\/corncrakelife\\\/\",\"https:\\\/\\\/www.youtube.com\\\/channel\\\/UCJGP2YKBafZ689yVU0Iy_Zw\"]}]}<\/script>\n<!-- \/ Yoast SEO plugin. -->","yoast_head_json":{"title":"Cnoc an Mharmair go M\u00edn L\u00e1rach - Corncrake LIFE","robots":{"index":"index","follow":"follow","max-snippet":"max-snippet:-1","max-image-preview":"max-image-preview:large","max-video-preview":"max-video-preview:-1"},"canonical":"https:\/\/www.corncrakelife.ie\/ga\/cnoc-an-mharmair-go-min-larach\/","og_locale":"ga_IE","og_type":"article","og_title":"Cnoc an Mharmair go M\u00edn L\u00e1rach - Corncrake LIFE","og_description":"Dobharcheantar: 4, t\u00e1 C\u00f3d L\u00e1ithre\u00e1in 004149 san \u00e1ireamh Fiadh\u00falra Go stairi\u00fail bh\u00ed daonra maith Corncrakes ag Dobharcheantar Cnoc an Mharmair go M\u00edn L\u00e1rach ach t\u00e1 laghd\u00fa tagtha ar an l\u00edon le blianta beaga anuas. Maidir le hiontr\u00e1lacha \u00e9an, t\u00e1 raon ollmh\u00f3r speiceas cosanta agus neamhchoitianta sa l\u00edne ch\u00f3ta lena n-\u00e1ir\u00edtear; Fulmar, Cormorant Shag (Phalacrocorax aristotelis) [&hellip;]","og_url":"https:\/\/www.corncrakelife.ie\/ga\/cnoc-an-mharmair-go-min-larach\/","og_site_name":"Corncrake LIFE","article_publisher":"https:\/\/www.facebook.com\/groups\/1110924015998978","article_modified_time":"2025-01-10T11:04:35+00:00","og_image":[{"width":1200,"height":849,"url":"https:\/\/www.corncrakelife.ie\/wp-content\/uploads\/2022\/03\/03611e_629ccc252048440c8a8c05d91f28fe4b_mv2.jpg","type":"image\/jpeg"}],"twitter_card":"summary_large_image","twitter_site":"@CorncrakeLife","twitter_misc":{"Est. reading time":"4 minutes"},"schema":{"@context":"https:\/\/schema.org","@graph":[{"@type":"WebPage","@id":"https:\/\/www.corncrakelife.ie\/ga\/cnoc-an-mharmair-go-min-larach\/","url":"https:\/\/www.corncrakelife.ie\/ga\/cnoc-an-mharmair-go-min-larach\/","name":"Cnoc an Mharmair go M\u00edn L\u00e1rach - Corncrake LIFE","isPartOf":{"@id":"https:\/\/www.corncrakelife.ie\/ga\/#website"},"primaryImageOfPage":{"@id":"https:\/\/www.corncrakelife.ie\/ga\/cnoc-an-mharmair-go-min-larach\/#primaryimage"},"image":{"@id":"https:\/\/www.corncrakelife.ie\/ga\/cnoc-an-mharmair-go-min-larach\/#primaryimage"},"thumbnailUrl":"https:\/\/www.corncrakelife.ie\/wp-content\/uploads\/2022\/03\/03611e_629ccc252048440c8a8c05d91f28fe4b_mv2-1024x724.jpg","datePublished":"2022-03-03T08:59:05+00:00","dateModified":"2025-01-10T11:04:35+00:00","breadcrumb":{"@id":"https:\/\/www.corncrakelife.ie\/ga\/cnoc-an-mharmair-go-min-larach\/#breadcrumb"},"inLanguage":"ga-IE","potentialAction":[{"@type":"ReadAction","target":["https:\/\/www.corncrakelife.ie\/ga\/cnoc-an-mharmair-go-min-larach\/"]}]},{"@type":"ImageObject","inLanguage":"ga-IE","@id":"https:\/\/www.corncrakelife.ie\/ga\/cnoc-an-mharmair-go-min-larach\/#primaryimage","url":"https:\/\/www.corncrakelife.ie\/wp-content\/uploads\/2022\/03\/03611e_629ccc252048440c8a8c05d91f28fe4b_mv2-1024x724.jpg","contentUrl":"https:\/\/www.corncrakelife.ie\/wp-content\/uploads\/2022\/03\/03611e_629ccc252048440c8a8c05d91f28fe4b_mv2-1024x724.jpg"},{"@type":"BreadcrumbList","@id":"https:\/\/www.corncrakelife.ie\/ga\/cnoc-an-mharmair-go-min-larach\/#breadcrumb","itemListElement":[{"@type":"ListItem","position":1,"name":"Home","item":"https:\/\/www.corncrakelife.ie\/ga\/"},{"@type":"ListItem","position":2,"name":"Cnoc an Mharmair go M\u00edn L\u00e1rach"}]},{"@type":"WebSite","@id":"https:\/\/www.corncrakelife.ie\/ga\/#website","url":"https:\/\/www.corncrakelife.ie\/ga\/","name":"Corncrake LIFE","description":"Corncrake Traonach LIFE","publisher":{"@id":"https:\/\/www.corncrakelife.ie\/ga\/#organization"},"potentialAction":[{"@type":"SearchAction","target":{"@type":"EntryPoint","urlTemplate":"https:\/\/www.corncrakelife.ie\/ga\/?s={search_term_string}"},"query-input":{"@type":"PropertyValueSpecification","valueRequired":true,"valueName":"search_term_string"}}],"inLanguage":"ga-IE"},{"@type":"Organization","@id":"https:\/\/www.corncrakelife.ie\/ga\/#organization","name":"Department of Housing, Local Government and Heritage","url":"https:\/\/www.corncrakelife.ie\/ga\/","logo":{"@type":"ImageObject","inLanguage":"ga-IE","@id":"https:\/\/www.corncrakelife.ie\/ga\/#\/schema\/logo\/image\/","url":"https:\/\/www.corncrakelife.ie\/wp-content\/uploads\/2022\/03\/Corncrake-Traonach-LIFE-Logo.png","contentUrl":"https:\/\/www.corncrakelife.ie\/wp-content\/uploads\/2022\/03\/Corncrake-Traonach-LIFE-Logo.png","width":207,"height":100,"caption":"Department of Housing, Local Government and Heritage"},"image":{"@id":"https:\/\/www.corncrakelife.ie\/ga\/#\/schema\/logo\/image\/"},"sameAs":["https:\/\/www.facebook.com\/groups\/1110924015998978","https:\/\/x.com\/CorncrakeLife","https:\/\/www.instagram.com\/corncrakelife\/","https:\/\/www.youtube.com\/channel\/UCJGP2YKBafZ689yVU0Iy_Zw"]}]}},"_links":{"self":[{"href":"https:\/\/www.corncrakelife.ie\/ga\/wp-json\/wp\/v2\/pages\/1102","targetHints":{"allow":["GET"]}}],"collection":[{"href":"https:\/\/www.corncrakelife.ie\/ga\/wp-json\/wp\/v2\/pages"}],"about":[{"href":"https:\/\/www.corncrakelife.ie\/ga\/wp-json\/wp\/v2\/types\/page"}],"author":[{"embeddable":true,"href":"https:\/\/www.corncrakelife.ie\/ga\/wp-json\/wp\/v2\/users\/1"}],"replies":[{"embeddable":true,"href":"https:\/\/www.corncrakelife.ie\/ga\/wp-json\/wp\/v2\/comments?post=1102"}],"version-history":[{"count":12,"href":"https:\/\/www.corncrakelife.ie\/ga\/wp-json\/wp\/v2\/pages\/1102\/revisions"}],"predecessor-version":[{"id":2590,"href":"https:\/\/www.corncrakelife.ie\/ga\/wp-json\/wp\/v2\/pages\/1102\/revisions\/2590"}],"wp:attachment":[{"href":"https:\/\/www.corncrakelife.ie\/ga\/wp-json\/wp\/v2\/media?parent=1102"}],"curies":[{"name":"wp","href":"https:\/\/api.w.org\/{rel}","templated":true}]}}