{"id":1100,"date":"2022-03-03T08:51:37","date_gmt":"2022-03-03T08:51:37","guid":{"rendered":"https:\/\/www.corncrakelife.ie\/cionn-fhanada\/"},"modified":"2025-01-08T15:06:22","modified_gmt":"2025-01-08T15:06:22","slug":"cionn-fhanada","status":"publish","type":"page","link":"https:\/\/www.corncrakelife.ie\/ga\/cionn-fhanada\/","title":{"rendered":"Cionn Fh\u00e1nada"},"content":{"rendered":"\n<div class=\"wp-block-media-text alignwide has-media-on-the-right is-stacked-on-mobile\"><div class=\"wp-block-media-text__content\">\n<h2 class=\"wp-block-heading\">Fiadh\u00falra<\/h2>\n\n\n\n<p>Cuims\u00edonn SPA Cionn Fh\u00e1nada dh\u00e1 limist\u00e9ar f\u00e9arthailte a bhainist\u00edtear go fairsing ar leithinis Fanad Head ar ch\u00f3sta thuaidh Chontae Dh\u00fan na nGall. San \u00e1ireamh ar an l\u00e1ithre\u00e1n t\u00e1 limist\u00e9ar f\u00e9araigh idir Loch Kinny agus Loch Shannagh, agus limist\u00e9ar eile timpeall sr\u00e1idbhaile Doagh Beg ar chladach thiar Loch Swilly \u00f3 dheas \u00f3 Cheann Fanad.  <\/p>\n\n\n\n<p>Is \u00e9 an pr\u00edomh\u00f3g gn\u00e1th\u00f3g f\u00e9arach ach t\u00e1 ceantair bheaga scrobarnach agus bogaigh ann freisin. Is Limist\u00e9ar Cosanta Speisialta (SPA) \u00e9 an l\u00e1ithre\u00e1n faoi Threoir \u00c9an an AE, a bhfuil sp\u00e9is speisialta caomhnaithe aige don an Traonach. <\/p>\n\n\n\n<p>T\u00e1 c\u00f3sta Fh\u00e1nada mar chuid den limist\u00e9ar fairsing um Chosaint Speisialta Ceann Adharc go Fanad. I measc na speiceas \u00e9an suntasach t\u00e1: Fulmar, G\u00e9 Barnacle, Seabhac, Kittiwake, Guillemot, Razorbill, Chough, G\u00e9 aghaidhe b\u00e1n na Graonlainne. Forlu\u00edonn an limist\u00e9ar um Chosaint Speisialta Corncrake le Limist\u00e9ar Caomhnaithe Speisialta Pointe Ballyhoorisky go Cionn Fh\u00e1nada at\u00e1 suntasach do roinnt gn\u00e1th\u00f3g a bhfuil t\u00e1bhacht Eorpach leo.  <\/p>\n<\/div><figure class=\"wp-block-media-text__media\"><a href=\"https:\/\/www.corncrakelife.ie\/wp-content\/uploads\/2022\/03\/03611e_5f7dfd585afd41028ed98e2596d44b41_mv2-1024x724.jpg\"><img loading=\"lazy\" decoding=\"async\" width=\"1024\" height=\"724\" src=\"https:\/\/www.corncrakelife.ie\/wp-content\/uploads\/2022\/03\/03611e_5f7dfd585afd41028ed98e2596d44b41_mv2-1024x724.jpg\" alt=\"Fanad Head Catchment Map\" class=\"wp-image-302 size-full\" srcset=\"https:\/\/www.corncrakelife.ie\/wp-content\/uploads\/2022\/03\/03611e_5f7dfd585afd41028ed98e2596d44b41_mv2-1024x724.jpg 1024w, https:\/\/www.corncrakelife.ie\/wp-content\/uploads\/2022\/03\/03611e_5f7dfd585afd41028ed98e2596d44b41_mv2-300x212.jpg 300w, https:\/\/www.corncrakelife.ie\/wp-content\/uploads\/2022\/03\/03611e_5f7dfd585afd41028ed98e2596d44b41_mv2-768x543.jpg 768w, https:\/\/www.corncrakelife.ie\/wp-content\/uploads\/2022\/03\/03611e_5f7dfd585afd41028ed98e2596d44b41_mv2.jpg 1200w\" sizes=\"auto, (max-width: 1024px) 100vw, 1024px\" \/><\/a><\/figure><\/div>\n\n<div class=\"wp-block-media-text alignwide has-media-on-the-right is-stacked-on-mobile\"><div class=\"wp-block-media-text__content\">\n<p>Meastar go bhfuil 700 duine ina gc\u00f3na\u00ed i Cionn Fh\u00e1nada agus 30% ina gcainteoir\u00ed Gaeilge. Tomhaiseann Ceann Fanad timpeall 12km \u00f3n oirthear go dt\u00ed an iarthar agus t\u00e1 s\u00e9 33 km \u00f3 thuaidh \u00f3 bhaile Leitir Ceanainn i gCo. Dh\u00fan na nGall.  <\/p>\n\n\n\n<p>Is iad na pr\u00edomhghn\u00edomha\u00edochta\u00ed sa r\u00e9imse n\u00edos leithne n\u00e1 feirmeoireacht, iascaireacht agus turas\u00f3ireacht. Rinneadh teach solais Fanad Head a athch\u00f3iri\u00fa agus a oscailt don phobal le d\u00e9ana\u00ed, ag mealladh go leor turas\u00f3ir\u00ed. T\u00e1 Ceann Fanad ar bhealach Bhealach an Atlantaigh Fhi\u00e1in, agus achar gairid \u00f3 thr\u00e1 agus club gailf Portsalon. T\u00e1 roinnt tionscail sa cheantar freisin, le monarcha pr\u00f3ise\u00e1la brad\u00e1n org\u00e1nach i Magheradrumman ag sol\u00e1thar fosta\u00edochta \u00e1iti\u00fala.   <\/p>\n\n\n\n<p>Taca\u00edonn Cionn Fh\u00e1nada le l\u00edon an Traonach a bhfuil t\u00e1bhacht n\u00e1isi\u00fanta leo gach bliain (7 bhfear ag glaoch, me\u00e1n suirbh\u00e9 2014 &#8211; 2018). T\u00e1 s\u00e9 ar cheann den bheag\u00e1n su\u00edomhanna m\u00f3rth\u00edr at\u00e1 f\u00e1gtha a thaca\u00edonn le an Traonach sa r\u00e9igi\u00fan (Co. Dh\u00fan na nGall) agus is minic go bhfuil s\u00e9 ar cheann de na su\u00edomhanna m\u00f3rth\u00edr n\u00edos dl\u00faithe. Thacaigh Cionn Fh\u00e1nada le idir 5 agus 11 \u00e9an gach bliain \u00f3 2014.   <\/p>\n<\/div><figure class=\"wp-block-media-text__media\"><a href=\"https:\/\/www.corncrakelife.ie\/wp-content\/uploads\/2022\/03\/malecallingcrakesfanad.jpg\"><img loading=\"lazy\" decoding=\"async\" width=\"405\" height=\"281\" src=\"https:\/\/www.corncrakelife.ie\/wp-content\/uploads\/2022\/03\/malecallingcrakesfanad.jpg\" alt=\"Total Male Calling Crakes - Fanad\" class=\"wp-image-322 size-full\" srcset=\"https:\/\/www.corncrakelife.ie\/wp-content\/uploads\/2022\/03\/malecallingcrakesfanad.jpg 405w, https:\/\/www.corncrakelife.ie\/wp-content\/uploads\/2022\/03\/malecallingcrakesfanad-300x208.jpg 300w\" sizes=\"auto, (max-width: 405px) 100vw, 405px\" \/><\/a><\/figure><\/div>\n\n<h2 class=\"wp-block-heading\">T\u00edrdhreach<\/h2>\n\n<p>T\u00e1 Leithinis Fh\u00e1nada suite i dtuaisceart Dh\u00fan na nGall agus t\u00e1 cuid de na radharcanna is fearr san iarthuaisceart. T\u00e1 an c\u00farsa gailf ag Portsalon f\u00edor-iontach mar aon leis an mb\u00f3thar a th\u00e9ann thar Sliabh Chnocalla ar Shl\u00ed an Atlantaigh Fhi\u00e1in. <\/p>\n\n<p>\u200bLeithinis iontach \u00e9ags\u00fail \u00e9 Fanad le tr\u00e1nna \u00e1ille agus radharcra iontacha, gheobhaidh t\u00fa c\u00farsa\u00ed gailf, sr\u00e1idbhailte agus bailte tuaithe, foirgnimh agus fothracha stairi\u00fala, sp\u00f3irt mh\u00f3r agus an chuid is fearr i mbia agus deoch.<\/p>\n\n<p>Rochtain ar Cionn Fh\u00e1nada \u00f3 Bh\u00f3thar Ch\u00f3sta Knockalla agus s\u00e1ith an radharcra trasna an inbhear i dtreo Leithinis Inis Eoghain. De r\u00e9ir mar a th\u00e9ann an b\u00f3thar suas, t\u00f3g ceann de na radharcanna is iontach in \u00c9irinn. Admire Portsalon deas agus Cuan iontach Ballymastocker, a v\u00f3t\u00e1ladh roimhe seo mar an dara tr\u00e1 is \u00e1ille ar domhan. T\u00e9igh ag seolt\u00f3ireacht ar a huisc\u00ed soil\u00e9ire criostail, bain triail as l\u00e1thair surf\u00e1la, imir babhta gailf n\u00f3 faigh amach na si\u00fal\u00f3id\u00ed iontacha cois c\u00f3sta.   <\/p>\n\n<p>Aillte miondealaithe, tonnta ag briseadh agus muirdhreacha fairsing; dul isteach i ndomhan de n\u00e1d\u00far amh agus soll\u00falacht s\u00edoch\u00e1nta ag Ceann Fanad. Agus t\u00fa ag taisteal n\u00edos faide \u00f3 thuaidh ar an oile\u00e1n, motha\u00edonn s\u00e9 go bhfuil an tsibhialtacht f\u00e1gtha i bhfad, i bhfad taobh thiar de. T\u00e1 t\u00fa ag dul isteach i ndomhan at\u00e1 ina ch\u00f3na\u00ed agus ag breathe tr\u00edna thalamh agus a mhuirdhreacha &#8230; f\u00e1ilte go leithinis Cionn Fh\u00e1nada i <a rel=\"noreferrer noopener\" href=\"https:\/\/www.ireland.com\/en-gb\/Articles\/destinations\/donegal\/County-Donegal\" target=\"_blank\">gContae Dh\u00fan na nGall <\/a>.  <\/p>\n\n<h2 class=\"wp-block-heading\">Teach Solais<\/h2>\n\n<p>Is furasta an pr\u00edomh-mhealladh ar an leithinis seo a aithint: Teach Solais Fh\u00e1nada, a cumadh mar rud at\u00e1 riachtanach do mharaithe tar \u00e9is trag\u00f3ide breis agus 200 bliain \u00f3 shin. I m\u00ed na Nollag 1811, lorg an friotal Saldanha foscadh \u00f3 stoirm, ag dul i dtreo Fanad agus \u00e9 ag troid go f\u00edochmhar leis an ghaoth agus na tonnta raging. Faraor, n\u00edor tharla an cladach go s\u00e1bh\u00e1ilte riamh, agus briseadh an long amach \u00f3n gc\u00f3sta thuaidh &#8211; parrot na loinge an t-aon duine a th\u00e1inig sl\u00e1n as.  <\/p>\n\n<p>Tar \u00e9is longbhriseadh an HMS Saldanha in uisc\u00ed Loch Swilly i 1811, moladh teach solais do Cheann Fanad. Ba \u00e9 ceann de na hinnealt\u00f3ir\u00ed sibhialta ba mh\u00f3 le r\u00e1 ag an am, George Halpin, a dhear an teach solais agus a lasadh den ch\u00e9ad uair an 17 M\u00e1rta 1817. Thaispe\u00e1in a sholas seasta dearg go farraige agus b\u00e1n i dtreo an Loch, agus bh\u00ed s\u00e9 le feice\u00e1il ar feadh 14 m\u00edle (22 km) i aimsir shoil\u00e9ir.  <\/p>\n\n<p>T\u00e1 s\u00e9 f\u00f3s ann inniu, ina sheasamh ar lom\u00e1n creagach ag cromadh amach chun farraige. T\u00e9igh suas go barr an t\u00ed solais agus glac leat an panorama dochreidte ar Leithinis Fanad &#8211; is f\u00e9idir leat an o\u00edche a chaitheamh sa teach solais f\u00e9in fi\u00fa! <\/p>\n\n<p>V\u00f3t\u00e1ladh Teach Solais Fh\u00e1nada idir Loch id\u00e9alach Swilly agus Cuan Mulroy, ar cheann de na tithe solais is \u00e1ille ar domhan. Agus \u00e9 suite i nGaeltacht Dh\u00fan na nGall (limist\u00e9ar ina labhra\u00edtear Gaeilge) ar chladach thoir Leithinis Fanad gaofar, is beag an t-iontas gur buaicphointe Sl\u00ed an Atlantaigh Fhi\u00e1in \u00e9 an teach solais seo. <\/p>\n\n<p>Le haghaidh tuilleadh faisn\u00e9ise d\u00e9an teagmh\u00e1il le:<\/p>\n\n<p>Su\u00edomh Gr\u00e9as\u00e1in <a href=\"http:\/\/www.fanadlighthouse.com\/\" target=\"_blank\" rel=\"noreferrer noopener\">www.fanadlighthouse.com<\/a><\/p>\n\n<p>Seol r\u00edomhphost chuig <a href=\"mailto:info@fanadlighthouse.com\">info@fanadlighthouse.com<\/a><\/p>\n\n<p>F\u00e9ach n\u00edos m\u00f3: <a rel=\"noreferrer noopener\" href=\"https:\/\/www.greatlighthouses.com\/lighthouses\/fanad-head\/\" target=\"_blank\">https:\/\/www.greatlighthouses.com\/lighthouses\/fanad-head\/<\/a><\/p>\n\n<h2 class=\"wp-block-heading\">Radharc<\/h2>\n\n<p>Chun do thuras Cionn Fh\u00e1nada a theorann\u00fa go dt\u00ed a theach solais, \u00e1fach, dh\u00e9anfa\u00ed neamhaird ar na t\u00edrdhreacha iontacha a d&#8217;eascair as an gconsp\u00f3id gan bhriseadh leis an Aig\u00e9an Atlantach. Cuid den radharcra eipici\u00fail seo is ea an \u00c1irse M\u00f3r, l\u00e1thair iontach f\u00e9achana a fheicfidh as do albam grianghraf Wild Atlantic Way. <\/p>\n\n<p>N\u00ed bh\u00edonn an aimsir go garbh ar feadh an chladaigh, \u00e1fach, mar a thabharfaidh lovers tr\u00e1 fianaise nuair a aims\u00edonn siad Cuan Bhaile Mhic Mhic Giolla, in aice le Portsalon. Nuair a thugtar an spota uimhir a d\u00f3 duit i suirbh\u00e9 ar na tr\u00e1nna is \u00e1ille ar domhan in The Observer, tugann an tr\u00e1 gorm-bhratach seo deis duit do chulaith sn\u00e1mha a thabhairt duit agus dul isteach sna tonnta. <\/p>\n\n<p>In ainneoin an tsibhialtacht a fh\u00e1g\u00e1il taobh thiar de chiorcad de Cionn Fh\u00e1nada, n\u00ed f\u00e9idir dearmad a dh\u00e9anamh ar chompord cr\u00e9at\u00fair riamh. B&#8217;fh\u00e9idir go bhfuil t\u00fa ag dul i ngleic leis na heilimint\u00ed le do chlubanna gailf? Ansin tabhair cuairt ar Chlub Gailf Portsalon, c\u00farsa nasc den scoth a raibh Golf Digest sa 25\u00fa h\u00e1it ina 100 c\u00farsa gailf iontach in \u00c9irinn. Ina dhiaidh sin, tabhair babhla de chowder bia mara duit f\u00e9in i gcos\u00falacht The Pier Restaurant, ag breathn\u00fa amach ar Loch Swilly i Portsalon.   <\/p>\n\n<p>Le haghaidh tuilleadh L\u00e9arsc\u00e1ileanna agus Faisn\u00e9is Turas\u00f3ireachta tabhair cuairt ar: <a rel=\"noreferrer noopener\" href=\"https:\/\/visitfanad.com\/\" target=\"_blank\">https:\/\/visitfanad.com\/<\/a><\/p>\n\n<p>Le haghaidh tuilleadh faisn\u00e9ise ar an Limist\u00e9ar Cosanta Speisialta laistigh den dobharcheantar seo, tabhair cuairt ar shu\u00edomh Gr\u00e9as\u00e1in na Seirbh\u00eds\u00ed P\u00e1irceanna N\u00e1isi\u00fanta agus Fiadh\u00falra <a href=\"https:\/\/www.npws.ie\/protected-sites\/spa\/004148\" target=\"_blank\" rel=\"noreferrer noopener\">https:\/\/www.npws.ie\/protected-sites\/spa\/004148<\/a><\/p>\n","protected":false},"excerpt":{"rendered":"<p>Fiadh\u00falra Cuims\u00edonn SPA Cionn Fh\u00e1nada dh\u00e1 limist\u00e9ar f\u00e9arthailte a bhainist\u00edtear go fairsing ar leithinis Fanad Head ar ch\u00f3sta thuaidh Chontae Dh\u00fan na nGall. San \u00e1ireamh ar an l\u00e1ithre\u00e1n t\u00e1 limist\u00e9ar f\u00e9araigh idir Loch Kinny agus Loch Shannagh, agus limist\u00e9ar eile timpeall sr\u00e1idbhaile Doagh Beg ar chladach thiar Loch Swilly \u00f3 dheas \u00f3 Cheann Fanad. Is [&hellip;]<\/p>\n","protected":false},"author":1,"featured_media":0,"parent":0,"menu_order":0,"comment_status":"closed","ping_status":"closed","template":"","meta":{"site-sidebar-layout":"no-sidebar","site-content-layout":"","ast-site-content-layout":"default","site-content-style":"default","site-sidebar-style":"default","ast-global-header-display":"","ast-banner-title-visibility":"","ast-main-header-display":"","ast-hfb-above-header-display":"","ast-hfb-below-header-display":"","ast-hfb-mobile-header-display":"","site-post-title":"","ast-breadcrumbs-content":"","ast-featured-img":"","footer-sml-layout":"","ast-disable-related-posts":"","theme-transparent-header-meta":"","adv-header-id-meta":"","stick-header-meta":"","header-above-stick-meta":"","header-main-stick-meta":"","header-below-stick-meta":"","astra-migrate-meta-layouts":"default","ast-page-background-enabled":"default","ast-page-background-meta":{"desktop":{"background-color":"var(--ast-global-color-4)","background-image":"","background-repeat":"repeat","background-position":"center center","background-size":"auto","background-attachment":"scroll","background-type":"","background-media":"","overlay-type":"","overlay-color":"","overlay-opacity":"","overlay-gradient":""},"tablet":{"background-color":"","background-image":"","background-repeat":"repeat","background-position":"center center","background-size":"auto","background-attachment":"scroll","background-type":"","background-media":"","overlay-type":"","overlay-color":"","overlay-opacity":"","overlay-gradient":""},"mobile":{"background-color":"","background-image":"","background-repeat":"repeat","background-position":"center center","background-size":"auto","background-attachment":"scroll","background-type":"","background-media":"","overlay-type":"","overlay-color":"","overlay-opacity":"","overlay-gradient":""}},"ast-content-background-meta":{"desktop":{"background-color":"var(--ast-global-color-5)","background-image":"","background-repeat":"repeat","background-position":"center center","background-size":"auto","background-attachment":"scroll","background-type":"","background-media":"","overlay-type":"","overlay-color":"","overlay-opacity":"","overlay-gradient":""},"tablet":{"background-color":"var(--ast-global-color-5)","background-image":"","background-repeat":"repeat","background-position":"center center","background-size":"auto","background-attachment":"scroll","background-type":"","background-media":"","overlay-type":"","overlay-color":"","overlay-opacity":"","overlay-gradient":""},"mobile":{"background-color":"var(--ast-global-color-5)","background-image":"","background-repeat":"repeat","background-position":"center center","background-size":"auto","background-attachment":"scroll","background-type":"","background-media":"","overlay-type":"","overlay-color":"","overlay-opacity":"","overlay-gradient":""}},"footnotes":""},"class_list":["post-1100","page","type-page","status-publish","hentry"],"yoast_head":"<!-- This site is optimized with the Yoast SEO plugin v27.3 - https:\/\/yoast.com\/product\/yoast-seo-wordpress\/ -->\n<title>Cionn Fh\u00e1nada - Corncrake LIFE<\/title>\n<meta name=\"robots\" content=\"index, follow, max-snippet:-1, max-image-preview:large, max-video-preview:-1\" \/>\n<link rel=\"canonical\" href=\"https:\/\/www.corncrakelife.ie\/ga\/cionn-fhanada\/\" \/>\n<meta property=\"og:locale\" content=\"ga_IE\" \/>\n<meta property=\"og:type\" content=\"article\" \/>\n<meta property=\"og:title\" content=\"Cionn Fh\u00e1nada - Corncrake LIFE\" \/>\n<meta property=\"og:description\" content=\"Fiadh\u00falra Cuims\u00edonn SPA Cionn Fh\u00e1nada dh\u00e1 limist\u00e9ar f\u00e9arthailte a bhainist\u00edtear go fairsing ar leithinis Fanad Head ar ch\u00f3sta thuaidh Chontae Dh\u00fan na nGall. San \u00e1ireamh ar an l\u00e1ithre\u00e1n t\u00e1 limist\u00e9ar f\u00e9araigh idir Loch Kinny agus Loch Shannagh, agus limist\u00e9ar eile timpeall sr\u00e1idbhaile Doagh Beg ar chladach thiar Loch Swilly \u00f3 dheas \u00f3 Cheann Fanad. Is [&hellip;]\" \/>\n<meta property=\"og:url\" content=\"https:\/\/www.corncrakelife.ie\/ga\/cionn-fhanada\/\" \/>\n<meta property=\"og:site_name\" content=\"Corncrake LIFE\" \/>\n<meta property=\"article:publisher\" content=\"https:\/\/www.facebook.com\/groups\/1110924015998978\" \/>\n<meta property=\"article:modified_time\" content=\"2025-01-08T15:06:22+00:00\" \/>\n<meta property=\"og:image\" content=\"https:\/\/www.corncrakelife.ie\/wp-content\/uploads\/2022\/03\/03611e_5f7dfd585afd41028ed98e2596d44b41_mv2.jpg\" \/>\n\t<meta property=\"og:image:width\" content=\"1200\" \/>\n\t<meta property=\"og:image:height\" content=\"849\" \/>\n\t<meta property=\"og:image:type\" content=\"image\/jpeg\" \/>\n<meta name=\"twitter:card\" content=\"summary_large_image\" \/>\n<meta name=\"twitter:site\" content=\"@CorncrakeLife\" \/>\n<meta name=\"twitter:label1\" content=\"Est. reading time\" \/>\n\t<meta name=\"twitter:data1\" content=\"6 minutes\" \/>\n<script type=\"application\/ld+json\" class=\"yoast-schema-graph\">{\"@context\":\"https:\\\/\\\/schema.org\",\"@graph\":[{\"@type\":\"WebPage\",\"@id\":\"https:\\\/\\\/www.corncrakelife.ie\\\/ga\\\/cionn-fhanada\\\/\",\"url\":\"https:\\\/\\\/www.corncrakelife.ie\\\/ga\\\/cionn-fhanada\\\/\",\"name\":\"Cionn Fh\u00e1nada - Corncrake LIFE\",\"isPartOf\":{\"@id\":\"https:\\\/\\\/www.corncrakelife.ie\\\/ga\\\/#website\"},\"primaryImageOfPage\":{\"@id\":\"https:\\\/\\\/www.corncrakelife.ie\\\/ga\\\/cionn-fhanada\\\/#primaryimage\"},\"image\":{\"@id\":\"https:\\\/\\\/www.corncrakelife.ie\\\/ga\\\/cionn-fhanada\\\/#primaryimage\"},\"thumbnailUrl\":\"https:\\\/\\\/www.corncrakelife.ie\\\/wp-content\\\/uploads\\\/2022\\\/03\\\/03611e_5f7dfd585afd41028ed98e2596d44b41_mv2-1024x724.jpg\",\"datePublished\":\"2022-03-03T08:51:37+00:00\",\"dateModified\":\"2025-01-08T15:06:22+00:00\",\"breadcrumb\":{\"@id\":\"https:\\\/\\\/www.corncrakelife.ie\\\/ga\\\/cionn-fhanada\\\/#breadcrumb\"},\"inLanguage\":\"ga-IE\",\"potentialAction\":[{\"@type\":\"ReadAction\",\"target\":[\"https:\\\/\\\/www.corncrakelife.ie\\\/ga\\\/cionn-fhanada\\\/\"]}]},{\"@type\":\"ImageObject\",\"inLanguage\":\"ga-IE\",\"@id\":\"https:\\\/\\\/www.corncrakelife.ie\\\/ga\\\/cionn-fhanada\\\/#primaryimage\",\"url\":\"https:\\\/\\\/www.corncrakelife.ie\\\/wp-content\\\/uploads\\\/2022\\\/03\\\/03611e_5f7dfd585afd41028ed98e2596d44b41_mv2-1024x724.jpg\",\"contentUrl\":\"https:\\\/\\\/www.corncrakelife.ie\\\/wp-content\\\/uploads\\\/2022\\\/03\\\/03611e_5f7dfd585afd41028ed98e2596d44b41_mv2-1024x724.jpg\"},{\"@type\":\"BreadcrumbList\",\"@id\":\"https:\\\/\\\/www.corncrakelife.ie\\\/ga\\\/cionn-fhanada\\\/#breadcrumb\",\"itemListElement\":[{\"@type\":\"ListItem\",\"position\":1,\"name\":\"Home\",\"item\":\"https:\\\/\\\/www.corncrakelife.ie\\\/ga\\\/\"},{\"@type\":\"ListItem\",\"position\":2,\"name\":\"Cionn Fh\u00e1nada\"}]},{\"@type\":\"WebSite\",\"@id\":\"https:\\\/\\\/www.corncrakelife.ie\\\/ga\\\/#website\",\"url\":\"https:\\\/\\\/www.corncrakelife.ie\\\/ga\\\/\",\"name\":\"Corncrake LIFE\",\"description\":\"Corncrake Traonach LIFE\",\"publisher\":{\"@id\":\"https:\\\/\\\/www.corncrakelife.ie\\\/ga\\\/#organization\"},\"potentialAction\":[{\"@type\":\"SearchAction\",\"target\":{\"@type\":\"EntryPoint\",\"urlTemplate\":\"https:\\\/\\\/www.corncrakelife.ie\\\/ga\\\/?s={search_term_string}\"},\"query-input\":{\"@type\":\"PropertyValueSpecification\",\"valueRequired\":true,\"valueName\":\"search_term_string\"}}],\"inLanguage\":\"ga-IE\"},{\"@type\":\"Organization\",\"@id\":\"https:\\\/\\\/www.corncrakelife.ie\\\/ga\\\/#organization\",\"name\":\"Department of Housing, Local Government and Heritage\",\"url\":\"https:\\\/\\\/www.corncrakelife.ie\\\/ga\\\/\",\"logo\":{\"@type\":\"ImageObject\",\"inLanguage\":\"ga-IE\",\"@id\":\"https:\\\/\\\/www.corncrakelife.ie\\\/ga\\\/#\\\/schema\\\/logo\\\/image\\\/\",\"url\":\"https:\\\/\\\/www.corncrakelife.ie\\\/wp-content\\\/uploads\\\/2022\\\/03\\\/Corncrake-Traonach-LIFE-Logo.png\",\"contentUrl\":\"https:\\\/\\\/www.corncrakelife.ie\\\/wp-content\\\/uploads\\\/2022\\\/03\\\/Corncrake-Traonach-LIFE-Logo.png\",\"width\":207,\"height\":100,\"caption\":\"Department of Housing, Local Government and Heritage\"},\"image\":{\"@id\":\"https:\\\/\\\/www.corncrakelife.ie\\\/ga\\\/#\\\/schema\\\/logo\\\/image\\\/\"},\"sameAs\":[\"https:\\\/\\\/www.facebook.com\\\/groups\\\/1110924015998978\",\"https:\\\/\\\/x.com\\\/CorncrakeLife\",\"https:\\\/\\\/www.instagram.com\\\/corncrakelife\\\/\",\"https:\\\/\\\/www.youtube.com\\\/channel\\\/UCJGP2YKBafZ689yVU0Iy_Zw\"]}]}<\/script>\n<!-- \/ Yoast SEO plugin. -->","yoast_head_json":{"title":"Cionn Fh\u00e1nada - Corncrake LIFE","robots":{"index":"index","follow":"follow","max-snippet":"max-snippet:-1","max-image-preview":"max-image-preview:large","max-video-preview":"max-video-preview:-1"},"canonical":"https:\/\/www.corncrakelife.ie\/ga\/cionn-fhanada\/","og_locale":"ga_IE","og_type":"article","og_title":"Cionn Fh\u00e1nada - Corncrake LIFE","og_description":"Fiadh\u00falra Cuims\u00edonn SPA Cionn Fh\u00e1nada dh\u00e1 limist\u00e9ar f\u00e9arthailte a bhainist\u00edtear go fairsing ar leithinis Fanad Head ar ch\u00f3sta thuaidh Chontae Dh\u00fan na nGall. San \u00e1ireamh ar an l\u00e1ithre\u00e1n t\u00e1 limist\u00e9ar f\u00e9araigh idir Loch Kinny agus Loch Shannagh, agus limist\u00e9ar eile timpeall sr\u00e1idbhaile Doagh Beg ar chladach thiar Loch Swilly \u00f3 dheas \u00f3 Cheann Fanad. Is [&hellip;]","og_url":"https:\/\/www.corncrakelife.ie\/ga\/cionn-fhanada\/","og_site_name":"Corncrake LIFE","article_publisher":"https:\/\/www.facebook.com\/groups\/1110924015998978","article_modified_time":"2025-01-08T15:06:22+00:00","og_image":[{"width":1200,"height":849,"url":"https:\/\/www.corncrakelife.ie\/wp-content\/uploads\/2022\/03\/03611e_5f7dfd585afd41028ed98e2596d44b41_mv2.jpg","type":"image\/jpeg"}],"twitter_card":"summary_large_image","twitter_site":"@CorncrakeLife","twitter_misc":{"Est. reading time":"6 minutes"},"schema":{"@context":"https:\/\/schema.org","@graph":[{"@type":"WebPage","@id":"https:\/\/www.corncrakelife.ie\/ga\/cionn-fhanada\/","url":"https:\/\/www.corncrakelife.ie\/ga\/cionn-fhanada\/","name":"Cionn Fh\u00e1nada - Corncrake LIFE","isPartOf":{"@id":"https:\/\/www.corncrakelife.ie\/ga\/#website"},"primaryImageOfPage":{"@id":"https:\/\/www.corncrakelife.ie\/ga\/cionn-fhanada\/#primaryimage"},"image":{"@id":"https:\/\/www.corncrakelife.ie\/ga\/cionn-fhanada\/#primaryimage"},"thumbnailUrl":"https:\/\/www.corncrakelife.ie\/wp-content\/uploads\/2022\/03\/03611e_5f7dfd585afd41028ed98e2596d44b41_mv2-1024x724.jpg","datePublished":"2022-03-03T08:51:37+00:00","dateModified":"2025-01-08T15:06:22+00:00","breadcrumb":{"@id":"https:\/\/www.corncrakelife.ie\/ga\/cionn-fhanada\/#breadcrumb"},"inLanguage":"ga-IE","potentialAction":[{"@type":"ReadAction","target":["https:\/\/www.corncrakelife.ie\/ga\/cionn-fhanada\/"]}]},{"@type":"ImageObject","inLanguage":"ga-IE","@id":"https:\/\/www.corncrakelife.ie\/ga\/cionn-fhanada\/#primaryimage","url":"https:\/\/www.corncrakelife.ie\/wp-content\/uploads\/2022\/03\/03611e_5f7dfd585afd41028ed98e2596d44b41_mv2-1024x724.jpg","contentUrl":"https:\/\/www.corncrakelife.ie\/wp-content\/uploads\/2022\/03\/03611e_5f7dfd585afd41028ed98e2596d44b41_mv2-1024x724.jpg"},{"@type":"BreadcrumbList","@id":"https:\/\/www.corncrakelife.ie\/ga\/cionn-fhanada\/#breadcrumb","itemListElement":[{"@type":"ListItem","position":1,"name":"Home","item":"https:\/\/www.corncrakelife.ie\/ga\/"},{"@type":"ListItem","position":2,"name":"Cionn Fh\u00e1nada"}]},{"@type":"WebSite","@id":"https:\/\/www.corncrakelife.ie\/ga\/#website","url":"https:\/\/www.corncrakelife.ie\/ga\/","name":"Corncrake LIFE","description":"Corncrake Traonach LIFE","publisher":{"@id":"https:\/\/www.corncrakelife.ie\/ga\/#organization"},"potentialAction":[{"@type":"SearchAction","target":{"@type":"EntryPoint","urlTemplate":"https:\/\/www.corncrakelife.ie\/ga\/?s={search_term_string}"},"query-input":{"@type":"PropertyValueSpecification","valueRequired":true,"valueName":"search_term_string"}}],"inLanguage":"ga-IE"},{"@type":"Organization","@id":"https:\/\/www.corncrakelife.ie\/ga\/#organization","name":"Department of Housing, Local Government and Heritage","url":"https:\/\/www.corncrakelife.ie\/ga\/","logo":{"@type":"ImageObject","inLanguage":"ga-IE","@id":"https:\/\/www.corncrakelife.ie\/ga\/#\/schema\/logo\/image\/","url":"https:\/\/www.corncrakelife.ie\/wp-content\/uploads\/2022\/03\/Corncrake-Traonach-LIFE-Logo.png","contentUrl":"https:\/\/www.corncrakelife.ie\/wp-content\/uploads\/2022\/03\/Corncrake-Traonach-LIFE-Logo.png","width":207,"height":100,"caption":"Department of Housing, Local Government and Heritage"},"image":{"@id":"https:\/\/www.corncrakelife.ie\/ga\/#\/schema\/logo\/image\/"},"sameAs":["https:\/\/www.facebook.com\/groups\/1110924015998978","https:\/\/x.com\/CorncrakeLife","https:\/\/www.instagram.com\/corncrakelife\/","https:\/\/www.youtube.com\/channel\/UCJGP2YKBafZ689yVU0Iy_Zw"]}]}},"_links":{"self":[{"href":"https:\/\/www.corncrakelife.ie\/ga\/wp-json\/wp\/v2\/pages\/1100","targetHints":{"allow":["GET"]}}],"collection":[{"href":"https:\/\/www.corncrakelife.ie\/ga\/wp-json\/wp\/v2\/pages"}],"about":[{"href":"https:\/\/www.corncrakelife.ie\/ga\/wp-json\/wp\/v2\/types\/page"}],"author":[{"embeddable":true,"href":"https:\/\/www.corncrakelife.ie\/ga\/wp-json\/wp\/v2\/users\/1"}],"replies":[{"embeddable":true,"href":"https:\/\/www.corncrakelife.ie\/ga\/wp-json\/wp\/v2\/comments?post=1100"}],"version-history":[{"count":7,"href":"https:\/\/www.corncrakelife.ie\/ga\/wp-json\/wp\/v2\/pages\/1100\/revisions"}],"predecessor-version":[{"id":2580,"href":"https:\/\/www.corncrakelife.ie\/ga\/wp-json\/wp\/v2\/pages\/1100\/revisions\/2580"}],"wp:attachment":[{"href":"https:\/\/www.corncrakelife.ie\/ga\/wp-json\/wp\/v2\/media?parent=1100"}],"curies":[{"name":"wp","href":"https:\/\/api.w.org\/{rel}","templated":true}]}}