{"id":1098,"date":"2022-03-02T17:54:44","date_gmt":"2022-03-02T17:54:44","guid":{"rendered":"https:\/\/www.corncrakelife.ie\/cionn-mhalanna\/"},"modified":"2024-11-25T16:49:57","modified_gmt":"2024-11-25T16:49:57","slug":"cionn-mhalanna","status":"publish","type":"page","link":"https:\/\/www.corncrakelife.ie\/ga\/cionn-mhalanna\/","title":{"rendered":"Cionn Mh\u00e1lanna"},"content":{"rendered":"\n<div class=\"wp-block-media-text alignwide has-media-on-the-right is-stacked-on-mobile\"><div class=\"wp-block-media-text__content\">\n<p>T\u00e1 Cionn Mh\u00e1lanna suite ar Leithinis Inis Eoghain i gContae Dh\u00fan na nGall, ag an gceann is faide \u00f3 thuaidh d\u2019oile\u00e1n na h\u00c9ireann. Is \u00e9 seo t\u00fas (n\u00f3 deireadh, ag brath ar do dhearcadh) ar <a rel=\"noreferrer noopener\" href=\"https:\/\/www.ireland.com\/Articles\/regions\/wild-atlantic-way\/wild-atlantic-way\" target=\"_blank\">Shl\u00ed an Atlantaigh Fhi\u00e1in <\/a> agus t\u00e1 c\u00e1il air le fada mar gheall ar a radharcra eipici\u00fail c\u00f3sta, a \u00e9anlaith rath\u00fail agus a fhiosracht stairi\u00fail.  T\u00e1 go leor logainmneacha \u00e1iti\u00fala de bhunadh Lochlannach agus \u00c9ireannach sa cheantar timpeall ar Cheann Malin. T\u00e1 st\u00e1isi\u00fan aimsire ar an gceann, at\u00e1 ar cheann de 22 st\u00e1isi\u00fan den s\u00f3rt sin a gcraoltar a dtuairisc\u00ed mar chuid de R\u00e9amhaisn\u00e9is Loingseoireachta an BBC. T\u00e1 t\u00far a t\u00f3gadh i 1805 suite ar Altnadarrow ar a dtugtar cnoc an T\u00fair go h\u00e1iti\u00fail freisin.  <\/p>\n<\/div><figure class=\"wp-block-media-text__media\"><a href=\"https:\/\/www.corncrakelife.ie\/wp-content\/uploads\/2022\/03\/03611e_eef5ede924474cfeadc3c8d919490bfb_mv2-1024x724.jpg\"><img loading=\"lazy\" decoding=\"async\" width=\"1024\" height=\"724\" src=\"https:\/\/www.corncrakelife.ie\/wp-content\/uploads\/2022\/03\/03611e_eef5ede924474cfeadc3c8d919490bfb_mv2-1024x724.jpg\" alt=\"Malin Head Catchment Area Map\" class=\"wp-image-303 size-full\" srcset=\"https:\/\/www.corncrakelife.ie\/wp-content\/uploads\/2022\/03\/03611e_eef5ede924474cfeadc3c8d919490bfb_mv2-1024x724.jpg 1024w, https:\/\/www.corncrakelife.ie\/wp-content\/uploads\/2022\/03\/03611e_eef5ede924474cfeadc3c8d919490bfb_mv2-300x212.jpg 300w, https:\/\/www.corncrakelife.ie\/wp-content\/uploads\/2022\/03\/03611e_eef5ede924474cfeadc3c8d919490bfb_mv2-768x543.jpg 768w, https:\/\/www.corncrakelife.ie\/wp-content\/uploads\/2022\/03\/03611e_eef5ede924474cfeadc3c8d919490bfb_mv2.jpg 1200w\" sizes=\"auto, (max-width: 1024px) 100vw, 1024px\" \/><\/a><\/figure><\/div>\n\n<div class=\"wp-block-media-text alignwide has-media-on-the-right is-stacked-on-mobile\"><div class=\"wp-block-media-text__content\">\n<h2 class=\"wp-block-heading\">Fiadh\u00falra<\/h2>\n\n\n\n<p>T\u00e1 m\u00e9ad\u00fa beag tagtha ar dhaonra na dTraonach i gCeann Malin le blianta beaga anuas. Is minic a chloistear na h\u00e9in timpeall ar Bhaile an Chnoic agus Gortnamullan. Is d\u00fashl\u00e1n iad gaotha na farraige agus n\u00e1d\u00far nochtaithe Cheann Malin maidir le cl\u00fadach a chruth\u00fa do na Corncrakes ach le cabhair agus l\u00e9argas \u00f3 \u00fain\u00e9ir\u00ed tal\u00fan \u00e1iti\u00fala t\u00e1 s\u00fail againn cine\u00e1lacha cumhdaigh a fhorbairt a fhreastala\u00edonn ar riachtanais na n-\u00e9an. Is ceantar le h\u00e1illeacht radhairc iontach \u00e9 Ceann Malin agus aims\u00edonn s\u00e9 a th\u00e1bhacht stairi\u00fail, eola\u00edoch agus \u00e9iceola\u00edoch. Is pointe iontach amhairc \u00e9 chun gluaiseachta\u00ed f\u00f3mhar \u00e9an mara a fheice\u00e1il, mar shampla <a rel=\"noreferrer noopener\" href=\"https:\/\/en.wikipedia.org\/wiki\/Gannet\" target=\"_blank\">hug\u00f3ga<\/a>, <a rel=\"noreferrer noopener\" href=\"https:\/\/en.wikipedia.org\/wiki\/Shearwater\" target=\"_blank\">uisce lomtha<\/a>, <a rel=\"noreferrer noopener\" href=\"https:\/\/en.wikipedia.org\/wiki\/Skua\" target=\"_blank\">skuas<\/a>, <a rel=\"noreferrer noopener\" href=\"https:\/\/en.wikipedia.org\/wiki\/Auk\" target=\"_blank\">ceantanna<\/a> agus eile, ar a n-eitilt\u00ed imirce \u00f3 dheas.     I measc na n-\u00e1iseanna t\u00e1 Albatross Dubh-brow, Feas Petrel agus t\u00e1 go leor \u00e9an mara neamhchoitianta eile taifeadta anseo. Is pointe maith faire \u00e9 seo freisin chun siorcanna Basking agus pod c\u00f3naitheach Deilfeanna le Buid\u00e9al a fheice\u00e1il. <\/p>\n<\/div><figure class=\"wp-block-media-text__media\"><a href=\"https:\/\/www.corncrakelife.ie\/wp-content\/uploads\/2022\/03\/malecallingcorncrakes.png\"><img loading=\"lazy\" decoding=\"async\" width=\"405\" height=\"281\" src=\"https:\/\/www.corncrakelife.ie\/wp-content\/uploads\/2022\/03\/malecallingcorncrakes.png\" alt=\"Male Calling Corncrakes 2016 to 2020\" class=\"wp-image-311 size-full\" srcset=\"https:\/\/www.corncrakelife.ie\/wp-content\/uploads\/2022\/03\/malecallingcorncrakes.png 405w, https:\/\/www.corncrakelife.ie\/wp-content\/uploads\/2022\/03\/malecallingcorncrakes-300x208.png 300w\" sizes=\"auto, (max-width: 405px) 100vw, 405px\" \/><\/a><\/figure><\/div>\n\n<div class=\"wp-block-columns is-layout-flex wp-container-core-columns-is-layout-28f84493 wp-block-columns-is-layout-flex\">\n<div class=\"wp-block-column is-layout-flow wp-block-column-is-layout-flow\">\n<h2 class=\"wp-block-heading\">Gn\u00edomha\u00edochta\u00ed<\/h2>\n\n\n\n<p>T\u00e1 c\u00e1il ar Malin Head mar gheall ar a th\u00edrdhreach dr\u00e1mat\u00fail agus a thr\u00e1nna \u00e1ille. F\u00e9ach cuid de na dumhcha gainimh is m\u00f3 san Eoraip agus t\u00fa ag druidim le Ceann Malin \u00f3n mb\u00f3thar c\u00f3sta, feadh thuaisceart Bh\u00e1 Trawbreaga ag an Lagg. Bain sult as si\u00fal\u00f3id, t\u00e9igh ag iascaireacht, sn\u00e1mh san uisce glioscarnach, t\u00f3g roinnt grianghraf dochreidte n\u00f3 d\u00e9an staid\u00e9ar ar na foirm\u00edochta\u00ed carraige uath\u00fala.  <\/p>\n\n\n\n<p>Tugann ciorcad de Cionn Mh\u00e1lanna t\u00fa timpeall an ch\u00f3sta go dt\u00ed Cor\u00f3in Banba \u00e1it ar \u00fas\u00e1ideadh foirgneamh tr\u00e9igthe ar a dtugtar The Tower, mar st\u00e1isi\u00fan comhartha\u00edochta a nascann Meirice\u00e1 agus an Eoraip. \u00d3 Chor\u00f3in Banba, f\u00e9ach ar <a rel=\"noreferrer noopener\" href=\"https:\/\/inishtrahullbirdobs436659775.wordpress.com\/\" target=\"_blank\">Oile\u00e1n Inishtrahull <\/a> agus a theach solais maorga san oirthuaisceart.  N\u00edos faide soir ar l\u00e1 glan, f\u00e9ach an f\u00e9idir leat Cnoic na hAlban a fheice\u00e1il.<\/p>\n\n\n\n<p>Si\u00fail feadh na n-aillte go Poll Ifrinn, uaimh shuntasach faoin talamh a lu\u00edonn an taoide go l\u00e1idir agus in aice l\u00e1imhe, faigh Droichead an Diabhail, \u00e1irse n\u00e1d\u00fartha picti\u00fartha.<\/p>\n\n\n\n<h2 class=\"wp-block-heading\">Stair<\/h2>\n\n\n\n<p>\u00c1it iontach le tos\u00fa ag ini\u00fachadh Malin Head is ea barr an cheann t\u00edre ina bhfaighidh t\u00fa Cor\u00f3in Banba (ainmnithe i ndiaidh bandia miotasach na h\u00c9ireann). Th\u00f3g Aimir\u00e9alacht na Breataine &#8220;An T\u00far&#8221;, mar a thugtar air go h\u00e1iti\u00fail, i 1805 mar chuid de shraith foirgneamh timpeall ch\u00f3sta na h\u00c9ireann chun cosaint a dh\u00e9anamh ar ionradh f\u00e9ideartha \u00f3n bhFrainc. <\/p>\n\n\n\n<p>N\u00edos measartha t\u00e1 na poist faire in aice an Dara Cogadh Domhanda. Bh\u00ed Ceann Malin ar cheann de 83 ionad c\u00f3sta a \u00fas\u00e1ideadh chun picti\u00far a shol\u00e1thar d\u2019imeachta\u00ed aimsir an chogaidh feadh ch\u00f3sta na h\u00c9ireann. Bh\u00ed neart le tuairisci\u00fa ag lucht faire an ch\u00f3sta anseo go luath sa chogadh agus ionsa\u00ed \u00e1 dh\u00e9anamh ag U-bh\u00e1id na Gearm\u00e1ine ar chonair\u00ed sa chomharsanacht.  <\/p>\n\n\n\n<p><strong>Le haghaidh tuilleadh L\u00e9arsc\u00e1ileanna agus Faisn\u00e9is Turas\u00f3ireachta tabhair cuairt ar: <a rel=\"noreferrer noopener\" href=\"https:\/\/www.malinheadcommunity.ie\/tourist-information\/\" target=\"_blank\">Eolas Turas\u00f3ireachta Pobail Chionn Mh\u00e1lanna<\/a><\/strong><\/p>\n<\/div>\n\n\n\n<div class=\"wp-block-column is-vertically-aligned-bottom is-layout-flow wp-block-column-is-layout-flow\">\n<p class=\"has-ast-global-color-0-color has-text-color\">Le haghaidh tuilleadh faisn\u00e9ise ar R\u00e9imse Caomhnaithe Speisialta Malin Head, tabhair cuairt ar shu\u00edomh Gr\u00e9as\u00e1in na Seirbh\u00eds\u00ed P\u00e1irceanna N\u00e1isi\u00fanta agus Fiadh\u00falra <a rel=\"noreferrer noopener\" href=\"https:\/\/www.npws.ie\/protected-sites\/spa\/004146\" target=\"_blank\">https:\/\/www.npws.ie\/protected-sites\/spa\/004146<\/a><\/p>\n<\/div>\n<\/div>\n\n<p><\/p>\n","protected":false},"excerpt":{"rendered":"<p>T\u00e1 Cionn Mh\u00e1lanna suite ar Leithinis Inis Eoghain i gContae Dh\u00fan na nGall, ag an gceann is faide \u00f3 thuaidh d\u2019oile\u00e1n na h\u00c9ireann. Is \u00e9 seo t\u00fas (n\u00f3 deireadh, ag brath ar do dhearcadh) ar Shl\u00ed an Atlantaigh Fhi\u00e1in agus t\u00e1 c\u00e1il air le fada mar gheall ar a radharcra eipici\u00fail c\u00f3sta, a \u00e9anlaith rath\u00fail [&hellip;]<\/p>\n","protected":false},"author":1,"featured_media":0,"parent":0,"menu_order":0,"comment_status":"closed","ping_status":"closed","template":"","meta":{"site-sidebar-layout":"no-sidebar","site-content-layout":"","ast-site-content-layout":"default","site-content-style":"default","site-sidebar-style":"default","ast-global-header-display":"","ast-banner-title-visibility":"","ast-main-header-display":"","ast-hfb-above-header-display":"","ast-hfb-below-header-display":"","ast-hfb-mobile-header-display":"","site-post-title":"","ast-breadcrumbs-content":"","ast-featured-img":"","footer-sml-layout":"","ast-disable-related-posts":"","theme-transparent-header-meta":"","adv-header-id-meta":"","stick-header-meta":"","header-above-stick-meta":"","header-main-stick-meta":"","header-below-stick-meta":"","astra-migrate-meta-layouts":"default","ast-page-background-enabled":"default","ast-page-background-meta":{"desktop":{"background-color":"var(--ast-global-color-4)","background-image":"","background-repeat":"repeat","background-position":"center center","background-size":"auto","background-attachment":"scroll","background-type":"","background-media":"","overlay-type":"","overlay-color":"","overlay-opacity":"","overlay-gradient":""},"tablet":{"background-color":"","background-image":"","background-repeat":"repeat","background-position":"center center","background-size":"auto","background-attachment":"scroll","background-type":"","background-media":"","overlay-type":"","overlay-color":"","overlay-opacity":"","overlay-gradient":""},"mobile":{"background-color":"","background-image":"","background-repeat":"repeat","background-position":"center center","background-size":"auto","background-attachment":"scroll","background-type":"","background-media":"","overlay-type":"","overlay-color":"","overlay-opacity":"","overlay-gradient":""}},"ast-content-background-meta":{"desktop":{"background-color":"var(--ast-global-color-5)","background-image":"","background-repeat":"repeat","background-position":"center center","background-size":"auto","background-attachment":"scroll","background-type":"","background-media":"","overlay-type":"","overlay-color":"","overlay-opacity":"","overlay-gradient":""},"tablet":{"background-color":"var(--ast-global-color-5)","background-image":"","background-repeat":"repeat","background-position":"center center","background-size":"auto","background-attachment":"scroll","background-type":"","background-media":"","overlay-type":"","overlay-color":"","overlay-opacity":"","overlay-gradient":""},"mobile":{"background-color":"var(--ast-global-color-5)","background-image":"","background-repeat":"repeat","background-position":"center center","background-size":"auto","background-attachment":"scroll","background-type":"","background-media":"","overlay-type":"","overlay-color":"","overlay-opacity":"","overlay-gradient":""}},"footnotes":""},"class_list":["post-1098","page","type-page","status-publish","hentry"],"yoast_head":"<!-- This site is optimized with the Yoast SEO plugin v27.3 - https:\/\/yoast.com\/product\/yoast-seo-wordpress\/ -->\n<title>Cionn Mh\u00e1lanna - Corncrake LIFE<\/title>\n<meta name=\"robots\" content=\"index, follow, max-snippet:-1, max-image-preview:large, max-video-preview:-1\" \/>\n<link rel=\"canonical\" href=\"https:\/\/www.corncrakelife.ie\/ga\/cionn-mhalanna\/\" \/>\n<meta property=\"og:locale\" content=\"ga_IE\" \/>\n<meta property=\"og:type\" content=\"article\" \/>\n<meta property=\"og:title\" content=\"Cionn Mh\u00e1lanna - Corncrake LIFE\" \/>\n<meta property=\"og:description\" content=\"T\u00e1 Cionn Mh\u00e1lanna suite ar Leithinis Inis Eoghain i gContae Dh\u00fan na nGall, ag an gceann is faide \u00f3 thuaidh d\u2019oile\u00e1n na h\u00c9ireann. Is \u00e9 seo t\u00fas (n\u00f3 deireadh, ag brath ar do dhearcadh) ar Shl\u00ed an Atlantaigh Fhi\u00e1in agus t\u00e1 c\u00e1il air le fada mar gheall ar a radharcra eipici\u00fail c\u00f3sta, a \u00e9anlaith rath\u00fail [&hellip;]\" \/>\n<meta property=\"og:url\" content=\"https:\/\/www.corncrakelife.ie\/ga\/cionn-mhalanna\/\" \/>\n<meta property=\"og:site_name\" content=\"Corncrake LIFE\" \/>\n<meta property=\"article:publisher\" content=\"https:\/\/www.facebook.com\/groups\/1110924015998978\" \/>\n<meta property=\"article:modified_time\" content=\"2024-11-25T16:49:57+00:00\" \/>\n<meta property=\"og:image\" content=\"https:\/\/www.corncrakelife.ie\/wp-content\/uploads\/2022\/03\/03611e_eef5ede924474cfeadc3c8d919490bfb_mv2.jpg\" \/>\n\t<meta property=\"og:image:width\" content=\"1200\" \/>\n\t<meta property=\"og:image:height\" content=\"849\" \/>\n\t<meta property=\"og:image:type\" content=\"image\/jpeg\" \/>\n<meta name=\"twitter:card\" content=\"summary_large_image\" \/>\n<meta name=\"twitter:site\" content=\"@CorncrakeLife\" \/>\n<meta name=\"twitter:label1\" content=\"Est. reading time\" \/>\n\t<meta name=\"twitter:data1\" content=\"4 minutes\" \/>\n<script type=\"application\/ld+json\" class=\"yoast-schema-graph\">{\"@context\":\"https:\\\/\\\/schema.org\",\"@graph\":[{\"@type\":\"WebPage\",\"@id\":\"https:\\\/\\\/www.corncrakelife.ie\\\/ga\\\/cionn-mhalanna\\\/\",\"url\":\"https:\\\/\\\/www.corncrakelife.ie\\\/ga\\\/cionn-mhalanna\\\/\",\"name\":\"Cionn Mh\u00e1lanna - Corncrake LIFE\",\"isPartOf\":{\"@id\":\"https:\\\/\\\/www.corncrakelife.ie\\\/ga\\\/#website\"},\"primaryImageOfPage\":{\"@id\":\"https:\\\/\\\/www.corncrakelife.ie\\\/ga\\\/cionn-mhalanna\\\/#primaryimage\"},\"image\":{\"@id\":\"https:\\\/\\\/www.corncrakelife.ie\\\/ga\\\/cionn-mhalanna\\\/#primaryimage\"},\"thumbnailUrl\":\"https:\\\/\\\/www.corncrakelife.ie\\\/wp-content\\\/uploads\\\/2022\\\/03\\\/03611e_eef5ede924474cfeadc3c8d919490bfb_mv2-1024x724.jpg\",\"datePublished\":\"2022-03-02T17:54:44+00:00\",\"dateModified\":\"2024-11-25T16:49:57+00:00\",\"breadcrumb\":{\"@id\":\"https:\\\/\\\/www.corncrakelife.ie\\\/ga\\\/cionn-mhalanna\\\/#breadcrumb\"},\"inLanguage\":\"ga-IE\",\"potentialAction\":[{\"@type\":\"ReadAction\",\"target\":[\"https:\\\/\\\/www.corncrakelife.ie\\\/ga\\\/cionn-mhalanna\\\/\"]}]},{\"@type\":\"ImageObject\",\"inLanguage\":\"ga-IE\",\"@id\":\"https:\\\/\\\/www.corncrakelife.ie\\\/ga\\\/cionn-mhalanna\\\/#primaryimage\",\"url\":\"https:\\\/\\\/www.corncrakelife.ie\\\/wp-content\\\/uploads\\\/2022\\\/03\\\/03611e_eef5ede924474cfeadc3c8d919490bfb_mv2-1024x724.jpg\",\"contentUrl\":\"https:\\\/\\\/www.corncrakelife.ie\\\/wp-content\\\/uploads\\\/2022\\\/03\\\/03611e_eef5ede924474cfeadc3c8d919490bfb_mv2-1024x724.jpg\"},{\"@type\":\"BreadcrumbList\",\"@id\":\"https:\\\/\\\/www.corncrakelife.ie\\\/ga\\\/cionn-mhalanna\\\/#breadcrumb\",\"itemListElement\":[{\"@type\":\"ListItem\",\"position\":1,\"name\":\"Home\",\"item\":\"https:\\\/\\\/www.corncrakelife.ie\\\/ga\\\/\"},{\"@type\":\"ListItem\",\"position\":2,\"name\":\"Cionn Mh\u00e1lanna\"}]},{\"@type\":\"WebSite\",\"@id\":\"https:\\\/\\\/www.corncrakelife.ie\\\/ga\\\/#website\",\"url\":\"https:\\\/\\\/www.corncrakelife.ie\\\/ga\\\/\",\"name\":\"Corncrake LIFE\",\"description\":\"Corncrake Traonach LIFE\",\"publisher\":{\"@id\":\"https:\\\/\\\/www.corncrakelife.ie\\\/ga\\\/#organization\"},\"potentialAction\":[{\"@type\":\"SearchAction\",\"target\":{\"@type\":\"EntryPoint\",\"urlTemplate\":\"https:\\\/\\\/www.corncrakelife.ie\\\/ga\\\/?s={search_term_string}\"},\"query-input\":{\"@type\":\"PropertyValueSpecification\",\"valueRequired\":true,\"valueName\":\"search_term_string\"}}],\"inLanguage\":\"ga-IE\"},{\"@type\":\"Organization\",\"@id\":\"https:\\\/\\\/www.corncrakelife.ie\\\/ga\\\/#organization\",\"name\":\"Department of Housing, Local Government and Heritage\",\"url\":\"https:\\\/\\\/www.corncrakelife.ie\\\/ga\\\/\",\"logo\":{\"@type\":\"ImageObject\",\"inLanguage\":\"ga-IE\",\"@id\":\"https:\\\/\\\/www.corncrakelife.ie\\\/ga\\\/#\\\/schema\\\/logo\\\/image\\\/\",\"url\":\"https:\\\/\\\/www.corncrakelife.ie\\\/wp-content\\\/uploads\\\/2022\\\/03\\\/Corncrake-Traonach-LIFE-Logo.png\",\"contentUrl\":\"https:\\\/\\\/www.corncrakelife.ie\\\/wp-content\\\/uploads\\\/2022\\\/03\\\/Corncrake-Traonach-LIFE-Logo.png\",\"width\":207,\"height\":100,\"caption\":\"Department of Housing, Local Government and Heritage\"},\"image\":{\"@id\":\"https:\\\/\\\/www.corncrakelife.ie\\\/ga\\\/#\\\/schema\\\/logo\\\/image\\\/\"},\"sameAs\":[\"https:\\\/\\\/www.facebook.com\\\/groups\\\/1110924015998978\",\"https:\\\/\\\/x.com\\\/CorncrakeLife\",\"https:\\\/\\\/www.instagram.com\\\/corncrakelife\\\/\",\"https:\\\/\\\/www.youtube.com\\\/channel\\\/UCJGP2YKBafZ689yVU0Iy_Zw\"]}]}<\/script>\n<!-- \/ Yoast SEO plugin. -->","yoast_head_json":{"title":"Cionn Mh\u00e1lanna - Corncrake LIFE","robots":{"index":"index","follow":"follow","max-snippet":"max-snippet:-1","max-image-preview":"max-image-preview:large","max-video-preview":"max-video-preview:-1"},"canonical":"https:\/\/www.corncrakelife.ie\/ga\/cionn-mhalanna\/","og_locale":"ga_IE","og_type":"article","og_title":"Cionn Mh\u00e1lanna - Corncrake LIFE","og_description":"T\u00e1 Cionn Mh\u00e1lanna suite ar Leithinis Inis Eoghain i gContae Dh\u00fan na nGall, ag an gceann is faide \u00f3 thuaidh d\u2019oile\u00e1n na h\u00c9ireann. Is \u00e9 seo t\u00fas (n\u00f3 deireadh, ag brath ar do dhearcadh) ar Shl\u00ed an Atlantaigh Fhi\u00e1in agus t\u00e1 c\u00e1il air le fada mar gheall ar a radharcra eipici\u00fail c\u00f3sta, a \u00e9anlaith rath\u00fail [&hellip;]","og_url":"https:\/\/www.corncrakelife.ie\/ga\/cionn-mhalanna\/","og_site_name":"Corncrake LIFE","article_publisher":"https:\/\/www.facebook.com\/groups\/1110924015998978","article_modified_time":"2024-11-25T16:49:57+00:00","og_image":[{"width":1200,"height":849,"url":"https:\/\/www.corncrakelife.ie\/wp-content\/uploads\/2022\/03\/03611e_eef5ede924474cfeadc3c8d919490bfb_mv2.jpg","type":"image\/jpeg"}],"twitter_card":"summary_large_image","twitter_site":"@CorncrakeLife","twitter_misc":{"Est. reading time":"4 minutes"},"schema":{"@context":"https:\/\/schema.org","@graph":[{"@type":"WebPage","@id":"https:\/\/www.corncrakelife.ie\/ga\/cionn-mhalanna\/","url":"https:\/\/www.corncrakelife.ie\/ga\/cionn-mhalanna\/","name":"Cionn Mh\u00e1lanna - Corncrake LIFE","isPartOf":{"@id":"https:\/\/www.corncrakelife.ie\/ga\/#website"},"primaryImageOfPage":{"@id":"https:\/\/www.corncrakelife.ie\/ga\/cionn-mhalanna\/#primaryimage"},"image":{"@id":"https:\/\/www.corncrakelife.ie\/ga\/cionn-mhalanna\/#primaryimage"},"thumbnailUrl":"https:\/\/www.corncrakelife.ie\/wp-content\/uploads\/2022\/03\/03611e_eef5ede924474cfeadc3c8d919490bfb_mv2-1024x724.jpg","datePublished":"2022-03-02T17:54:44+00:00","dateModified":"2024-11-25T16:49:57+00:00","breadcrumb":{"@id":"https:\/\/www.corncrakelife.ie\/ga\/cionn-mhalanna\/#breadcrumb"},"inLanguage":"ga-IE","potentialAction":[{"@type":"ReadAction","target":["https:\/\/www.corncrakelife.ie\/ga\/cionn-mhalanna\/"]}]},{"@type":"ImageObject","inLanguage":"ga-IE","@id":"https:\/\/www.corncrakelife.ie\/ga\/cionn-mhalanna\/#primaryimage","url":"https:\/\/www.corncrakelife.ie\/wp-content\/uploads\/2022\/03\/03611e_eef5ede924474cfeadc3c8d919490bfb_mv2-1024x724.jpg","contentUrl":"https:\/\/www.corncrakelife.ie\/wp-content\/uploads\/2022\/03\/03611e_eef5ede924474cfeadc3c8d919490bfb_mv2-1024x724.jpg"},{"@type":"BreadcrumbList","@id":"https:\/\/www.corncrakelife.ie\/ga\/cionn-mhalanna\/#breadcrumb","itemListElement":[{"@type":"ListItem","position":1,"name":"Home","item":"https:\/\/www.corncrakelife.ie\/ga\/"},{"@type":"ListItem","position":2,"name":"Cionn Mh\u00e1lanna"}]},{"@type":"WebSite","@id":"https:\/\/www.corncrakelife.ie\/ga\/#website","url":"https:\/\/www.corncrakelife.ie\/ga\/","name":"Corncrake LIFE","description":"Corncrake Traonach LIFE","publisher":{"@id":"https:\/\/www.corncrakelife.ie\/ga\/#organization"},"potentialAction":[{"@type":"SearchAction","target":{"@type":"EntryPoint","urlTemplate":"https:\/\/www.corncrakelife.ie\/ga\/?s={search_term_string}"},"query-input":{"@type":"PropertyValueSpecification","valueRequired":true,"valueName":"search_term_string"}}],"inLanguage":"ga-IE"},{"@type":"Organization","@id":"https:\/\/www.corncrakelife.ie\/ga\/#organization","name":"Department of Housing, Local Government and Heritage","url":"https:\/\/www.corncrakelife.ie\/ga\/","logo":{"@type":"ImageObject","inLanguage":"ga-IE","@id":"https:\/\/www.corncrakelife.ie\/ga\/#\/schema\/logo\/image\/","url":"https:\/\/www.corncrakelife.ie\/wp-content\/uploads\/2022\/03\/Corncrake-Traonach-LIFE-Logo.png","contentUrl":"https:\/\/www.corncrakelife.ie\/wp-content\/uploads\/2022\/03\/Corncrake-Traonach-LIFE-Logo.png","width":207,"height":100,"caption":"Department of Housing, Local Government and Heritage"},"image":{"@id":"https:\/\/www.corncrakelife.ie\/ga\/#\/schema\/logo\/image\/"},"sameAs":["https:\/\/www.facebook.com\/groups\/1110924015998978","https:\/\/x.com\/CorncrakeLife","https:\/\/www.instagram.com\/corncrakelife\/","https:\/\/www.youtube.com\/channel\/UCJGP2YKBafZ689yVU0Iy_Zw"]}]}},"_links":{"self":[{"href":"https:\/\/www.corncrakelife.ie\/ga\/wp-json\/wp\/v2\/pages\/1098","targetHints":{"allow":["GET"]}}],"collection":[{"href":"https:\/\/www.corncrakelife.ie\/ga\/wp-json\/wp\/v2\/pages"}],"about":[{"href":"https:\/\/www.corncrakelife.ie\/ga\/wp-json\/wp\/v2\/types\/page"}],"author":[{"embeddable":true,"href":"https:\/\/www.corncrakelife.ie\/ga\/wp-json\/wp\/v2\/users\/1"}],"replies":[{"embeddable":true,"href":"https:\/\/www.corncrakelife.ie\/ga\/wp-json\/wp\/v2\/comments?post=1098"}],"version-history":[{"count":11,"href":"https:\/\/www.corncrakelife.ie\/ga\/wp-json\/wp\/v2\/pages\/1098\/revisions"}],"predecessor-version":[{"id":2550,"href":"https:\/\/www.corncrakelife.ie\/ga\/wp-json\/wp\/v2\/pages\/1098\/revisions\/2550"}],"wp:attachment":[{"href":"https:\/\/www.corncrakelife.ie\/ga\/wp-json\/wp\/v2\/media?parent=1098"}],"curies":[{"name":"wp","href":"https:\/\/api.w.org\/{rel}","templated":true}]}}