{"id":1074,"date":"2022-03-01T16:16:00","date_gmt":"2022-03-01T16:16:00","guid":{"rendered":"https:\/\/www.corncrakelife.ie\/eiceolaiocht-an-traonaigh\/"},"modified":"2024-06-04T14:33:19","modified_gmt":"2024-06-04T13:33:19","slug":"eiceolaiocht-an-traonaigh","status":"publish","type":"page","link":"https:\/\/www.corncrakelife.ie\/ga\/eiceolaiocht-an-traonaigh\/","title":{"rendered":"\u00c9iceola\u00edocht an Traonaigh"},"content":{"rendered":"\n<div class=\"wp-block-columns is-layout-flex wp-container-core-columns-is-layout-28f84493 wp-block-columns-is-layout-flex\">\n<div class=\"wp-block-column is-layout-flow wp-block-column-is-layout-flow\" style=\"flex-basis:30%\">\n<figure class=\"wp-block-image size-full\"><a href=\"https:\/\/www.corncrakelife.ie\/wp-content\/uploads\/2022\/03\/03611e_9711342e87c746f6a8d0e4f0659d96b0_mv2.jpg\"><img loading=\"lazy\" decoding=\"async\" width=\"505\" height=\"758\" src=\"https:\/\/www.corncrakelife.ie\/wp-content\/uploads\/2022\/03\/03611e_9711342e87c746f6a8d0e4f0659d96b0_mv2.jpg\" alt=\"Traonaigh\" class=\"wp-image-18\" srcset=\"https:\/\/www.corncrakelife.ie\/wp-content\/uploads\/2022\/03\/03611e_9711342e87c746f6a8d0e4f0659d96b0_mv2.jpg 505w, https:\/\/www.corncrakelife.ie\/wp-content\/uploads\/2022\/03\/03611e_9711342e87c746f6a8d0e4f0659d96b0_mv2-200x300.jpg 200w\" sizes=\"auto, (max-width: 505px) 100vw, 505px\" \/><\/a><\/figure>\n\n\n\n<div style=\"height:20px\" aria-hidden=\"true\" class=\"wp-block-spacer\"><\/div>\n\n\n\n<figure class=\"wp-block-gallery has-nested-images columns-1 is-cropped wp-block-gallery-1 is-layout-flex wp-block-gallery-is-layout-flex\">\n<figure class=\"wp-block-image size-medium\"><a href=\"https:\/\/www.corncrakelife.ie\/wp-content\/uploads\/2022\/03\/03611e_5e8a328c2ddf48889ef9add2bc7a39f9_mv2-300x169.jpg\"><img loading=\"lazy\" decoding=\"async\" width=\"300\" height=\"169\" data-id=\"21\" src=\"https:\/\/www.corncrakelife.ie\/wp-content\/uploads\/2022\/03\/03611e_5e8a328c2ddf48889ef9add2bc7a39f9_mv2-300x169.jpg\" alt=\"Neant&#xF3;ga&#10;\" class=\"wp-image-21\" srcset=\"https:\/\/www.corncrakelife.ie\/wp-content\/uploads\/2022\/03\/03611e_5e8a328c2ddf48889ef9add2bc7a39f9_mv2-300x169.jpg 300w, https:\/\/www.corncrakelife.ie\/wp-content\/uploads\/2022\/03\/03611e_5e8a328c2ddf48889ef9add2bc7a39f9_mv2-1024x576.jpg 1024w, https:\/\/www.corncrakelife.ie\/wp-content\/uploads\/2022\/03\/03611e_5e8a328c2ddf48889ef9add2bc7a39f9_mv2-768x432.jpg 768w, https:\/\/www.corncrakelife.ie\/wp-content\/uploads\/2022\/03\/03611e_5e8a328c2ddf48889ef9add2bc7a39f9_mv2.jpg 1348w\" sizes=\"auto, (max-width: 300px) 100vw, 300px\" \/><\/a><figcaption>Neant\u00f3ga<\/figcaption><\/figure>\n\n\n\n<figure class=\"wp-block-image size-large\"><a href=\"https:\/\/www.corncrakelife.ie\/wp-content\/uploads\/2022\/03\/03611e_014388252c6344dba3d1eebd763ce4e7_mv2.png\"><img loading=\"lazy\" decoding=\"async\" width=\"615\" height=\"425\" data-id=\"22\" src=\"https:\/\/www.corncrakelife.ie\/wp-content\/uploads\/2022\/03\/03611e_014388252c6344dba3d1eebd763ce4e7_mv2.png\" alt=\"Iris na Bratach\" class=\"wp-image-22\" srcset=\"https:\/\/www.corncrakelife.ie\/wp-content\/uploads\/2022\/03\/03611e_014388252c6344dba3d1eebd763ce4e7_mv2.png 615w, https:\/\/www.corncrakelife.ie\/wp-content\/uploads\/2022\/03\/03611e_014388252c6344dba3d1eebd763ce4e7_mv2-300x207.png 300w\" sizes=\"auto, (max-width: 615px) 100vw, 615px\" \/><\/a><figcaption>Iris na Bratach<\/figcaption><\/figure>\n\n\n\n<figure class=\"wp-block-image size-large\"><a href=\"https:\/\/www.corncrakelife.ie\/wp-content\/uploads\/2022\/03\/03611e_78d924ba8e4a41a880d6756836cd23bf_mv2.png\"><img loading=\"lazy\" decoding=\"async\" width=\"313\" height=\"236\" data-id=\"23\" src=\"https:\/\/www.corncrakelife.ie\/wp-content\/uploads\/2022\/03\/03611e_78d924ba8e4a41a880d6756836cd23bf_mv2.png\" alt=\"Feabhr&#xE1;n\" class=\"wp-image-23\" srcset=\"https:\/\/www.corncrakelife.ie\/wp-content\/uploads\/2022\/03\/03611e_78d924ba8e4a41a880d6756836cd23bf_mv2.png 313w, https:\/\/www.corncrakelife.ie\/wp-content\/uploads\/2022\/03\/03611e_78d924ba8e4a41a880d6756836cd23bf_mv2-300x226.png 300w\" sizes=\"auto, (max-width: 313px) 100vw, 313px\" \/><\/a><figcaption>Feabhr\u00e1n<\/figcaption><\/figure>\n<figcaption class=\"blocks-gallery-caption\">Roinnt Speicis Chl\u00fadaigh Luath T\u00e1bhachtacha don Traonach.<\/figcaption><\/figure>\n\n\n\n<figure class=\"wp-block-gallery has-nested-images columns-default is-cropped wp-block-gallery-2 is-layout-flex wp-block-gallery-is-layout-flex\">\n<figure class=\"wp-block-image size-medium\"><a href=\"https:\/\/www.corncrakelife.ie\/wp-content\/uploads\/2022\/03\/03611e_a63aa72d4fba4333b391b31af6566146_mv2-225x300.jpg\"><img loading=\"lazy\" decoding=\"async\" width=\"225\" height=\"300\" data-id=\"24\" src=\"https:\/\/www.corncrakelife.ie\/wp-content\/uploads\/2022\/03\/03611e_a63aa72d4fba4333b391b31af6566146_mv2-225x300.jpg\" alt=\"Neant&#xF3;ga Fi&#xE1;ine\" class=\"wp-image-24\" srcset=\"https:\/\/www.corncrakelife.ie\/wp-content\/uploads\/2022\/03\/03611e_a63aa72d4fba4333b391b31af6566146_mv2-225x300.jpg 225w, https:\/\/www.corncrakelife.ie\/wp-content\/uploads\/2022\/03\/03611e_a63aa72d4fba4333b391b31af6566146_mv2.jpg 569w\" sizes=\"auto, (max-width: 225px) 100vw, 225px\" \/><\/a><\/figure>\n\n\n\n<figure class=\"wp-block-image size-large\"><a href=\"https:\/\/www.corncrakelife.ie\/wp-content\/uploads\/2022\/03\/03611e_96a1e4a53bb74a45ad12f844f3b6030b_mv2.jpg\"><img loading=\"lazy\" decoding=\"async\" width=\"1011\" height=\"758\" data-id=\"25\" src=\"https:\/\/www.corncrakelife.ie\/wp-content\/uploads\/2022\/03\/03611e_96a1e4a53bb74a45ad12f844f3b6030b_mv2.jpg\" alt=\"Neant&#xF3;ga a Scaradh ina bPota&#xED;\" class=\"wp-image-25\" srcset=\"https:\/\/www.corncrakelife.ie\/wp-content\/uploads\/2022\/03\/03611e_96a1e4a53bb74a45ad12f844f3b6030b_mv2.jpg 1011w, https:\/\/www.corncrakelife.ie\/wp-content\/uploads\/2022\/03\/03611e_96a1e4a53bb74a45ad12f844f3b6030b_mv2-300x225.jpg 300w, https:\/\/www.corncrakelife.ie\/wp-content\/uploads\/2022\/03\/03611e_96a1e4a53bb74a45ad12f844f3b6030b_mv2-768x576.jpg 768w\" sizes=\"auto, (max-width: 1011px) 100vw, 1011px\" \/><\/a><\/figure>\n\n\n\n<figure class=\"wp-block-image size-large\"><a href=\"https:\/\/www.corncrakelife.ie\/wp-content\/uploads\/2022\/03\/03611e_3e12c5f3943b405eb6c73634f7a082be_mv2.jpg\"><img loading=\"lazy\" decoding=\"async\" width=\"360\" height=\"480\" data-id=\"26\" src=\"https:\/\/www.corncrakelife.ie\/wp-content\/uploads\/2022\/03\/03611e_3e12c5f3943b405eb6c73634f7a082be_mv2.jpg\" alt=\"Scaradh isteach i bPota&#xED; Neant&#xF3;ige N&#xED;os M&#xF3;\" class=\"wp-image-26\" srcset=\"https:\/\/www.corncrakelife.ie\/wp-content\/uploads\/2022\/03\/03611e_3e12c5f3943b405eb6c73634f7a082be_mv2.jpg 360w, https:\/\/www.corncrakelife.ie\/wp-content\/uploads\/2022\/03\/03611e_3e12c5f3943b405eb6c73634f7a082be_mv2-225x300.jpg 225w\" sizes=\"auto, (max-width: 360px) 100vw, 360px\" \/><\/a><\/figure>\n<figcaption class=\"blocks-gallery-caption\">Neant\u00f3ga a Shaothr\u00fa le haghaidh Ceapacha ELC<\/figcaption><\/figure>\n<\/div>\n\n\n\n<div class=\"wp-block-column is-layout-flow wp-block-column-is-layout-flow\" style=\"flex-basis:66.66%\">\n<p>T\u00e1 an traonach beag\u00e1n n\u00edos m\u00f3 n\u00e1 an lon dubh agus t\u00e1 siad dorcha bu\u00ed-donn, le bacainn dorcha ar a ch\u00fal, cliath\u00e1in deirge agus bolg liath. Ar gor, b\u00edonn dubh ar shic\u00edn\u00ed. <\/p>\n\n\n\n<p>T\u00e1 glao ard saini\u00fail, &#8216;Crex crex&#8217; ar na fireannaigh, a iompra\u00edonn suas le 1km uaidh. Is speiceas c\u00fathail \u00e9, is annamh a fheictear na dTraonach agus is fearr a aims\u00edonn an glao seo iad, a chloistear den chuid is m\u00f3 san o\u00edche. <\/p>\n\n\n\n<p>Is gn\u00e1ch go mb\u00edonn gr\u00e1n\u00f3ga le f\u00e1il i bhf\u00e1sra ard (20cm) i bp\u00e1irceanna f\u00e9ar agus sadhlais, f\u00e9araigh gharbh, agus seast\u00e1in de speicis luibheacha mar iris na brata\u00ed Bu\u00ed agus neant\u00f3ga. T\u00e1 siad uilel\u00e1ithreach, ag beath\u00fa go pr\u00edomha ar fheithid\u00ed, seilid\u00ed, dr\u00facht\u00edn\u00ed agus p\u00e9isteanna ach freisin ar sh\u00edolta. <\/p>\n\n\n\n<p>Is cuairteoir\u00ed samhraidh iad na cn\u00f3nna coirce, ag p\u00f3r\u00fa in \u00c9irinn \u00f3 Aibre\u00e1n go Me\u00e1n F\u00f3mhair agus ag dul ar imirce chun na hAfraice don gheimhreadh. Uaireanta is f\u00e9idir le nead roinnt neadacha a chuimsi\u00fa, ag cruth\u00fa ti\u00fachan \u00e1iti\u00fala \u00e9an p\u00f3r\u00fach\u00e1in. D\u00e9antar an nead ar an talamh as gais agus duilleoga. Leagann baineannaigh 8-12 ubh, agus de ghn\u00e1th t\u00e1irgeann siad dh\u00e1 \u00e1l in aghaidh na bliana. T\u00e1 s\u00e9 deacair neadacha a aimsi\u00fa agus de ghn\u00e1th faightear iad laistigh de gha 250m \u00f3 ghlaoch a chur ar fhir.    <\/p>\n\n\n\n<p>T\u00e1 na dTraonach imirceach, ag geimhreadh san Afraic fho-Shah\u00e1rach, den chuid is m\u00f3 i dt\u00edortha an oirdheiscirt (an Afraic Theas, an tSiomb\u00e1ib, an tSaimbia agus an Tans\u00e1in), \u00e1it a bhfabhar gn\u00e1th\u00f3ga f\u00e9araigh.<\/p>\n\n\n\n<p>Tosa\u00edonn corncrakes ag teacht ar ais ar a dtailte p\u00f3r\u00fach\u00e1in i m\u00ed Aibre\u00e1in agus i m\u00ed na Bealtaine. Cos\u00fail le m\u00f3rchuid na r\u00e1ill\u00ed, t\u00e1 siad r\u00fanda agus is annamh a fheictear iad san oscailt. Le linn na timthrialla p\u00f3r\u00fach\u00e1in, teasta\u00edonn cl\u00fadach lean\u00fanach d\u2019fh\u00e1sra ard, 20cm ar airde ar a laghad, a choinn\u00edonn strucht\u00far oscailte &#8211; is gn\u00e1ch go seachn\u00f3far f\u00e1sra a \u00e9ir\u00edonn r\u00f3-dl\u00fath de r\u00e9ir mar a th\u00e9ann an s\u00e9as\u00far ar aghaidh.  <\/p>\n\n\n\n<p>Meallann na fireannaigh cairde lena n-amhr\u00e1n ard rasping, ag glaoch go comhsheasmhach ar feadh roinnt uaireanta an chloig \u00f3 mhe\u00e1n o\u00edche ar aghaidh, \u00f3 go gairid tar \u00e9is d\u00f3ibh teacht go l\u00e1r mh\u00ed I\u00fail, nuair a thagann meath ar ghn\u00edomha\u00edocht glaonna. Crutha\u00edonn siad banna-p\u00e9ire le baineannaigh le linn ubh a leagan, agus ag an am sin canann siad chomh minic san o\u00edche. <\/p>\n\n\n\n<p>Is \u00ed an baineann an t-aon ch\u00faram\u00f3ir, a chotha\u00edonn bearradh 8-12 ubh de ghn\u00e1th i nead \u00e9adomhain ar an talamh at\u00e1 folaithe le f\u00e1sra ard. B\u00edonn an ch\u00e9ad sic\u00edn \u00e1lainne in \u00e9ineacht leis an mbean ar feadh thart ar 12 l\u00e1, agus ansin d\u00e9anann an baineann na sic\u00edn\u00ed a thr\u00e9igean chun an dara bearradh a leagan. <\/p>\n<\/div>\n<\/div>\n","protected":false},"excerpt":{"rendered":"<p>T\u00e1 an traonach beag\u00e1n n\u00edos m\u00f3 n\u00e1 an lon dubh agus t\u00e1 siad dorcha bu\u00ed-donn, le bacainn dorcha ar a ch\u00fal, cliath\u00e1in deirge agus bolg liath. Ar gor, b\u00edonn dubh ar shic\u00edn\u00ed. T\u00e1 glao ard saini\u00fail, &#8216;Crex crex&#8217; ar na fireannaigh, a iompra\u00edonn suas le 1km uaidh. Is speiceas c\u00fathail \u00e9, is annamh a fheictear [&hellip;]<\/p>\n","protected":false},"author":1,"featured_media":0,"parent":0,"menu_order":0,"comment_status":"closed","ping_status":"closed","template":"","meta":{"site-sidebar-layout":"no-sidebar","site-content-layout":"","ast-site-content-layout":"default","site-content-style":"default","site-sidebar-style":"default","ast-global-header-display":"","ast-banner-title-visibility":"","ast-main-header-display":"","ast-hfb-above-header-display":"","ast-hfb-below-header-display":"","ast-hfb-mobile-header-display":"","site-post-title":"","ast-breadcrumbs-content":"","ast-featured-img":"","footer-sml-layout":"","ast-disable-related-posts":"","theme-transparent-header-meta":"","adv-header-id-meta":"","stick-header-meta":"","header-above-stick-meta":"","header-main-stick-meta":"","header-below-stick-meta":"","astra-migrate-meta-layouts":"default","ast-page-background-enabled":"default","ast-page-background-meta":{"desktop":{"background-color":"var(--ast-global-color-4)","background-image":"","background-repeat":"repeat","background-position":"center center","background-size":"auto","background-attachment":"scroll","background-type":"","background-media":"","overlay-type":"","overlay-color":"","overlay-opacity":"","overlay-gradient":""},"tablet":{"background-color":"","background-image":"","background-repeat":"repeat","background-position":"center center","background-size":"auto","background-attachment":"scroll","background-type":"","background-media":"","overlay-type":"","overlay-color":"","overlay-opacity":"","overlay-gradient":""},"mobile":{"background-color":"","background-image":"","background-repeat":"repeat","background-position":"center center","background-size":"auto","background-attachment":"scroll","background-type":"","background-media":"","overlay-type":"","overlay-color":"","overlay-opacity":"","overlay-gradient":""}},"ast-content-background-meta":{"desktop":{"background-color":"var(--ast-global-color-5)","background-image":"","background-repeat":"repeat","background-position":"center center","background-size":"auto","background-attachment":"scroll","background-type":"","background-media":"","overlay-type":"","overlay-color":"","overlay-opacity":"","overlay-gradient":""},"tablet":{"background-color":"var(--ast-global-color-5)","background-image":"","background-repeat":"repeat","background-position":"center center","background-size":"auto","background-attachment":"scroll","background-type":"","background-media":"","overlay-type":"","overlay-color":"","overlay-opacity":"","overlay-gradient":""},"mobile":{"background-color":"var(--ast-global-color-5)","background-image":"","background-repeat":"repeat","background-position":"center center","background-size":"auto","background-attachment":"scroll","background-type":"","background-media":"","overlay-type":"","overlay-color":"","overlay-opacity":"","overlay-gradient":""}},"footnotes":""},"class_list":["post-1074","page","type-page","status-publish","hentry"],"yoast_head":"<!-- This site is optimized with the Yoast SEO plugin v27.3 - https:\/\/yoast.com\/product\/yoast-seo-wordpress\/ -->\n<title>\u00c9iceola\u00edocht an Traonaigh - Corncrake LIFE<\/title>\n<meta name=\"robots\" content=\"index, follow, max-snippet:-1, max-image-preview:large, max-video-preview:-1\" \/>\n<link rel=\"canonical\" href=\"https:\/\/www.corncrakelife.ie\/ga\/eiceolaiocht-an-traonaigh\/\" \/>\n<meta property=\"og:locale\" content=\"ga_IE\" \/>\n<meta property=\"og:type\" content=\"article\" \/>\n<meta property=\"og:title\" content=\"\u00c9iceola\u00edocht an Traonaigh - Corncrake LIFE\" \/>\n<meta property=\"og:description\" content=\"T\u00e1 an traonach beag\u00e1n n\u00edos m\u00f3 n\u00e1 an lon dubh agus t\u00e1 siad dorcha bu\u00ed-donn, le bacainn dorcha ar a ch\u00fal, cliath\u00e1in deirge agus bolg liath. Ar gor, b\u00edonn dubh ar shic\u00edn\u00ed. T\u00e1 glao ard saini\u00fail, &#8216;Crex crex&#8217; ar na fireannaigh, a iompra\u00edonn suas le 1km uaidh. Is speiceas c\u00fathail \u00e9, is annamh a fheictear [&hellip;]\" \/>\n<meta property=\"og:url\" content=\"https:\/\/www.corncrakelife.ie\/ga\/eiceolaiocht-an-traonaigh\/\" \/>\n<meta property=\"og:site_name\" content=\"Corncrake LIFE\" \/>\n<meta property=\"article:publisher\" content=\"https:\/\/www.facebook.com\/groups\/1110924015998978\" \/>\n<meta property=\"article:modified_time\" content=\"2024-06-04T13:33:19+00:00\" \/>\n<meta property=\"og:image\" content=\"https:\/\/www.corncrakelife.ie\/wp-content\/uploads\/2022\/03\/03611e_9711342e87c746f6a8d0e4f0659d96b0_mv2.jpg\" \/>\n<meta name=\"twitter:card\" content=\"summary_large_image\" \/>\n<meta name=\"twitter:site\" content=\"@CorncrakeLife\" \/>\n<meta name=\"twitter:label1\" content=\"Est. reading time\" \/>\n\t<meta name=\"twitter:data1\" content=\"3 minutes\" \/>\n<script type=\"application\/ld+json\" class=\"yoast-schema-graph\">{\"@context\":\"https:\\\/\\\/schema.org\",\"@graph\":[{\"@type\":\"WebPage\",\"@id\":\"https:\\\/\\\/www.corncrakelife.ie\\\/ga\\\/eiceolaiocht-an-traonaigh\\\/\",\"url\":\"https:\\\/\\\/www.corncrakelife.ie\\\/ga\\\/eiceolaiocht-an-traonaigh\\\/\",\"name\":\"\u00c9iceola\u00edocht an Traonaigh - Corncrake LIFE\",\"isPartOf\":{\"@id\":\"https:\\\/\\\/www.corncrakelife.ie\\\/ga\\\/#website\"},\"primaryImageOfPage\":{\"@id\":\"https:\\\/\\\/www.corncrakelife.ie\\\/ga\\\/eiceolaiocht-an-traonaigh\\\/#primaryimage\"},\"image\":{\"@id\":\"https:\\\/\\\/www.corncrakelife.ie\\\/ga\\\/eiceolaiocht-an-traonaigh\\\/#primaryimage\"},\"thumbnailUrl\":\"https:\\\/\\\/www.corncrakelife.ie\\\/wp-content\\\/uploads\\\/2022\\\/03\\\/03611e_9711342e87c746f6a8d0e4f0659d96b0_mv2.jpg\",\"datePublished\":\"2022-03-01T16:16:00+00:00\",\"dateModified\":\"2024-06-04T13:33:19+00:00\",\"breadcrumb\":{\"@id\":\"https:\\\/\\\/www.corncrakelife.ie\\\/ga\\\/eiceolaiocht-an-traonaigh\\\/#breadcrumb\"},\"inLanguage\":\"ga-IE\",\"potentialAction\":[{\"@type\":\"ReadAction\",\"target\":[\"https:\\\/\\\/www.corncrakelife.ie\\\/ga\\\/eiceolaiocht-an-traonaigh\\\/\"]}]},{\"@type\":\"ImageObject\",\"inLanguage\":\"ga-IE\",\"@id\":\"https:\\\/\\\/www.corncrakelife.ie\\\/ga\\\/eiceolaiocht-an-traonaigh\\\/#primaryimage\",\"url\":\"https:\\\/\\\/www.corncrakelife.ie\\\/wp-content\\\/uploads\\\/2022\\\/03\\\/03611e_9711342e87c746f6a8d0e4f0659d96b0_mv2.jpg\",\"contentUrl\":\"https:\\\/\\\/www.corncrakelife.ie\\\/wp-content\\\/uploads\\\/2022\\\/03\\\/03611e_9711342e87c746f6a8d0e4f0659d96b0_mv2.jpg\"},{\"@type\":\"BreadcrumbList\",\"@id\":\"https:\\\/\\\/www.corncrakelife.ie\\\/ga\\\/eiceolaiocht-an-traonaigh\\\/#breadcrumb\",\"itemListElement\":[{\"@type\":\"ListItem\",\"position\":1,\"name\":\"Home\",\"item\":\"https:\\\/\\\/www.corncrakelife.ie\\\/ga\\\/\"},{\"@type\":\"ListItem\",\"position\":2,\"name\":\"\u00c9iceola\u00edocht an Traonaigh\"}]},{\"@type\":\"WebSite\",\"@id\":\"https:\\\/\\\/www.corncrakelife.ie\\\/ga\\\/#website\",\"url\":\"https:\\\/\\\/www.corncrakelife.ie\\\/ga\\\/\",\"name\":\"Corncrake LIFE\",\"description\":\"Corncrake Traonach LIFE\",\"publisher\":{\"@id\":\"https:\\\/\\\/www.corncrakelife.ie\\\/ga\\\/#organization\"},\"potentialAction\":[{\"@type\":\"SearchAction\",\"target\":{\"@type\":\"EntryPoint\",\"urlTemplate\":\"https:\\\/\\\/www.corncrakelife.ie\\\/ga\\\/?s={search_term_string}\"},\"query-input\":{\"@type\":\"PropertyValueSpecification\",\"valueRequired\":true,\"valueName\":\"search_term_string\"}}],\"inLanguage\":\"ga-IE\"},{\"@type\":\"Organization\",\"@id\":\"https:\\\/\\\/www.corncrakelife.ie\\\/ga\\\/#organization\",\"name\":\"Department of Housing, Local Government and Heritage\",\"url\":\"https:\\\/\\\/www.corncrakelife.ie\\\/ga\\\/\",\"logo\":{\"@type\":\"ImageObject\",\"inLanguage\":\"ga-IE\",\"@id\":\"https:\\\/\\\/www.corncrakelife.ie\\\/ga\\\/#\\\/schema\\\/logo\\\/image\\\/\",\"url\":\"https:\\\/\\\/www.corncrakelife.ie\\\/wp-content\\\/uploads\\\/2022\\\/03\\\/Corncrake-Traonach-LIFE-Logo.png\",\"contentUrl\":\"https:\\\/\\\/www.corncrakelife.ie\\\/wp-content\\\/uploads\\\/2022\\\/03\\\/Corncrake-Traonach-LIFE-Logo.png\",\"width\":207,\"height\":100,\"caption\":\"Department of Housing, Local Government and Heritage\"},\"image\":{\"@id\":\"https:\\\/\\\/www.corncrakelife.ie\\\/ga\\\/#\\\/schema\\\/logo\\\/image\\\/\"},\"sameAs\":[\"https:\\\/\\\/www.facebook.com\\\/groups\\\/1110924015998978\",\"https:\\\/\\\/x.com\\\/CorncrakeLife\",\"https:\\\/\\\/www.instagram.com\\\/corncrakelife\\\/\",\"https:\\\/\\\/www.youtube.com\\\/channel\\\/UCJGP2YKBafZ689yVU0Iy_Zw\"]}]}<\/script>\n<!-- \/ Yoast SEO plugin. -->","yoast_head_json":{"title":"\u00c9iceola\u00edocht an Traonaigh - Corncrake LIFE","robots":{"index":"index","follow":"follow","max-snippet":"max-snippet:-1","max-image-preview":"max-image-preview:large","max-video-preview":"max-video-preview:-1"},"canonical":"https:\/\/www.corncrakelife.ie\/ga\/eiceolaiocht-an-traonaigh\/","og_locale":"ga_IE","og_type":"article","og_title":"\u00c9iceola\u00edocht an Traonaigh - Corncrake LIFE","og_description":"T\u00e1 an traonach beag\u00e1n n\u00edos m\u00f3 n\u00e1 an lon dubh agus t\u00e1 siad dorcha bu\u00ed-donn, le bacainn dorcha ar a ch\u00fal, cliath\u00e1in deirge agus bolg liath. Ar gor, b\u00edonn dubh ar shic\u00edn\u00ed. T\u00e1 glao ard saini\u00fail, &#8216;Crex crex&#8217; ar na fireannaigh, a iompra\u00edonn suas le 1km uaidh. Is speiceas c\u00fathail \u00e9, is annamh a fheictear [&hellip;]","og_url":"https:\/\/www.corncrakelife.ie\/ga\/eiceolaiocht-an-traonaigh\/","og_site_name":"Corncrake LIFE","article_publisher":"https:\/\/www.facebook.com\/groups\/1110924015998978","article_modified_time":"2024-06-04T13:33:19+00:00","og_image":[{"url":"https:\/\/www.corncrakelife.ie\/wp-content\/uploads\/2022\/03\/03611e_9711342e87c746f6a8d0e4f0659d96b0_mv2.jpg","type":"","width":"","height":""}],"twitter_card":"summary_large_image","twitter_site":"@CorncrakeLife","twitter_misc":{"Est. reading time":"3 minutes"},"schema":{"@context":"https:\/\/schema.org","@graph":[{"@type":"WebPage","@id":"https:\/\/www.corncrakelife.ie\/ga\/eiceolaiocht-an-traonaigh\/","url":"https:\/\/www.corncrakelife.ie\/ga\/eiceolaiocht-an-traonaigh\/","name":"\u00c9iceola\u00edocht an Traonaigh - Corncrake LIFE","isPartOf":{"@id":"https:\/\/www.corncrakelife.ie\/ga\/#website"},"primaryImageOfPage":{"@id":"https:\/\/www.corncrakelife.ie\/ga\/eiceolaiocht-an-traonaigh\/#primaryimage"},"image":{"@id":"https:\/\/www.corncrakelife.ie\/ga\/eiceolaiocht-an-traonaigh\/#primaryimage"},"thumbnailUrl":"https:\/\/www.corncrakelife.ie\/wp-content\/uploads\/2022\/03\/03611e_9711342e87c746f6a8d0e4f0659d96b0_mv2.jpg","datePublished":"2022-03-01T16:16:00+00:00","dateModified":"2024-06-04T13:33:19+00:00","breadcrumb":{"@id":"https:\/\/www.corncrakelife.ie\/ga\/eiceolaiocht-an-traonaigh\/#breadcrumb"},"inLanguage":"ga-IE","potentialAction":[{"@type":"ReadAction","target":["https:\/\/www.corncrakelife.ie\/ga\/eiceolaiocht-an-traonaigh\/"]}]},{"@type":"ImageObject","inLanguage":"ga-IE","@id":"https:\/\/www.corncrakelife.ie\/ga\/eiceolaiocht-an-traonaigh\/#primaryimage","url":"https:\/\/www.corncrakelife.ie\/wp-content\/uploads\/2022\/03\/03611e_9711342e87c746f6a8d0e4f0659d96b0_mv2.jpg","contentUrl":"https:\/\/www.corncrakelife.ie\/wp-content\/uploads\/2022\/03\/03611e_9711342e87c746f6a8d0e4f0659d96b0_mv2.jpg"},{"@type":"BreadcrumbList","@id":"https:\/\/www.corncrakelife.ie\/ga\/eiceolaiocht-an-traonaigh\/#breadcrumb","itemListElement":[{"@type":"ListItem","position":1,"name":"Home","item":"https:\/\/www.corncrakelife.ie\/ga\/"},{"@type":"ListItem","position":2,"name":"\u00c9iceola\u00edocht an Traonaigh"}]},{"@type":"WebSite","@id":"https:\/\/www.corncrakelife.ie\/ga\/#website","url":"https:\/\/www.corncrakelife.ie\/ga\/","name":"Corncrake LIFE","description":"Corncrake Traonach LIFE","publisher":{"@id":"https:\/\/www.corncrakelife.ie\/ga\/#organization"},"potentialAction":[{"@type":"SearchAction","target":{"@type":"EntryPoint","urlTemplate":"https:\/\/www.corncrakelife.ie\/ga\/?s={search_term_string}"},"query-input":{"@type":"PropertyValueSpecification","valueRequired":true,"valueName":"search_term_string"}}],"inLanguage":"ga-IE"},{"@type":"Organization","@id":"https:\/\/www.corncrakelife.ie\/ga\/#organization","name":"Department of Housing, Local Government and Heritage","url":"https:\/\/www.corncrakelife.ie\/ga\/","logo":{"@type":"ImageObject","inLanguage":"ga-IE","@id":"https:\/\/www.corncrakelife.ie\/ga\/#\/schema\/logo\/image\/","url":"https:\/\/www.corncrakelife.ie\/wp-content\/uploads\/2022\/03\/Corncrake-Traonach-LIFE-Logo.png","contentUrl":"https:\/\/www.corncrakelife.ie\/wp-content\/uploads\/2022\/03\/Corncrake-Traonach-LIFE-Logo.png","width":207,"height":100,"caption":"Department of Housing, Local Government and Heritage"},"image":{"@id":"https:\/\/www.corncrakelife.ie\/ga\/#\/schema\/logo\/image\/"},"sameAs":["https:\/\/www.facebook.com\/groups\/1110924015998978","https:\/\/x.com\/CorncrakeLife","https:\/\/www.instagram.com\/corncrakelife\/","https:\/\/www.youtube.com\/channel\/UCJGP2YKBafZ689yVU0Iy_Zw"]}]}},"_links":{"self":[{"href":"https:\/\/www.corncrakelife.ie\/ga\/wp-json\/wp\/v2\/pages\/1074","targetHints":{"allow":["GET"]}}],"collection":[{"href":"https:\/\/www.corncrakelife.ie\/ga\/wp-json\/wp\/v2\/pages"}],"about":[{"href":"https:\/\/www.corncrakelife.ie\/ga\/wp-json\/wp\/v2\/types\/page"}],"author":[{"embeddable":true,"href":"https:\/\/www.corncrakelife.ie\/ga\/wp-json\/wp\/v2\/users\/1"}],"replies":[{"embeddable":true,"href":"https:\/\/www.corncrakelife.ie\/ga\/wp-json\/wp\/v2\/comments?post=1074"}],"version-history":[{"count":4,"href":"https:\/\/www.corncrakelife.ie\/ga\/wp-json\/wp\/v2\/pages\/1074\/revisions"}],"predecessor-version":[{"id":2471,"href":"https:\/\/www.corncrakelife.ie\/ga\/wp-json\/wp\/v2\/pages\/1074\/revisions\/2471"}],"wp:attachment":[{"href":"https:\/\/www.corncrakelife.ie\/ga\/wp-json\/wp\/v2\/media?parent=1074"}],"curies":[{"name":"wp","href":"https:\/\/api.w.org\/{rel}","templated":true}]}}