{"id":1195,"date":"2022-03-03T09:49:53","date_gmt":"2022-03-03T09:49:53","guid":{"rendered":"https:\/\/www.corncrakelife.ie\/ile-tory\/"},"modified":"2024-06-04T11:32:37","modified_gmt":"2024-06-04T10:32:37","slug":"ile-tory","status":"publish","type":"page","link":"https:\/\/www.corncrakelife.ie\/fr\/ile-tory\/","title":{"rendered":"\u00cele Tory"},"content":{"rendered":"\n<div class=\"wp-block-media-text alignwide has-media-on-the-right is-stacked-on-mobile is-vertically-aligned-top\"><div class=\"wp-block-media-text__content\">\n<p>L&rsquo;\u00eele Tory, ou simplement Tory (officiellement connue sous son nom irlandais <em>Toraigh<\/em>), est une \u00eele situ\u00e9e \u00e0 14,5 kilom\u00e8tres de la c\u00f4te nord-ouest du comt\u00e9 de Donegal, en Irlande, et est l&rsquo;\u00eele habit\u00e9e la plus \u00e9loign\u00e9e d&rsquo;Irlande.\nElle est \u00e9galement connue en irlandais sous le nom de <em>Oile\u00e1n Thora\u00ed<\/em> ou, historiquement, <em>Oile\u00e1n Th\u00far R\u00ed<\/em>.\nLe mot Tory vient du moyen irlandais <em>T\u00f3raidhe<\/em>, qui signifie bandit.  <\/p>\n\n\n\n<p>Situ\u00e9 \u00e0 12 km au nord du Donegal, de l&rsquo;\u00eele Tory ou de Toraigh, la plus \u00e9loign\u00e9e des \u00eeles habit\u00e9es d&rsquo;Irlande, se trouve un lieu intemporel gouvern\u00e9 par son propre roi \u00e9lu o\u00f9 les gens parlent encore de \u00ab\u00a0voyager en Irlande\u00a0\u00bb.<br\/>L&rsquo;isolement de Toraigh a permis de pr\u00e9server les traditions et le mode de vie de son peuple r\u00e9sistant et ind\u00e9pendant.\nLeur musique, leurs danses, leurs chants et leurs histoires sont les expressions vivantes d&rsquo;une ancienne culture ga\u00e9lique.\nDe nombreuses coutumes anciennes de Toraigh subsistent, notamment la nomination du roi de l&rsquo;\u00eele ou R\u00ed Thora\u00ed.  <\/p>\n\n\n\n<p>Parmi les sites historiques int\u00e9ressants, citons une tour ronde qui prot\u00e9geait autrefois les moines des raids vikings, les ruines du monast\u00e8re de St Colmcille datant du VIe si\u00e8cle et l&rsquo;intrigante croix Tau, qui sugg\u00e8re l&rsquo;existence de liens anciens entre les marins et les chr\u00e9tiens coptes d&rsquo;\u00c9gypte.\nL&rsquo;\u00eele abrite \u00e9galement une abondance d&rsquo;oiseaux rares et de fleurs sauvages, ainsi qu&rsquo;un riche paysage sous-marin que vous pouvez explorer gr\u00e2ce au centre de plong\u00e9e local. <\/p>\n\n\n\n<p>Toraigh doit \u00eatre visit\u00e9 si l&rsquo;on veut comprendre pourquoi ce rocher recul\u00e9 d\u00e9tient une telle attraction pour ses habitants qu&rsquo;ils endurent, comme leurs anc\u00eatres, la pleine fureur de l&rsquo;hiver de l&rsquo;Atlantique Nord pour le privil\u00e8ge d&rsquo;y vivre en \u00e9t\u00e9.<\/p>\n<\/div><figure class=\"wp-block-media-text__media\"><a href=\"https:\/\/www.corncrakelife.ie\/wp-content\/uploads\/2022\/03\/03611e_a0ac75ec99f24b82bcafc23401e3f667_mv2-1024x724.jpg\"><img loading=\"lazy\" decoding=\"async\" width=\"1024\" height=\"724\" src=\"https:\/\/www.corncrakelife.ie\/wp-content\/uploads\/2022\/03\/03611e_a0ac75ec99f24b82bcafc23401e3f667_mv2-1024x724.jpg\" alt=\"Tory Island Catchment Area Map\" class=\"wp-image-298 size-full\" srcset=\"https:\/\/www.corncrakelife.ie\/wp-content\/uploads\/2022\/03\/03611e_a0ac75ec99f24b82bcafc23401e3f667_mv2-1024x724.jpg 1024w, https:\/\/www.corncrakelife.ie\/wp-content\/uploads\/2022\/03\/03611e_a0ac75ec99f24b82bcafc23401e3f667_mv2-300x212.jpg 300w, https:\/\/www.corncrakelife.ie\/wp-content\/uploads\/2022\/03\/03611e_a0ac75ec99f24b82bcafc23401e3f667_mv2-768x543.jpg 768w, https:\/\/www.corncrakelife.ie\/wp-content\/uploads\/2022\/03\/03611e_a0ac75ec99f24b82bcafc23401e3f667_mv2.jpg 1200w\" sizes=\"auto, (max-width: 1024px) 100vw, 1024px\" \/><\/a><\/figure><\/div>\n\n<div class=\"wp-block-media-text alignwide has-media-on-the-right is-stacked-on-mobile\"><div class=\"wp-block-media-text__content\">\n<h2 class=\"wp-block-heading\">La faune et la flore<\/h2>\n\n\n\n<p>L&rsquo;\u00eele est un site de reproduction bien connu pour l&rsquo;alouette des champs.\nAu fil des ans, les effectifs ont fluctu\u00e9, passant d&rsquo;un maximum de 34 m\u00e2les chanteurs en 2003 \u00e0 une estimation plus r\u00e9cente de dix m\u00e2les chanteurs.\nTory est un lieu de pr\u00e9dilection pour de nombreux visiteurs qui souhaitent voir ou entendre le r\u00e2le des gen\u00eats et il existe un grand potentiel d&rsquo;am\u00e9lioration de l&rsquo;habitat de l&rsquo;esp\u00e8ce sur l&rsquo;\u00eele.\nTory est \u00e9galement c\u00e9l\u00e8bre pour l&rsquo;arriv\u00e9e occasionnelle d&rsquo;esp\u00e8ces d&rsquo;oiseaux vagabonds rares en provenance du n\u00e9arctique.\nL&rsquo;\u00eele est une zone prot\u00e9g\u00e9e pour de nombreuses esp\u00e8ces d&rsquo;oiseaux, notamment le fulmer, le petit pingouin et le macareux.    <\/p>\n<\/div><figure class=\"wp-block-media-text__media\"><a href=\"https:\/\/www.corncrakelife.ie\/wp-content\/uploads\/2022\/03\/image011.jpg\"><img loading=\"lazy\" decoding=\"async\" width=\"405\" height=\"281\" src=\"https:\/\/www.corncrakelife.ie\/wp-content\/uploads\/2022\/03\/image011.jpg\" alt=\"Total Male Calling Corncrakes - Tory Island\" class=\"wp-image-348 size-full\" srcset=\"https:\/\/www.corncrakelife.ie\/wp-content\/uploads\/2022\/03\/image011.jpg 405w, https:\/\/www.corncrakelife.ie\/wp-content\/uploads\/2022\/03\/image011-300x208.jpg 300w\" sizes=\"auto, (max-width: 405px) 100vw, 405px\" \/><\/a><\/figure><\/div>\n\n<div class=\"wp-block-media-text alignwide has-media-on-the-right is-stacked-on-mobile is-vertically-aligned-top\"><div class=\"wp-block-media-text__content\">\n<h2 class=\"wp-block-heading\">D\u00e9mographie<\/h2>\n\n\n\n<p>Le tableau ci-dessous pr\u00e9sente des donn\u00e9es sur la population de l&rsquo;\u00eele Tory tir\u00e9es de <em>Discover the Islands of Ireland<\/em> (Alex Ritsema, Collins Press, 1999) et du recensement de l&rsquo;Irlande.<\/p>\n\n\n\n<h2 class=\"wp-block-heading\">Langue<\/h2>\n\n\n\n<p>L&rsquo;irlandais est la principale langue parl\u00e9e sur l&rsquo;\u00eele, bien que l&rsquo;anglais soit utilis\u00e9 pour communiquer avec les visiteurs.\nLe tory fait partie de l&rsquo;irlandais du Donegal et l&rsquo;irlandais d&rsquo;Ulster (Gaeilge Uladh) est le principal dialecte d&rsquo;Irlande.\nL&rsquo;\u00eele mesure environ 5 kilom\u00e8tres (3 miles) de long et 1 kilom\u00e8tre (0,6 miles) de large, et 1,38 miles carr\u00e9s.\nLe recensement de 2016 a enregistr\u00e9 une population de 119 habitants, en baisse par rapport \u00e0 la population de 2011 (144).\nLa population est divis\u00e9e en quatre villes : East Town, West Town, Middletown et Urban (Newtown).     ).<\/p>\n<\/div><figure class=\"wp-block-media-text__media\"><a href=\"https:\/\/www.corncrakelife.ie\/wp-content\/uploads\/2022\/03\/Tory-Demographics.jpg\"><img loading=\"lazy\" decoding=\"async\" width=\"600\" height=\"255\" src=\"https:\/\/www.corncrakelife.ie\/wp-content\/uploads\/2022\/03\/Tory-Demographics.jpg\" alt=\"Historical Population - Tory Island\" class=\"wp-image-349 size-full\" srcset=\"https:\/\/www.corncrakelife.ie\/wp-content\/uploads\/2022\/03\/Tory-Demographics.jpg 600w, https:\/\/www.corncrakelife.ie\/wp-content\/uploads\/2022\/03\/Tory-Demographics-300x128.jpg 300w\" sizes=\"auto, (max-width: 600px) 100vw, 600px\" \/><\/a><\/figure><\/div>\n\n<h2 class=\"wp-block-heading\">G\u00e9ographie et transports<\/h2>\n\n<p>Tory n&rsquo;a pas d&rsquo;a\u00e9roport, mais a des liaisons r\u00e9guli\u00e8res par ferry depuis le <a href=\"https:\/\/en.wikipedia.org\/wiki\/County_Donegal\" target=\"_blank\" rel=\"noreferrer noopener\">comt\u00e9 de Donegal <\/a>. Le ferry circule quotidiennement tout au long de l&rsquo;ann\u00e9e.\nIl ne prend pas les voitures, mais peut accueillir jusqu&rsquo;\u00e0 70 passagers.\nPendant les mois d&rsquo;hiver, les travers\u00e9es maritimes peuvent \u00eatre impossibles en raison d&rsquo;une mer agit\u00e9e. De novembre \u00e0 mars, un petit h\u00e9licopt\u00e8re de 4 places relie <a href=\"\" target=\"\" rel=\"noopener\">Falcarragh<\/a> \u00e0 Tory tous les deux jeudis.  <\/p>\n\n<p>Le ferry de l&rsquo;\u00eele Tory est exploit\u00e9 par Turasmara et vous emm\u00e8nera des ports de p\u00eache de <a href=\"https:\/\/www.donegalcottageholidays.com\/blog\/bunbeg\/\" target=\"_blank\" rel=\"noreferrer noopener\">Bunbeg<\/a> et Magheroarty \u00e0 l&rsquo;\u00eele \u00e0 bord de Torm\u00f3r, un croiseur c\u00f4tier enti\u00e8rement \u00e9quip\u00e9 et certifi\u00e9. Le service est autoris\u00e9 par le Department of Marine et est approuv\u00e9 et promu par Tourism Ireland.<\/p>\n\n<p>w: <a href=\"http:\/\/www.toryislandferry.com\/\" target=\"_blank\" rel=\"noreferrer noopener\">www.toryislandferry.com<\/a> or <a href=\"http:\/\/www.toryferry.com\/\" target=\"_blank\" rel=\"noreferrer noopener\">www.toryferry.com<\/a><\/p>\n\n<p>t: 00353 (0)74 9531320<\/p>\n\n<h2 class=\"wp-block-heading\">\u200bTourisme<\/h2>\n\n<p>L&rsquo;\u00eele Tory poss\u00e8de un certain nombre de sites historiques et mythologiques:<\/p>\n\n<ul class=\"wp-block-list\">\n<li>D\u00fan Bhaloir (Fort de Balor) est situ\u00e9 \u00e0 l&rsquo;est de l&rsquo;\u00eele.\nCette p\u00e9ninsule est entour\u00e9e sur trois c\u00f4t\u00e9s par des falaises de 90 m\u00e8tres de haut.\nLe fort de Balor n&rsquo;est accessible qu&rsquo;en traversant un isthme \u00e9troit, d\u00e9fendu par quatre digues en terre.  <\/li>\n\n\n\n<li>An Eochair Mh\u00f3r (la Grande Cl\u00e9) est un long \u00e9peron aux parois abruptes qui s&rsquo;avance sur le c\u00f4t\u00e9 est de la p\u00e9ninsule et se termine par un rocher appel\u00e9 An Tor M\u00f3r (le Grand Rocher ou la Grande Tour).\nL&rsquo;\u00e9peron pr\u00e9sente des pinacles rocheux pro\u00e9minents, connus sous le nom de \u00ab\u00a0soldats de Balor\u00a0\u00bb (Saighdi\u00fair\u00ed Bhaloir).\nIls donnent \u00e0 l&rsquo;\u00e9peron un aspect \u00ab\u00a0dent\u00e9\u00a0\u00bb et contribuent \u00e0 son nom, \u00ab\u00a0la grande cl\u00e9\u00a0\u00bb.  <\/li>\n\n\n\n<li>La pierre des v\u0153ux est un rocher abrupt au sommet plat situ\u00e9 \u00e0 c\u00f4t\u00e9 de la falaise nord du Fort de Balor.\nLa tradition veut qu&rsquo;un v\u0153u soit accord\u00e9 \u00e0 quiconque est assez t\u00e9m\u00e9raire pour marcher sur le rocher, ou qui r\u00e9ussit \u00e0 y jeter trois pierres. <\/li>\n\n\n\n<li>An Cloigtheach (le clocher) est la plus grande structure ayant surv\u00e9cu \u00e0 la destruction du monast\u00e8re (voir la section historique ci-dessus).\nLa <a href=\"\" target=\"\" rel=\"noopener\">tour ronde<\/a> a \u00e9t\u00e9 construite au 6\u00e8me ou 7\u00e8me si\u00e8cle. <\/li>\n\n\n\n<li>La croix Tau (une croix en forme de t) daterait du 12e si\u00e8cle.\nC&rsquo;est l&rsquo;une des deux seules <a href=\"\" target=\"\" rel=\"noopener\">croix Tau<\/a> d&rsquo;Irlande (l&rsquo;autre se trouve \u00e0 <a href=\"\" target=\"\" rel=\"noopener\">Kilnaboy<\/a>, dans le <a href=\"\" target=\"\" rel=\"noopener\">comt\u00e9 de Clare<\/a>). <\/li>\n\n\n\n<li>M\u00f3irsheisear (tombe des sept) : M\u00f3irsheisear, qui se traduit en fait par \u00ab\u00a0big six\u00a0\u00bb &#8211; un terme pour sept &#8211; est la tombe de sept personnes, six hommes et une femme, qui se sont noy\u00e9s lorsque leur bateau a chavir\u00e9 au large de Scoilt an Mh\u00f3irsheisear (la fente des sept) sur la c\u00f4te nord-ouest de l&rsquo;\u00eele.\nSelon la superstition locale, l&rsquo;argile de la tombe de la femme a le pouvoir d&rsquo;\u00e9loigner la vermine. <\/li>\n\n\n\n<li>Le phare, situ\u00e9 \u00e0 l&rsquo;extr\u00e9mit\u00e9 ouest de l&rsquo;\u00eele, a \u00e9t\u00e9 construit entre 1828 et 1832 sur une conception de <a href=\"https:\/\/en.wikipedia.org\/wiki\/George_Halpin\" target=\"_blank\" rel=\"noreferrer noopener\">George Halpin<\/a>, un c\u00e9l\u00e8bre concepteur de phares irlandais. En avril 1990, le phare a \u00e9t\u00e9 automatis\u00e9.<\/li>\n\n\n\n<li>La torpille : Une torpille est visible \u00e0 mi-chemin entre An Baile Thiar et An Baile Thoir.\nElle s&rsquo;est \u00e9chou\u00e9e sur le rivage pendant la <a href=\"\" target=\"\" rel=\"noopener\">Seconde Guerre mondiale<\/a> et a \u00e9t\u00e9 d\u00e9samorc\u00e9e et \u00e9rig\u00e9e \u00e0 son emplacement actuel. <\/li>\n<\/ul>\n\n<p>Pour plus de cartes et d&rsquo;informations touristiques, visitez: <a rel=\"noreferrer noopener\" href=\"http:\/\/www.oileanthorai.com\/\" target=\"_blank\">http:\/\/www.oileanthorai.com\/<\/a><\/p>\n\n<p>Pour plus d&rsquo;informations sur la zone sp\u00e9ciale de conservation de l&rsquo;\u00eele Tory, visitez le site Web des parcs nationaux et des services de la faune <a rel=\"noreferrer noopener\" href=\"https:\/\/www.npws.ie\/protected-sites\/spa\/004073\" target=\"_blank\">https:\/\/www.npws.ie\/protected-sites\/spa\/004073<\/a><\/p>\n","protected":false},"excerpt":{"rendered":"<p>L&rsquo;\u00eele Tory, ou simplement Tory (officiellement connue sous son nom irlandais Toraigh), est une \u00eele situ\u00e9e \u00e0 14,5 kilom\u00e8tres de la c\u00f4te nord-ouest du comt\u00e9 de Donegal, en Irlande, et est l&rsquo;\u00eele habit\u00e9e la plus \u00e9loign\u00e9e d&rsquo;Irlande. Elle est \u00e9galement connue en irlandais sous le nom de Oile\u00e1n Thora\u00ed ou, historiquement, Oile\u00e1n Th\u00far R\u00ed. Le [&hellip;]<\/p>\n","protected":false},"author":1,"featured_media":0,"parent":0,"menu_order":0,"comment_status":"closed","ping_status":"closed","template":"","meta":{"site-sidebar-layout":"no-sidebar","site-content-layout":"","ast-site-content-layout":"default","site-content-style":"default","site-sidebar-style":"default","ast-global-header-display":"","ast-banner-title-visibility":"","ast-main-header-display":"","ast-hfb-above-header-display":"","ast-hfb-below-header-display":"","ast-hfb-mobile-header-display":"","site-post-title":"","ast-breadcrumbs-content":"","ast-featured-img":"","footer-sml-layout":"","ast-disable-related-posts":"","theme-transparent-header-meta":"","adv-header-id-meta":"","stick-header-meta":"","header-above-stick-meta":"","header-main-stick-meta":"","header-below-stick-meta":"","astra-migrate-meta-layouts":"default","ast-page-background-enabled":"default","ast-page-background-meta":{"desktop":{"background-color":"var(--ast-global-color-4)","background-image":"","background-repeat":"repeat","background-position":"center center","background-size":"auto","background-attachment":"scroll","background-type":"","background-media":"","overlay-type":"","overlay-color":"","overlay-opacity":"","overlay-gradient":""},"tablet":{"background-color":"","background-image":"","background-repeat":"repeat","background-position":"center center","background-size":"auto","background-attachment":"scroll","background-type":"","background-media":"","overlay-type":"","overlay-color":"","overlay-opacity":"","overlay-gradient":""},"mobile":{"background-color":"","background-image":"","background-repeat":"repeat","background-position":"center center","background-size":"auto","background-attachment":"scroll","background-type":"","background-media":"","overlay-type":"","overlay-color":"","overlay-opacity":"","overlay-gradient":""}},"ast-content-background-meta":{"desktop":{"background-color":"var(--ast-global-color-5)","background-image":"","background-repeat":"repeat","background-position":"center center","background-size":"auto","background-attachment":"scroll","background-type":"","background-media":"","overlay-type":"","overlay-color":"","overlay-opacity":"","overlay-gradient":""},"tablet":{"background-color":"var(--ast-global-color-5)","background-image":"","background-repeat":"repeat","background-position":"center center","background-size":"auto","background-attachment":"scroll","background-type":"","background-media":"","overlay-type":"","overlay-color":"","overlay-opacity":"","overlay-gradient":""},"mobile":{"background-color":"var(--ast-global-color-5)","background-image":"","background-repeat":"repeat","background-position":"center center","background-size":"auto","background-attachment":"scroll","background-type":"","background-media":"","overlay-type":"","overlay-color":"","overlay-opacity":"","overlay-gradient":""}},"footnotes":""},"class_list":["post-1195","page","type-page","status-publish","hentry"],"yoast_head":"<!-- This site is optimized with the Yoast SEO plugin v27.3 - https:\/\/yoast.com\/product\/yoast-seo-wordpress\/ -->\n<title>\u00cele Tory - Corncrake LIFE<\/title>\n<meta name=\"robots\" content=\"index, follow, max-snippet:-1, max-image-preview:large, max-video-preview:-1\" \/>\n<link rel=\"canonical\" href=\"https:\/\/www.corncrakelife.ie\/fr\/ile-tory\/\" \/>\n<meta property=\"og:locale\" content=\"fr_FR\" \/>\n<meta property=\"og:type\" content=\"article\" \/>\n<meta property=\"og:title\" content=\"\u00cele Tory - Corncrake LIFE\" \/>\n<meta property=\"og:description\" content=\"L&rsquo;\u00eele Tory, ou simplement Tory (officiellement connue sous son nom irlandais Toraigh), est une \u00eele situ\u00e9e \u00e0 14,5 kilom\u00e8tres de la c\u00f4te nord-ouest du comt\u00e9 de Donegal, en Irlande, et est l&rsquo;\u00eele habit\u00e9e la plus \u00e9loign\u00e9e d&rsquo;Irlande. Elle est \u00e9galement connue en irlandais sous le nom de Oile\u00e1n Thora\u00ed ou, historiquement, Oile\u00e1n Th\u00far R\u00ed. Le [&hellip;]\" \/>\n<meta property=\"og:url\" content=\"https:\/\/www.corncrakelife.ie\/fr\/ile-tory\/\" \/>\n<meta property=\"og:site_name\" content=\"Corncrake LIFE\" \/>\n<meta property=\"article:publisher\" content=\"https:\/\/www.facebook.com\/groups\/1110924015998978\" \/>\n<meta property=\"article:modified_time\" content=\"2024-06-04T10:32:37+00:00\" \/>\n<meta property=\"og:image\" content=\"https:\/\/www.corncrakelife.ie\/wp-content\/uploads\/2022\/03\/03611e_a0ac75ec99f24b82bcafc23401e3f667_mv2-1024x724.jpg\" \/>\n<meta name=\"twitter:card\" content=\"summary_large_image\" \/>\n<meta name=\"twitter:site\" content=\"@CorncrakeLife\" \/>\n<meta name=\"twitter:label1\" content=\"Dur\u00e9e de lecture estim\u00e9e\" \/>\n\t<meta name=\"twitter:data1\" content=\"6 minutes\" \/>\n<script type=\"application\/ld+json\" class=\"yoast-schema-graph\">{\"@context\":\"https:\\\/\\\/schema.org\",\"@graph\":[{\"@type\":\"WebPage\",\"@id\":\"https:\\\/\\\/www.corncrakelife.ie\\\/fr\\\/ile-tory\\\/\",\"url\":\"https:\\\/\\\/www.corncrakelife.ie\\\/fr\\\/ile-tory\\\/\",\"name\":\"\u00cele Tory - Corncrake LIFE\",\"isPartOf\":{\"@id\":\"https:\\\/\\\/www.corncrakelife.ie\\\/fr\\\/#website\"},\"primaryImageOfPage\":{\"@id\":\"https:\\\/\\\/www.corncrakelife.ie\\\/fr\\\/ile-tory\\\/#primaryimage\"},\"image\":{\"@id\":\"https:\\\/\\\/www.corncrakelife.ie\\\/fr\\\/ile-tory\\\/#primaryimage\"},\"thumbnailUrl\":\"https:\\\/\\\/www.corncrakelife.ie\\\/wp-content\\\/uploads\\\/2022\\\/03\\\/03611e_a0ac75ec99f24b82bcafc23401e3f667_mv2-1024x724.jpg\",\"datePublished\":\"2022-03-03T09:49:53+00:00\",\"dateModified\":\"2024-06-04T10:32:37+00:00\",\"breadcrumb\":{\"@id\":\"https:\\\/\\\/www.corncrakelife.ie\\\/fr\\\/ile-tory\\\/#breadcrumb\"},\"inLanguage\":\"fr-FR\",\"potentialAction\":[{\"@type\":\"ReadAction\",\"target\":[\"https:\\\/\\\/www.corncrakelife.ie\\\/fr\\\/ile-tory\\\/\"]}]},{\"@type\":\"ImageObject\",\"inLanguage\":\"fr-FR\",\"@id\":\"https:\\\/\\\/www.corncrakelife.ie\\\/fr\\\/ile-tory\\\/#primaryimage\",\"url\":\"https:\\\/\\\/www.corncrakelife.ie\\\/wp-content\\\/uploads\\\/2022\\\/03\\\/03611e_a0ac75ec99f24b82bcafc23401e3f667_mv2-1024x724.jpg\",\"contentUrl\":\"https:\\\/\\\/www.corncrakelife.ie\\\/wp-content\\\/uploads\\\/2022\\\/03\\\/03611e_a0ac75ec99f24b82bcafc23401e3f667_mv2-1024x724.jpg\"},{\"@type\":\"BreadcrumbList\",\"@id\":\"https:\\\/\\\/www.corncrakelife.ie\\\/fr\\\/ile-tory\\\/#breadcrumb\",\"itemListElement\":[{\"@type\":\"ListItem\",\"position\":1,\"name\":\"Home\",\"item\":\"https:\\\/\\\/www.corncrakelife.ie\\\/fr\\\/\"},{\"@type\":\"ListItem\",\"position\":2,\"name\":\"\u00cele Tory\"}]},{\"@type\":\"WebSite\",\"@id\":\"https:\\\/\\\/www.corncrakelife.ie\\\/fr\\\/#website\",\"url\":\"https:\\\/\\\/www.corncrakelife.ie\\\/fr\\\/\",\"name\":\"Corncrake LIFE\",\"description\":\"Corncrake Traonach LIFE\",\"publisher\":{\"@id\":\"https:\\\/\\\/www.corncrakelife.ie\\\/fr\\\/#organization\"},\"potentialAction\":[{\"@type\":\"SearchAction\",\"target\":{\"@type\":\"EntryPoint\",\"urlTemplate\":\"https:\\\/\\\/www.corncrakelife.ie\\\/fr\\\/?s={search_term_string}\"},\"query-input\":{\"@type\":\"PropertyValueSpecification\",\"valueRequired\":true,\"valueName\":\"search_term_string\"}}],\"inLanguage\":\"fr-FR\"},{\"@type\":\"Organization\",\"@id\":\"https:\\\/\\\/www.corncrakelife.ie\\\/fr\\\/#organization\",\"name\":\"Department of Housing, Local Government and Heritage\",\"url\":\"https:\\\/\\\/www.corncrakelife.ie\\\/fr\\\/\",\"logo\":{\"@type\":\"ImageObject\",\"inLanguage\":\"fr-FR\",\"@id\":\"https:\\\/\\\/www.corncrakelife.ie\\\/fr\\\/#\\\/schema\\\/logo\\\/image\\\/\",\"url\":\"https:\\\/\\\/www.corncrakelife.ie\\\/wp-content\\\/uploads\\\/2022\\\/03\\\/Corncrake-Traonach-LIFE-Logo.png\",\"contentUrl\":\"https:\\\/\\\/www.corncrakelife.ie\\\/wp-content\\\/uploads\\\/2022\\\/03\\\/Corncrake-Traonach-LIFE-Logo.png\",\"width\":207,\"height\":100,\"caption\":\"Department of Housing, Local Government and Heritage\"},\"image\":{\"@id\":\"https:\\\/\\\/www.corncrakelife.ie\\\/fr\\\/#\\\/schema\\\/logo\\\/image\\\/\"},\"sameAs\":[\"https:\\\/\\\/www.facebook.com\\\/groups\\\/1110924015998978\",\"https:\\\/\\\/x.com\\\/CorncrakeLife\",\"https:\\\/\\\/www.instagram.com\\\/corncrakelife\\\/\",\"https:\\\/\\\/www.youtube.com\\\/channel\\\/UCJGP2YKBafZ689yVU0Iy_Zw\"]}]}<\/script>\n<!-- \/ Yoast SEO plugin. -->","yoast_head_json":{"title":"\u00cele Tory - Corncrake LIFE","robots":{"index":"index","follow":"follow","max-snippet":"max-snippet:-1","max-image-preview":"max-image-preview:large","max-video-preview":"max-video-preview:-1"},"canonical":"https:\/\/www.corncrakelife.ie\/fr\/ile-tory\/","og_locale":"fr_FR","og_type":"article","og_title":"\u00cele Tory - Corncrake LIFE","og_description":"L&rsquo;\u00eele Tory, ou simplement Tory (officiellement connue sous son nom irlandais Toraigh), est une \u00eele situ\u00e9e \u00e0 14,5 kilom\u00e8tres de la c\u00f4te nord-ouest du comt\u00e9 de Donegal, en Irlande, et est l&rsquo;\u00eele habit\u00e9e la plus \u00e9loign\u00e9e d&rsquo;Irlande. Elle est \u00e9galement connue en irlandais sous le nom de Oile\u00e1n Thora\u00ed ou, historiquement, Oile\u00e1n Th\u00far R\u00ed. Le [&hellip;]","og_url":"https:\/\/www.corncrakelife.ie\/fr\/ile-tory\/","og_site_name":"Corncrake LIFE","article_publisher":"https:\/\/www.facebook.com\/groups\/1110924015998978","article_modified_time":"2024-06-04T10:32:37+00:00","og_image":[{"url":"https:\/\/www.corncrakelife.ie\/wp-content\/uploads\/2022\/03\/03611e_a0ac75ec99f24b82bcafc23401e3f667_mv2-1024x724.jpg","type":"","width":"","height":""}],"twitter_card":"summary_large_image","twitter_site":"@CorncrakeLife","twitter_misc":{"Dur\u00e9e de lecture estim\u00e9e":"6 minutes"},"schema":{"@context":"https:\/\/schema.org","@graph":[{"@type":"WebPage","@id":"https:\/\/www.corncrakelife.ie\/fr\/ile-tory\/","url":"https:\/\/www.corncrakelife.ie\/fr\/ile-tory\/","name":"\u00cele Tory - Corncrake LIFE","isPartOf":{"@id":"https:\/\/www.corncrakelife.ie\/fr\/#website"},"primaryImageOfPage":{"@id":"https:\/\/www.corncrakelife.ie\/fr\/ile-tory\/#primaryimage"},"image":{"@id":"https:\/\/www.corncrakelife.ie\/fr\/ile-tory\/#primaryimage"},"thumbnailUrl":"https:\/\/www.corncrakelife.ie\/wp-content\/uploads\/2022\/03\/03611e_a0ac75ec99f24b82bcafc23401e3f667_mv2-1024x724.jpg","datePublished":"2022-03-03T09:49:53+00:00","dateModified":"2024-06-04T10:32:37+00:00","breadcrumb":{"@id":"https:\/\/www.corncrakelife.ie\/fr\/ile-tory\/#breadcrumb"},"inLanguage":"fr-FR","potentialAction":[{"@type":"ReadAction","target":["https:\/\/www.corncrakelife.ie\/fr\/ile-tory\/"]}]},{"@type":"ImageObject","inLanguage":"fr-FR","@id":"https:\/\/www.corncrakelife.ie\/fr\/ile-tory\/#primaryimage","url":"https:\/\/www.corncrakelife.ie\/wp-content\/uploads\/2022\/03\/03611e_a0ac75ec99f24b82bcafc23401e3f667_mv2-1024x724.jpg","contentUrl":"https:\/\/www.corncrakelife.ie\/wp-content\/uploads\/2022\/03\/03611e_a0ac75ec99f24b82bcafc23401e3f667_mv2-1024x724.jpg"},{"@type":"BreadcrumbList","@id":"https:\/\/www.corncrakelife.ie\/fr\/ile-tory\/#breadcrumb","itemListElement":[{"@type":"ListItem","position":1,"name":"Home","item":"https:\/\/www.corncrakelife.ie\/fr\/"},{"@type":"ListItem","position":2,"name":"\u00cele Tory"}]},{"@type":"WebSite","@id":"https:\/\/www.corncrakelife.ie\/fr\/#website","url":"https:\/\/www.corncrakelife.ie\/fr\/","name":"Corncrake LIFE","description":"Corncrake Traonach LIFE","publisher":{"@id":"https:\/\/www.corncrakelife.ie\/fr\/#organization"},"potentialAction":[{"@type":"SearchAction","target":{"@type":"EntryPoint","urlTemplate":"https:\/\/www.corncrakelife.ie\/fr\/?s={search_term_string}"},"query-input":{"@type":"PropertyValueSpecification","valueRequired":true,"valueName":"search_term_string"}}],"inLanguage":"fr-FR"},{"@type":"Organization","@id":"https:\/\/www.corncrakelife.ie\/fr\/#organization","name":"Department of Housing, Local Government and Heritage","url":"https:\/\/www.corncrakelife.ie\/fr\/","logo":{"@type":"ImageObject","inLanguage":"fr-FR","@id":"https:\/\/www.corncrakelife.ie\/fr\/#\/schema\/logo\/image\/","url":"https:\/\/www.corncrakelife.ie\/wp-content\/uploads\/2022\/03\/Corncrake-Traonach-LIFE-Logo.png","contentUrl":"https:\/\/www.corncrakelife.ie\/wp-content\/uploads\/2022\/03\/Corncrake-Traonach-LIFE-Logo.png","width":207,"height":100,"caption":"Department of Housing, Local Government and Heritage"},"image":{"@id":"https:\/\/www.corncrakelife.ie\/fr\/#\/schema\/logo\/image\/"},"sameAs":["https:\/\/www.facebook.com\/groups\/1110924015998978","https:\/\/x.com\/CorncrakeLife","https:\/\/www.instagram.com\/corncrakelife\/","https:\/\/www.youtube.com\/channel\/UCJGP2YKBafZ689yVU0Iy_Zw"]}]}},"_links":{"self":[{"href":"https:\/\/www.corncrakelife.ie\/fr\/wp-json\/wp\/v2\/pages\/1195","targetHints":{"allow":["GET"]}}],"collection":[{"href":"https:\/\/www.corncrakelife.ie\/fr\/wp-json\/wp\/v2\/pages"}],"about":[{"href":"https:\/\/www.corncrakelife.ie\/fr\/wp-json\/wp\/v2\/types\/page"}],"author":[{"embeddable":true,"href":"https:\/\/www.corncrakelife.ie\/fr\/wp-json\/wp\/v2\/users\/1"}],"replies":[{"embeddable":true,"href":"https:\/\/www.corncrakelife.ie\/fr\/wp-json\/wp\/v2\/comments?post=1195"}],"version-history":[{"count":4,"href":"https:\/\/www.corncrakelife.ie\/fr\/wp-json\/wp\/v2\/pages\/1195\/revisions"}],"predecessor-version":[{"id":2426,"href":"https:\/\/www.corncrakelife.ie\/fr\/wp-json\/wp\/v2\/pages\/1195\/revisions\/2426"}],"wp:attachment":[{"href":"https:\/\/www.corncrakelife.ie\/fr\/wp-json\/wp\/v2\/media?parent=1195"}],"curies":[{"name":"wp","href":"https:\/\/api.w.org\/{rel}","templated":true}]}}