{"id":1193,"date":"2022-03-03T09:04:51","date_gmt":"2022-03-03T09:04:51","guid":{"rendered":"https:\/\/www.corncrakelife.ie\/inishbofin-et-inishdooey\/"},"modified":"2024-06-04T11:34:26","modified_gmt":"2024-06-04T10:34:26","slug":"inishbofin-et-inishdooey","status":"publish","type":"page","link":"https:\/\/www.corncrakelife.ie\/fr\/inishbofin-et-inishdooey\/","title":{"rendered":"Inishbofin et Inishdooey"},"content":{"rendered":"\n<div class=\"wp-block-media-text alignwide has-media-on-the-right is-stacked-on-mobile\"><div class=\"wp-block-media-text__content\">\n<h2 class=\"wp-block-heading\">Faune<\/h2>\n\n\n\n<p>La ZPS d&rsquo;Inishbofin, Inishdooey et Inishbeg abrite une population hivernante de Bernache nonnette d&rsquo;importance nationale (322 individus &#8211; 4 moyennes d&rsquo;\u00e9tude entre 1993 et 2003).\nLes oiseaux utilisent les \u00eeles pour se nourrir et se reposer, mais font parfois la navette vers d&rsquo;autres sites de la r\u00e9gion.\nLe site abrite \u00e9galement une population reproductrice de r\u00e2les des gen\u00eats (13 couples &#8211; pic moyen sur cinq ans entre 2003 et 2007, bas\u00e9 sur des enregistrements de m\u00e2les appelants).\nLa ZPS d&rsquo;Inishbofin, Inishdooey et Inishbeg fait partie d&rsquo;une s\u00e9rie de sites le long de la c\u00f4te ouest qui sont r\u00e9guli\u00e8rement utilis\u00e9s par des nombres importants de R\u00e2les des gen\u00eats nicheurs au niveau national.   <\/p>\n\n\n\n<p>Inishbofin \/ <em>Inis B\u00f3 Finne<\/em> (\u201cl&rsquo;\u00eele de la vache blanche\u201d), est situ\u00e9e \u00e0 3 km \/ 2 milles (dix minutes en bateau) de l&#8217;embarcad\u00e8re de <em>Machaire U\u00ed Rabhartaigh<\/em> \/ Magheroarty \/ Gortahork, \u00e0 partir de laquelle un service de ferry r\u00e9gulier circule depuis 2004.<\/p>\n<\/div><figure class=\"wp-block-media-text__media\"><a href=\"https:\/\/www.corncrakelife.ie\/wp-content\/uploads\/2022\/03\/03611e_2dcd4e60aafe4861b715e722b14eab47_mv2-1024x724.jpg\"><img loading=\"lazy\" decoding=\"async\" width=\"1024\" height=\"724\" src=\"https:\/\/www.corncrakelife.ie\/wp-content\/uploads\/2022\/03\/03611e_2dcd4e60aafe4861b715e722b14eab47_mv2-1024x724.jpg\" alt=\"Inishbofin &amp; Inishdooey Catchment Map\" class=\"wp-image-296 size-full\" srcset=\"https:\/\/www.corncrakelife.ie\/wp-content\/uploads\/2022\/03\/03611e_2dcd4e60aafe4861b715e722b14eab47_mv2-1024x724.jpg 1024w, https:\/\/www.corncrakelife.ie\/wp-content\/uploads\/2022\/03\/03611e_2dcd4e60aafe4861b715e722b14eab47_mv2-300x212.jpg 300w, https:\/\/www.corncrakelife.ie\/wp-content\/uploads\/2022\/03\/03611e_2dcd4e60aafe4861b715e722b14eab47_mv2-768x543.jpg 768w, https:\/\/www.corncrakelife.ie\/wp-content\/uploads\/2022\/03\/03611e_2dcd4e60aafe4861b715e722b14eab47_mv2.jpg 1200w\" sizes=\"auto, (max-width: 1024px) 100vw, 1024px\" \/><\/a><\/figure><\/div>\n\n<div class=\"wp-block-media-text alignwide has-media-on-the-right is-stacked-on-mobile\"><div class=\"wp-block-media-text__content\">\n<p>Inishbofin \/ <em>Inis B\u00f3 Finne<\/em> (\u201cl&rsquo;\u00eele de la vache blanche\u201d), est situ\u00e9e \u00e0 3 km \/ 2 milles (dix minutes en bateau) de l&#8217;embarcad\u00e8re de <em>Machaire U\u00ed Rabhartaigh<\/em> \/ Magheroarty \/ Gortahork, \u00e0 partir de laquelle un service de ferry r\u00e9gulier circule depuis 2004.<\/p>\n\n\n\n<p>L&rsquo;\u00eele s&rsquo;\u00e9tend sur 120 hectares et son \u00e9conomie repose traditionnellement sur la p\u00eache et l&rsquo;agriculture.\nL&rsquo;irlandais est couramment parl\u00e9.\nIl n&rsquo;y a pas de pubs ni de magasins sur l&rsquo;\u00eele.\nElle est desservie par un bateau, mais il n&rsquo;y a pas de ferry r\u00e9gulier.   <\/p>\n\n\n\n<p>Couvrant 300 acres, cette \u00eele est compos\u00e9e de deux moiti\u00e9s reli\u00e9es par un col \u00e9troit et sablonneux. La moiti\u00e9 sud de l&rsquo;\u00eele est fertile et a \u00e9t\u00e9 cultiv\u00e9e dans le pass\u00e9 selon la m\u00e9thode traditionnelle \u00ab\u00a0clachan et rundale\u00a0\u00bb, impliquant l&rsquo;utilisation commune de terres arables rares et de p\u00e2turages pour le b\u00e9tail.\nLes anciennes limites des champs sont toujours en place, bien que les champs soient maintenant devenus des prairies, offrant un habitat essentiel aux oies et surtout aux r\u00e2les des gen\u00eats, qui prosp\u00e8rent ici. <\/p>\n<\/div><figure class=\"wp-block-media-text__media\"><a href=\"https:\/\/www.corncrakelife.ie\/wp-content\/uploads\/2022\/03\/image012.jpg\"><img loading=\"lazy\" decoding=\"async\" width=\"405\" height=\"282\" src=\"https:\/\/www.corncrakelife.ie\/wp-content\/uploads\/2022\/03\/image012.jpg\" alt=\"Total Male Calling Corncrakes - Inishbofin &amp; Inishdooey\" class=\"wp-image-339 size-full\" srcset=\"https:\/\/www.corncrakelife.ie\/wp-content\/uploads\/2022\/03\/image012.jpg 405w, https:\/\/www.corncrakelife.ie\/wp-content\/uploads\/2022\/03\/image012-300x209.jpg 300w\" sizes=\"auto, (max-width: 405px) 100vw, 405px\" \/><\/a><\/figure><\/div>\n\n<p>Il y a deux anciens villages sur l&rsquo;\u00eele, l&rsquo;un pr\u00e8s du port d&rsquo;<em>An Clachan<\/em>, et l&rsquo;autre \u00e0 une courte distance \u00e0 <em>An Garradh B\u00e1n<\/em>.<\/p>\n\n<p>On pense que les premiers habitants \u00e9taient d&rsquo;origine scandinave et qu&rsquo;ils sont arriv\u00e9s \u00e0 l&rsquo;\u00e9poque des raids vikings sur la c\u00f4te irlandaise au cours du IXe et du Xe si\u00e8cle.\nLeurs descendants auraient \u00e9t\u00e9 extermin\u00e9s par les soldats cromwelliens au milieu du XVIIe si\u00e8cle.\nPar la suite, l&rsquo;\u00eele a \u00e9t\u00e9 colonis\u00e9e par des habitants du Donegal qui fuyaient l&rsquo;oppression, la pauvret\u00e9 et la famine.\nOn dit que les pommes de terre de l&rsquo;\u00eele n&rsquo;ont pas \u00e9t\u00e9 affect\u00e9es par le mildiou qui a d\u00e9truit la principale source de nourriture de la paysannerie irlandaise, entra\u00eenant les maladies, les d\u00e9c\u00e8s et l&rsquo;\u00e9migration massive provoqu\u00e9s par la Grande Famine du milieu du XIXe si\u00e8cle.   <\/p>\n\n<div class=\"wp-block-media-text alignwide has-media-on-the-right is-stacked-on-mobile is-vertically-aligned-top\"><div class=\"wp-block-media-text__content\">\n<h2 class=\"wp-block-heading\">D\u00e9mographie<\/h2>\n\n\n\n<p>La population d&rsquo;Inishbofin est pass\u00e9e en 100 ans de 166 (1911) \u00e0 11 (2011).<\/p>\n\n\n\n<p>Inishbofin a \u00e9t\u00e9 le t\u00e9moin d&rsquo;un certain nombre de trag\u00e9dies maritimes.\nEn 1929, un bateau de p\u00eache de l&rsquo;\u00eele a \u00e9t\u00e9 coup\u00e9 en deux par un plus gros bateau dans un \u00e9pais brouillard, et tous les hommes sauf un se sont noy\u00e9s.\nEn 1940, un navire du nom de Stulwik s&rsquo;est \u00e9cras\u00e9 sur des rochers et 10 personnes ont p\u00e9ri.  <\/p>\n<\/div><figure class=\"wp-block-media-text__media\"><a href=\"https:\/\/www.corncrakelife.ie\/wp-content\/uploads\/2022\/03\/03611e_eb57452e83394563b3584f0ca50ea077_mv2.jpg\"><img loading=\"lazy\" decoding=\"async\" width=\"800\" height=\"332\" src=\"https:\/\/www.corncrakelife.ie\/wp-content\/uploads\/2022\/03\/03611e_eb57452e83394563b3584f0ca50ea077_mv2.jpg\" alt=\"Inishbofin Historical Population\" class=\"wp-image-340 size-full\" srcset=\"https:\/\/www.corncrakelife.ie\/wp-content\/uploads\/2022\/03\/03611e_eb57452e83394563b3584f0ca50ea077_mv2.jpg 800w, https:\/\/www.corncrakelife.ie\/wp-content\/uploads\/2022\/03\/03611e_eb57452e83394563b3584f0ca50ea077_mv2-300x125.jpg 300w, https:\/\/www.corncrakelife.ie\/wp-content\/uploads\/2022\/03\/03611e_eb57452e83394563b3584f0ca50ea077_mv2-768x319.jpg 768w\" sizes=\"auto, (max-width: 800px) 100vw, 800px\" \/><\/a><\/figure><\/div>\n\n<p>Dans les ann\u00e9es 1960, une population d&rsquo;environ 120 habitants menait une existence tranquille, quoique difficile, dans le domaine de la p\u00eache et de l&rsquo;agriculture.\nAujourd&rsquo;hui, seules quelques \u00e2mes vaillantes passent toute l&rsquo;ann\u00e9e sur l&rsquo;\u00eele et pratiquent l&rsquo;agriculture \u00e0 temps partiel. <\/p>\n\n<p>Cependant, de mars \u00e0 octobre, de nombreux anciens habitants reviennent pour p\u00eacher le homard, le crabe et le saumon de l&rsquo;Atlantique, ou pour ramasser des coquillages et des algues comestibles telles que le cairrigin (carragh\u00e9nane) et le creathnach (dulse) sur les rochers.\nD&rsquo;autres familles reviennent pour la dur\u00e9e des vacances scolaires d&rsquo;\u00e9t\u00e9.\nDe nombreuses maisons de l&rsquo;\u00eele ont \u00e9t\u00e9 r\u00e9nov\u00e9es, le plus souvent pour servir de maisons de vacances.  <\/p>\n\n<p>Jusqu&rsquo;\u00e0 r\u00e9cemment, l&rsquo;\u00eele ne disposait d&rsquo;aucune infrastructure d&rsquo;accueil pour les visiteurs.\nL&rsquo;\u00e9t\u00e9 2002 a vu l&rsquo;arriv\u00e9e de l&rsquo;\u00e9lectricit\u00e9 et de l&rsquo;eau courante, et l&rsquo;ouverture d&rsquo;une auberge de 30 lits \u00e0 An Clachan.\nLa plupart des visiteurs viennent pour observer les oiseaux et\/ou explorer les \u00e9tranges formations rocheuses du littoral.  <\/p>\n\n<p>Les habitants de l&rsquo;\u00eele aiment parler aux visiteurs (de pr\u00e9f\u00e9rence en ga\u00e9lique irlandais) et aiment raconter des histoires sur l&rsquo;\u00eele et son histoire.\nLes linguistes ont fait des commentaires sur leur fa\u00e7on inhabituelle de parler, avec des r\u00e9p\u00e9titions en \u00ab\u00a0\u00e9cho\u00a0\u00bb, qui seraient typiques des communaut\u00e9s de conteurs. <\/p>\n\n<p>Inishbofin a \u00e9t\u00e9 le t\u00e9moin d&rsquo;un certain nombre de trag\u00e9dies maritimes.\nEn 1929, un bateau de p\u00eache de l&rsquo;\u00eele a \u00e9t\u00e9 coup\u00e9 en deux par un plus gros bateau dans un \u00e9pais brouillard, et tous les hommes sauf un se sont noy\u00e9s.\nEn 1940, un navire du nom de Stulwik s&rsquo;est \u00e9cras\u00e9 sur des rochers et 10 personnes ont p\u00e9ri.  <\/p>\n\n<p>Dans les ann\u00e9es 1960, une population d&rsquo;environ 120 habitants menait une existence tranquille, quoique difficile, dans le domaine de la p\u00eache et de l&rsquo;agriculture.\nAujourd&rsquo;hui, seules quelques \u00e2mes vaillantes passent toute l&rsquo;ann\u00e9e sur l&rsquo;\u00eele et pratiquent l&rsquo;agriculture \u00e0 temps partiel. <\/p>\n\n<p>Cependant, de mars \u00e0 octobre, de nombreux anciens habitants reviennent pour p\u00eacher le homard, le crabe et le saumon de l&rsquo;Atlantique, ou pour ramasser des coquillages et des algues comestibles telles que le cairrigin (carragh\u00e9nane) et le creathnach (dulse) sur les rochers.\nD&rsquo;autres familles reviennent pour la dur\u00e9e des vacances scolaires d&rsquo;\u00e9t\u00e9.\nDe nombreuses maisons de l&rsquo;\u00eele ont \u00e9t\u00e9 r\u00e9nov\u00e9es, le plus souvent pour servir de maisons de vacances.  <\/p>\n\n<p>Jusqu&rsquo;\u00e0 r\u00e9cemment, l&rsquo;\u00eele ne disposait d&rsquo;aucune infrastructure d&rsquo;accueil pour les visiteurs.\nL&rsquo;\u00e9t\u00e9 2002 a vu l&rsquo;arriv\u00e9e de l&rsquo;\u00e9lectricit\u00e9 et de l&rsquo;eau courante, et l&rsquo;ouverture d&rsquo;une auberge de 30 lits \u00e0 An Clachan.\nLa plupart des visiteurs viennent pour observer les oiseaux et\/ou explorer les \u00e9tranges formations rocheuses du littoral.  <\/p>\n\n<p>Les habitants de l&rsquo;\u00eele aiment parler aux visiteurs (de pr\u00e9f\u00e9rence en ga\u00e9lique irlandais) et aiment raconter des histoires sur l&rsquo;\u00eele et son histoire.\nLes linguistes ont fait des commentaires sur leur fa\u00e7on inhabituelle de parler, avec des r\u00e9p\u00e9titions en \u00ab\u00a0\u00e9cho\u00a0\u00bb, qui seraient typiques des communaut\u00e9s de conteurs. <\/p>\n\n<p>Inishdooey \/ Inis Dhubhnach est une petite \u00eele inhabit\u00e9e, surtout connue pour les magnifiques arches et grottes de son c\u00f4t\u00e9 est.\nL&rsquo;\u00eele doit son nom aux ruines d&rsquo;une \u00e9glise qui aurait \u00e9t\u00e9 fond\u00e9e par le l\u00e9gendaire saint Dubhthach \/ Dooey, datant du VIe si\u00e8cle.\nLes vestiges d&rsquo;enceintes en pierre construites au prix de grands efforts pendant de nombreuses ann\u00e9es sont \u00e9galement visibles.  <\/p>\n\n<p>La ZPS d&rsquo;Inishbofin, Inishdooey et Inishbeg se compose de trois \u00eeles de taille petite \u00e0 moyenne situ\u00e9es entre 1 km et 4 km au large de la c\u00f4te nord-ouest du Co.\nDonegal.\nLe site est une zone de protection sp\u00e9ciale (ZPS) au titre de la directive Oiseaux de l&rsquo;Union europ\u00e9enne, qui pr\u00e9sente un int\u00e9r\u00eat particulier pour la conservation des esp\u00e8ces suivantes : Bernache nonnette, r\u00e2le des gen\u00eats, go\u00e9land commun, go\u00e9land leucoph\u00e9e et sterne arctique.  <\/p>\n\n<p>Pour plus de cartes et d&rsquo;informations touristiques, visitez: <a href=\"https:\/\/www.govisitdonegal.com\/\" target=\"_blank\" rel=\"noreferrer noopener\">https:\/\/www.govisitdonegal.com<\/a><\/p>\n","protected":false},"excerpt":{"rendered":"<p>Faune La ZPS d&rsquo;Inishbofin, Inishdooey et Inishbeg abrite une population hivernante de Bernache nonnette d&rsquo;importance nationale (322 individus &#8211; 4 moyennes d&rsquo;\u00e9tude entre 1993 et 2003). Les oiseaux utilisent les \u00eeles pour se nourrir et se reposer, mais font parfois la navette vers d&rsquo;autres sites de la r\u00e9gion. Le site abrite \u00e9galement une population reproductrice [&hellip;]<\/p>\n","protected":false},"author":1,"featured_media":0,"parent":0,"menu_order":0,"comment_status":"closed","ping_status":"closed","template":"","meta":{"site-sidebar-layout":"no-sidebar","site-content-layout":"","ast-site-content-layout":"default","site-content-style":"default","site-sidebar-style":"default","ast-global-header-display":"","ast-banner-title-visibility":"","ast-main-header-display":"","ast-hfb-above-header-display":"","ast-hfb-below-header-display":"","ast-hfb-mobile-header-display":"","site-post-title":"","ast-breadcrumbs-content":"","ast-featured-img":"","footer-sml-layout":"","ast-disable-related-posts":"","theme-transparent-header-meta":"","adv-header-id-meta":"","stick-header-meta":"","header-above-stick-meta":"","header-main-stick-meta":"","header-below-stick-meta":"","astra-migrate-meta-layouts":"default","ast-page-background-enabled":"default","ast-page-background-meta":{"desktop":{"background-color":"var(--ast-global-color-4)","background-image":"","background-repeat":"repeat","background-position":"center center","background-size":"auto","background-attachment":"scroll","background-type":"","background-media":"","overlay-type":"","overlay-color":"","overlay-opacity":"","overlay-gradient":""},"tablet":{"background-color":"","background-image":"","background-repeat":"repeat","background-position":"center center","background-size":"auto","background-attachment":"scroll","background-type":"","background-media":"","overlay-type":"","overlay-color":"","overlay-opacity":"","overlay-gradient":""},"mobile":{"background-color":"","background-image":"","background-repeat":"repeat","background-position":"center center","background-size":"auto","background-attachment":"scroll","background-type":"","background-media":"","overlay-type":"","overlay-color":"","overlay-opacity":"","overlay-gradient":""}},"ast-content-background-meta":{"desktop":{"background-color":"var(--ast-global-color-5)","background-image":"","background-repeat":"repeat","background-position":"center center","background-size":"auto","background-attachment":"scroll","background-type":"","background-media":"","overlay-type":"","overlay-color":"","overlay-opacity":"","overlay-gradient":""},"tablet":{"background-color":"var(--ast-global-color-5)","background-image":"","background-repeat":"repeat","background-position":"center center","background-size":"auto","background-attachment":"scroll","background-type":"","background-media":"","overlay-type":"","overlay-color":"","overlay-opacity":"","overlay-gradient":""},"mobile":{"background-color":"var(--ast-global-color-5)","background-image":"","background-repeat":"repeat","background-position":"center center","background-size":"auto","background-attachment":"scroll","background-type":"","background-media":"","overlay-type":"","overlay-color":"","overlay-opacity":"","overlay-gradient":""}},"footnotes":""},"class_list":["post-1193","page","type-page","status-publish","hentry"],"yoast_head":"<!-- This site is optimized with the Yoast SEO plugin v27.3 - https:\/\/yoast.com\/product\/yoast-seo-wordpress\/ -->\n<title>Inishbofin et Inishdooey - Corncrake LIFE<\/title>\n<meta name=\"robots\" content=\"index, follow, max-snippet:-1, max-image-preview:large, max-video-preview:-1\" \/>\n<link rel=\"canonical\" href=\"https:\/\/www.corncrakelife.ie\/fr\/inishbofin-et-inishdooey\/\" \/>\n<meta property=\"og:locale\" content=\"fr_FR\" \/>\n<meta property=\"og:type\" content=\"article\" \/>\n<meta property=\"og:title\" content=\"Inishbofin et Inishdooey - Corncrake LIFE\" \/>\n<meta property=\"og:description\" content=\"Faune La ZPS d&rsquo;Inishbofin, Inishdooey et Inishbeg abrite une population hivernante de Bernache nonnette d&rsquo;importance nationale (322 individus &#8211; 4 moyennes d&rsquo;\u00e9tude entre 1993 et 2003). Les oiseaux utilisent les \u00eeles pour se nourrir et se reposer, mais font parfois la navette vers d&rsquo;autres sites de la r\u00e9gion. Le site abrite \u00e9galement une population reproductrice [&hellip;]\" \/>\n<meta property=\"og:url\" content=\"https:\/\/www.corncrakelife.ie\/fr\/inishbofin-et-inishdooey\/\" \/>\n<meta property=\"og:site_name\" content=\"Corncrake LIFE\" \/>\n<meta property=\"article:publisher\" content=\"https:\/\/www.facebook.com\/groups\/1110924015998978\" \/>\n<meta property=\"article:modified_time\" content=\"2024-06-04T10:34:26+00:00\" \/>\n<meta property=\"og:image\" content=\"https:\/\/www.corncrakelife.ie\/wp-content\/uploads\/2022\/03\/03611e_2dcd4e60aafe4861b715e722b14eab47_mv2-1024x724.jpg\" \/>\n<meta name=\"twitter:card\" content=\"summary_large_image\" \/>\n<meta name=\"twitter:site\" content=\"@CorncrakeLife\" \/>\n<meta name=\"twitter:label1\" content=\"Dur\u00e9e de lecture estim\u00e9e\" \/>\n\t<meta name=\"twitter:data1\" content=\"6 minutes\" \/>\n<script type=\"application\/ld+json\" class=\"yoast-schema-graph\">{\"@context\":\"https:\\\/\\\/schema.org\",\"@graph\":[{\"@type\":\"WebPage\",\"@id\":\"https:\\\/\\\/www.corncrakelife.ie\\\/fr\\\/inishbofin-et-inishdooey\\\/\",\"url\":\"https:\\\/\\\/www.corncrakelife.ie\\\/fr\\\/inishbofin-et-inishdooey\\\/\",\"name\":\"Inishbofin et Inishdooey - Corncrake LIFE\",\"isPartOf\":{\"@id\":\"https:\\\/\\\/www.corncrakelife.ie\\\/fr\\\/#website\"},\"primaryImageOfPage\":{\"@id\":\"https:\\\/\\\/www.corncrakelife.ie\\\/fr\\\/inishbofin-et-inishdooey\\\/#primaryimage\"},\"image\":{\"@id\":\"https:\\\/\\\/www.corncrakelife.ie\\\/fr\\\/inishbofin-et-inishdooey\\\/#primaryimage\"},\"thumbnailUrl\":\"https:\\\/\\\/www.corncrakelife.ie\\\/wp-content\\\/uploads\\\/2022\\\/03\\\/03611e_2dcd4e60aafe4861b715e722b14eab47_mv2-1024x724.jpg\",\"datePublished\":\"2022-03-03T09:04:51+00:00\",\"dateModified\":\"2024-06-04T10:34:26+00:00\",\"breadcrumb\":{\"@id\":\"https:\\\/\\\/www.corncrakelife.ie\\\/fr\\\/inishbofin-et-inishdooey\\\/#breadcrumb\"},\"inLanguage\":\"fr-FR\",\"potentialAction\":[{\"@type\":\"ReadAction\",\"target\":[\"https:\\\/\\\/www.corncrakelife.ie\\\/fr\\\/inishbofin-et-inishdooey\\\/\"]}]},{\"@type\":\"ImageObject\",\"inLanguage\":\"fr-FR\",\"@id\":\"https:\\\/\\\/www.corncrakelife.ie\\\/fr\\\/inishbofin-et-inishdooey\\\/#primaryimage\",\"url\":\"https:\\\/\\\/www.corncrakelife.ie\\\/wp-content\\\/uploads\\\/2022\\\/03\\\/03611e_2dcd4e60aafe4861b715e722b14eab47_mv2-1024x724.jpg\",\"contentUrl\":\"https:\\\/\\\/www.corncrakelife.ie\\\/wp-content\\\/uploads\\\/2022\\\/03\\\/03611e_2dcd4e60aafe4861b715e722b14eab47_mv2-1024x724.jpg\"},{\"@type\":\"BreadcrumbList\",\"@id\":\"https:\\\/\\\/www.corncrakelife.ie\\\/fr\\\/inishbofin-et-inishdooey\\\/#breadcrumb\",\"itemListElement\":[{\"@type\":\"ListItem\",\"position\":1,\"name\":\"Home\",\"item\":\"https:\\\/\\\/www.corncrakelife.ie\\\/fr\\\/\"},{\"@type\":\"ListItem\",\"position\":2,\"name\":\"Inishbofin et Inishdooey\"}]},{\"@type\":\"WebSite\",\"@id\":\"https:\\\/\\\/www.corncrakelife.ie\\\/fr\\\/#website\",\"url\":\"https:\\\/\\\/www.corncrakelife.ie\\\/fr\\\/\",\"name\":\"Corncrake LIFE\",\"description\":\"Corncrake Traonach LIFE\",\"publisher\":{\"@id\":\"https:\\\/\\\/www.corncrakelife.ie\\\/fr\\\/#organization\"},\"potentialAction\":[{\"@type\":\"SearchAction\",\"target\":{\"@type\":\"EntryPoint\",\"urlTemplate\":\"https:\\\/\\\/www.corncrakelife.ie\\\/fr\\\/?s={search_term_string}\"},\"query-input\":{\"@type\":\"PropertyValueSpecification\",\"valueRequired\":true,\"valueName\":\"search_term_string\"}}],\"inLanguage\":\"fr-FR\"},{\"@type\":\"Organization\",\"@id\":\"https:\\\/\\\/www.corncrakelife.ie\\\/fr\\\/#organization\",\"name\":\"Department of Housing, Local Government and Heritage\",\"url\":\"https:\\\/\\\/www.corncrakelife.ie\\\/fr\\\/\",\"logo\":{\"@type\":\"ImageObject\",\"inLanguage\":\"fr-FR\",\"@id\":\"https:\\\/\\\/www.corncrakelife.ie\\\/fr\\\/#\\\/schema\\\/logo\\\/image\\\/\",\"url\":\"https:\\\/\\\/www.corncrakelife.ie\\\/wp-content\\\/uploads\\\/2022\\\/03\\\/Corncrake-Traonach-LIFE-Logo.png\",\"contentUrl\":\"https:\\\/\\\/www.corncrakelife.ie\\\/wp-content\\\/uploads\\\/2022\\\/03\\\/Corncrake-Traonach-LIFE-Logo.png\",\"width\":207,\"height\":100,\"caption\":\"Department of Housing, Local Government and Heritage\"},\"image\":{\"@id\":\"https:\\\/\\\/www.corncrakelife.ie\\\/fr\\\/#\\\/schema\\\/logo\\\/image\\\/\"},\"sameAs\":[\"https:\\\/\\\/www.facebook.com\\\/groups\\\/1110924015998978\",\"https:\\\/\\\/x.com\\\/CorncrakeLife\",\"https:\\\/\\\/www.instagram.com\\\/corncrakelife\\\/\",\"https:\\\/\\\/www.youtube.com\\\/channel\\\/UCJGP2YKBafZ689yVU0Iy_Zw\"]}]}<\/script>\n<!-- \/ Yoast SEO plugin. -->","yoast_head_json":{"title":"Inishbofin et Inishdooey - Corncrake LIFE","robots":{"index":"index","follow":"follow","max-snippet":"max-snippet:-1","max-image-preview":"max-image-preview:large","max-video-preview":"max-video-preview:-1"},"canonical":"https:\/\/www.corncrakelife.ie\/fr\/inishbofin-et-inishdooey\/","og_locale":"fr_FR","og_type":"article","og_title":"Inishbofin et Inishdooey - Corncrake LIFE","og_description":"Faune La ZPS d&rsquo;Inishbofin, Inishdooey et Inishbeg abrite une population hivernante de Bernache nonnette d&rsquo;importance nationale (322 individus &#8211; 4 moyennes d&rsquo;\u00e9tude entre 1993 et 2003). Les oiseaux utilisent les \u00eeles pour se nourrir et se reposer, mais font parfois la navette vers d&rsquo;autres sites de la r\u00e9gion. Le site abrite \u00e9galement une population reproductrice [&hellip;]","og_url":"https:\/\/www.corncrakelife.ie\/fr\/inishbofin-et-inishdooey\/","og_site_name":"Corncrake LIFE","article_publisher":"https:\/\/www.facebook.com\/groups\/1110924015998978","article_modified_time":"2024-06-04T10:34:26+00:00","og_image":[{"url":"https:\/\/www.corncrakelife.ie\/wp-content\/uploads\/2022\/03\/03611e_2dcd4e60aafe4861b715e722b14eab47_mv2-1024x724.jpg","type":"","width":"","height":""}],"twitter_card":"summary_large_image","twitter_site":"@CorncrakeLife","twitter_misc":{"Dur\u00e9e de lecture estim\u00e9e":"6 minutes"},"schema":{"@context":"https:\/\/schema.org","@graph":[{"@type":"WebPage","@id":"https:\/\/www.corncrakelife.ie\/fr\/inishbofin-et-inishdooey\/","url":"https:\/\/www.corncrakelife.ie\/fr\/inishbofin-et-inishdooey\/","name":"Inishbofin et Inishdooey - Corncrake LIFE","isPartOf":{"@id":"https:\/\/www.corncrakelife.ie\/fr\/#website"},"primaryImageOfPage":{"@id":"https:\/\/www.corncrakelife.ie\/fr\/inishbofin-et-inishdooey\/#primaryimage"},"image":{"@id":"https:\/\/www.corncrakelife.ie\/fr\/inishbofin-et-inishdooey\/#primaryimage"},"thumbnailUrl":"https:\/\/www.corncrakelife.ie\/wp-content\/uploads\/2022\/03\/03611e_2dcd4e60aafe4861b715e722b14eab47_mv2-1024x724.jpg","datePublished":"2022-03-03T09:04:51+00:00","dateModified":"2024-06-04T10:34:26+00:00","breadcrumb":{"@id":"https:\/\/www.corncrakelife.ie\/fr\/inishbofin-et-inishdooey\/#breadcrumb"},"inLanguage":"fr-FR","potentialAction":[{"@type":"ReadAction","target":["https:\/\/www.corncrakelife.ie\/fr\/inishbofin-et-inishdooey\/"]}]},{"@type":"ImageObject","inLanguage":"fr-FR","@id":"https:\/\/www.corncrakelife.ie\/fr\/inishbofin-et-inishdooey\/#primaryimage","url":"https:\/\/www.corncrakelife.ie\/wp-content\/uploads\/2022\/03\/03611e_2dcd4e60aafe4861b715e722b14eab47_mv2-1024x724.jpg","contentUrl":"https:\/\/www.corncrakelife.ie\/wp-content\/uploads\/2022\/03\/03611e_2dcd4e60aafe4861b715e722b14eab47_mv2-1024x724.jpg"},{"@type":"BreadcrumbList","@id":"https:\/\/www.corncrakelife.ie\/fr\/inishbofin-et-inishdooey\/#breadcrumb","itemListElement":[{"@type":"ListItem","position":1,"name":"Home","item":"https:\/\/www.corncrakelife.ie\/fr\/"},{"@type":"ListItem","position":2,"name":"Inishbofin et Inishdooey"}]},{"@type":"WebSite","@id":"https:\/\/www.corncrakelife.ie\/fr\/#website","url":"https:\/\/www.corncrakelife.ie\/fr\/","name":"Corncrake LIFE","description":"Corncrake Traonach LIFE","publisher":{"@id":"https:\/\/www.corncrakelife.ie\/fr\/#organization"},"potentialAction":[{"@type":"SearchAction","target":{"@type":"EntryPoint","urlTemplate":"https:\/\/www.corncrakelife.ie\/fr\/?s={search_term_string}"},"query-input":{"@type":"PropertyValueSpecification","valueRequired":true,"valueName":"search_term_string"}}],"inLanguage":"fr-FR"},{"@type":"Organization","@id":"https:\/\/www.corncrakelife.ie\/fr\/#organization","name":"Department of Housing, Local Government and Heritage","url":"https:\/\/www.corncrakelife.ie\/fr\/","logo":{"@type":"ImageObject","inLanguage":"fr-FR","@id":"https:\/\/www.corncrakelife.ie\/fr\/#\/schema\/logo\/image\/","url":"https:\/\/www.corncrakelife.ie\/wp-content\/uploads\/2022\/03\/Corncrake-Traonach-LIFE-Logo.png","contentUrl":"https:\/\/www.corncrakelife.ie\/wp-content\/uploads\/2022\/03\/Corncrake-Traonach-LIFE-Logo.png","width":207,"height":100,"caption":"Department of Housing, Local Government and Heritage"},"image":{"@id":"https:\/\/www.corncrakelife.ie\/fr\/#\/schema\/logo\/image\/"},"sameAs":["https:\/\/www.facebook.com\/groups\/1110924015998978","https:\/\/x.com\/CorncrakeLife","https:\/\/www.instagram.com\/corncrakelife\/","https:\/\/www.youtube.com\/channel\/UCJGP2YKBafZ689yVU0Iy_Zw"]}]}},"_links":{"self":[{"href":"https:\/\/www.corncrakelife.ie\/fr\/wp-json\/wp\/v2\/pages\/1193","targetHints":{"allow":["GET"]}}],"collection":[{"href":"https:\/\/www.corncrakelife.ie\/fr\/wp-json\/wp\/v2\/pages"}],"about":[{"href":"https:\/\/www.corncrakelife.ie\/fr\/wp-json\/wp\/v2\/types\/page"}],"author":[{"embeddable":true,"href":"https:\/\/www.corncrakelife.ie\/fr\/wp-json\/wp\/v2\/users\/1"}],"replies":[{"embeddable":true,"href":"https:\/\/www.corncrakelife.ie\/fr\/wp-json\/wp\/v2\/comments?post=1193"}],"version-history":[{"count":3,"href":"https:\/\/www.corncrakelife.ie\/fr\/wp-json\/wp\/v2\/pages\/1193\/revisions"}],"predecessor-version":[{"id":2434,"href":"https:\/\/www.corncrakelife.ie\/fr\/wp-json\/wp\/v2\/pages\/1193\/revisions\/2434"}],"wp:attachment":[{"href":"https:\/\/www.corncrakelife.ie\/fr\/wp-json\/wp\/v2\/media?parent=1193"}],"curies":[{"name":"wp","href":"https:\/\/api.w.org\/{rel}","templated":true}]}}