{"id":1191,"date":"2022-03-03T08:59:05","date_gmt":"2022-03-03T08:59:05","guid":{"rendered":"https:\/\/www.corncrakelife.ie\/marblehill-au-bassin-versant-de-meenlaragh\/"},"modified":"2024-06-04T11:36:10","modified_gmt":"2024-06-04T10:36:10","slug":"marblehill-au-bassin-versant-de-meenlaragh","status":"publish","type":"page","link":"https:\/\/www.corncrakelife.ie\/fr\/marblehill-au-bassin-versant-de-meenlaragh\/","title":{"rendered":"Marblehill au bassin versant de Meenlaragh"},"content":{"rendered":"\n<p><strong>Zone de chalandise : 4, comprend le <a rel=\"noreferrer noopener\" href=\"https:\/\/www.npws.ie\/protected-sites\/spa\/004149\" target=\"_blank\">code de site 004149<\/a> <\/strong><\/p>\n\n<div class=\"wp-block-media-text alignwide has-media-on-the-right is-stacked-on-mobile\"><div class=\"wp-block-media-text__content\">\n<h2 class=\"wp-block-heading\">Faune<\/h2>\n\n\n\n<p>Le bassin versant de Marblehill \u00e0 Meenlaragh a toujours accueilli une bonne population de r\u00e2les des gen\u00eats, mais leur nombre a diminu\u00e9 ces derni\u00e8res ann\u00e9es.\nPour les amateurs d&rsquo;oiseaux, la ligne de partage des eaux abrite une vaste gamme d&rsquo;esp\u00e8ces prot\u00e9g\u00e9es et rares, dont le Fulmar, le Cormoran Shag (Phalacrocorax aristotelis), l&rsquo;Oc\u00e9an Indien, l&rsquo;Oc\u00e9an Indien et l&rsquo;Oc\u00e9an Indien.   [A018] Bernache nonnette (Branta leucopsis) [A045] P\u00e8lerin (Falco peregrinus) [A103] Mouette tridactyle (Rissa tridactyla) [A188] Guillemot Petit Pingouin (Alca torda) [A200] Crave (Pyrrhocorax pyrrhocorax) [A346] Oie rieuse du Groenland (Anser albifrons flavirostris) [A395] <\/p>\n\n\n\n<p>Ce bassin versant (de Marblehill \u00e0 Meelaragh) accueille chaque ann\u00e9e un nombre important de R\u00e2les des gen\u00eats au niveau national (10 m\u00e2les appelants, moyenne de l&rsquo;enqu\u00eate 2014 &#8211; 2018).\nIl s&rsquo;agit \u00e9galement de l&rsquo;un des rares sites continentaux encore favorables au R\u00e2le des gen\u00eats dans le Co.\nDonegal et pr\u00e9sente souvent de bons nombres de m\u00e2les appelants.  <\/p>\n<\/div><figure class=\"wp-block-media-text__media\"><a href=\"https:\/\/www.corncrakelife.ie\/wp-content\/uploads\/2022\/03\/03611e_629ccc252048440c8a8c05d91f28fe4b_mv2-1024x724.jpg\"><img loading=\"lazy\" decoding=\"async\" width=\"1024\" height=\"724\" src=\"https:\/\/www.corncrakelife.ie\/wp-content\/uploads\/2022\/03\/03611e_629ccc252048440c8a8c05d91f28fe4b_mv2-1024x724.jpg\" alt=\"Marblehill to Meenlaragh Catchment Map\" class=\"wp-image-300 size-full\" srcset=\"https:\/\/www.corncrakelife.ie\/wp-content\/uploads\/2022\/03\/03611e_629ccc252048440c8a8c05d91f28fe4b_mv2-1024x724.jpg 1024w, https:\/\/www.corncrakelife.ie\/wp-content\/uploads\/2022\/03\/03611e_629ccc252048440c8a8c05d91f28fe4b_mv2-300x212.jpg 300w, https:\/\/www.corncrakelife.ie\/wp-content\/uploads\/2022\/03\/03611e_629ccc252048440c8a8c05d91f28fe4b_mv2-768x543.jpg 768w, https:\/\/www.corncrakelife.ie\/wp-content\/uploads\/2022\/03\/03611e_629ccc252048440c8a8c05d91f28fe4b_mv2.jpg 1200w\" sizes=\"auto, (max-width: 1024px) 100vw, 1024px\" \/><\/a><\/figure><\/div>\n\n<div class=\"wp-block-media-text alignwide has-media-on-the-right is-stacked-on-mobile\"><div class=\"wp-block-media-text__content\">\n<p>Le bassin versant de Marblehill \u00e0 Meenlaragh est r\u00e9parti sur plusieurs townlands le long de la c\u00f4te du nord-ouest du Co.\nDonegal, y compris les ZPS de <em>\n  <a rel=\"noreferrer noopener\" href=\"https:\/\/goo.gl\/maps\/bYDhkGo5YGPkzuSk8\" target=\"_blank\">M\u00edn Larach<\/a>\n<\/em>, <em>\n  <a rel=\"noreferrer noopener\" href=\"https:\/\/goo.gl\/maps\/hLf6E4eR9x7KToAR9\" target=\"_blank\">Machaire Rabhartaigh<\/a>\n<\/em><em>Cill Ulta<\/em>, <em>\n  <a rel=\"noreferrer noopener\" href=\"https:\/\/goo.gl\/maps\/6WgDqVDi2it56cf49\" target=\"_blank\">Baile An Easa<\/a>\n<\/em>, <em>\n  <a rel=\"noreferrer noopener\" href=\"https:\/\/goo.gl\/maps\/HuwLrtEUc2BrhtSU7\" target=\"_blank\">Droim Na Tine<\/a>\n<\/em> et <em>Baile Chonaill<\/em>. <\/p>\n\n\n\n<p>Le bassin versant de Marblehill \u00e0 Meenlaragh a toujours accueilli une bonne population de r\u00e2les des gen\u00eats, mais leur nombre a diminu\u00e9 ces derni\u00e8res ann\u00e9es.\nPour les amateurs d&rsquo;oiseaux, la ligne de partage des eaux abrite une vaste gamme d&rsquo;esp\u00e8ces prot\u00e9g\u00e9es et rares, dont le Fulmar, le Cormoran Shag (Phalacrocorax aristotelis), l&rsquo;Oc\u00e9an Indien, l&rsquo;Oc\u00e9an Indien et l&rsquo;Oc\u00e9an Indien.   [A018] Bernache nonnette (Branta leucopsis) [A045] P\u00e8lerin (Falco peregrinus) [A103] Mouette tridactyle (Rissa tridactyla) [A188] Guillemot Petit Pingouin (Alca torda) [A200] Crave (Pyrrhocorax pyrrhocorax) [A346] Oie rieuse du Groenland (Anser albifrons flavirostris) [A395]<\/p>\n<\/div><figure class=\"wp-block-media-text__media\"><a href=\"https:\/\/www.corncrakelife.ie\/wp-content\/uploads\/2022\/03\/image013.jpg\"><img loading=\"lazy\" decoding=\"async\" width=\"405\" height=\"285\" src=\"https:\/\/www.corncrakelife.ie\/wp-content\/uploads\/2022\/03\/image013.jpg\" alt=\"Total Male Calling Corncrakes - Marblehill to Meenlaragh\" class=\"wp-image-331 size-full\" srcset=\"https:\/\/www.corncrakelife.ie\/wp-content\/uploads\/2022\/03\/image013.jpg 405w, https:\/\/www.corncrakelife.ie\/wp-content\/uploads\/2022\/03\/image013-300x211.jpg 300w\" sizes=\"auto, (max-width: 405px) 100vw, 405px\" \/><\/a><\/figure><\/div>\n\n<p>L&rsquo;ancienne paroisse Gaeltacht de <em>Cloich Cheann Fhaola<\/em> , qui est maintenant compos\u00e9e des paroisses de <a href=\"https:\/\/goo.gl\/maps\/fKRWu9nCbuAxGgT59\" target=\"_blank\" rel=\"noreferrer noopener\">G <em>ort A &lsquo;Choirce<\/em><\/a> et <em><a href=\"https:\/\/goo.gl\/maps\/8WqjUQnJiKzDUCx58\" target=\"_blank\" rel=\"noreferrer noopener\">An F\u00e1l Carrach<\/a><\/em> , se trouve dans le coin nord-ouest de l&rsquo;Irlande, allant de Bloody Foreland, au nord jusqu&rsquo;au Rye rivi\u00e8re, en direction de <a href=\"https:\/\/goo.gl\/maps\/PXRn7s2zc6vbMjYZA\" target=\"_blank\" rel=\"noreferrer noopener\">Dunfanaghy<\/a> . Ce paysage c\u00f4tier est class\u00e9 comme une zone d&rsquo;agr\u00e9ment sc\u00e9nique particuli\u00e8rement \u00e9lev\u00e9e dans le plan de d\u00e9veloppement du comt\u00e9 de Donegal 2018-2024, car il conserve encore ses caract\u00e9ristiques rurales traditionnelles.\nIl compte une population d&rsquo;environ 4 000 habitants. <\/p>\n\n<p>L&rsquo;utilisation des sols dans le bassin versant est domin\u00e9e par l&rsquo;activit\u00e9 agricole.\nL&rsquo;activit\u00e9 \u00e9conomique de la r\u00e9gion est principalement ax\u00e9e sur le tourisme et l&rsquo;industrie h\u00f4teli\u00e8re.\nLa Wild Atlantic Way a entra\u00een\u00e9 une augmentation du nombre de visiteurs.\nEn particulier depuis que le Donegal et <em>Machaire Rabhartaigh<\/em> ont \u00e9t\u00e9 \u00e9lus num\u00e9ro un de la <a rel=\"noreferrer noopener\" href=\"https:\/\/www.nationalgeographic.co.uk\/travel\/2016\/12\/cool-list-17-2017\" target=\"_blank\">Cool List : 17 pour 2017 | National Geographic<\/a>.    Les autres attractions locales incluent l&rsquo; <a rel=\"noreferrer noopener\" href=\"https:\/\/www.tripadvisor.ie\/Attraction_Review-g1937012-d12211101-Reviews-Ray_Church-Falcarragh_County_Donegal.html\" target=\"_blank\">\u00e9glise Ray,<\/a> <a rel=\"noreferrer noopener\" href=\"https:\/\/www.tripadvisor.ie\/Attraction_Review-g1937012-d17433653-Reviews-Drumnatinny_Beach-Falcarragh_County_Donegal.html\" target=\"_blank\">la plage de Drumnatinney<\/a> et le centre d&rsquo;accueil des visiteurs <em><a rel=\"noreferrer noopener\" href=\"https:\/\/www.tripadvisor.ie\/Attraction_Review-g1937012-d2624680-Reviews-Falcarragh_Visitor_Centre-Falcarragh_County_Donegal.html\" target=\"_blank\">d&rsquo;An tSean Bhearic<\/a><\/em> .<\/p>\n\n<p>Falcarragh<em>(An F\u00e1l Carrach<\/em>), est une r\u00e9gion de Gaeltacht dans le Donegal. C&rsquo;est un bourg de la paroisse de Cloughaneely, situ\u00e9e dans le nord-ouest du Donegal sur la route N56, \u00e0 environ 45 km de Letterkenny.\nLes environs de Falcarragh sont d&rsquo;une beaut\u00e9 naturelle \u00e9tonnante, avec les montagnes Derryveagh d&rsquo;un c\u00f4t\u00e9 et les magnifiques plages pr\u00e9serv\u00e9es de Drumnatinney, Ballyness Bay et Magheroarty de l&rsquo;autre.\nLes \u00eeles de Tory et d&rsquo;Innisboffin se trouvent juste au large de la c\u00f4te.\nCe paysage vari\u00e9 est id\u00e9al pour les amateurs d&rsquo;activit\u00e9s de plein air.   <br\/>Jetez un \u0153il \u00e0 la page <a rel=\"noreferrer noopener\" href=\"http:\/\/www.falcarraghvisitorcentre.com\/activities\" target=\"_blank\">Activit\u00e9s<\/a> du centre d&rsquo;accueil des visiteurs de Falcarragh pour quelques id\u00e9es sur les choses \u00e0 faire dans ce coin pittoresque de Donegal.<\/p>\n\n<p>Alors que Dunfanaghy propose du surf et de l&rsquo;\u00e9quitation, le mus\u00e9e de la maison de <a href=\"https:\/\/www.tripadvisor.ie\/Attraction_Review-g212536-d214832-Reviews-The_Workhouse-Dunfanaghy_County_Donegal.html\" target=\"_blank\" rel=\"noreferrer noopener\">travail<\/a> ainsi que le magnifique parc forestier d&rsquo;Ards et la <a href=\"https:\/\/www.tripadvisor.ie\/Attraction_Review-g212536-d5979209-Reviews-Hornhead_Loop-Dunfanaghy_County_Donegal.html\" target=\"_blank\" rel=\"noreferrer noopener\">boucle de Horn Head<\/a> . <a href=\"https:\/\/www.glenveaghnationalpark.ie\/\" target=\"_blank\" rel=\"noreferrer noopener\">Le parc national de Glenveagh, situ\u00e9<\/a> \u00e0 proximit\u00e9, est une attraction touristique extr\u00eamement populaire. <\/p>\n\n<p>Dunfanaghy est un centre commercial du nord-ouest du Donegal.\nC&rsquo;est une destination touristique populaire qui dispose de nombreux \u00e9quipements, dont un terrain de golf, un centre d&rsquo;interpr\u00e9tation et une \u00e9cole de surf.\nL&rsquo;agriculture et, dans une moindre mesure, la p\u00eache sont \u00e9galement des activit\u00e9s importantes dans la zone de chalandise.  <\/p>\n\n<p>Pour plus de cartes et d&rsquo;informations touristiques, visitez: <a rel=\"noreferrer noopener\" href=\"http:\/\/www.wildatlanticcamp.ie\/\" target=\"_blank\">www.wildatlanticcamp.ie<\/a><\/p>\n\n<p>\u200b\u200bPour plus d&rsquo;informations sur la zone de protection sp\u00e9ciale dans ce bassin versant, visitez le site Web des services des parcs nationaux et de la faune <a rel=\"noreferrer noopener\" href=\"https:\/\/www.npws.ie\/protected-sites\/spa\/004149\" target=\"_blank\">https:\/\/www.npws.ie\/protected-sites\/spa\/004149<\/a><\/p>\n","protected":false},"excerpt":{"rendered":"<p>Zone de chalandise : 4, comprend le code de site 004149 Faune Le bassin versant de Marblehill \u00e0 Meenlaragh a toujours accueilli une bonne population de r\u00e2les des gen\u00eats, mais leur nombre a diminu\u00e9 ces derni\u00e8res ann\u00e9es. Pour les amateurs d&rsquo;oiseaux, la ligne de partage des eaux abrite une vaste gamme d&rsquo;esp\u00e8ces prot\u00e9g\u00e9es et rares, [&hellip;]<\/p>\n","protected":false},"author":1,"featured_media":0,"parent":0,"menu_order":0,"comment_status":"closed","ping_status":"closed","template":"","meta":{"site-sidebar-layout":"no-sidebar","site-content-layout":"","ast-site-content-layout":"default","site-content-style":"default","site-sidebar-style":"default","ast-global-header-display":"","ast-banner-title-visibility":"","ast-main-header-display":"","ast-hfb-above-header-display":"","ast-hfb-below-header-display":"","ast-hfb-mobile-header-display":"","site-post-title":"","ast-breadcrumbs-content":"","ast-featured-img":"","footer-sml-layout":"","ast-disable-related-posts":"","theme-transparent-header-meta":"","adv-header-id-meta":"","stick-header-meta":"","header-above-stick-meta":"","header-main-stick-meta":"","header-below-stick-meta":"","astra-migrate-meta-layouts":"default","ast-page-background-enabled":"default","ast-page-background-meta":{"desktop":{"background-color":"var(--ast-global-color-4)","background-image":"","background-repeat":"repeat","background-position":"center center","background-size":"auto","background-attachment":"scroll","background-type":"","background-media":"","overlay-type":"","overlay-color":"","overlay-opacity":"","overlay-gradient":""},"tablet":{"background-color":"","background-image":"","background-repeat":"repeat","background-position":"center center","background-size":"auto","background-attachment":"scroll","background-type":"","background-media":"","overlay-type":"","overlay-color":"","overlay-opacity":"","overlay-gradient":""},"mobile":{"background-color":"","background-image":"","background-repeat":"repeat","background-position":"center center","background-size":"auto","background-attachment":"scroll","background-type":"","background-media":"","overlay-type":"","overlay-color":"","overlay-opacity":"","overlay-gradient":""}},"ast-content-background-meta":{"desktop":{"background-color":"var(--ast-global-color-5)","background-image":"","background-repeat":"repeat","background-position":"center center","background-size":"auto","background-attachment":"scroll","background-type":"","background-media":"","overlay-type":"","overlay-color":"","overlay-opacity":"","overlay-gradient":""},"tablet":{"background-color":"var(--ast-global-color-5)","background-image":"","background-repeat":"repeat","background-position":"center center","background-size":"auto","background-attachment":"scroll","background-type":"","background-media":"","overlay-type":"","overlay-color":"","overlay-opacity":"","overlay-gradient":""},"mobile":{"background-color":"var(--ast-global-color-5)","background-image":"","background-repeat":"repeat","background-position":"center center","background-size":"auto","background-attachment":"scroll","background-type":"","background-media":"","overlay-type":"","overlay-color":"","overlay-opacity":"","overlay-gradient":""}},"footnotes":""},"class_list":["post-1191","page","type-page","status-publish","hentry"],"yoast_head":"<!-- This site is optimized with the Yoast SEO plugin v27.3 - https:\/\/yoast.com\/product\/yoast-seo-wordpress\/ -->\n<title>Marblehill au bassin versant de Meenlaragh - Corncrake LIFE<\/title>\n<meta name=\"robots\" content=\"index, follow, max-snippet:-1, max-image-preview:large, max-video-preview:-1\" \/>\n<link rel=\"canonical\" href=\"https:\/\/www.corncrakelife.ie\/fr\/marblehill-au-bassin-versant-de-meenlaragh\/\" \/>\n<meta property=\"og:locale\" content=\"fr_FR\" \/>\n<meta property=\"og:type\" content=\"article\" \/>\n<meta property=\"og:title\" content=\"Marblehill au bassin versant de Meenlaragh - Corncrake LIFE\" \/>\n<meta property=\"og:description\" content=\"Zone de chalandise : 4, comprend le code de site 004149 Faune Le bassin versant de Marblehill \u00e0 Meenlaragh a toujours accueilli une bonne population de r\u00e2les des gen\u00eats, mais leur nombre a diminu\u00e9 ces derni\u00e8res ann\u00e9es. Pour les amateurs d&rsquo;oiseaux, la ligne de partage des eaux abrite une vaste gamme d&rsquo;esp\u00e8ces prot\u00e9g\u00e9es et rares, [&hellip;]\" \/>\n<meta property=\"og:url\" content=\"https:\/\/www.corncrakelife.ie\/fr\/marblehill-au-bassin-versant-de-meenlaragh\/\" \/>\n<meta property=\"og:site_name\" content=\"Corncrake LIFE\" \/>\n<meta property=\"article:publisher\" content=\"https:\/\/www.facebook.com\/groups\/1110924015998978\" \/>\n<meta property=\"article:modified_time\" content=\"2024-06-04T10:36:10+00:00\" \/>\n<meta property=\"og:image\" content=\"https:\/\/www.corncrakelife.ie\/wp-content\/uploads\/2022\/03\/03611e_629ccc252048440c8a8c05d91f28fe4b_mv2-1024x724.jpg\" \/>\n<meta name=\"twitter:card\" content=\"summary_large_image\" \/>\n<meta name=\"twitter:site\" content=\"@CorncrakeLife\" \/>\n<meta name=\"twitter:label1\" content=\"Dur\u00e9e de lecture estim\u00e9e\" \/>\n\t<meta name=\"twitter:data1\" content=\"4 minutes\" \/>\n<script type=\"application\/ld+json\" class=\"yoast-schema-graph\">{\"@context\":\"https:\\\/\\\/schema.org\",\"@graph\":[{\"@type\":\"WebPage\",\"@id\":\"https:\\\/\\\/www.corncrakelife.ie\\\/fr\\\/marblehill-au-bassin-versant-de-meenlaragh\\\/\",\"url\":\"https:\\\/\\\/www.corncrakelife.ie\\\/fr\\\/marblehill-au-bassin-versant-de-meenlaragh\\\/\",\"name\":\"Marblehill au bassin versant de Meenlaragh - Corncrake LIFE\",\"isPartOf\":{\"@id\":\"https:\\\/\\\/www.corncrakelife.ie\\\/fr\\\/#website\"},\"primaryImageOfPage\":{\"@id\":\"https:\\\/\\\/www.corncrakelife.ie\\\/fr\\\/marblehill-au-bassin-versant-de-meenlaragh\\\/#primaryimage\"},\"image\":{\"@id\":\"https:\\\/\\\/www.corncrakelife.ie\\\/fr\\\/marblehill-au-bassin-versant-de-meenlaragh\\\/#primaryimage\"},\"thumbnailUrl\":\"https:\\\/\\\/www.corncrakelife.ie\\\/wp-content\\\/uploads\\\/2022\\\/03\\\/03611e_629ccc252048440c8a8c05d91f28fe4b_mv2-1024x724.jpg\",\"datePublished\":\"2022-03-03T08:59:05+00:00\",\"dateModified\":\"2024-06-04T10:36:10+00:00\",\"breadcrumb\":{\"@id\":\"https:\\\/\\\/www.corncrakelife.ie\\\/fr\\\/marblehill-au-bassin-versant-de-meenlaragh\\\/#breadcrumb\"},\"inLanguage\":\"fr-FR\",\"potentialAction\":[{\"@type\":\"ReadAction\",\"target\":[\"https:\\\/\\\/www.corncrakelife.ie\\\/fr\\\/marblehill-au-bassin-versant-de-meenlaragh\\\/\"]}]},{\"@type\":\"ImageObject\",\"inLanguage\":\"fr-FR\",\"@id\":\"https:\\\/\\\/www.corncrakelife.ie\\\/fr\\\/marblehill-au-bassin-versant-de-meenlaragh\\\/#primaryimage\",\"url\":\"https:\\\/\\\/www.corncrakelife.ie\\\/wp-content\\\/uploads\\\/2022\\\/03\\\/03611e_629ccc252048440c8a8c05d91f28fe4b_mv2-1024x724.jpg\",\"contentUrl\":\"https:\\\/\\\/www.corncrakelife.ie\\\/wp-content\\\/uploads\\\/2022\\\/03\\\/03611e_629ccc252048440c8a8c05d91f28fe4b_mv2-1024x724.jpg\"},{\"@type\":\"BreadcrumbList\",\"@id\":\"https:\\\/\\\/www.corncrakelife.ie\\\/fr\\\/marblehill-au-bassin-versant-de-meenlaragh\\\/#breadcrumb\",\"itemListElement\":[{\"@type\":\"ListItem\",\"position\":1,\"name\":\"Home\",\"item\":\"https:\\\/\\\/www.corncrakelife.ie\\\/fr\\\/\"},{\"@type\":\"ListItem\",\"position\":2,\"name\":\"Marblehill au bassin versant de Meenlaragh\"}]},{\"@type\":\"WebSite\",\"@id\":\"https:\\\/\\\/www.corncrakelife.ie\\\/fr\\\/#website\",\"url\":\"https:\\\/\\\/www.corncrakelife.ie\\\/fr\\\/\",\"name\":\"Corncrake LIFE\",\"description\":\"Corncrake Traonach LIFE\",\"publisher\":{\"@id\":\"https:\\\/\\\/www.corncrakelife.ie\\\/fr\\\/#organization\"},\"potentialAction\":[{\"@type\":\"SearchAction\",\"target\":{\"@type\":\"EntryPoint\",\"urlTemplate\":\"https:\\\/\\\/www.corncrakelife.ie\\\/fr\\\/?s={search_term_string}\"},\"query-input\":{\"@type\":\"PropertyValueSpecification\",\"valueRequired\":true,\"valueName\":\"search_term_string\"}}],\"inLanguage\":\"fr-FR\"},{\"@type\":\"Organization\",\"@id\":\"https:\\\/\\\/www.corncrakelife.ie\\\/fr\\\/#organization\",\"name\":\"Department of Housing, Local Government and Heritage\",\"url\":\"https:\\\/\\\/www.corncrakelife.ie\\\/fr\\\/\",\"logo\":{\"@type\":\"ImageObject\",\"inLanguage\":\"fr-FR\",\"@id\":\"https:\\\/\\\/www.corncrakelife.ie\\\/fr\\\/#\\\/schema\\\/logo\\\/image\\\/\",\"url\":\"https:\\\/\\\/www.corncrakelife.ie\\\/wp-content\\\/uploads\\\/2022\\\/03\\\/Corncrake-Traonach-LIFE-Logo.png\",\"contentUrl\":\"https:\\\/\\\/www.corncrakelife.ie\\\/wp-content\\\/uploads\\\/2022\\\/03\\\/Corncrake-Traonach-LIFE-Logo.png\",\"width\":207,\"height\":100,\"caption\":\"Department of Housing, Local Government and Heritage\"},\"image\":{\"@id\":\"https:\\\/\\\/www.corncrakelife.ie\\\/fr\\\/#\\\/schema\\\/logo\\\/image\\\/\"},\"sameAs\":[\"https:\\\/\\\/www.facebook.com\\\/groups\\\/1110924015998978\",\"https:\\\/\\\/x.com\\\/CorncrakeLife\",\"https:\\\/\\\/www.instagram.com\\\/corncrakelife\\\/\",\"https:\\\/\\\/www.youtube.com\\\/channel\\\/UCJGP2YKBafZ689yVU0Iy_Zw\"]}]}<\/script>\n<!-- \/ Yoast SEO plugin. -->","yoast_head_json":{"title":"Marblehill au bassin versant de Meenlaragh - Corncrake LIFE","robots":{"index":"index","follow":"follow","max-snippet":"max-snippet:-1","max-image-preview":"max-image-preview:large","max-video-preview":"max-video-preview:-1"},"canonical":"https:\/\/www.corncrakelife.ie\/fr\/marblehill-au-bassin-versant-de-meenlaragh\/","og_locale":"fr_FR","og_type":"article","og_title":"Marblehill au bassin versant de Meenlaragh - Corncrake LIFE","og_description":"Zone de chalandise : 4, comprend le code de site 004149 Faune Le bassin versant de Marblehill \u00e0 Meenlaragh a toujours accueilli une bonne population de r\u00e2les des gen\u00eats, mais leur nombre a diminu\u00e9 ces derni\u00e8res ann\u00e9es. Pour les amateurs d&rsquo;oiseaux, la ligne de partage des eaux abrite une vaste gamme d&rsquo;esp\u00e8ces prot\u00e9g\u00e9es et rares, [&hellip;]","og_url":"https:\/\/www.corncrakelife.ie\/fr\/marblehill-au-bassin-versant-de-meenlaragh\/","og_site_name":"Corncrake LIFE","article_publisher":"https:\/\/www.facebook.com\/groups\/1110924015998978","article_modified_time":"2024-06-04T10:36:10+00:00","og_image":[{"url":"https:\/\/www.corncrakelife.ie\/wp-content\/uploads\/2022\/03\/03611e_629ccc252048440c8a8c05d91f28fe4b_mv2-1024x724.jpg","type":"","width":"","height":""}],"twitter_card":"summary_large_image","twitter_site":"@CorncrakeLife","twitter_misc":{"Dur\u00e9e de lecture estim\u00e9e":"4 minutes"},"schema":{"@context":"https:\/\/schema.org","@graph":[{"@type":"WebPage","@id":"https:\/\/www.corncrakelife.ie\/fr\/marblehill-au-bassin-versant-de-meenlaragh\/","url":"https:\/\/www.corncrakelife.ie\/fr\/marblehill-au-bassin-versant-de-meenlaragh\/","name":"Marblehill au bassin versant de Meenlaragh - Corncrake LIFE","isPartOf":{"@id":"https:\/\/www.corncrakelife.ie\/fr\/#website"},"primaryImageOfPage":{"@id":"https:\/\/www.corncrakelife.ie\/fr\/marblehill-au-bassin-versant-de-meenlaragh\/#primaryimage"},"image":{"@id":"https:\/\/www.corncrakelife.ie\/fr\/marblehill-au-bassin-versant-de-meenlaragh\/#primaryimage"},"thumbnailUrl":"https:\/\/www.corncrakelife.ie\/wp-content\/uploads\/2022\/03\/03611e_629ccc252048440c8a8c05d91f28fe4b_mv2-1024x724.jpg","datePublished":"2022-03-03T08:59:05+00:00","dateModified":"2024-06-04T10:36:10+00:00","breadcrumb":{"@id":"https:\/\/www.corncrakelife.ie\/fr\/marblehill-au-bassin-versant-de-meenlaragh\/#breadcrumb"},"inLanguage":"fr-FR","potentialAction":[{"@type":"ReadAction","target":["https:\/\/www.corncrakelife.ie\/fr\/marblehill-au-bassin-versant-de-meenlaragh\/"]}]},{"@type":"ImageObject","inLanguage":"fr-FR","@id":"https:\/\/www.corncrakelife.ie\/fr\/marblehill-au-bassin-versant-de-meenlaragh\/#primaryimage","url":"https:\/\/www.corncrakelife.ie\/wp-content\/uploads\/2022\/03\/03611e_629ccc252048440c8a8c05d91f28fe4b_mv2-1024x724.jpg","contentUrl":"https:\/\/www.corncrakelife.ie\/wp-content\/uploads\/2022\/03\/03611e_629ccc252048440c8a8c05d91f28fe4b_mv2-1024x724.jpg"},{"@type":"BreadcrumbList","@id":"https:\/\/www.corncrakelife.ie\/fr\/marblehill-au-bassin-versant-de-meenlaragh\/#breadcrumb","itemListElement":[{"@type":"ListItem","position":1,"name":"Home","item":"https:\/\/www.corncrakelife.ie\/fr\/"},{"@type":"ListItem","position":2,"name":"Marblehill au bassin versant de Meenlaragh"}]},{"@type":"WebSite","@id":"https:\/\/www.corncrakelife.ie\/fr\/#website","url":"https:\/\/www.corncrakelife.ie\/fr\/","name":"Corncrake LIFE","description":"Corncrake Traonach LIFE","publisher":{"@id":"https:\/\/www.corncrakelife.ie\/fr\/#organization"},"potentialAction":[{"@type":"SearchAction","target":{"@type":"EntryPoint","urlTemplate":"https:\/\/www.corncrakelife.ie\/fr\/?s={search_term_string}"},"query-input":{"@type":"PropertyValueSpecification","valueRequired":true,"valueName":"search_term_string"}}],"inLanguage":"fr-FR"},{"@type":"Organization","@id":"https:\/\/www.corncrakelife.ie\/fr\/#organization","name":"Department of Housing, Local Government and Heritage","url":"https:\/\/www.corncrakelife.ie\/fr\/","logo":{"@type":"ImageObject","inLanguage":"fr-FR","@id":"https:\/\/www.corncrakelife.ie\/fr\/#\/schema\/logo\/image\/","url":"https:\/\/www.corncrakelife.ie\/wp-content\/uploads\/2022\/03\/Corncrake-Traonach-LIFE-Logo.png","contentUrl":"https:\/\/www.corncrakelife.ie\/wp-content\/uploads\/2022\/03\/Corncrake-Traonach-LIFE-Logo.png","width":207,"height":100,"caption":"Department of Housing, Local Government and Heritage"},"image":{"@id":"https:\/\/www.corncrakelife.ie\/fr\/#\/schema\/logo\/image\/"},"sameAs":["https:\/\/www.facebook.com\/groups\/1110924015998978","https:\/\/x.com\/CorncrakeLife","https:\/\/www.instagram.com\/corncrakelife\/","https:\/\/www.youtube.com\/channel\/UCJGP2YKBafZ689yVU0Iy_Zw"]}]}},"_links":{"self":[{"href":"https:\/\/www.corncrakelife.ie\/fr\/wp-json\/wp\/v2\/pages\/1191","targetHints":{"allow":["GET"]}}],"collection":[{"href":"https:\/\/www.corncrakelife.ie\/fr\/wp-json\/wp\/v2\/pages"}],"about":[{"href":"https:\/\/www.corncrakelife.ie\/fr\/wp-json\/wp\/v2\/types\/page"}],"author":[{"embeddable":true,"href":"https:\/\/www.corncrakelife.ie\/fr\/wp-json\/wp\/v2\/users\/1"}],"replies":[{"embeddable":true,"href":"https:\/\/www.corncrakelife.ie\/fr\/wp-json\/wp\/v2\/comments?post=1191"}],"version-history":[{"count":4,"href":"https:\/\/www.corncrakelife.ie\/fr\/wp-json\/wp\/v2\/pages\/1191\/revisions"}],"predecessor-version":[{"id":2446,"href":"https:\/\/www.corncrakelife.ie\/fr\/wp-json\/wp\/v2\/pages\/1191\/revisions\/2446"}],"wp:attachment":[{"href":"https:\/\/www.corncrakelife.ie\/fr\/wp-json\/wp\/v2\/media?parent=1191"}],"curies":[{"name":"wp","href":"https:\/\/api.w.org\/{rel}","templated":true}]}}