{"id":1187,"date":"2022-03-03T08:51:37","date_gmt":"2022-03-03T08:51:37","guid":{"rendered":"https:\/\/www.corncrakelife.ie\/cionn-fhanada-fanad-head\/"},"modified":"2024-06-04T11:36:49","modified_gmt":"2024-06-04T10:36:49","slug":"cionn-fhanada-fanad-head","status":"publish","type":"page","link":"https:\/\/www.corncrakelife.ie\/fr\/cionn-fhanada-fanad-head\/","title":{"rendered":"Cionn Fh\u00e1nada (Fanad Head)"},"content":{"rendered":"\n<div class=\"wp-block-media-text alignwide has-media-on-the-right is-stacked-on-mobile\"><div class=\"wp-block-media-text__content\">\n<h2 class=\"wp-block-heading\">Faune<\/h2>\n\n\n\n<p>La ZPS de Fanad Head comprend deux zones de prairies g\u00e9r\u00e9es de mani\u00e8re extensive sur la p\u00e9ninsule de Fanad Head, sur la c\u00f4te nord de Co.\nDonegal.\nLe site comprend une zone de prairies entre Kinny Lough et Shannagh Lough, et une autre zone autour du village de Doagh Beg sur la rive ouest du Lough Swilly, au sud de Fanad Head.  <\/p>\n\n\n\n<p>Le principal habitat pr\u00e9sent est la prairie, mais de petites zones de broussailles et de zones humides sont \u00e9galement pr\u00e9sentes.\nLe site est une zone de protection sp\u00e9ciale (ZPS) au titre de la directive Oiseaux de l&rsquo;Union europ\u00e9enne, qui pr\u00e9sente un int\u00e9r\u00eat particulier pour la conservation du r\u00e2le des gen\u00eats. <\/p>\n\n\n\n<p>Le littoral de Fanad fait partie de la vaste zone de protection sp\u00e9ciale de Horn Head \u00e0 Fanad Head.\nLes esp\u00e8ces d&rsquo;oiseaux remarquables sont les suivantes : Fulmar, bernache nonnette, p\u00e8lerin, mouette tridactyle, guillemot, petit pingouin, crave, oie blanche du Groenland.\nLa zone de protection sp\u00e9ciale du r\u00e2le des gen\u00eats chevauche la zone de conservation sp\u00e9ciale de Ballyhoorisky Point To Fanad Head, qui comprend plusieurs habitats d&rsquo;importance europ\u00e9enne.  <\/p>\n<\/div><figure class=\"wp-block-media-text__media\"><a href=\"https:\/\/www.corncrakelife.ie\/wp-content\/uploads\/2022\/03\/03611e_5f7dfd585afd41028ed98e2596d44b41_mv2-1024x724.jpg\"><img loading=\"lazy\" decoding=\"async\" width=\"1024\" height=\"724\" src=\"https:\/\/www.corncrakelife.ie\/wp-content\/uploads\/2022\/03\/03611e_5f7dfd585afd41028ed98e2596d44b41_mv2-1024x724.jpg\" alt=\"Fanad Head Catchment Map\" class=\"wp-image-302 size-full\" srcset=\"https:\/\/www.corncrakelife.ie\/wp-content\/uploads\/2022\/03\/03611e_5f7dfd585afd41028ed98e2596d44b41_mv2-1024x724.jpg 1024w, https:\/\/www.corncrakelife.ie\/wp-content\/uploads\/2022\/03\/03611e_5f7dfd585afd41028ed98e2596d44b41_mv2-300x212.jpg 300w, https:\/\/www.corncrakelife.ie\/wp-content\/uploads\/2022\/03\/03611e_5f7dfd585afd41028ed98e2596d44b41_mv2-768x543.jpg 768w, https:\/\/www.corncrakelife.ie\/wp-content\/uploads\/2022\/03\/03611e_5f7dfd585afd41028ed98e2596d44b41_mv2.jpg 1200w\" sizes=\"auto, (max-width: 1024px) 100vw, 1024px\" \/><\/a><\/figure><\/div>\n\n<div class=\"wp-block-media-text alignwide has-media-on-the-right is-stacked-on-mobile\"><div class=\"wp-block-media-text__content\">\n<p>On estime que 700 personnes vivent \u00e0 Fanad et que 30 % d&rsquo;entre elles parlent l&rsquo;irlandais.\nFanad Head mesure environ 12 km d&rsquo;est en ouest et se trouve \u00e0 33 km au nord de la ville de Letterkenny, dans le Co.\nDonegal.  <\/p>\n\n\n\n<p>Les principales activit\u00e9s de la r\u00e9gion sont l&rsquo;agriculture, la p\u00eache et le tourisme.\nLe phare de Fanad Head a \u00e9t\u00e9 r\u00e9cemment r\u00e9nov\u00e9 et ouvert au public, attirant de nombreux touristes.\nFanad Head se trouve \u00e9galement sur l&rsquo;itin\u00e9raire de la Wild Atlantic Way et \u00e0 une courte distance de la plage et du club de golf de Portsalon.\nLa r\u00e9gion compte \u00e9galement quelques industries, dont une usine de transformation de saumon biologique \u00e0 Magheradrumman, qui fournit des emplois locaux.   <\/p>\n\n\n\n<p>Fanad Head accueille \u00e9galement chaque ann\u00e9e un nombre important de R\u00e2les des gen\u00eats au niveau national (7 m\u00e2les appelants, moyenne de l&rsquo;enqu\u00eate 2014 &#8211; 2018).\nIl s&rsquo;agit \u00e9galement de l&rsquo;un des rares sites continentaux encore favorables au R\u00e2le des gen\u00eats dans la r\u00e9gion (Co. Donegal) et c&rsquo;est souvent l&rsquo;un des sites continentaux les plus dens\u00e9ment peupl\u00e9s.\nFanad Head a accueilli entre 5 et 11 oiseaux par an depuis 2014.    <\/p>\n<\/div><figure class=\"wp-block-media-text__media\"><a href=\"https:\/\/www.corncrakelife.ie\/wp-content\/uploads\/2022\/03\/malecallingcrakesfanad.jpg\"><img loading=\"lazy\" decoding=\"async\" width=\"405\" height=\"281\" src=\"https:\/\/www.corncrakelife.ie\/wp-content\/uploads\/2022\/03\/malecallingcrakesfanad.jpg\" alt=\"Total Male Calling Crakes - Fanad\" class=\"wp-image-322 size-full\" srcset=\"https:\/\/www.corncrakelife.ie\/wp-content\/uploads\/2022\/03\/malecallingcrakesfanad.jpg 405w, https:\/\/www.corncrakelife.ie\/wp-content\/uploads\/2022\/03\/malecallingcrakesfanad-300x208.jpg 300w\" sizes=\"auto, (max-width: 405px) 100vw, 405px\" \/><\/a><\/figure><\/div>\n\n<h2 class=\"wp-block-heading\">Paysage<\/h2>\n\n<p>La p\u00e9ninsule de Fanad est situ\u00e9e dans le nord du Donegal et offre certains des plus beaux paysages du nord-ouest.\nLe terrain de golf de Portsalon est vraiment spectaculaire, tout comme la route qui longe la montagne Knockalla le long de la Wild Atlantic Way. <\/p>\n\n<p>\u200bFanad est une p\u00e9ninsule spectaculaire et diversifi\u00e9e avec de belles plages et des paysages \u00e9poustouflants, vous trouverez \u00e9galement des terrains de golf, des villages et des villes rurales, des b\u00e2timents et des ruines historiques, des sports extr\u00eames et le meilleur de la nourriture et des boissons.<\/p>\n\n<p>Acc\u00e9dez \u00e0 Cionn Fh\u00e1nada (Fanad Head) depuis la route c\u00f4ti\u00e8re de Knockalla et admirez le paysage de l&rsquo;estuaire vers la p\u00e9ninsule d&rsquo;Inishowen.\nAu fur et \u00e0 mesure que la route monte, admirez l&rsquo;une des vues les plus splendides d&rsquo;Irlande.\nAdmirez la jolie ville de Portsalon et la spectaculaire baie de Ballymastocker, pr\u00e9c\u00e9demment \u00e9lue deuxi\u00e8me plus belle plage du monde.\nFaites de la voile sur ses eaux cristallines, essayez la planche \u00e0 voile, jouez au golf ou d\u00e9couvrez les superbes promenades c\u00f4ti\u00e8res.   <\/p>\n\n<p>Falaises en ruine, vagues d\u00e9ferlantes et vastes paysages marins : entrez dans un monde de nature brute et de solitude paisible \u00e0 Fanad Head.\nPlus vous voyagez vers le nord de l&rsquo;\u00eele, plus vous avez l&rsquo;impression que la civilisation a \u00e9t\u00e9 laiss\u00e9e loin, tr\u00e8s loin derri\u00e8re.\nVous entrez dans un monde qui vit et respire \u00e0 travers ses terres et ses paysages marins&#8230; bienvenue dans la p\u00e9ninsule de Fanad Head, dans le <a rel=\"noreferrer noopener\" href=\"https:\/\/www.ireland.com\/en-gb\/Articles\/destinations\/donegal\/County-Donegal\" target=\"_blank\">comt\u00e9 de Donegal<\/a>.  <\/p>\n\n<h2 class=\"wp-block-heading\">Phare<\/h2>\n\n<p>Il est facile de reconna\u00eetre l&rsquo;attraction principale de cette p\u00e9ninsule : Le phare de Fanad Head, qui a \u00e9t\u00e9 con\u00e7u comme un \u00e9l\u00e9ment essentiel pour les marins \u00e0 la suite d&rsquo;une trag\u00e9die survenue il y a plus de 200 ans.\nEn d\u00e9cembre 1811, la fr\u00e9gate Saldanha a cherch\u00e9 \u00e0 se mettre \u00e0 l&rsquo;abri d&rsquo;une temp\u00eate, se dirigeant vers Fanad tout en luttant fr\u00e9n\u00e9tiquement contre le vent et les vagues en furie.\nMalheureusement, le navire n&rsquo;a jamais pu atteindre la c\u00f4te en toute s\u00e9curit\u00e9 et a fait naufrage au large de la c\u00f4te nord, avec pour seul survivant le perroquet du navire.  <\/p>\n\n<p>Suite au naufrage du HMS Saldanha dans les eaux du Lough Swilly en 1811, un phare a \u00e9t\u00e9 propos\u00e9 pour Fanad Head.\nLe phare a \u00e9t\u00e9 con\u00e7u par l&rsquo;un des plus grands ing\u00e9nieurs civils de l&rsquo;\u00e9poque, George Halpin, et a \u00e9t\u00e9 allum\u00e9 pour la premi\u00e8re fois le 17 mars 1817.\nSon feu fixe \u00e9tait rouge vers la mer et blanc vers le Lough, et pouvait \u00eatre vu \u00e0 14 miles (22 km) par temps clair.  <\/p>\n\n<p>Il est toujours l\u00e0 aujourd&rsquo;hui, dress\u00e9 sur un affleurement rocheux qui clignote vers la mer.\nMontez au sommet du phare et admirez l&rsquo;incroyable panorama de la p\u00e9ninsule de Fanad. Vous pouvez m\u00eame passer la nuit dans le phare lui-m\u00eame ! <\/p>\n\n<p>Le phare de Fanad, situ\u00e9 entre l&rsquo;idyllique Lough Swilly et Mulroy Bay, a \u00e9t\u00e9 \u00e9lu l&rsquo;un des plus beaux phares du monde.\nSitu\u00e9 dans le Donegal Gaeltacht (r\u00e9gion de langue irlandaise), sur la c\u00f4te est de la p\u00e9ninsule de Fanad, balay\u00e9e par les vents, il n&rsquo;est pas \u00e9tonnant que ce phare soit l&rsquo;un des points forts de la Wild Atlantic Way. <\/p>\n\n<p>Pour plus d&rsquo;informations, contactez:<\/p>\n\n<p>Site Web <a href=\"http:\/\/www.fanadlighthouse.com\/\" target=\"_blank\" rel=\"noreferrer noopener\">www.fanadlighthouse.com<\/a><\/p>\n\n<p>Courriel <a href=\"mailto:info@fanadlighthouse.com\">info@fanadlighthouse.com<\/a><\/p>\n\n<p>En savoir plus: <a rel=\"noreferrer noopener\" href=\"https:\/\/www.greatlighthouses.com\/lighthouses\/fanad-head\/\" target=\"_blank\">https:\/\/www.greatlighthouses.com\/lighthouses\/fanad-head\/<\/a><\/p>\n\n<h2 class=\"wp-block-heading\">Paysage<\/h2>\n\n<p>Limiter votre voyage \u00e0 Fanad Head \u00e0 son phare reviendrait \u00e0 ignorer les paysages spectaculaires r\u00e9sultant du choc ininterrompu du promontoire avec l&rsquo;oc\u00e9an Atlantique.\nLe Great Arch fait partie de ces paysages \u00e9piques. Il s&rsquo;agit d&rsquo;un magnifique point de vue qui brillera dans votre album photo de la Wild Atlantic Way. <\/p>\n\n<p>Les amoureux de la plage pourront en t\u00e9moigner en d\u00e9couvrant la baie de Ballymastocker, pr\u00e8s de Portsalon.\nAyant obtenu la deuxi\u00e8me place dans une enqu\u00eate sur les plus belles plages du monde r\u00e9alis\u00e9e par The Observer, cette plage au pavillon bleu vous incitera \u00e0 enfiler votre maillot de bain et \u00e0 vous jeter \u00e0 l&rsquo;eau. <\/p>\n\n<p>M\u00eame si vous laissez la civilisation derri\u00e8re vous pour faire le tour de Fanad Head, vous ne pouvez jamais oublier certains conforts.\nPeut-\u00eatre avez-vous envie d&rsquo;affronter les \u00e9l\u00e9ments avec vos clubs de golf ?\nVisitez alors le Portsalon Golf Club, un parcours exceptionnel que Golf Digest a class\u00e9 25e dans sa liste des 100 plus grands parcours de golf d&rsquo;Irlande.\nEnsuite, r\u00e9compensez-vous avec un bol de chaudr\u00e9e de fruits de mer dans le confort du Pier Restaurant, qui surplombe le Lough Swilly \u00e0 Portsalon.   <\/p>\n\n<p>Pour plus de cartes et d&rsquo;informations touristiques, visitez: <a rel=\"noreferrer noopener\" href=\"https:\/\/visitfanad.com\/\" target=\"_blank\">https:\/\/visitfanad.com\/<\/a><\/p>\n\n<p>Pour plus d&rsquo;informations sur la zone sp\u00e9ciale de conservation de Fanad Head, visitez le site Web des parcs nationaux et des services de la faune <a href=\"https:\/\/www.npws.ie\/protected-sites\/spa\/004148\" target=\"_blank\" rel=\"noreferrer noopener\">https:\/\/www.npws.ie\/protected-sites\/spa\/004148<\/a><\/p>\n","protected":false},"excerpt":{"rendered":"<p>Faune La ZPS de Fanad Head comprend deux zones de prairies g\u00e9r\u00e9es de mani\u00e8re extensive sur la p\u00e9ninsule de Fanad Head, sur la c\u00f4te nord de Co. Donegal. Le site comprend une zone de prairies entre Kinny Lough et Shannagh Lough, et une autre zone autour du village de Doagh Beg sur la rive ouest [&hellip;]<\/p>\n","protected":false},"author":1,"featured_media":0,"parent":0,"menu_order":0,"comment_status":"closed","ping_status":"closed","template":"","meta":{"site-sidebar-layout":"no-sidebar","site-content-layout":"","ast-site-content-layout":"default","site-content-style":"default","site-sidebar-style":"default","ast-global-header-display":"","ast-banner-title-visibility":"","ast-main-header-display":"","ast-hfb-above-header-display":"","ast-hfb-below-header-display":"","ast-hfb-mobile-header-display":"","site-post-title":"","ast-breadcrumbs-content":"","ast-featured-img":"","footer-sml-layout":"","ast-disable-related-posts":"","theme-transparent-header-meta":"","adv-header-id-meta":"","stick-header-meta":"","header-above-stick-meta":"","header-main-stick-meta":"","header-below-stick-meta":"","astra-migrate-meta-layouts":"default","ast-page-background-enabled":"default","ast-page-background-meta":{"desktop":{"background-color":"var(--ast-global-color-4)","background-image":"","background-repeat":"repeat","background-position":"center center","background-size":"auto","background-attachment":"scroll","background-type":"","background-media":"","overlay-type":"","overlay-color":"","overlay-opacity":"","overlay-gradient":""},"tablet":{"background-color":"","background-image":"","background-repeat":"repeat","background-position":"center center","background-size":"auto","background-attachment":"scroll","background-type":"","background-media":"","overlay-type":"","overlay-color":"","overlay-opacity":"","overlay-gradient":""},"mobile":{"background-color":"","background-image":"","background-repeat":"repeat","background-position":"center center","background-size":"auto","background-attachment":"scroll","background-type":"","background-media":"","overlay-type":"","overlay-color":"","overlay-opacity":"","overlay-gradient":""}},"ast-content-background-meta":{"desktop":{"background-color":"var(--ast-global-color-5)","background-image":"","background-repeat":"repeat","background-position":"center center","background-size":"auto","background-attachment":"scroll","background-type":"","background-media":"","overlay-type":"","overlay-color":"","overlay-opacity":"","overlay-gradient":""},"tablet":{"background-color":"var(--ast-global-color-5)","background-image":"","background-repeat":"repeat","background-position":"center center","background-size":"auto","background-attachment":"scroll","background-type":"","background-media":"","overlay-type":"","overlay-color":"","overlay-opacity":"","overlay-gradient":""},"mobile":{"background-color":"var(--ast-global-color-5)","background-image":"","background-repeat":"repeat","background-position":"center center","background-size":"auto","background-attachment":"scroll","background-type":"","background-media":"","overlay-type":"","overlay-color":"","overlay-opacity":"","overlay-gradient":""}},"footnotes":""},"class_list":["post-1187","page","type-page","status-publish","hentry"],"yoast_head":"<!-- This site is optimized with the Yoast SEO plugin v27.3 - https:\/\/yoast.com\/product\/yoast-seo-wordpress\/ -->\n<title>Cionn Fh\u00e1nada (Fanad Head) - Corncrake LIFE<\/title>\n<meta name=\"robots\" content=\"index, follow, max-snippet:-1, max-image-preview:large, max-video-preview:-1\" \/>\n<link rel=\"canonical\" href=\"https:\/\/www.corncrakelife.ie\/fr\/cionn-fhanada-fanad-head\/\" \/>\n<meta property=\"og:locale\" content=\"fr_FR\" \/>\n<meta property=\"og:type\" content=\"article\" \/>\n<meta property=\"og:title\" content=\"Cionn Fh\u00e1nada (Fanad Head) - Corncrake LIFE\" \/>\n<meta property=\"og:description\" content=\"Faune La ZPS de Fanad Head comprend deux zones de prairies g\u00e9r\u00e9es de mani\u00e8re extensive sur la p\u00e9ninsule de Fanad Head, sur la c\u00f4te nord de Co. Donegal. Le site comprend une zone de prairies entre Kinny Lough et Shannagh Lough, et une autre zone autour du village de Doagh Beg sur la rive ouest [&hellip;]\" \/>\n<meta property=\"og:url\" content=\"https:\/\/www.corncrakelife.ie\/fr\/cionn-fhanada-fanad-head\/\" \/>\n<meta property=\"og:site_name\" content=\"Corncrake LIFE\" \/>\n<meta property=\"article:publisher\" content=\"https:\/\/www.facebook.com\/groups\/1110924015998978\" \/>\n<meta property=\"article:modified_time\" content=\"2024-06-04T10:36:49+00:00\" \/>\n<meta property=\"og:image\" content=\"https:\/\/www.corncrakelife.ie\/wp-content\/uploads\/2022\/03\/03611e_5f7dfd585afd41028ed98e2596d44b41_mv2-1024x724.jpg\" \/>\n<meta name=\"twitter:card\" content=\"summary_large_image\" \/>\n<meta name=\"twitter:site\" content=\"@CorncrakeLife\" \/>\n<meta name=\"twitter:label1\" content=\"Dur\u00e9e de lecture estim\u00e9e\" \/>\n\t<meta name=\"twitter:data1\" content=\"6 minutes\" \/>\n<script type=\"application\/ld+json\" class=\"yoast-schema-graph\">{\"@context\":\"https:\\\/\\\/schema.org\",\"@graph\":[{\"@type\":\"WebPage\",\"@id\":\"https:\\\/\\\/www.corncrakelife.ie\\\/fr\\\/cionn-fhanada-fanad-head\\\/\",\"url\":\"https:\\\/\\\/www.corncrakelife.ie\\\/fr\\\/cionn-fhanada-fanad-head\\\/\",\"name\":\"Cionn Fh\u00e1nada (Fanad Head) - Corncrake LIFE\",\"isPartOf\":{\"@id\":\"https:\\\/\\\/www.corncrakelife.ie\\\/fr\\\/#website\"},\"primaryImageOfPage\":{\"@id\":\"https:\\\/\\\/www.corncrakelife.ie\\\/fr\\\/cionn-fhanada-fanad-head\\\/#primaryimage\"},\"image\":{\"@id\":\"https:\\\/\\\/www.corncrakelife.ie\\\/fr\\\/cionn-fhanada-fanad-head\\\/#primaryimage\"},\"thumbnailUrl\":\"https:\\\/\\\/www.corncrakelife.ie\\\/wp-content\\\/uploads\\\/2022\\\/03\\\/03611e_5f7dfd585afd41028ed98e2596d44b41_mv2-1024x724.jpg\",\"datePublished\":\"2022-03-03T08:51:37+00:00\",\"dateModified\":\"2024-06-04T10:36:49+00:00\",\"breadcrumb\":{\"@id\":\"https:\\\/\\\/www.corncrakelife.ie\\\/fr\\\/cionn-fhanada-fanad-head\\\/#breadcrumb\"},\"inLanguage\":\"fr-FR\",\"potentialAction\":[{\"@type\":\"ReadAction\",\"target\":[\"https:\\\/\\\/www.corncrakelife.ie\\\/fr\\\/cionn-fhanada-fanad-head\\\/\"]}]},{\"@type\":\"ImageObject\",\"inLanguage\":\"fr-FR\",\"@id\":\"https:\\\/\\\/www.corncrakelife.ie\\\/fr\\\/cionn-fhanada-fanad-head\\\/#primaryimage\",\"url\":\"https:\\\/\\\/www.corncrakelife.ie\\\/wp-content\\\/uploads\\\/2022\\\/03\\\/03611e_5f7dfd585afd41028ed98e2596d44b41_mv2-1024x724.jpg\",\"contentUrl\":\"https:\\\/\\\/www.corncrakelife.ie\\\/wp-content\\\/uploads\\\/2022\\\/03\\\/03611e_5f7dfd585afd41028ed98e2596d44b41_mv2-1024x724.jpg\"},{\"@type\":\"BreadcrumbList\",\"@id\":\"https:\\\/\\\/www.corncrakelife.ie\\\/fr\\\/cionn-fhanada-fanad-head\\\/#breadcrumb\",\"itemListElement\":[{\"@type\":\"ListItem\",\"position\":1,\"name\":\"Home\",\"item\":\"https:\\\/\\\/www.corncrakelife.ie\\\/fr\\\/\"},{\"@type\":\"ListItem\",\"position\":2,\"name\":\"Cionn Fh\u00e1nada (Fanad Head)\"}]},{\"@type\":\"WebSite\",\"@id\":\"https:\\\/\\\/www.corncrakelife.ie\\\/fr\\\/#website\",\"url\":\"https:\\\/\\\/www.corncrakelife.ie\\\/fr\\\/\",\"name\":\"Corncrake LIFE\",\"description\":\"Corncrake Traonach LIFE\",\"publisher\":{\"@id\":\"https:\\\/\\\/www.corncrakelife.ie\\\/fr\\\/#organization\"},\"potentialAction\":[{\"@type\":\"SearchAction\",\"target\":{\"@type\":\"EntryPoint\",\"urlTemplate\":\"https:\\\/\\\/www.corncrakelife.ie\\\/fr\\\/?s={search_term_string}\"},\"query-input\":{\"@type\":\"PropertyValueSpecification\",\"valueRequired\":true,\"valueName\":\"search_term_string\"}}],\"inLanguage\":\"fr-FR\"},{\"@type\":\"Organization\",\"@id\":\"https:\\\/\\\/www.corncrakelife.ie\\\/fr\\\/#organization\",\"name\":\"Department of Housing, Local Government and Heritage\",\"url\":\"https:\\\/\\\/www.corncrakelife.ie\\\/fr\\\/\",\"logo\":{\"@type\":\"ImageObject\",\"inLanguage\":\"fr-FR\",\"@id\":\"https:\\\/\\\/www.corncrakelife.ie\\\/fr\\\/#\\\/schema\\\/logo\\\/image\\\/\",\"url\":\"https:\\\/\\\/www.corncrakelife.ie\\\/wp-content\\\/uploads\\\/2022\\\/03\\\/Corncrake-Traonach-LIFE-Logo.png\",\"contentUrl\":\"https:\\\/\\\/www.corncrakelife.ie\\\/wp-content\\\/uploads\\\/2022\\\/03\\\/Corncrake-Traonach-LIFE-Logo.png\",\"width\":207,\"height\":100,\"caption\":\"Department of Housing, Local Government and Heritage\"},\"image\":{\"@id\":\"https:\\\/\\\/www.corncrakelife.ie\\\/fr\\\/#\\\/schema\\\/logo\\\/image\\\/\"},\"sameAs\":[\"https:\\\/\\\/www.facebook.com\\\/groups\\\/1110924015998978\",\"https:\\\/\\\/x.com\\\/CorncrakeLife\",\"https:\\\/\\\/www.instagram.com\\\/corncrakelife\\\/\",\"https:\\\/\\\/www.youtube.com\\\/channel\\\/UCJGP2YKBafZ689yVU0Iy_Zw\"]}]}<\/script>\n<!-- \/ Yoast SEO plugin. -->","yoast_head_json":{"title":"Cionn Fh\u00e1nada (Fanad Head) - Corncrake LIFE","robots":{"index":"index","follow":"follow","max-snippet":"max-snippet:-1","max-image-preview":"max-image-preview:large","max-video-preview":"max-video-preview:-1"},"canonical":"https:\/\/www.corncrakelife.ie\/fr\/cionn-fhanada-fanad-head\/","og_locale":"fr_FR","og_type":"article","og_title":"Cionn Fh\u00e1nada (Fanad Head) - Corncrake LIFE","og_description":"Faune La ZPS de Fanad Head comprend deux zones de prairies g\u00e9r\u00e9es de mani\u00e8re extensive sur la p\u00e9ninsule de Fanad Head, sur la c\u00f4te nord de Co. Donegal. Le site comprend une zone de prairies entre Kinny Lough et Shannagh Lough, et une autre zone autour du village de Doagh Beg sur la rive ouest [&hellip;]","og_url":"https:\/\/www.corncrakelife.ie\/fr\/cionn-fhanada-fanad-head\/","og_site_name":"Corncrake LIFE","article_publisher":"https:\/\/www.facebook.com\/groups\/1110924015998978","article_modified_time":"2024-06-04T10:36:49+00:00","og_image":[{"url":"https:\/\/www.corncrakelife.ie\/wp-content\/uploads\/2022\/03\/03611e_5f7dfd585afd41028ed98e2596d44b41_mv2-1024x724.jpg","type":"","width":"","height":""}],"twitter_card":"summary_large_image","twitter_site":"@CorncrakeLife","twitter_misc":{"Dur\u00e9e de lecture estim\u00e9e":"6 minutes"},"schema":{"@context":"https:\/\/schema.org","@graph":[{"@type":"WebPage","@id":"https:\/\/www.corncrakelife.ie\/fr\/cionn-fhanada-fanad-head\/","url":"https:\/\/www.corncrakelife.ie\/fr\/cionn-fhanada-fanad-head\/","name":"Cionn Fh\u00e1nada (Fanad Head) - Corncrake LIFE","isPartOf":{"@id":"https:\/\/www.corncrakelife.ie\/fr\/#website"},"primaryImageOfPage":{"@id":"https:\/\/www.corncrakelife.ie\/fr\/cionn-fhanada-fanad-head\/#primaryimage"},"image":{"@id":"https:\/\/www.corncrakelife.ie\/fr\/cionn-fhanada-fanad-head\/#primaryimage"},"thumbnailUrl":"https:\/\/www.corncrakelife.ie\/wp-content\/uploads\/2022\/03\/03611e_5f7dfd585afd41028ed98e2596d44b41_mv2-1024x724.jpg","datePublished":"2022-03-03T08:51:37+00:00","dateModified":"2024-06-04T10:36:49+00:00","breadcrumb":{"@id":"https:\/\/www.corncrakelife.ie\/fr\/cionn-fhanada-fanad-head\/#breadcrumb"},"inLanguage":"fr-FR","potentialAction":[{"@type":"ReadAction","target":["https:\/\/www.corncrakelife.ie\/fr\/cionn-fhanada-fanad-head\/"]}]},{"@type":"ImageObject","inLanguage":"fr-FR","@id":"https:\/\/www.corncrakelife.ie\/fr\/cionn-fhanada-fanad-head\/#primaryimage","url":"https:\/\/www.corncrakelife.ie\/wp-content\/uploads\/2022\/03\/03611e_5f7dfd585afd41028ed98e2596d44b41_mv2-1024x724.jpg","contentUrl":"https:\/\/www.corncrakelife.ie\/wp-content\/uploads\/2022\/03\/03611e_5f7dfd585afd41028ed98e2596d44b41_mv2-1024x724.jpg"},{"@type":"BreadcrumbList","@id":"https:\/\/www.corncrakelife.ie\/fr\/cionn-fhanada-fanad-head\/#breadcrumb","itemListElement":[{"@type":"ListItem","position":1,"name":"Home","item":"https:\/\/www.corncrakelife.ie\/fr\/"},{"@type":"ListItem","position":2,"name":"Cionn Fh\u00e1nada (Fanad Head)"}]},{"@type":"WebSite","@id":"https:\/\/www.corncrakelife.ie\/fr\/#website","url":"https:\/\/www.corncrakelife.ie\/fr\/","name":"Corncrake LIFE","description":"Corncrake Traonach LIFE","publisher":{"@id":"https:\/\/www.corncrakelife.ie\/fr\/#organization"},"potentialAction":[{"@type":"SearchAction","target":{"@type":"EntryPoint","urlTemplate":"https:\/\/www.corncrakelife.ie\/fr\/?s={search_term_string}"},"query-input":{"@type":"PropertyValueSpecification","valueRequired":true,"valueName":"search_term_string"}}],"inLanguage":"fr-FR"},{"@type":"Organization","@id":"https:\/\/www.corncrakelife.ie\/fr\/#organization","name":"Department of Housing, Local Government and Heritage","url":"https:\/\/www.corncrakelife.ie\/fr\/","logo":{"@type":"ImageObject","inLanguage":"fr-FR","@id":"https:\/\/www.corncrakelife.ie\/fr\/#\/schema\/logo\/image\/","url":"https:\/\/www.corncrakelife.ie\/wp-content\/uploads\/2022\/03\/Corncrake-Traonach-LIFE-Logo.png","contentUrl":"https:\/\/www.corncrakelife.ie\/wp-content\/uploads\/2022\/03\/Corncrake-Traonach-LIFE-Logo.png","width":207,"height":100,"caption":"Department of Housing, Local Government and Heritage"},"image":{"@id":"https:\/\/www.corncrakelife.ie\/fr\/#\/schema\/logo\/image\/"},"sameAs":["https:\/\/www.facebook.com\/groups\/1110924015998978","https:\/\/x.com\/CorncrakeLife","https:\/\/www.instagram.com\/corncrakelife\/","https:\/\/www.youtube.com\/channel\/UCJGP2YKBafZ689yVU0Iy_Zw"]}]}},"_links":{"self":[{"href":"https:\/\/www.corncrakelife.ie\/fr\/wp-json\/wp\/v2\/pages\/1187","targetHints":{"allow":["GET"]}}],"collection":[{"href":"https:\/\/www.corncrakelife.ie\/fr\/wp-json\/wp\/v2\/pages"}],"about":[{"href":"https:\/\/www.corncrakelife.ie\/fr\/wp-json\/wp\/v2\/types\/page"}],"author":[{"embeddable":true,"href":"https:\/\/www.corncrakelife.ie\/fr\/wp-json\/wp\/v2\/users\/1"}],"replies":[{"embeddable":true,"href":"https:\/\/www.corncrakelife.ie\/fr\/wp-json\/wp\/v2\/comments?post=1187"}],"version-history":[{"count":5,"href":"https:\/\/www.corncrakelife.ie\/fr\/wp-json\/wp\/v2\/pages\/1187\/revisions"}],"predecessor-version":[{"id":2452,"href":"https:\/\/www.corncrakelife.ie\/fr\/wp-json\/wp\/v2\/pages\/1187\/revisions\/2452"}],"wp:attachment":[{"href":"https:\/\/www.corncrakelife.ie\/fr\/wp-json\/wp\/v2\/media?parent=1187"}],"curies":[{"name":"wp","href":"https:\/\/api.w.org\/{rel}","templated":true}]}}