{"id":1185,"date":"2022-03-02T17:54:44","date_gmt":"2022-03-02T17:54:44","guid":{"rendered":"https:\/\/www.corncrakelife.ie\/malin-head\/"},"modified":"2024-06-04T11:35:39","modified_gmt":"2024-06-04T10:35:39","slug":"malin-head","status":"publish","type":"page","link":"https:\/\/www.corncrakelife.ie\/fr\/malin-head\/","title":{"rendered":"Malin Head"},"content":{"rendered":"\n<div class=\"wp-block-media-text alignwide has-media-on-the-right is-stacked-on-mobile\"><div class=\"wp-block-media-text__content\">\n<p>Malin Head (Cionn Mh\u00e1lanna) se trouve sur la p\u00e9ninsule d&rsquo;Inishowen, dans le comt\u00e9 de Donegal, \u00e0 l&rsquo;extr\u00e9mit\u00e9 nord de l&rsquo;\u00eele d&rsquo;Irlande.\nC&rsquo;est le point de d\u00e9part (ou d&rsquo;arriv\u00e9e, selon votre point de vue) de la <a rel=\"noreferrer noopener\" href=\"https:\/\/www.ireland.com\/Articles\/regions\/wild-atlantic-way\/wild-atlantic-way\" target=\"_blank\">Wild Atlantic Way<\/a> et il est depuis longtemps r\u00e9put\u00e9 pour ses paysages c\u00f4tiers \u00e9piques, sa faune aviaire florissante et ses curiosit\u00e9s historiques.  Les environs de Malin Head sont parsem\u00e9s de nombreux noms de lieux locaux d&rsquo;origine nordique et irlandaise.\nIl y a une station m\u00e9t\u00e9orologique \u00e0 Malin Head, l&rsquo;une des 22 stations de ce type dont les rapports sont diffus\u00e9s dans le cadre des pr\u00e9visions maritimes de la BBC.\nUne tour construite en 1805 est situ\u00e9e sur Altnadarrow, \u00e9galement connue localement sous le nom de Tower hill (colline de la tour).  <\/p>\n<\/div><figure class=\"wp-block-media-text__media\"><a href=\"https:\/\/www.corncrakelife.ie\/wp-content\/uploads\/2022\/03\/03611e_eef5ede924474cfeadc3c8d919490bfb_mv2-1024x724.jpg\"><img loading=\"lazy\" decoding=\"async\" width=\"1024\" height=\"724\" src=\"https:\/\/www.corncrakelife.ie\/wp-content\/uploads\/2022\/03\/03611e_eef5ede924474cfeadc3c8d919490bfb_mv2-1024x724.jpg\" alt=\"Malin Head Catchment Area Map\" class=\"wp-image-303 size-full\" srcset=\"https:\/\/www.corncrakelife.ie\/wp-content\/uploads\/2022\/03\/03611e_eef5ede924474cfeadc3c8d919490bfb_mv2-1024x724.jpg 1024w, https:\/\/www.corncrakelife.ie\/wp-content\/uploads\/2022\/03\/03611e_eef5ede924474cfeadc3c8d919490bfb_mv2-300x212.jpg 300w, https:\/\/www.corncrakelife.ie\/wp-content\/uploads\/2022\/03\/03611e_eef5ede924474cfeadc3c8d919490bfb_mv2-768x543.jpg 768w, https:\/\/www.corncrakelife.ie\/wp-content\/uploads\/2022\/03\/03611e_eef5ede924474cfeadc3c8d919490bfb_mv2.jpg 1200w\" sizes=\"auto, (max-width: 1024px) 100vw, 1024px\" \/><\/a><\/figure><\/div>\n\n<div class=\"wp-block-media-text alignwide has-media-on-the-right is-stacked-on-mobile\"><div class=\"wp-block-media-text__content\">\n<h2 class=\"wp-block-heading\">Faune<\/h2>\n\n\n\n<p>La population de r\u00e2les des gen\u00eats \u00e0 Malin Head a l\u00e9g\u00e8rement augment\u00e9 ces derni\u00e8res ann\u00e9es.\nLes oiseaux sont le plus souvent entendus autour de Ballyhillin et de Gortnamullan.\nLes vents marins et la nature expos\u00e9e de Malin Head posent un d\u00e9fi \u00e0 la cr\u00e9ation d&rsquo;abris pour les r\u00e2les des gen\u00eats, mais avec l&rsquo;aide et la perspicacit\u00e9 des propri\u00e9taires fonciers locaux, nous esp\u00e9rons d\u00e9velopper des types d&rsquo;abris qui r\u00e9pondent aux besoins des oiseaux.\nMalin Head est une zone d&rsquo;une grande beaut\u00e9 panoramique et d\u00e9couvre son importance historique, scientifique et \u00e9cologique.\nC&rsquo;est un point de vue id\u00e9al pour observer les mouvements automnaux des oiseaux marins tels que les <a rel=\"noreferrer noopener\" href=\"https:\/\/en.wikipedia.org\/wiki\/Gannet\" target=\"_blank\">fous de Bassan<\/a>, les <a rel=\"noreferrer noopener\" href=\"https:\/\/en.wikipedia.org\/wiki\/Shearwater\" target=\"_blank\">puffins<\/a>, les <a rel=\"noreferrer noopener\" href=\"https:\/\/en.wikipedia.org\/wiki\/Skua\" target=\"_blank\">skuas<\/a>, les <a rel=\"noreferrer noopener\" href=\"https:\/\/en.wikipedia.org\/wiki\/Auk\" target=\"_blank\">pingouins<\/a> et autres, lors de leurs vols de migration vers le sud.     Parmi les raret\u00e9s, on trouve l&rsquo;albatros \u00e0 sourcils noirs, le p\u00e9trel de Feas et de nombreux autres oiseaux marins rares ont \u00e9t\u00e9 observ\u00e9s ici.\nC&rsquo;est \u00e9galement un bon point de vue pour observer les requins p\u00e8lerins et le groupe de dauphins \u00e0 nez en bouteille qui y r\u00e9side. <\/p>\n<\/div><figure class=\"wp-block-media-text__media\"><a href=\"https:\/\/www.corncrakelife.ie\/wp-content\/uploads\/2022\/03\/malecallingcorncrakes.png\"><img loading=\"lazy\" decoding=\"async\" width=\"405\" height=\"281\" src=\"https:\/\/www.corncrakelife.ie\/wp-content\/uploads\/2022\/03\/malecallingcorncrakes.png\" alt=\"Male Calling Corncrakes 2016 to 2020\" class=\"wp-image-311 size-full\" srcset=\"https:\/\/www.corncrakelife.ie\/wp-content\/uploads\/2022\/03\/malecallingcorncrakes.png 405w, https:\/\/www.corncrakelife.ie\/wp-content\/uploads\/2022\/03\/malecallingcorncrakes-300x208.png 300w\" sizes=\"auto, (max-width: 405px) 100vw, 405px\" \/><\/a><\/figure><\/div>\n\n<div class=\"wp-block-columns is-layout-flex wp-container-core-columns-is-layout-28f84493 wp-block-columns-is-layout-flex\">\n<div class=\"wp-block-column is-layout-flow wp-block-column-is-layout-flow\">\n<h2 class=\"wp-block-heading\">Activit\u00e9s<\/h2>\n\n\n\n<p>Malin Head est r\u00e9put\u00e9 pour ses paysages spectaculaires et ses plages magnifiques.\nVous verrez certaines des plus grandes dunes de sable d&rsquo;Europe lorsque vous approcherez de Malin Head par la route c\u00f4ti\u00e8re, le long du nord de la baie de Trawbreaga \u00e0 Lagg.\nPromenez-vous, allez p\u00eacher, nagez dans les eaux scintillantes, prenez des photos incroyables ou \u00e9tudiez les formations rocheuses uniques.  <\/p>\n\n\n\n<p>Un circuit de Malin Head vous permet de contourner la c\u00f4te jusqu&rsquo;\u00e0 Banba&rsquo;s Crown, o\u00f9 un b\u00e2timent abandonn\u00e9, connu sous le nom de The Tower (la tour), servait autrefois de station de signalisation pour relier l&rsquo;Am\u00e9rique et l&rsquo;Europe.\nDepuis Banba&rsquo;s Crown, vous pourrez admirer l&rsquo;<a rel=\"noreferrer noopener\" href=\"https:\/\/inishtrahullbirdobs436659775.wordpress.com\/\" target=\"_blank\">\u00eele d&rsquo;Inishtrahull<\/a> et son majestueux phare au nord-est.  Plus \u00e0 l&rsquo;est par temps clair, voyez si vous pouvez apercevoir les Scottish Hills.<\/p>\n\n\n\n<p>Marchez le long des falaises jusqu&rsquo;\u00e0 Hell&rsquo;s Hole, une caverne souterraine remarquable dans laquelle la mar\u00e9e se pr\u00e9cipite avec une grande force et \u00e0 proximit\u00e9, trouvez le Pont du Diable, une arche naturelle pittoresque.<\/p>\n\n\n\n<h2 class=\"wp-block-heading\">Histoire<\/h2>\n\n\n\n<p>Un bon point de d\u00e9part pour explorer Malin Head est l&rsquo;extr\u00e9mit\u00e9 du promontoire o\u00f9 se trouve la Banba&rsquo;s Crown (nomm\u00e9e d&rsquo;apr\u00e8s une d\u00e9esse mythique de l&rsquo;Irlande).\nLa \u00ab\u00a0Tour\u00a0\u00bb, comme on l&rsquo;appelle localement, a \u00e9t\u00e9 construite par l&rsquo;Amiraut\u00e9 britannique en 1805 dans le cadre d&rsquo;une s\u00e9rie de b\u00e2timents situ\u00e9s tout autour de la c\u00f4te irlandaise afin de se pr\u00e9munir contre une \u00e9ventuelle invasion fran\u00e7aise. <\/p>\n\n\n\n<p>Plus modestes sont les postes de guet de la Seconde Guerre mondiale situ\u00e9s \u00e0 proximit\u00e9.\nMalin Head \u00e9tait l&rsquo;un des 83 sites c\u00f4tiers utilis\u00e9s pour donner une image des \u00e9v\u00e9nements de la guerre le long de la c\u00f4te irlandaise.\nLes observateurs de la c\u00f4te ont eu beaucoup \u00e0 dire au d\u00e9but de la guerre, car les sous-marins allemands attaquaient les convois dans les environs.  <\/p>\n\n\n\n<p><strong>Pour plus de cartes et d&rsquo;informations touristiques, visitez: <a rel=\"noreferrer noopener\" href=\"https:\/\/www.malinheadcommunity.ie\/tourist-information\/\" target=\"_blank\">Malin Head Community Tourist Information<\/a><\/strong><\/p>\n<\/div>\n\n\n\n<div class=\"wp-block-column is-vertically-aligned-bottom is-layout-flow wp-block-column-is-layout-flow\">\n<p class=\"has-ast-global-color-0-color has-text-color\">Pour plus d&rsquo;informations sur la zone sp\u00e9ciale de conservation de Meenlaragh \u00e0 Marblehill, visitez le site Web des services des parcs nationaux et de la faune <a rel=\"noreferrer noopener\" href=\"https:\/\/www.npws.ie\/protected-sites\/spa\/004146\" target=\"_blank\">https:\/\/www.npws.ie\/protected-sites\/spa\/004146<\/a><\/p>\n<\/div>\n<\/div>\n\n<p><\/p>\n","protected":false},"excerpt":{"rendered":"<p>Malin Head (Cionn Mh\u00e1lanna) se trouve sur la p\u00e9ninsule d&rsquo;Inishowen, dans le comt\u00e9 de Donegal, \u00e0 l&rsquo;extr\u00e9mit\u00e9 nord de l&rsquo;\u00eele d&rsquo;Irlande. C&rsquo;est le point de d\u00e9part (ou d&rsquo;arriv\u00e9e, selon votre point de vue) de la Wild Atlantic Way et il est depuis longtemps r\u00e9put\u00e9 pour ses paysages c\u00f4tiers \u00e9piques, sa faune aviaire florissante et ses [&hellip;]<\/p>\n","protected":false},"author":1,"featured_media":0,"parent":0,"menu_order":0,"comment_status":"closed","ping_status":"closed","template":"","meta":{"site-sidebar-layout":"no-sidebar","site-content-layout":"","ast-site-content-layout":"default","site-content-style":"default","site-sidebar-style":"default","ast-global-header-display":"","ast-banner-title-visibility":"","ast-main-header-display":"","ast-hfb-above-header-display":"","ast-hfb-below-header-display":"","ast-hfb-mobile-header-display":"","site-post-title":"","ast-breadcrumbs-content":"","ast-featured-img":"","footer-sml-layout":"","ast-disable-related-posts":"","theme-transparent-header-meta":"","adv-header-id-meta":"","stick-header-meta":"","header-above-stick-meta":"","header-main-stick-meta":"","header-below-stick-meta":"","astra-migrate-meta-layouts":"default","ast-page-background-enabled":"default","ast-page-background-meta":{"desktop":{"background-color":"var(--ast-global-color-4)","background-image":"","background-repeat":"repeat","background-position":"center center","background-size":"auto","background-attachment":"scroll","background-type":"","background-media":"","overlay-type":"","overlay-color":"","overlay-opacity":"","overlay-gradient":""},"tablet":{"background-color":"","background-image":"","background-repeat":"repeat","background-position":"center center","background-size":"auto","background-attachment":"scroll","background-type":"","background-media":"","overlay-type":"","overlay-color":"","overlay-opacity":"","overlay-gradient":""},"mobile":{"background-color":"","background-image":"","background-repeat":"repeat","background-position":"center center","background-size":"auto","background-attachment":"scroll","background-type":"","background-media":"","overlay-type":"","overlay-color":"","overlay-opacity":"","overlay-gradient":""}},"ast-content-background-meta":{"desktop":{"background-color":"var(--ast-global-color-5)","background-image":"","background-repeat":"repeat","background-position":"center center","background-size":"auto","background-attachment":"scroll","background-type":"","background-media":"","overlay-type":"","overlay-color":"","overlay-opacity":"","overlay-gradient":""},"tablet":{"background-color":"var(--ast-global-color-5)","background-image":"","background-repeat":"repeat","background-position":"center center","background-size":"auto","background-attachment":"scroll","background-type":"","background-media":"","overlay-type":"","overlay-color":"","overlay-opacity":"","overlay-gradient":""},"mobile":{"background-color":"var(--ast-global-color-5)","background-image":"","background-repeat":"repeat","background-position":"center center","background-size":"auto","background-attachment":"scroll","background-type":"","background-media":"","overlay-type":"","overlay-color":"","overlay-opacity":"","overlay-gradient":""}},"footnotes":""},"class_list":["post-1185","page","type-page","status-publish","hentry"],"yoast_head":"<!-- This site is optimized with the Yoast SEO plugin v27.3 - https:\/\/yoast.com\/product\/yoast-seo-wordpress\/ -->\n<title>Malin Head - Corncrake LIFE<\/title>\n<meta name=\"robots\" content=\"index, follow, max-snippet:-1, max-image-preview:large, max-video-preview:-1\" \/>\n<link rel=\"canonical\" href=\"https:\/\/www.corncrakelife.ie\/fr\/malin-head\/\" \/>\n<meta property=\"og:locale\" content=\"fr_FR\" \/>\n<meta property=\"og:type\" content=\"article\" \/>\n<meta property=\"og:title\" content=\"Malin Head - Corncrake LIFE\" \/>\n<meta property=\"og:description\" content=\"Malin Head (Cionn Mh\u00e1lanna) se trouve sur la p\u00e9ninsule d&rsquo;Inishowen, dans le comt\u00e9 de Donegal, \u00e0 l&rsquo;extr\u00e9mit\u00e9 nord de l&rsquo;\u00eele d&rsquo;Irlande. C&rsquo;est le point de d\u00e9part (ou d&rsquo;arriv\u00e9e, selon votre point de vue) de la Wild Atlantic Way et il est depuis longtemps r\u00e9put\u00e9 pour ses paysages c\u00f4tiers \u00e9piques, sa faune aviaire florissante et ses [&hellip;]\" \/>\n<meta property=\"og:url\" content=\"https:\/\/www.corncrakelife.ie\/fr\/malin-head\/\" \/>\n<meta property=\"og:site_name\" content=\"Corncrake LIFE\" \/>\n<meta property=\"article:publisher\" content=\"https:\/\/www.facebook.com\/groups\/1110924015998978\" \/>\n<meta property=\"article:modified_time\" content=\"2024-06-04T10:35:39+00:00\" \/>\n<meta property=\"og:image\" content=\"https:\/\/www.corncrakelife.ie\/wp-content\/uploads\/2022\/03\/03611e_eef5ede924474cfeadc3c8d919490bfb_mv2-1024x724.jpg\" \/>\n<meta name=\"twitter:card\" content=\"summary_large_image\" \/>\n<meta name=\"twitter:site\" content=\"@CorncrakeLife\" \/>\n<meta name=\"twitter:label1\" content=\"Dur\u00e9e de lecture estim\u00e9e\" \/>\n\t<meta name=\"twitter:data1\" content=\"3 minutes\" \/>\n<script type=\"application\/ld+json\" class=\"yoast-schema-graph\">{\"@context\":\"https:\\\/\\\/schema.org\",\"@graph\":[{\"@type\":\"WebPage\",\"@id\":\"https:\\\/\\\/www.corncrakelife.ie\\\/fr\\\/malin-head\\\/\",\"url\":\"https:\\\/\\\/www.corncrakelife.ie\\\/fr\\\/malin-head\\\/\",\"name\":\"Malin Head - Corncrake LIFE\",\"isPartOf\":{\"@id\":\"https:\\\/\\\/www.corncrakelife.ie\\\/fr\\\/#website\"},\"primaryImageOfPage\":{\"@id\":\"https:\\\/\\\/www.corncrakelife.ie\\\/fr\\\/malin-head\\\/#primaryimage\"},\"image\":{\"@id\":\"https:\\\/\\\/www.corncrakelife.ie\\\/fr\\\/malin-head\\\/#primaryimage\"},\"thumbnailUrl\":\"https:\\\/\\\/www.corncrakelife.ie\\\/wp-content\\\/uploads\\\/2022\\\/03\\\/03611e_eef5ede924474cfeadc3c8d919490bfb_mv2-1024x724.jpg\",\"datePublished\":\"2022-03-02T17:54:44+00:00\",\"dateModified\":\"2024-06-04T10:35:39+00:00\",\"breadcrumb\":{\"@id\":\"https:\\\/\\\/www.corncrakelife.ie\\\/fr\\\/malin-head\\\/#breadcrumb\"},\"inLanguage\":\"fr-FR\",\"potentialAction\":[{\"@type\":\"ReadAction\",\"target\":[\"https:\\\/\\\/www.corncrakelife.ie\\\/fr\\\/malin-head\\\/\"]}]},{\"@type\":\"ImageObject\",\"inLanguage\":\"fr-FR\",\"@id\":\"https:\\\/\\\/www.corncrakelife.ie\\\/fr\\\/malin-head\\\/#primaryimage\",\"url\":\"https:\\\/\\\/www.corncrakelife.ie\\\/wp-content\\\/uploads\\\/2022\\\/03\\\/03611e_eef5ede924474cfeadc3c8d919490bfb_mv2-1024x724.jpg\",\"contentUrl\":\"https:\\\/\\\/www.corncrakelife.ie\\\/wp-content\\\/uploads\\\/2022\\\/03\\\/03611e_eef5ede924474cfeadc3c8d919490bfb_mv2-1024x724.jpg\"},{\"@type\":\"BreadcrumbList\",\"@id\":\"https:\\\/\\\/www.corncrakelife.ie\\\/fr\\\/malin-head\\\/#breadcrumb\",\"itemListElement\":[{\"@type\":\"ListItem\",\"position\":1,\"name\":\"Home\",\"item\":\"https:\\\/\\\/www.corncrakelife.ie\\\/fr\\\/\"},{\"@type\":\"ListItem\",\"position\":2,\"name\":\"Malin Head\"}]},{\"@type\":\"WebSite\",\"@id\":\"https:\\\/\\\/www.corncrakelife.ie\\\/fr\\\/#website\",\"url\":\"https:\\\/\\\/www.corncrakelife.ie\\\/fr\\\/\",\"name\":\"Corncrake LIFE\",\"description\":\"Corncrake Traonach LIFE\",\"publisher\":{\"@id\":\"https:\\\/\\\/www.corncrakelife.ie\\\/fr\\\/#organization\"},\"potentialAction\":[{\"@type\":\"SearchAction\",\"target\":{\"@type\":\"EntryPoint\",\"urlTemplate\":\"https:\\\/\\\/www.corncrakelife.ie\\\/fr\\\/?s={search_term_string}\"},\"query-input\":{\"@type\":\"PropertyValueSpecification\",\"valueRequired\":true,\"valueName\":\"search_term_string\"}}],\"inLanguage\":\"fr-FR\"},{\"@type\":\"Organization\",\"@id\":\"https:\\\/\\\/www.corncrakelife.ie\\\/fr\\\/#organization\",\"name\":\"Department of Housing, Local Government and Heritage\",\"url\":\"https:\\\/\\\/www.corncrakelife.ie\\\/fr\\\/\",\"logo\":{\"@type\":\"ImageObject\",\"inLanguage\":\"fr-FR\",\"@id\":\"https:\\\/\\\/www.corncrakelife.ie\\\/fr\\\/#\\\/schema\\\/logo\\\/image\\\/\",\"url\":\"https:\\\/\\\/www.corncrakelife.ie\\\/wp-content\\\/uploads\\\/2022\\\/03\\\/Corncrake-Traonach-LIFE-Logo.png\",\"contentUrl\":\"https:\\\/\\\/www.corncrakelife.ie\\\/wp-content\\\/uploads\\\/2022\\\/03\\\/Corncrake-Traonach-LIFE-Logo.png\",\"width\":207,\"height\":100,\"caption\":\"Department of Housing, Local Government and Heritage\"},\"image\":{\"@id\":\"https:\\\/\\\/www.corncrakelife.ie\\\/fr\\\/#\\\/schema\\\/logo\\\/image\\\/\"},\"sameAs\":[\"https:\\\/\\\/www.facebook.com\\\/groups\\\/1110924015998978\",\"https:\\\/\\\/x.com\\\/CorncrakeLife\",\"https:\\\/\\\/www.instagram.com\\\/corncrakelife\\\/\",\"https:\\\/\\\/www.youtube.com\\\/channel\\\/UCJGP2YKBafZ689yVU0Iy_Zw\"]}]}<\/script>\n<!-- \/ Yoast SEO plugin. -->","yoast_head_json":{"title":"Malin Head - Corncrake LIFE","robots":{"index":"index","follow":"follow","max-snippet":"max-snippet:-1","max-image-preview":"max-image-preview:large","max-video-preview":"max-video-preview:-1"},"canonical":"https:\/\/www.corncrakelife.ie\/fr\/malin-head\/","og_locale":"fr_FR","og_type":"article","og_title":"Malin Head - Corncrake LIFE","og_description":"Malin Head (Cionn Mh\u00e1lanna) se trouve sur la p\u00e9ninsule d&rsquo;Inishowen, dans le comt\u00e9 de Donegal, \u00e0 l&rsquo;extr\u00e9mit\u00e9 nord de l&rsquo;\u00eele d&rsquo;Irlande. C&rsquo;est le point de d\u00e9part (ou d&rsquo;arriv\u00e9e, selon votre point de vue) de la Wild Atlantic Way et il est depuis longtemps r\u00e9put\u00e9 pour ses paysages c\u00f4tiers \u00e9piques, sa faune aviaire florissante et ses [&hellip;]","og_url":"https:\/\/www.corncrakelife.ie\/fr\/malin-head\/","og_site_name":"Corncrake LIFE","article_publisher":"https:\/\/www.facebook.com\/groups\/1110924015998978","article_modified_time":"2024-06-04T10:35:39+00:00","og_image":[{"url":"https:\/\/www.corncrakelife.ie\/wp-content\/uploads\/2022\/03\/03611e_eef5ede924474cfeadc3c8d919490bfb_mv2-1024x724.jpg","type":"","width":"","height":""}],"twitter_card":"summary_large_image","twitter_site":"@CorncrakeLife","twitter_misc":{"Dur\u00e9e de lecture estim\u00e9e":"3 minutes"},"schema":{"@context":"https:\/\/schema.org","@graph":[{"@type":"WebPage","@id":"https:\/\/www.corncrakelife.ie\/fr\/malin-head\/","url":"https:\/\/www.corncrakelife.ie\/fr\/malin-head\/","name":"Malin Head - Corncrake LIFE","isPartOf":{"@id":"https:\/\/www.corncrakelife.ie\/fr\/#website"},"primaryImageOfPage":{"@id":"https:\/\/www.corncrakelife.ie\/fr\/malin-head\/#primaryimage"},"image":{"@id":"https:\/\/www.corncrakelife.ie\/fr\/malin-head\/#primaryimage"},"thumbnailUrl":"https:\/\/www.corncrakelife.ie\/wp-content\/uploads\/2022\/03\/03611e_eef5ede924474cfeadc3c8d919490bfb_mv2-1024x724.jpg","datePublished":"2022-03-02T17:54:44+00:00","dateModified":"2024-06-04T10:35:39+00:00","breadcrumb":{"@id":"https:\/\/www.corncrakelife.ie\/fr\/malin-head\/#breadcrumb"},"inLanguage":"fr-FR","potentialAction":[{"@type":"ReadAction","target":["https:\/\/www.corncrakelife.ie\/fr\/malin-head\/"]}]},{"@type":"ImageObject","inLanguage":"fr-FR","@id":"https:\/\/www.corncrakelife.ie\/fr\/malin-head\/#primaryimage","url":"https:\/\/www.corncrakelife.ie\/wp-content\/uploads\/2022\/03\/03611e_eef5ede924474cfeadc3c8d919490bfb_mv2-1024x724.jpg","contentUrl":"https:\/\/www.corncrakelife.ie\/wp-content\/uploads\/2022\/03\/03611e_eef5ede924474cfeadc3c8d919490bfb_mv2-1024x724.jpg"},{"@type":"BreadcrumbList","@id":"https:\/\/www.corncrakelife.ie\/fr\/malin-head\/#breadcrumb","itemListElement":[{"@type":"ListItem","position":1,"name":"Home","item":"https:\/\/www.corncrakelife.ie\/fr\/"},{"@type":"ListItem","position":2,"name":"Malin Head"}]},{"@type":"WebSite","@id":"https:\/\/www.corncrakelife.ie\/fr\/#website","url":"https:\/\/www.corncrakelife.ie\/fr\/","name":"Corncrake LIFE","description":"Corncrake Traonach LIFE","publisher":{"@id":"https:\/\/www.corncrakelife.ie\/fr\/#organization"},"potentialAction":[{"@type":"SearchAction","target":{"@type":"EntryPoint","urlTemplate":"https:\/\/www.corncrakelife.ie\/fr\/?s={search_term_string}"},"query-input":{"@type":"PropertyValueSpecification","valueRequired":true,"valueName":"search_term_string"}}],"inLanguage":"fr-FR"},{"@type":"Organization","@id":"https:\/\/www.corncrakelife.ie\/fr\/#organization","name":"Department of Housing, Local Government and Heritage","url":"https:\/\/www.corncrakelife.ie\/fr\/","logo":{"@type":"ImageObject","inLanguage":"fr-FR","@id":"https:\/\/www.corncrakelife.ie\/fr\/#\/schema\/logo\/image\/","url":"https:\/\/www.corncrakelife.ie\/wp-content\/uploads\/2022\/03\/Corncrake-Traonach-LIFE-Logo.png","contentUrl":"https:\/\/www.corncrakelife.ie\/wp-content\/uploads\/2022\/03\/Corncrake-Traonach-LIFE-Logo.png","width":207,"height":100,"caption":"Department of Housing, Local Government and Heritage"},"image":{"@id":"https:\/\/www.corncrakelife.ie\/fr\/#\/schema\/logo\/image\/"},"sameAs":["https:\/\/www.facebook.com\/groups\/1110924015998978","https:\/\/x.com\/CorncrakeLife","https:\/\/www.instagram.com\/corncrakelife\/","https:\/\/www.youtube.com\/channel\/UCJGP2YKBafZ689yVU0Iy_Zw"]}]}},"_links":{"self":[{"href":"https:\/\/www.corncrakelife.ie\/fr\/wp-json\/wp\/v2\/pages\/1185","targetHints":{"allow":["GET"]}}],"collection":[{"href":"https:\/\/www.corncrakelife.ie\/fr\/wp-json\/wp\/v2\/pages"}],"about":[{"href":"https:\/\/www.corncrakelife.ie\/fr\/wp-json\/wp\/v2\/types\/page"}],"author":[{"embeddable":true,"href":"https:\/\/www.corncrakelife.ie\/fr\/wp-json\/wp\/v2\/users\/1"}],"replies":[{"embeddable":true,"href":"https:\/\/www.corncrakelife.ie\/fr\/wp-json\/wp\/v2\/comments?post=1185"}],"version-history":[{"count":4,"href":"https:\/\/www.corncrakelife.ie\/fr\/wp-json\/wp\/v2\/pages\/1185\/revisions"}],"predecessor-version":[{"id":2440,"href":"https:\/\/www.corncrakelife.ie\/fr\/wp-json\/wp\/v2\/pages\/1185\/revisions\/2440"}],"wp:attachment":[{"href":"https:\/\/www.corncrakelife.ie\/fr\/wp-json\/wp\/v2\/media?parent=1185"}],"curies":[{"name":"wp","href":"https:\/\/api.w.org\/{rel}","templated":true}]}}