{"id":1078,"date":"2022-03-01T16:16:00","date_gmt":"2022-03-01T16:16:00","guid":{"rendered":"https:\/\/www.corncrakelife.ie\/biologie-et-ecologie-du-rale-des-genets\/"},"modified":"2024-06-04T14:33:19","modified_gmt":"2024-06-04T13:33:19","slug":"biologie-et-ecologie-du-rale-des-genets","status":"publish","type":"page","link":"https:\/\/www.corncrakelife.ie\/fr\/biologie-et-ecologie-du-rale-des-genets\/","title":{"rendered":"Biologie et \u00e9cologie du r\u00e2le des gen\u00eats"},"content":{"rendered":"\n<div class=\"wp-block-columns is-layout-flex wp-container-core-columns-is-layout-28f84493 wp-block-columns-is-layout-flex\">\n<div class=\"wp-block-column is-layout-flow wp-block-column-is-layout-flow\" style=\"flex-basis:30%\">\n<figure class=\"wp-block-image size-full\"><a href=\"https:\/\/www.corncrakelife.ie\/wp-content\/uploads\/2022\/03\/03611e_9711342e87c746f6a8d0e4f0659d96b0_mv2.jpg\"><img loading=\"lazy\" decoding=\"async\" width=\"505\" height=\"758\" src=\"https:\/\/www.corncrakelife.ie\/wp-content\/uploads\/2022\/03\/03611e_9711342e87c746f6a8d0e4f0659d96b0_mv2.jpg\" alt=\"R&#xE2;le des Gen&#xEA;ts\" class=\"wp-image-18\" srcset=\"https:\/\/www.corncrakelife.ie\/wp-content\/uploads\/2022\/03\/03611e_9711342e87c746f6a8d0e4f0659d96b0_mv2.jpg 505w, https:\/\/www.corncrakelife.ie\/wp-content\/uploads\/2022\/03\/03611e_9711342e87c746f6a8d0e4f0659d96b0_mv2-200x300.jpg 200w\" sizes=\"auto, (max-width: 505px) 100vw, 505px\" \/><\/a><\/figure>\n\n\n\n<div style=\"height:20px\" aria-hidden=\"true\" class=\"wp-block-spacer\"><\/div>\n\n\n\n<figure class=\"wp-block-gallery has-nested-images columns-1 is-cropped wp-block-gallery-1 is-layout-flex wp-block-gallery-is-layout-flex\">\n<figure class=\"wp-block-image size-medium\"><a href=\"https:\/\/www.corncrakelife.ie\/wp-content\/uploads\/2022\/03\/03611e_5e8a328c2ddf48889ef9add2bc7a39f9_mv2-300x169.jpg\"><img loading=\"lazy\" decoding=\"async\" width=\"300\" height=\"169\" data-id=\"21\" src=\"https:\/\/www.corncrakelife.ie\/wp-content\/uploads\/2022\/03\/03611e_5e8a328c2ddf48889ef9add2bc7a39f9_mv2-300x169.jpg\" alt=\"Orties&#10;\" class=\"wp-image-21\" srcset=\"https:\/\/www.corncrakelife.ie\/wp-content\/uploads\/2022\/03\/03611e_5e8a328c2ddf48889ef9add2bc7a39f9_mv2-300x169.jpg 300w, https:\/\/www.corncrakelife.ie\/wp-content\/uploads\/2022\/03\/03611e_5e8a328c2ddf48889ef9add2bc7a39f9_mv2-1024x576.jpg 1024w, https:\/\/www.corncrakelife.ie\/wp-content\/uploads\/2022\/03\/03611e_5e8a328c2ddf48889ef9add2bc7a39f9_mv2-768x432.jpg 768w, https:\/\/www.corncrakelife.ie\/wp-content\/uploads\/2022\/03\/03611e_5e8a328c2ddf48889ef9add2bc7a39f9_mv2.jpg 1348w\" sizes=\"auto, (max-width: 300px) 100vw, 300px\" \/><\/a><figcaption>Orties<\/figcaption><\/figure>\n\n\n\n<figure class=\"wp-block-image size-large\"><a href=\"https:\/\/www.corncrakelife.ie\/wp-content\/uploads\/2022\/03\/03611e_014388252c6344dba3d1eebd763ce4e7_mv2.png\"><img loading=\"lazy\" decoding=\"async\" width=\"615\" height=\"425\" data-id=\"22\" src=\"https:\/\/www.corncrakelife.ie\/wp-content\/uploads\/2022\/03\/03611e_014388252c6344dba3d1eebd763ce4e7_mv2.png\" alt=\"Drapeau Iris\" class=\"wp-image-22\" srcset=\"https:\/\/www.corncrakelife.ie\/wp-content\/uploads\/2022\/03\/03611e_014388252c6344dba3d1eebd763ce4e7_mv2.png 615w, https:\/\/www.corncrakelife.ie\/wp-content\/uploads\/2022\/03\/03611e_014388252c6344dba3d1eebd763ce4e7_mv2-300x207.png 300w\" sizes=\"auto, (max-width: 615px) 100vw, 615px\" \/><\/a><figcaption>Drapeau Iris<\/figcaption><\/figure>\n\n\n\n<figure class=\"wp-block-image size-large\"><a href=\"https:\/\/www.corncrakelife.ie\/wp-content\/uploads\/2022\/03\/03611e_78d924ba8e4a41a880d6756836cd23bf_mv2.png\"><img loading=\"lazy\" decoding=\"async\" width=\"313\" height=\"236\" data-id=\"23\" src=\"https:\/\/www.corncrakelife.ie\/wp-content\/uploads\/2022\/03\/03611e_78d924ba8e4a41a880d6756836cd23bf_mv2.png\" alt=\"Berce du Caucase\" class=\"wp-image-23\" srcset=\"https:\/\/www.corncrakelife.ie\/wp-content\/uploads\/2022\/03\/03611e_78d924ba8e4a41a880d6756836cd23bf_mv2.png 313w, https:\/\/www.corncrakelife.ie\/wp-content\/uploads\/2022\/03\/03611e_78d924ba8e4a41a880d6756836cd23bf_mv2-300x226.png 300w\" sizes=\"auto, (max-width: 313px) 100vw, 313px\" \/><\/a><figcaption>Berce du Caucase<\/figcaption><\/figure>\n<figcaption class=\"blocks-gallery-caption\">Quelques esp\u00e8ces importantes de couverture pr\u00e9coce pour le r\u00e2le des gen\u00eats.<\/figcaption><\/figure>\n\n\n\n<figure class=\"wp-block-gallery has-nested-images columns-default is-cropped wp-block-gallery-2 is-layout-flex wp-block-gallery-is-layout-flex\">\n<figure class=\"wp-block-image size-medium\"><a href=\"https:\/\/www.corncrakelife.ie\/wp-content\/uploads\/2022\/03\/03611e_a63aa72d4fba4333b391b31af6566146_mv2-225x300.jpg\"><img loading=\"lazy\" decoding=\"async\" width=\"225\" height=\"300\" data-id=\"24\" src=\"https:\/\/www.corncrakelife.ie\/wp-content\/uploads\/2022\/03\/03611e_a63aa72d4fba4333b391b31af6566146_mv2-225x300.jpg\" alt=\"Orties Sauvages\" class=\"wp-image-24\" srcset=\"https:\/\/www.corncrakelife.ie\/wp-content\/uploads\/2022\/03\/03611e_a63aa72d4fba4333b391b31af6566146_mv2-225x300.jpg 225w, https:\/\/www.corncrakelife.ie\/wp-content\/uploads\/2022\/03\/03611e_a63aa72d4fba4333b391b31af6566146_mv2.jpg 569w\" sizes=\"auto, (max-width: 225px) 100vw, 225px\" \/><\/a><\/figure>\n\n\n\n<figure class=\"wp-block-image size-large\"><a href=\"https:\/\/www.corncrakelife.ie\/wp-content\/uploads\/2022\/03\/03611e_96a1e4a53bb74a45ad12f844f3b6030b_mv2.jpg\"><img loading=\"lazy\" decoding=\"async\" width=\"1011\" height=\"758\" data-id=\"25\" src=\"https:\/\/www.corncrakelife.ie\/wp-content\/uploads\/2022\/03\/03611e_96a1e4a53bb74a45ad12f844f3b6030b_mv2.jpg\" alt=\"S&#xE9;paration des orties en pots\" class=\"wp-image-25\" srcset=\"https:\/\/www.corncrakelife.ie\/wp-content\/uploads\/2022\/03\/03611e_96a1e4a53bb74a45ad12f844f3b6030b_mv2.jpg 1011w, https:\/\/www.corncrakelife.ie\/wp-content\/uploads\/2022\/03\/03611e_96a1e4a53bb74a45ad12f844f3b6030b_mv2-300x225.jpg 300w, https:\/\/www.corncrakelife.ie\/wp-content\/uploads\/2022\/03\/03611e_96a1e4a53bb74a45ad12f844f3b6030b_mv2-768x576.jpg 768w\" sizes=\"auto, (max-width: 1011px) 100vw, 1011px\" \/><\/a><\/figure>\n\n\n\n<figure class=\"wp-block-image size-large\"><a href=\"https:\/\/www.corncrakelife.ie\/wp-content\/uploads\/2022\/03\/03611e_3e12c5f3943b405eb6c73634f7a082be_mv2.jpg\"><img loading=\"lazy\" decoding=\"async\" width=\"360\" height=\"480\" data-id=\"26\" src=\"https:\/\/www.corncrakelife.ie\/wp-content\/uploads\/2022\/03\/03611e_3e12c5f3943b405eb6c73634f7a082be_mv2.jpg\" alt=\"S&#xE9;paration dans de plus grands pots d'orties\" class=\"wp-image-26\" srcset=\"https:\/\/www.corncrakelife.ie\/wp-content\/uploads\/2022\/03\/03611e_3e12c5f3943b405eb6c73634f7a082be_mv2.jpg 360w, https:\/\/www.corncrakelife.ie\/wp-content\/uploads\/2022\/03\/03611e_3e12c5f3943b405eb6c73634f7a082be_mv2-225x300.jpg 225w\" sizes=\"auto, (max-width: 360px) 100vw, 360px\" \/><\/a><\/figure>\n<figcaption class=\"blocks-gallery-caption\">Culture des orties pour les parcelles ELC<\/figcaption><\/figure>\n<\/div>\n\n\n\n<div class=\"wp-block-column is-layout-flow wp-block-column-is-layout-flow\" style=\"flex-basis:66.66%\">\n<p>Les r\u00e2les des gen\u00eats sont un peu plus grands qu&rsquo;un merle et sont jaune-brun fonc\u00e9, avec des barres sombres sur le dos, des flancs rouge\u00e2tres et un ventre gris.\nLes poussins, \u00e0 l&rsquo;\u00e9closion, ont un duvet noir. <\/p>\n\n\n\n<p>Les m\u00e2les \u00e9mettent un cri fort et distinctif, le \u00ab\u00a0crex crex\u00a0\u00bb, qui peut \u00eatre entendu jusqu&rsquo;\u00e0 1 km de distance.\nEsp\u00e8ce timide, les r\u00e2les des gen\u00eats sont rarement vus et sont mieux localis\u00e9s gr\u00e2ce \u00e0 ce cri, qui est surtout entendu la nuit. <\/p>\n\n\n\n<p>Les r\u00e2les des gen\u00eats se rencontrent g\u00e9n\u00e9ralement dans la v\u00e9g\u00e9tation haute (20 cm) des champs de foin et d&rsquo;ensilage, des p\u00e2turages pauvres et des peuplements d&rsquo;esp\u00e8ces herbac\u00e9es telles que l&rsquo;iris jaune et les orties.\nIl est omnivore et se nourrit principalement d&rsquo;insectes, d&rsquo;escargots, de limaces et de vers, mais aussi de graines. <\/p>\n\n\n\n<p>Les r\u00e2les des gen\u00eats sont des visiteurs d&rsquo;\u00e9t\u00e9 qui se reproduisent en Irlande d&rsquo;avril \u00e0 septembre et migrent vers l&rsquo;Afrique pour l&rsquo;hiver.\nLe territoire d&rsquo;un m\u00e2le peut parfois englober plusieurs nids, cr\u00e9ant ainsi des concentrations locales d&rsquo;oiseaux nicheurs.\nLe nid est construit sur le sol \u00e0 partir de tiges et de feuilles.\nLes femelles pondent de 8 \u00e0 12 \u0153ufs et produisent g\u00e9n\u00e9ralement deux couv\u00e9es par an.\nLes nids sont difficiles \u00e0 localiser et se trouvent g\u00e9n\u00e9ralement dans un rayon de 250 m autour des m\u00e2les qui appellent.    <\/p>\n\n\n\n<p>Les crachats sont migrateurs et hivernent en Afrique subsaharienne, principalement dans les pays du sud-est (Afrique du Sud, Zimbabwe, Zambie et Tanzanie), o\u00f9 les habitats de prairies sont favoris\u00e9s.<\/p>\n\n\n\n<p>Les r\u00e2les des gen\u00eats commencent \u00e0 revenir sur leurs lieux de reproduction en avril et en mai.\nComme la plupart des r\u00e2les, ils sont discrets et on les voit rarement \u00e0 d\u00e9couvert.\nTout au long du cycle de reproduction, ils ont besoin d&rsquo;un couvert continu de v\u00e9g\u00e9tation haute, d&rsquo;au moins 20 cm de hauteur, qui conserve une structure ouverte &#8211; la v\u00e9g\u00e9tation qui devient trop dense \u00e0 mesure que la saison avance a tendance \u00e0 \u00eatre \u00e9vit\u00e9e.  <\/p>\n\n\n\n<p>Les m\u00e2les attirent les partenaires gr\u00e2ce \u00e0 leur chant rauque et puissant, appelant le plus souvent pendant plusieurs heures \u00e0 partir de minuit, peu apr\u00e8s leur arriv\u00e9e et jusqu&rsquo;\u00e0 la mi-juillet, lorsque l&rsquo;activit\u00e9 d&rsquo;appel diminue.\nIls forment un couple avec les femelles pendant la ponte, p\u00e9riode pendant laquelle ils chantent moins fr\u00e9quemment la nuit. <\/p>\n\n\n\n<p>La femelle est la seule \u00e0 s&rsquo;occuper de la couv\u00e9e de 8 \u00e0 12 \u0153ufs dans un nid peu profond au sol, dissimul\u00e9 dans la v\u00e9g\u00e9tation haute.\nLes poussins de la premi\u00e8re couv\u00e9e sont accompagn\u00e9s par la femelle pendant environ 12 jours, puis la femelle abandonne les poussins pour pondre une deuxi\u00e8me couv\u00e9e. <\/p>\n<\/div>\n<\/div>\n","protected":false},"excerpt":{"rendered":"<p>Les r\u00e2les des gen\u00eats sont un peu plus grands qu&rsquo;un merle et sont jaune-brun fonc\u00e9, avec des barres sombres sur le dos, des flancs rouge\u00e2tres et un ventre gris. Les poussins, \u00e0 l&rsquo;\u00e9closion, ont un duvet noir. Les m\u00e2les \u00e9mettent un cri fort et distinctif, le \u00ab\u00a0crex crex\u00a0\u00bb, qui peut \u00eatre entendu jusqu&rsquo;\u00e0 1 km [&hellip;]<\/p>\n","protected":false},"author":1,"featured_media":0,"parent":0,"menu_order":0,"comment_status":"closed","ping_status":"closed","template":"","meta":{"site-sidebar-layout":"no-sidebar","site-content-layout":"","ast-site-content-layout":"default","site-content-style":"default","site-sidebar-style":"default","ast-global-header-display":"","ast-banner-title-visibility":"","ast-main-header-display":"","ast-hfb-above-header-display":"","ast-hfb-below-header-display":"","ast-hfb-mobile-header-display":"","site-post-title":"","ast-breadcrumbs-content":"","ast-featured-img":"","footer-sml-layout":"","ast-disable-related-posts":"","theme-transparent-header-meta":"","adv-header-id-meta":"","stick-header-meta":"","header-above-stick-meta":"","header-main-stick-meta":"","header-below-stick-meta":"","astra-migrate-meta-layouts":"default","ast-page-background-enabled":"default","ast-page-background-meta":{"desktop":{"background-color":"var(--ast-global-color-4)","background-image":"","background-repeat":"repeat","background-position":"center center","background-size":"auto","background-attachment":"scroll","background-type":"","background-media":"","overlay-type":"","overlay-color":"","overlay-opacity":"","overlay-gradient":""},"tablet":{"background-color":"","background-image":"","background-repeat":"repeat","background-position":"center center","background-size":"auto","background-attachment":"scroll","background-type":"","background-media":"","overlay-type":"","overlay-color":"","overlay-opacity":"","overlay-gradient":""},"mobile":{"background-color":"","background-image":"","background-repeat":"repeat","background-position":"center center","background-size":"auto","background-attachment":"scroll","background-type":"","background-media":"","overlay-type":"","overlay-color":"","overlay-opacity":"","overlay-gradient":""}},"ast-content-background-meta":{"desktop":{"background-color":"var(--ast-global-color-5)","background-image":"","background-repeat":"repeat","background-position":"center center","background-size":"auto","background-attachment":"scroll","background-type":"","background-media":"","overlay-type":"","overlay-color":"","overlay-opacity":"","overlay-gradient":""},"tablet":{"background-color":"var(--ast-global-color-5)","background-image":"","background-repeat":"repeat","background-position":"center center","background-size":"auto","background-attachment":"scroll","background-type":"","background-media":"","overlay-type":"","overlay-color":"","overlay-opacity":"","overlay-gradient":""},"mobile":{"background-color":"var(--ast-global-color-5)","background-image":"","background-repeat":"repeat","background-position":"center center","background-size":"auto","background-attachment":"scroll","background-type":"","background-media":"","overlay-type":"","overlay-color":"","overlay-opacity":"","overlay-gradient":""}},"footnotes":""},"class_list":["post-1078","page","type-page","status-publish","hentry"],"yoast_head":"<!-- This site is optimized with the Yoast SEO plugin v27.3 - https:\/\/yoast.com\/product\/yoast-seo-wordpress\/ -->\n<title>Biologie et \u00e9cologie du r\u00e2le des gen\u00eats - Corncrake LIFE<\/title>\n<meta name=\"robots\" content=\"index, follow, max-snippet:-1, max-image-preview:large, max-video-preview:-1\" \/>\n<link rel=\"canonical\" href=\"https:\/\/www.corncrakelife.ie\/fr\/biologie-et-ecologie-du-rale-des-genets\/\" \/>\n<meta property=\"og:locale\" content=\"fr_FR\" \/>\n<meta property=\"og:type\" content=\"article\" \/>\n<meta property=\"og:title\" content=\"Biologie et \u00e9cologie du r\u00e2le des gen\u00eats - Corncrake LIFE\" \/>\n<meta property=\"og:description\" content=\"Les r\u00e2les des gen\u00eats sont un peu plus grands qu&rsquo;un merle et sont jaune-brun fonc\u00e9, avec des barres sombres sur le dos, des flancs rouge\u00e2tres et un ventre gris. Les poussins, \u00e0 l&rsquo;\u00e9closion, ont un duvet noir. Les m\u00e2les \u00e9mettent un cri fort et distinctif, le \u00ab\u00a0crex crex\u00a0\u00bb, qui peut \u00eatre entendu jusqu&rsquo;\u00e0 1 km [&hellip;]\" \/>\n<meta property=\"og:url\" content=\"https:\/\/www.corncrakelife.ie\/fr\/biologie-et-ecologie-du-rale-des-genets\/\" \/>\n<meta property=\"og:site_name\" content=\"Corncrake LIFE\" \/>\n<meta property=\"article:publisher\" content=\"https:\/\/www.facebook.com\/groups\/1110924015998978\" \/>\n<meta property=\"article:modified_time\" content=\"2024-06-04T13:33:19+00:00\" \/>\n<meta property=\"og:image\" content=\"https:\/\/www.corncrakelife.ie\/wp-content\/uploads\/2022\/03\/03611e_9711342e87c746f6a8d0e4f0659d96b0_mv2.jpg\" \/>\n<meta name=\"twitter:card\" content=\"summary_large_image\" \/>\n<meta name=\"twitter:site\" content=\"@CorncrakeLife\" \/>\n<meta name=\"twitter:label1\" content=\"Dur\u00e9e de lecture estim\u00e9e\" \/>\n\t<meta name=\"twitter:data1\" content=\"2 minutes\" \/>\n<script type=\"application\/ld+json\" class=\"yoast-schema-graph\">{\"@context\":\"https:\\\/\\\/schema.org\",\"@graph\":[{\"@type\":\"WebPage\",\"@id\":\"https:\\\/\\\/www.corncrakelife.ie\\\/fr\\\/biologie-et-ecologie-du-rale-des-genets\\\/\",\"url\":\"https:\\\/\\\/www.corncrakelife.ie\\\/fr\\\/biologie-et-ecologie-du-rale-des-genets\\\/\",\"name\":\"Biologie et \u00e9cologie du r\u00e2le des gen\u00eats - Corncrake LIFE\",\"isPartOf\":{\"@id\":\"https:\\\/\\\/www.corncrakelife.ie\\\/fr\\\/#website\"},\"primaryImageOfPage\":{\"@id\":\"https:\\\/\\\/www.corncrakelife.ie\\\/fr\\\/biologie-et-ecologie-du-rale-des-genets\\\/#primaryimage\"},\"image\":{\"@id\":\"https:\\\/\\\/www.corncrakelife.ie\\\/fr\\\/biologie-et-ecologie-du-rale-des-genets\\\/#primaryimage\"},\"thumbnailUrl\":\"https:\\\/\\\/www.corncrakelife.ie\\\/wp-content\\\/uploads\\\/2022\\\/03\\\/03611e_9711342e87c746f6a8d0e4f0659d96b0_mv2.jpg\",\"datePublished\":\"2022-03-01T16:16:00+00:00\",\"dateModified\":\"2024-06-04T13:33:19+00:00\",\"breadcrumb\":{\"@id\":\"https:\\\/\\\/www.corncrakelife.ie\\\/fr\\\/biologie-et-ecologie-du-rale-des-genets\\\/#breadcrumb\"},\"inLanguage\":\"fr-FR\",\"potentialAction\":[{\"@type\":\"ReadAction\",\"target\":[\"https:\\\/\\\/www.corncrakelife.ie\\\/fr\\\/biologie-et-ecologie-du-rale-des-genets\\\/\"]}]},{\"@type\":\"ImageObject\",\"inLanguage\":\"fr-FR\",\"@id\":\"https:\\\/\\\/www.corncrakelife.ie\\\/fr\\\/biologie-et-ecologie-du-rale-des-genets\\\/#primaryimage\",\"url\":\"https:\\\/\\\/www.corncrakelife.ie\\\/wp-content\\\/uploads\\\/2022\\\/03\\\/03611e_9711342e87c746f6a8d0e4f0659d96b0_mv2.jpg\",\"contentUrl\":\"https:\\\/\\\/www.corncrakelife.ie\\\/wp-content\\\/uploads\\\/2022\\\/03\\\/03611e_9711342e87c746f6a8d0e4f0659d96b0_mv2.jpg\"},{\"@type\":\"BreadcrumbList\",\"@id\":\"https:\\\/\\\/www.corncrakelife.ie\\\/fr\\\/biologie-et-ecologie-du-rale-des-genets\\\/#breadcrumb\",\"itemListElement\":[{\"@type\":\"ListItem\",\"position\":1,\"name\":\"Home\",\"item\":\"https:\\\/\\\/www.corncrakelife.ie\\\/fr\\\/\"},{\"@type\":\"ListItem\",\"position\":2,\"name\":\"Biologie et \u00e9cologie du r\u00e2le des gen\u00eats\"}]},{\"@type\":\"WebSite\",\"@id\":\"https:\\\/\\\/www.corncrakelife.ie\\\/fr\\\/#website\",\"url\":\"https:\\\/\\\/www.corncrakelife.ie\\\/fr\\\/\",\"name\":\"Corncrake LIFE\",\"description\":\"Corncrake Traonach LIFE\",\"publisher\":{\"@id\":\"https:\\\/\\\/www.corncrakelife.ie\\\/fr\\\/#organization\"},\"potentialAction\":[{\"@type\":\"SearchAction\",\"target\":{\"@type\":\"EntryPoint\",\"urlTemplate\":\"https:\\\/\\\/www.corncrakelife.ie\\\/fr\\\/?s={search_term_string}\"},\"query-input\":{\"@type\":\"PropertyValueSpecification\",\"valueRequired\":true,\"valueName\":\"search_term_string\"}}],\"inLanguage\":\"fr-FR\"},{\"@type\":\"Organization\",\"@id\":\"https:\\\/\\\/www.corncrakelife.ie\\\/fr\\\/#organization\",\"name\":\"Department of Housing, Local Government and Heritage\",\"url\":\"https:\\\/\\\/www.corncrakelife.ie\\\/fr\\\/\",\"logo\":{\"@type\":\"ImageObject\",\"inLanguage\":\"fr-FR\",\"@id\":\"https:\\\/\\\/www.corncrakelife.ie\\\/fr\\\/#\\\/schema\\\/logo\\\/image\\\/\",\"url\":\"https:\\\/\\\/www.corncrakelife.ie\\\/wp-content\\\/uploads\\\/2022\\\/03\\\/Corncrake-Traonach-LIFE-Logo.png\",\"contentUrl\":\"https:\\\/\\\/www.corncrakelife.ie\\\/wp-content\\\/uploads\\\/2022\\\/03\\\/Corncrake-Traonach-LIFE-Logo.png\",\"width\":207,\"height\":100,\"caption\":\"Department of Housing, Local Government and Heritage\"},\"image\":{\"@id\":\"https:\\\/\\\/www.corncrakelife.ie\\\/fr\\\/#\\\/schema\\\/logo\\\/image\\\/\"},\"sameAs\":[\"https:\\\/\\\/www.facebook.com\\\/groups\\\/1110924015998978\",\"https:\\\/\\\/x.com\\\/CorncrakeLife\",\"https:\\\/\\\/www.instagram.com\\\/corncrakelife\\\/\",\"https:\\\/\\\/www.youtube.com\\\/channel\\\/UCJGP2YKBafZ689yVU0Iy_Zw\"]}]}<\/script>\n<!-- \/ Yoast SEO plugin. -->","yoast_head_json":{"title":"Biologie et \u00e9cologie du r\u00e2le des gen\u00eats - Corncrake LIFE","robots":{"index":"index","follow":"follow","max-snippet":"max-snippet:-1","max-image-preview":"max-image-preview:large","max-video-preview":"max-video-preview:-1"},"canonical":"https:\/\/www.corncrakelife.ie\/fr\/biologie-et-ecologie-du-rale-des-genets\/","og_locale":"fr_FR","og_type":"article","og_title":"Biologie et \u00e9cologie du r\u00e2le des gen\u00eats - Corncrake LIFE","og_description":"Les r\u00e2les des gen\u00eats sont un peu plus grands qu&rsquo;un merle et sont jaune-brun fonc\u00e9, avec des barres sombres sur le dos, des flancs rouge\u00e2tres et un ventre gris. Les poussins, \u00e0 l&rsquo;\u00e9closion, ont un duvet noir. Les m\u00e2les \u00e9mettent un cri fort et distinctif, le \u00ab\u00a0crex crex\u00a0\u00bb, qui peut \u00eatre entendu jusqu&rsquo;\u00e0 1 km [&hellip;]","og_url":"https:\/\/www.corncrakelife.ie\/fr\/biologie-et-ecologie-du-rale-des-genets\/","og_site_name":"Corncrake LIFE","article_publisher":"https:\/\/www.facebook.com\/groups\/1110924015998978","article_modified_time":"2024-06-04T13:33:19+00:00","og_image":[{"url":"https:\/\/www.corncrakelife.ie\/wp-content\/uploads\/2022\/03\/03611e_9711342e87c746f6a8d0e4f0659d96b0_mv2.jpg","type":"","width":"","height":""}],"twitter_card":"summary_large_image","twitter_site":"@CorncrakeLife","twitter_misc":{"Dur\u00e9e de lecture estim\u00e9e":"2 minutes"},"schema":{"@context":"https:\/\/schema.org","@graph":[{"@type":"WebPage","@id":"https:\/\/www.corncrakelife.ie\/fr\/biologie-et-ecologie-du-rale-des-genets\/","url":"https:\/\/www.corncrakelife.ie\/fr\/biologie-et-ecologie-du-rale-des-genets\/","name":"Biologie et \u00e9cologie du r\u00e2le des gen\u00eats - Corncrake LIFE","isPartOf":{"@id":"https:\/\/www.corncrakelife.ie\/fr\/#website"},"primaryImageOfPage":{"@id":"https:\/\/www.corncrakelife.ie\/fr\/biologie-et-ecologie-du-rale-des-genets\/#primaryimage"},"image":{"@id":"https:\/\/www.corncrakelife.ie\/fr\/biologie-et-ecologie-du-rale-des-genets\/#primaryimage"},"thumbnailUrl":"https:\/\/www.corncrakelife.ie\/wp-content\/uploads\/2022\/03\/03611e_9711342e87c746f6a8d0e4f0659d96b0_mv2.jpg","datePublished":"2022-03-01T16:16:00+00:00","dateModified":"2024-06-04T13:33:19+00:00","breadcrumb":{"@id":"https:\/\/www.corncrakelife.ie\/fr\/biologie-et-ecologie-du-rale-des-genets\/#breadcrumb"},"inLanguage":"fr-FR","potentialAction":[{"@type":"ReadAction","target":["https:\/\/www.corncrakelife.ie\/fr\/biologie-et-ecologie-du-rale-des-genets\/"]}]},{"@type":"ImageObject","inLanguage":"fr-FR","@id":"https:\/\/www.corncrakelife.ie\/fr\/biologie-et-ecologie-du-rale-des-genets\/#primaryimage","url":"https:\/\/www.corncrakelife.ie\/wp-content\/uploads\/2022\/03\/03611e_9711342e87c746f6a8d0e4f0659d96b0_mv2.jpg","contentUrl":"https:\/\/www.corncrakelife.ie\/wp-content\/uploads\/2022\/03\/03611e_9711342e87c746f6a8d0e4f0659d96b0_mv2.jpg"},{"@type":"BreadcrumbList","@id":"https:\/\/www.corncrakelife.ie\/fr\/biologie-et-ecologie-du-rale-des-genets\/#breadcrumb","itemListElement":[{"@type":"ListItem","position":1,"name":"Home","item":"https:\/\/www.corncrakelife.ie\/fr\/"},{"@type":"ListItem","position":2,"name":"Biologie et \u00e9cologie du r\u00e2le des gen\u00eats"}]},{"@type":"WebSite","@id":"https:\/\/www.corncrakelife.ie\/fr\/#website","url":"https:\/\/www.corncrakelife.ie\/fr\/","name":"Corncrake LIFE","description":"Corncrake Traonach LIFE","publisher":{"@id":"https:\/\/www.corncrakelife.ie\/fr\/#organization"},"potentialAction":[{"@type":"SearchAction","target":{"@type":"EntryPoint","urlTemplate":"https:\/\/www.corncrakelife.ie\/fr\/?s={search_term_string}"},"query-input":{"@type":"PropertyValueSpecification","valueRequired":true,"valueName":"search_term_string"}}],"inLanguage":"fr-FR"},{"@type":"Organization","@id":"https:\/\/www.corncrakelife.ie\/fr\/#organization","name":"Department of Housing, Local Government and Heritage","url":"https:\/\/www.corncrakelife.ie\/fr\/","logo":{"@type":"ImageObject","inLanguage":"fr-FR","@id":"https:\/\/www.corncrakelife.ie\/fr\/#\/schema\/logo\/image\/","url":"https:\/\/www.corncrakelife.ie\/wp-content\/uploads\/2022\/03\/Corncrake-Traonach-LIFE-Logo.png","contentUrl":"https:\/\/www.corncrakelife.ie\/wp-content\/uploads\/2022\/03\/Corncrake-Traonach-LIFE-Logo.png","width":207,"height":100,"caption":"Department of Housing, Local Government and Heritage"},"image":{"@id":"https:\/\/www.corncrakelife.ie\/fr\/#\/schema\/logo\/image\/"},"sameAs":["https:\/\/www.facebook.com\/groups\/1110924015998978","https:\/\/x.com\/CorncrakeLife","https:\/\/www.instagram.com\/corncrakelife\/","https:\/\/www.youtube.com\/channel\/UCJGP2YKBafZ689yVU0Iy_Zw"]}]}},"_links":{"self":[{"href":"https:\/\/www.corncrakelife.ie\/fr\/wp-json\/wp\/v2\/pages\/1078","targetHints":{"allow":["GET"]}}],"collection":[{"href":"https:\/\/www.corncrakelife.ie\/fr\/wp-json\/wp\/v2\/pages"}],"about":[{"href":"https:\/\/www.corncrakelife.ie\/fr\/wp-json\/wp\/v2\/types\/page"}],"author":[{"embeddable":true,"href":"https:\/\/www.corncrakelife.ie\/fr\/wp-json\/wp\/v2\/users\/1"}],"replies":[{"embeddable":true,"href":"https:\/\/www.corncrakelife.ie\/fr\/wp-json\/wp\/v2\/comments?post=1078"}],"version-history":[{"count":3,"href":"https:\/\/www.corncrakelife.ie\/fr\/wp-json\/wp\/v2\/pages\/1078\/revisions"}],"predecessor-version":[{"id":2473,"href":"https:\/\/www.corncrakelife.ie\/fr\/wp-json\/wp\/v2\/pages\/1078\/revisions\/2473"}],"wp:attachment":[{"href":"https:\/\/www.corncrakelife.ie\/fr\/wp-json\/wp\/v2\/media?parent=1078"}],"curies":[{"name":"wp","href":"https:\/\/api.w.org\/{rel}","templated":true}]}}