{"id":1030,"date":"2022-03-01T17:45:35","date_gmt":"2022-03-01T17:45:35","guid":{"rendered":"https:\/\/www.corncrakelife.ie\/maison\/"},"modified":"2024-01-02T11:09:04","modified_gmt":"2024-01-02T11:09:04","slug":"maison","status":"publish","type":"page","link":"https:\/\/www.corncrakelife.ie\/fr\/","title":{"rendered":"Maison"},"content":{"rendered":"\n<div class=\"wp-block-cover alignfull is-light ticss-38244299\"><span aria-hidden=\"true\" class=\"wp-block-cover__background has-background-dim-0 has-background-dim\"><\/span><img loading=\"lazy\" decoding=\"async\" width=\"1905\" height=\"555\" class=\"wp-block-cover__image-background wp-image-50\" alt=\"\" src=\"https:\/\/www.corncrakelife.ie\/wp-content\/uploads\/2022\/03\/03611e_9dfc92ee3c1345edb96802c7c0b801af_mv2.jpg\" style=\"object-position:72% 49%\" data-object-fit=\"cover\" data-object-position=\"72% 49%\" srcset=\"https:\/\/www.corncrakelife.ie\/wp-content\/uploads\/2022\/03\/03611e_9dfc92ee3c1345edb96802c7c0b801af_mv2.jpg 1905w, https:\/\/www.corncrakelife.ie\/wp-content\/uploads\/2022\/03\/03611e_9dfc92ee3c1345edb96802c7c0b801af_mv2-300x87.jpg 300w, https:\/\/www.corncrakelife.ie\/wp-content\/uploads\/2022\/03\/03611e_9dfc92ee3c1345edb96802c7c0b801af_mv2-1024x298.jpg 1024w, https:\/\/www.corncrakelife.ie\/wp-content\/uploads\/2022\/03\/03611e_9dfc92ee3c1345edb96802c7c0b801af_mv2-768x224.jpg 768w, https:\/\/www.corncrakelife.ie\/wp-content\/uploads\/2022\/03\/03611e_9dfc92ee3c1345edb96802c7c0b801af_mv2-1536x447.jpg 1536w\" sizes=\"auto, (max-width: 1905px) 100vw, 1905px\" \/><div class=\"wp-block-cover__inner-container is-layout-flow wp-block-cover-is-layout-flow\">\n<div class=\"wp-block-columns is-layout-flex wp-container-core-columns-is-layout-28f84493 wp-block-columns-is-layout-flex\">\n<div class=\"wp-block-column is-layout-flow wp-block-column-is-layout-flow\" style=\"flex-basis:66.66%\">\n<p class=\"has-text-align-left has-ast-global-color-5-color has-text-color has-medium-font-size\" style=\"max-width: 300px;\">Le projet LIFE Atlantic Crex vise \u00e0 am\u00e9liorer l&rsquo;\u00e9tat de conservation en Irlande du r\u00e2le des gen\u00eats en am\u00e9liorant le r\u00e9seau de zones de protection sp\u00e9ciale et les terres agricoles environnantes.<\/p>\n<\/div>\n\n\n\n<div class=\"wp-block-column is-layout-flow wp-block-column-is-layout-flow\" style=\"flex-basis:33.33%\"><\/div>\n<\/div>\n<\/div><\/div>\n\n<div style=\"height:65px\" aria-hidden=\"true\" class=\"wp-block-spacer ticss-7b94b51e\"><\/div>\n\n<div style=\"height:220px\" aria-hidden=\"true\" class=\"wp-block-spacer ticss-70dd4c9a\"><\/div>\n\n<div class=\"wp-block-columns is-layout-flex wp-container-core-columns-is-layout-28f84493 wp-block-columns-is-layout-flex\">\n<div class=\"wp-block-column project-intro is-layout-flow wp-block-column-is-layout-flow\">\n<p><\/p>\n<\/div>\n\n\n\n<div class=\"wp-block-column is-layout-flow wp-block-column-is-layout-flow\">\n<figure class=\"wp-block-image alignright size-large ticss-ddb0bb03\"><a href=\"https:\/\/www.corncrakelife.ie\/fr\/domaines-du-projet\/\"><img decoding=\"async\" src=\"https:\/\/www.corncrakelife.ie\/wp-content\/uploads\/2022\/03\/Map.jpg\" alt=\"Zones cartographiques du r&#xE2;le des gen&#xEA;ts\"\/><\/a><\/figure>\n<\/div>\n<\/div>\n\n<div class=\"wp-block-columns is-layout-flex wp-container-core-columns-is-layout-28f84493 wp-block-columns-is-layout-flex\">\n<div class=\"wp-block-column project-intro is-layout-flow wp-block-column-is-layout-flow\">\n<p>Le projet se d\u00e9roulera sur 8 sites du projet (dans 9 ZPS et les terres agricoles adjacentes) qui sont principalement des propri\u00e9t\u00e9s priv\u00e9es.<\/p>\n<\/div>\n\n\n\n<div class=\"wp-block-column is-layout-flow wp-block-column-is-layout-flow\"><\/div>\n<\/div>\n\n<div style=\"height:99px\" aria-hidden=\"true\" class=\"wp-block-spacer\"><\/div>\n\n<div class=\"wp-block-columns is-layout-flex wp-container-core-columns-is-layout-28f84493 wp-block-columns-is-layout-flex\">\n<div class=\"wp-block-column is-layout-flow wp-block-column-is-layout-flow\">\n<a href=\"https:\/\/www.corncrakelife.ie\/fr\/biologie-et-ecologie-du-rale-des-genets\/\" class=\"ccl-card\"><div><img decoding=\"async\" src=\"\/wp-content\/uploads\/2022\/03\/shutterstock_122983618.jpg\" alt=\"\"\/><div class=\"ccl-card-text\">En Savoir Plus Sur Cet Oiseau Incroyable<\/div><\/div><\/a>\n<\/div>\n\n\n\n<div class=\"wp-block-column is-layout-flow wp-block-column-is-layout-flow\">\n<a href=\"https:\/\/www.corncrakelife.ie\/fr\/domaines-du-projet\/\" class=\"ccl-card\"><div><img decoding=\"async\" src=\"\/wp-content\/uploads\/2022\/03\/corncrake_Ballyhillion.jpg\" alt=\"\"\/><div class=\"ccl-card-text\">Voir Les Zones Op\u00e9rationnelles Du Projet<\/div><\/div><\/a>\n<\/div>\n\n\n\n<div class=\"wp-block-column is-layout-flow wp-block-column-is-layout-flow\">\n<a href=\"https:\/\/www.corncrakelife.ie\/fr\/category\/news-fr\/\" class=\"ccl-card\"><div><img decoding=\"async\" src=\"\/wp-content\/uploads\/2022\/03\/ErHgsVsWMAEAdWy.jpg\" alt=\"\"\/><div class=\"ccl-card-text\">Consultez Les Derni\u00e8res Actualit\u00e9s Du Projet<\/div><\/div><\/a>\n<\/div>\n\n\n\n<div class=\"wp-block-column is-layout-flow wp-block-column-is-layout-flow\">\n<a href=\"https:\/\/www.corncrakelife.ie\/fr\/tonte-respectueuse-des-corncrake\/\" class=\"ccl-card\"><div><img decoding=\"async\" src=\"\/wp-content\/uploads\/2022\/03\/CFM-Tiraun-2019.jpg\" alt=\"\"\/><div class=\"ccl-card-text\">Tonte respectueuse des corncrake<\/div><\/div><\/a>\n<\/div>\n<\/div>\n\n<div style=\"height:80px\" aria-hidden=\"true\" class=\"wp-block-spacer\"><\/div>\n\n<p><\/p>\n","protected":false},"excerpt":{"rendered":"<p>Le projet se d\u00e9roulera sur 8 sites du projet (dans 9 ZPS et les terres agricoles adjacentes) qui sont principalement des propri\u00e9t\u00e9s priv\u00e9es. En Savoir Plus Sur Cet Oiseau Incroyable Voir Les Zones Op\u00e9rationnelles Du Projet Consultez Les Derni\u00e8res Actualit\u00e9s Du Projet Tonte respectueuse des corncrake<\/p>\n","protected":false},"author":1,"featured_media":0,"parent":0,"menu_order":0,"comment_status":"closed","ping_status":"closed","template":"","meta":{"site-sidebar-layout":"no-sidebar","site-content-layout":"plain-container","ast-site-content-layout":"default","site-content-style":"default","site-sidebar-style":"default","ast-global-header-display":"","ast-banner-title-visibility":"","ast-main-header-display":"","ast-hfb-above-header-display":"","ast-hfb-below-header-display":"","ast-hfb-mobile-header-display":"","site-post-title":"disabled","ast-breadcrumbs-content":"","ast-featured-img":"","footer-sml-layout":"","ast-disable-related-posts":"","theme-transparent-header-meta":"","adv-header-id-meta":"","stick-header-meta":"","header-above-stick-meta":"","header-main-stick-meta":"","header-below-stick-meta":"","astra-migrate-meta-layouts":"default","ast-page-background-enabled":"default","ast-page-background-meta":{"desktop":{"background-color":"var(--ast-global-color-4)","background-image":"","background-repeat":"repeat","background-position":"center center","background-size":"auto","background-attachment":"scroll","background-type":"","background-media":"","overlay-type":"","overlay-color":"","overlay-opacity":"","overlay-gradient":""},"tablet":{"background-color":"","background-image":"","background-repeat":"repeat","background-position":"center center","background-size":"auto","background-attachment":"scroll","background-type":"","background-media":"","overlay-type":"","overlay-color":"","overlay-opacity":"","overlay-gradient":""},"mobile":{"background-color":"","background-image":"","background-repeat":"repeat","background-position":"center center","background-size":"auto","background-attachment":"scroll","background-type":"","background-media":"","overlay-type":"","overlay-color":"","overlay-opacity":"","overlay-gradient":""}},"ast-content-background-meta":{"desktop":{"background-color":"var(--ast-global-color-5)","background-image":"","background-repeat":"repeat","background-position":"center center","background-size":"auto","background-attachment":"scroll","background-type":"","background-media":"","overlay-type":"","overlay-color":"","overlay-opacity":"","overlay-gradient":""},"tablet":{"background-color":"var(--ast-global-color-5)","background-image":"","background-repeat":"repeat","background-position":"center center","background-size":"auto","background-attachment":"scroll","background-type":"","background-media":"","overlay-type":"","overlay-color":"","overlay-opacity":"","overlay-gradient":""},"mobile":{"background-color":"var(--ast-global-color-5)","background-image":"","background-repeat":"repeat","background-position":"center center","background-size":"auto","background-attachment":"scroll","background-type":"","background-media":"","overlay-type":"","overlay-color":"","overlay-opacity":"","overlay-gradient":""}},"footnotes":""},"class_list":["post-1030","page","type-page","status-publish","hentry"],"yoast_head":"<!-- This site is optimized with the Yoast SEO plugin v27.3 - https:\/\/yoast.com\/product\/yoast-seo-wordpress\/ -->\n<title>Maison - Corncrake LIFE<\/title>\n<meta name=\"robots\" content=\"index, follow, max-snippet:-1, max-image-preview:large, max-video-preview:-1\" \/>\n<link rel=\"canonical\" href=\"https:\/\/www.corncrakelife.ie\/fr\/\" \/>\n<meta property=\"og:locale\" content=\"fr_FR\" \/>\n<meta property=\"og:type\" content=\"article\" \/>\n<meta property=\"og:title\" content=\"Maison - Corncrake LIFE\" \/>\n<meta property=\"og:description\" content=\"Le projet se d\u00e9roulera sur 8 sites du projet (dans 9 ZPS et les terres agricoles adjacentes) qui sont principalement des propri\u00e9t\u00e9s priv\u00e9es. En Savoir Plus Sur Cet Oiseau Incroyable Voir Les Zones Op\u00e9rationnelles Du Projet Consultez Les Derni\u00e8res Actualit\u00e9s Du Projet Tonte respectueuse des corncrake\" \/>\n<meta property=\"og:url\" content=\"https:\/\/www.corncrakelife.ie\/fr\/\" \/>\n<meta property=\"og:site_name\" content=\"Corncrake LIFE\" \/>\n<meta property=\"article:publisher\" content=\"https:\/\/www.facebook.com\/groups\/1110924015998978\" \/>\n<meta property=\"article:modified_time\" content=\"2024-01-02T11:09:04+00:00\" \/>\n<meta property=\"og:image\" content=\"https:\/\/www.corncrakelife.ie\/wp-content\/uploads\/2022\/03\/03611e_9dfc92ee3c1345edb96802c7c0b801af_mv2.jpg\" \/>\n<meta name=\"twitter:card\" content=\"summary_large_image\" \/>\n<meta name=\"twitter:site\" content=\"@CorncrakeLife\" \/>\n<script type=\"application\/ld+json\" class=\"yoast-schema-graph\">{\"@context\":\"https:\\\/\\\/schema.org\",\"@graph\":[{\"@type\":\"WebPage\",\"@id\":\"https:\\\/\\\/www.corncrakelife.ie\\\/fr\\\/\",\"url\":\"https:\\\/\\\/www.corncrakelife.ie\\\/fr\\\/\",\"name\":\"Maison - Corncrake LIFE\",\"isPartOf\":{\"@id\":\"https:\\\/\\\/www.corncrakelife.ie\\\/fr\\\/#website\"},\"primaryImageOfPage\":{\"@id\":\"https:\\\/\\\/www.corncrakelife.ie\\\/fr\\\/#primaryimage\"},\"image\":{\"@id\":\"https:\\\/\\\/www.corncrakelife.ie\\\/fr\\\/#primaryimage\"},\"thumbnailUrl\":\"https:\\\/\\\/www.corncrakelife.ie\\\/wp-content\\\/uploads\\\/2022\\\/03\\\/03611e_9dfc92ee3c1345edb96802c7c0b801af_mv2.jpg\",\"datePublished\":\"2022-03-01T17:45:35+00:00\",\"dateModified\":\"2024-01-02T11:09:04+00:00\",\"breadcrumb\":{\"@id\":\"https:\\\/\\\/www.corncrakelife.ie\\\/fr\\\/#breadcrumb\"},\"inLanguage\":\"fr-FR\",\"potentialAction\":[{\"@type\":\"ReadAction\",\"target\":[\"https:\\\/\\\/www.corncrakelife.ie\\\/fr\\\/\"]}]},{\"@type\":\"ImageObject\",\"inLanguage\":\"fr-FR\",\"@id\":\"https:\\\/\\\/www.corncrakelife.ie\\\/fr\\\/#primaryimage\",\"url\":\"https:\\\/\\\/www.corncrakelife.ie\\\/wp-content\\\/uploads\\\/2022\\\/03\\\/03611e_9dfc92ee3c1345edb96802c7c0b801af_mv2.jpg\",\"contentUrl\":\"https:\\\/\\\/www.corncrakelife.ie\\\/wp-content\\\/uploads\\\/2022\\\/03\\\/03611e_9dfc92ee3c1345edb96802c7c0b801af_mv2.jpg\"},{\"@type\":\"BreadcrumbList\",\"@id\":\"https:\\\/\\\/www.corncrakelife.ie\\\/fr\\\/#breadcrumb\",\"itemListElement\":[{\"@type\":\"ListItem\",\"position\":1,\"name\":\"Home\",\"item\":\"https:\\\/\\\/www.corncrakelife.ie\\\/fr\\\/\"},{\"@type\":\"ListItem\",\"position\":2,\"name\":\"Maison\"}]},{\"@type\":\"WebSite\",\"@id\":\"https:\\\/\\\/www.corncrakelife.ie\\\/fr\\\/#website\",\"url\":\"https:\\\/\\\/www.corncrakelife.ie\\\/fr\\\/\",\"name\":\"Corncrake LIFE\",\"description\":\"Corncrake Traonach LIFE\",\"publisher\":{\"@id\":\"https:\\\/\\\/www.corncrakelife.ie\\\/fr\\\/#organization\"},\"potentialAction\":[{\"@type\":\"SearchAction\",\"target\":{\"@type\":\"EntryPoint\",\"urlTemplate\":\"https:\\\/\\\/www.corncrakelife.ie\\\/fr\\\/?s={search_term_string}\"},\"query-input\":{\"@type\":\"PropertyValueSpecification\",\"valueRequired\":true,\"valueName\":\"search_term_string\"}}],\"inLanguage\":\"fr-FR\"},{\"@type\":\"Organization\",\"@id\":\"https:\\\/\\\/www.corncrakelife.ie\\\/fr\\\/#organization\",\"name\":\"Department of Housing, Local Government and Heritage\",\"url\":\"https:\\\/\\\/www.corncrakelife.ie\\\/fr\\\/\",\"logo\":{\"@type\":\"ImageObject\",\"inLanguage\":\"fr-FR\",\"@id\":\"https:\\\/\\\/www.corncrakelife.ie\\\/fr\\\/#\\\/schema\\\/logo\\\/image\\\/\",\"url\":\"https:\\\/\\\/www.corncrakelife.ie\\\/wp-content\\\/uploads\\\/2022\\\/03\\\/Corncrake-Traonach-LIFE-Logo.png\",\"contentUrl\":\"https:\\\/\\\/www.corncrakelife.ie\\\/wp-content\\\/uploads\\\/2022\\\/03\\\/Corncrake-Traonach-LIFE-Logo.png\",\"width\":207,\"height\":100,\"caption\":\"Department of Housing, Local Government and Heritage\"},\"image\":{\"@id\":\"https:\\\/\\\/www.corncrakelife.ie\\\/fr\\\/#\\\/schema\\\/logo\\\/image\\\/\"},\"sameAs\":[\"https:\\\/\\\/www.facebook.com\\\/groups\\\/1110924015998978\",\"https:\\\/\\\/x.com\\\/CorncrakeLife\",\"https:\\\/\\\/www.instagram.com\\\/corncrakelife\\\/\",\"https:\\\/\\\/www.youtube.com\\\/channel\\\/UCJGP2YKBafZ689yVU0Iy_Zw\"]}]}<\/script>\n<!-- \/ Yoast SEO plugin. -->","yoast_head_json":{"title":"Maison - Corncrake LIFE","robots":{"index":"index","follow":"follow","max-snippet":"max-snippet:-1","max-image-preview":"max-image-preview:large","max-video-preview":"max-video-preview:-1"},"canonical":"https:\/\/www.corncrakelife.ie\/fr\/","og_locale":"fr_FR","og_type":"article","og_title":"Maison - Corncrake LIFE","og_description":"Le projet se d\u00e9roulera sur 8 sites du projet (dans 9 ZPS et les terres agricoles adjacentes) qui sont principalement des propri\u00e9t\u00e9s priv\u00e9es. En Savoir Plus Sur Cet Oiseau Incroyable Voir Les Zones Op\u00e9rationnelles Du Projet Consultez Les Derni\u00e8res Actualit\u00e9s Du Projet Tonte respectueuse des corncrake","og_url":"https:\/\/www.corncrakelife.ie\/fr\/","og_site_name":"Corncrake LIFE","article_publisher":"https:\/\/www.facebook.com\/groups\/1110924015998978","article_modified_time":"2024-01-02T11:09:04+00:00","og_image":[{"url":"https:\/\/www.corncrakelife.ie\/wp-content\/uploads\/2022\/03\/03611e_9dfc92ee3c1345edb96802c7c0b801af_mv2.jpg","type":"","width":"","height":""}],"twitter_card":"summary_large_image","twitter_site":"@CorncrakeLife","schema":{"@context":"https:\/\/schema.org","@graph":[{"@type":"WebPage","@id":"https:\/\/www.corncrakelife.ie\/fr\/","url":"https:\/\/www.corncrakelife.ie\/fr\/","name":"Maison - Corncrake LIFE","isPartOf":{"@id":"https:\/\/www.corncrakelife.ie\/fr\/#website"},"primaryImageOfPage":{"@id":"https:\/\/www.corncrakelife.ie\/fr\/#primaryimage"},"image":{"@id":"https:\/\/www.corncrakelife.ie\/fr\/#primaryimage"},"thumbnailUrl":"https:\/\/www.corncrakelife.ie\/wp-content\/uploads\/2022\/03\/03611e_9dfc92ee3c1345edb96802c7c0b801af_mv2.jpg","datePublished":"2022-03-01T17:45:35+00:00","dateModified":"2024-01-02T11:09:04+00:00","breadcrumb":{"@id":"https:\/\/www.corncrakelife.ie\/fr\/#breadcrumb"},"inLanguage":"fr-FR","potentialAction":[{"@type":"ReadAction","target":["https:\/\/www.corncrakelife.ie\/fr\/"]}]},{"@type":"ImageObject","inLanguage":"fr-FR","@id":"https:\/\/www.corncrakelife.ie\/fr\/#primaryimage","url":"https:\/\/www.corncrakelife.ie\/wp-content\/uploads\/2022\/03\/03611e_9dfc92ee3c1345edb96802c7c0b801af_mv2.jpg","contentUrl":"https:\/\/www.corncrakelife.ie\/wp-content\/uploads\/2022\/03\/03611e_9dfc92ee3c1345edb96802c7c0b801af_mv2.jpg"},{"@type":"BreadcrumbList","@id":"https:\/\/www.corncrakelife.ie\/fr\/#breadcrumb","itemListElement":[{"@type":"ListItem","position":1,"name":"Home","item":"https:\/\/www.corncrakelife.ie\/fr\/"},{"@type":"ListItem","position":2,"name":"Maison"}]},{"@type":"WebSite","@id":"https:\/\/www.corncrakelife.ie\/fr\/#website","url":"https:\/\/www.corncrakelife.ie\/fr\/","name":"Corncrake LIFE","description":"Corncrake Traonach LIFE","publisher":{"@id":"https:\/\/www.corncrakelife.ie\/fr\/#organization"},"potentialAction":[{"@type":"SearchAction","target":{"@type":"EntryPoint","urlTemplate":"https:\/\/www.corncrakelife.ie\/fr\/?s={search_term_string}"},"query-input":{"@type":"PropertyValueSpecification","valueRequired":true,"valueName":"search_term_string"}}],"inLanguage":"fr-FR"},{"@type":"Organization","@id":"https:\/\/www.corncrakelife.ie\/fr\/#organization","name":"Department of Housing, Local Government and Heritage","url":"https:\/\/www.corncrakelife.ie\/fr\/","logo":{"@type":"ImageObject","inLanguage":"fr-FR","@id":"https:\/\/www.corncrakelife.ie\/fr\/#\/schema\/logo\/image\/","url":"https:\/\/www.corncrakelife.ie\/wp-content\/uploads\/2022\/03\/Corncrake-Traonach-LIFE-Logo.png","contentUrl":"https:\/\/www.corncrakelife.ie\/wp-content\/uploads\/2022\/03\/Corncrake-Traonach-LIFE-Logo.png","width":207,"height":100,"caption":"Department of Housing, Local Government and Heritage"},"image":{"@id":"https:\/\/www.corncrakelife.ie\/fr\/#\/schema\/logo\/image\/"},"sameAs":["https:\/\/www.facebook.com\/groups\/1110924015998978","https:\/\/x.com\/CorncrakeLife","https:\/\/www.instagram.com\/corncrakelife\/","https:\/\/www.youtube.com\/channel\/UCJGP2YKBafZ689yVU0Iy_Zw"]}]}},"_links":{"self":[{"href":"https:\/\/www.corncrakelife.ie\/fr\/wp-json\/wp\/v2\/pages\/1030","targetHints":{"allow":["GET"]}}],"collection":[{"href":"https:\/\/www.corncrakelife.ie\/fr\/wp-json\/wp\/v2\/pages"}],"about":[{"href":"https:\/\/www.corncrakelife.ie\/fr\/wp-json\/wp\/v2\/types\/page"}],"author":[{"embeddable":true,"href":"https:\/\/www.corncrakelife.ie\/fr\/wp-json\/wp\/v2\/users\/1"}],"replies":[{"embeddable":true,"href":"https:\/\/www.corncrakelife.ie\/fr\/wp-json\/wp\/v2\/comments?post=1030"}],"version-history":[{"count":13,"href":"https:\/\/www.corncrakelife.ie\/fr\/wp-json\/wp\/v2\/pages\/1030\/revisions"}],"predecessor-version":[{"id":2305,"href":"https:\/\/www.corncrakelife.ie\/fr\/wp-json\/wp\/v2\/pages\/1030\/revisions\/2305"}],"wp:attachment":[{"href":"https:\/\/www.corncrakelife.ie\/fr\/wp-json\/wp\/v2\/media?parent=1030"}],"curies":[{"name":"wp","href":"https:\/\/api.w.org\/{rel}","templated":true}]}}