{"id":1163,"date":"2022-03-03T09:49:53","date_gmt":"2022-03-03T09:49:53","guid":{"rendered":"https:\/\/www.corncrakelife.ie\/tory-island\/"},"modified":"2024-06-04T11:32:17","modified_gmt":"2024-06-04T10:32:17","slug":"tory-island","status":"publish","type":"page","link":"https:\/\/www.corncrakelife.ie\/de\/tory-island\/","title":{"rendered":"Tory Island"},"content":{"rendered":"\n<div class=\"wp-block-media-text alignwide has-media-on-the-right is-stacked-on-mobile is-vertically-aligned-top\"><div class=\"wp-block-media-text__content\">\n<p>Tory Island, oder einfach Tory (offiziell unter dem irischen Namen <em>Toraigh<\/em> bekannt), ist eine Insel 14,5 Kilometer (9,0 Meilen) vor der Nordwestk\u00fcste der Grafschaft Donegal, Irland, und ist die abgelegenste bewohnte Insel Irlands.\nAuf Irisch ist sie auch als <em>Oile\u00e1n Thora\u00ed<\/em> oder, historisch gesehen, als <em>Oile\u00e1n Th\u00far R\u00ed<\/em> bekannt.\nDas Wort Tory stammt von dem mittelirischen Wort <em>T\u00f3raidhe<\/em>, was so viel wie Bandit bedeutet.  <\/p>\n\n\n\n<p>12 km vor Nord-Donegal, Tory Island oder Toraigh, der am weitesten entfernten bewohnten Insel Irlands, liegt ein zeitloser Ort, der von seinem eigenen gew\u00e4hlten K\u00f6nig regiert wird und in dem immer noch von &#8222;Reisen nach Irland\u201c die Rede ist.<br\/>Die Abgeschiedenheit von Toraigh hat dazu gef\u00fchrt, dass die Traditionen und die Lebensweise der unverw\u00fcstlichen und unabh\u00e4ngigen Bewohner erhalten geblieben sind.\nIhre Musik, T\u00e4nze, Lieder und Geschichten sind lebendiger Ausdruck einer alten g\u00e4lischen Kultur.\nViele der alten Br\u00e4uche Toraighs haben noch immer Bestand, darunter die Ernennung des Inselk\u00f6nigs oder R\u00ed Thora\u00ed.  <\/p>\n\n\n\n<p>Zu den interessanten historischen St\u00e4tten geh\u00f6ren ein runder Turm, der die M\u00f6nche einst vor Wikingerangriffen sch\u00fctzte, die Ruinen des Klosters St. Colmcille aus dem 6. Jahrhundert und das faszinierende Tau-Kreuz, das auf fr\u00fche Verbindungen der Seefahrt zu den koptischen Christen in \u00c4gypten hinweist.\nDie Insel bietet auch eine F\u00fclle von seltenen V\u00f6geln und Wildblumenarten sowie eine reiche Unterwasserlandschaft, die von der \u00f6rtlichen Tauchbasis erkundet werden kann. <\/p>\n\n\n\n<p>Toraigh muss besucht werden, um zu verstehen, warum dieser abgelegene Felsen f\u00fcr seine Bewohner eine solche Anziehungskraft hat, dass sie wie ihre Vorfahren die volle Wut des nordatlantischen Winters ertragen, um dort im Sommer zu leben.<\/p>\n<\/div><figure class=\"wp-block-media-text__media\"><a href=\"https:\/\/www.corncrakelife.ie\/wp-content\/uploads\/2022\/03\/03611e_a0ac75ec99f24b82bcafc23401e3f667_mv2-1024x724.jpg\"><img loading=\"lazy\" decoding=\"async\" width=\"1024\" height=\"724\" src=\"https:\/\/www.corncrakelife.ie\/wp-content\/uploads\/2022\/03\/03611e_a0ac75ec99f24b82bcafc23401e3f667_mv2-1024x724.jpg\" alt=\"Tory Island Catchment Area Map\" class=\"wp-image-298 size-full\" srcset=\"https:\/\/www.corncrakelife.ie\/wp-content\/uploads\/2022\/03\/03611e_a0ac75ec99f24b82bcafc23401e3f667_mv2-1024x724.jpg 1024w, https:\/\/www.corncrakelife.ie\/wp-content\/uploads\/2022\/03\/03611e_a0ac75ec99f24b82bcafc23401e3f667_mv2-300x212.jpg 300w, https:\/\/www.corncrakelife.ie\/wp-content\/uploads\/2022\/03\/03611e_a0ac75ec99f24b82bcafc23401e3f667_mv2-768x543.jpg 768w, https:\/\/www.corncrakelife.ie\/wp-content\/uploads\/2022\/03\/03611e_a0ac75ec99f24b82bcafc23401e3f667_mv2.jpg 1200w\" sizes=\"auto, (max-width: 1024px) 100vw, 1024px\" \/><\/a><\/figure><\/div>\n\n<div class=\"wp-block-media-text alignwide has-media-on-the-right is-stacked-on-mobile\"><div class=\"wp-block-media-text__content\">\n<h2 class=\"wp-block-heading\">Tier-und Pflanzenwelt<\/h2>\n\n\n\n<p>Die Insel ist ein bekannter Brutplatz f\u00fcr Corncarkes.\nIm Laufe der Jahre schwankte die Zahl der Wachtelk\u00f6nige von einem H\u00f6chststand von 34 rufenden M\u00e4nnchen im Jahr 2003 bis zu einer neueren Z\u00e4hlung von zehn rufenden M\u00e4nnchen.\nTory ist ein beliebter Ort f\u00fcr viele Besucher, die Wachtelk\u00f6nige sehen oder h\u00f6ren wollen, und es besteht ein gro\u00dfes Potenzial, den Lebensraum auf der Insel f\u00fcr diese Art zu verbessern.\nTory ist auch f\u00fcr die gelegentliche Ankunft seltener vagabundierender Vogelarten aus der Nearktis bekannt.\nDie Insel ist ein Schutzgebiet f\u00fcr viele Vogelarten, darunter Eissturmvogel, Tordalk und Papageientaucher.    <\/p>\n<\/div><figure class=\"wp-block-media-text__media\"><a href=\"https:\/\/www.corncrakelife.ie\/wp-content\/uploads\/2022\/03\/image011.jpg\"><img loading=\"lazy\" decoding=\"async\" width=\"405\" height=\"281\" src=\"https:\/\/www.corncrakelife.ie\/wp-content\/uploads\/2022\/03\/image011.jpg\" alt=\"Total Male Calling Corncrakes - Tory Island\" class=\"wp-image-348 size-full\" srcset=\"https:\/\/www.corncrakelife.ie\/wp-content\/uploads\/2022\/03\/image011.jpg 405w, https:\/\/www.corncrakelife.ie\/wp-content\/uploads\/2022\/03\/image011-300x208.jpg 300w\" sizes=\"auto, (max-width: 405px) 100vw, 405px\" \/><\/a><\/figure><\/div>\n\n<div class=\"wp-block-media-text alignwide has-media-on-the-right is-stacked-on-mobile is-vertically-aligned-top\"><div class=\"wp-block-media-text__content\">\n<h2 class=\"wp-block-heading\">Demografie<\/h2>\n\n\n\n<p>Die folgende Tabelle enth\u00e4lt Daten zur Bev\u00f6lkerung von Tory Island <em>Discover the Islands of Ireland<\/em> (Alex Ritsema, Collins Press, 1999) und die Volksz\u00e4hlung von Irland.<\/p>\n\n\n\n<h2 class=\"wp-block-heading\">Sprache<\/h2>\n\n\n\n<p>Irisch ist die Hauptsprache auf der Insel, obwohl auch Englisch gesprochen wird, um mit Besuchern zu kommunizieren.\nTory ist Teil des Donegal-Irisch und Ulster-Irisch (Gaeilge Uladh) ist der wichtigste Dialekt Irlands.\nDie Insel ist etwa 5 Kilometer (3 Meilen) lang und 1 Kilometer (0,6 Meilen) breit und 1,38 Quadratmeilen gro\u00df.\nDie Volksz\u00e4hlung von 2016 ergab eine Einwohnerzahl von 119, was einen R\u00fcckgang gegen\u00fcber der Einwohnerzahl von 2011 (144) bedeutet.\nDie Bev\u00f6lkerung ist auf vier St\u00e4dte verteilt &#8211; East Town, West Town, Middletown und Urban (Newtown).     ).<\/p>\n<\/div><figure class=\"wp-block-media-text__media\"><a href=\"https:\/\/www.corncrakelife.ie\/wp-content\/uploads\/2022\/03\/Tory-Demographics.jpg\"><img loading=\"lazy\" decoding=\"async\" width=\"600\" height=\"255\" src=\"https:\/\/www.corncrakelife.ie\/wp-content\/uploads\/2022\/03\/Tory-Demographics.jpg\" alt=\"Historical Population - Tory Island\" class=\"wp-image-349 size-full\" srcset=\"https:\/\/www.corncrakelife.ie\/wp-content\/uploads\/2022\/03\/Tory-Demographics.jpg 600w, https:\/\/www.corncrakelife.ie\/wp-content\/uploads\/2022\/03\/Tory-Demographics-300x128.jpg 300w\" sizes=\"auto, (max-width: 600px) 100vw, 600px\" \/><\/a><\/figure><\/div>\n\n<h2 class=\"wp-block-heading\">Geographie und Verkehr<\/h2>\n\n<p>Tory hat keinen Flughafen, hat aber regelm\u00e4\u00dfige F\u00e4hrverbindungen vom Festland <a href=\"https:\/\/en.wikipedia.org\/wiki\/County_Donegal\" target=\"_blank\" rel=\"noreferrer noopener\">County Donegal<\/a>. Die F\u00e4hre verkehrt t\u00e4glich das ganze Jahr \u00fcber.\nDie F\u00e4hre nimmt keine Autos auf, bietet aber Platz f\u00fcr bis zu 70 Passagiere.\nIn den Wintermonaten kann es sein, dass die \u00dcberfahrt wegen rauer See nicht m\u00f6glich ist &#8211; aber von November bis M\u00e4rz fliegt jeden zweiten Donnerstag ein kleiner 4-sitziger Hubschrauber von <a href=\"\" target=\"\" rel=\"noopener\">Falcarragh<\/a> nach Tory.  <\/p>\n\n<p>Die Tory Island F\u00e4hre wird von Turasmara betrieben und bringt Sie von den Fischereih\u00e4fen <a href=\"https:\/\/www.donegalcottageholidays.com\/blog\/bunbeg\/\" target=\"_blank\" rel=\"noreferrer noopener\">Bunbeg<\/a> und Magheroarty an Bord von Torm\u00f3r, einem voll ausgestatteten und zertifizierten K\u00fcstenkreuzer, zur Insel. Der Service ist vom Department of Marine lizenziert und wird von Tourism Ireland genehmigt und beworben.<\/p>\n\n<p>w: <a href=\"http:\/\/www.toryislandferry.com\/\" target=\"_blank\" rel=\"noreferrer noopener\">www.toryislandferry.com<\/a> oder <a href=\"http:\/\/www.toryferry.com\/\" target=\"_blank\" rel=\"noreferrer noopener\">www.toryferry.com<\/a><\/p>\n\n<p>t: 00353 (0)74 9531320<\/p>\n\n<h2 class=\"wp-block-heading\">Tourismus<\/h2>\n\n<p>Tory Island hat eine Reihe von historischen und mythologischen St\u00e4tten:<\/p>\n\n<ul class=\"wp-block-list\">\n<li>D\u00fan Bhaloir (Balors Festung) befindet sich an der Ostseite der Insel.\nDiese Halbinsel ist auf drei Seiten von 90 Meter hohen Klippen umgeben.\nBalor&#8217;s Fort ist nur \u00fcber eine schmale Landenge erreichbar, die von vier Erdw\u00e4llen verteidigt wird.  <\/li>\n\n\n\n<li>An Eochair Mh\u00f3r (der Gro\u00dfe Schl\u00fcssel) ist ein langer, steil abfallender Ausl\u00e4ufer, der aus der Ostseite der Halbinsel herausragt und in einem Felsen namens An Tor M\u00f3r (der Gro\u00dfe Fels oder der Gro\u00dfe Turm) endet.\nDer Ausl\u00e4ufer hat markante Felsnadeln &#8211; diese sind als &#8218;Balors Soldaten&#8216; (Saighdi\u00fair\u00ed Bhaloir) bekannt.\nSie verleihen dem Sporn ein &#8222;gezacktes&#8220; Aussehen und tragen zu dem Namen &#8222;der Gro\u00dfe Schl\u00fcssel&#8220; bei.  <\/li>\n\n\n\n<li>Der Wunschstein ist ein steiler, flacher Felsen an der n\u00f6rdlichen Klippe der Festung von Balor.\nTraditionell wird demjenigen ein Wunsch gew\u00e4hrt, der so tollk\u00fchn ist, den Felsen zu betreten, oder dem es gelingt, drei Steine auf ihn zu werfen. <\/li>\n\n\n\n<li>An Cloigtheach (der Glockenturm) ist das gr\u00f6\u00dfte Bauwerk, das die Zerst\u00f6rung des Klosters \u00fcberstanden hat (siehe Abschnitt Geschichte oben).\nDer <a href=\"\" target=\"\" rel=\"noopener\">runde Turm<\/a> wurde im 6. oder 7. Jahrhundert erbaut. <\/li>\n\n\n\n<li>Das Tau-Kreuz (ein T-f\u00f6rmiges Kreuz) stammt vermutlich aus dem 12. Jahrhundert.\nEs ist eines von nur zwei <a href=\"\" target=\"\" rel=\"noopener\">Tau-Kreuzen<\/a> in Irland (das andere steht in <a href=\"\" target=\"\" rel=\"noopener\">Kilnaboy<\/a>, <a href=\"\" target=\"\" rel=\"noopener\">Grafschaft Clare<\/a>). <\/li>\n\n\n\n<li>M\u00f3irsheisear (Grab der Sieben): M\u00f3irsheisear, was eigentlich &#8218;gro\u00dfe Sechs&#8216; bedeutet &#8211; ein Begriff f\u00fcr sieben &#8211; ist das Grab von sieben Menschen, sechs M\u00e4nnern und einer Frau, die ertranken, als ihr Boot vor Scoilt an Mh\u00f3irsheisear (die Spalte der Sieben) an der Nordwestk\u00fcste der Insel kenterte.\nEinem lokalen Aberglauben zufolge hat der Lehm aus dem Grab der Frau die Kraft, Ungeziefer zu vertreiben. <\/li>\n\n\n\n<li>Der Leuchtturm am westlichen Ende der Insel wurde zwischen 1828 und 1832 nach einem Entwurf von <a href=\"https:\/\/en.wikipedia.org\/wiki\/George_Halpin\" target=\"_blank\" rel=\"noreferrer noopener\">George Halpin<\/a>, einem bekannten Designer irischer Leuchtt\u00fcrme, erbaut. Im April 1990 wurde der Leuchtturm automatisiert.<\/li>\n\n\n\n<li>Der Torpedo: Auf halbem Weg zwischen An Baile Thiar und An Baile Thoir ist ein Torpedo zu sehen.\nEr wurde w\u00e4hrend des <a href=\"\" target=\"\" rel=\"noopener\">Zweiten Weltkriegs<\/a> an Land gesp\u00fclt, entsch\u00e4rft und an seinem heutigen Standort wieder aufgestellt. <\/li>\n<\/ul>\n\n<p>Weitere Karten und Touristeninformationen finden Sie unter: <a rel=\"noreferrer noopener\" href=\"http:\/\/www.oileanthorai.com\/\" target=\"_blank\">http:\/\/www.oileanthorai.com\/<\/a><\/p>\n\n<p>Weitere Informationen zum Tory Island Special Area of \u200b\u200bConservation finden Sie auf der Website der National Parks and Wildlife Services unter <a rel=\"noreferrer noopener\" href=\"https:\/\/www.npws.ie\/protected-sites\/spa\/004073\" target=\"_blank\">https:\/\/www.npws.ie\/protected-sites\/spa\/004073<\/a><\/p>\n","protected":false},"excerpt":{"rendered":"<p>Tory Island, oder einfach Tory (offiziell unter dem irischen Namen Toraigh bekannt), ist eine Insel 14,5 Kilometer (9,0 Meilen) vor der Nordwestk\u00fcste der Grafschaft Donegal, Irland, und ist die abgelegenste bewohnte Insel Irlands. Auf Irisch ist sie auch als Oile\u00e1n Thora\u00ed oder, historisch gesehen, als Oile\u00e1n Th\u00far R\u00ed bekannt. Das Wort Tory stammt von dem [&hellip;]<\/p>\n","protected":false},"author":1,"featured_media":0,"parent":0,"menu_order":0,"comment_status":"closed","ping_status":"closed","template":"","meta":{"site-sidebar-layout":"no-sidebar","site-content-layout":"","ast-site-content-layout":"default","site-content-style":"default","site-sidebar-style":"default","ast-global-header-display":"","ast-banner-title-visibility":"","ast-main-header-display":"","ast-hfb-above-header-display":"","ast-hfb-below-header-display":"","ast-hfb-mobile-header-display":"","site-post-title":"","ast-breadcrumbs-content":"","ast-featured-img":"","footer-sml-layout":"","ast-disable-related-posts":"","theme-transparent-header-meta":"","adv-header-id-meta":"","stick-header-meta":"","header-above-stick-meta":"","header-main-stick-meta":"","header-below-stick-meta":"","astra-migrate-meta-layouts":"default","ast-page-background-enabled":"default","ast-page-background-meta":{"desktop":{"background-color":"var(--ast-global-color-4)","background-image":"","background-repeat":"repeat","background-position":"center center","background-size":"auto","background-attachment":"scroll","background-type":"","background-media":"","overlay-type":"","overlay-color":"","overlay-opacity":"","overlay-gradient":""},"tablet":{"background-color":"","background-image":"","background-repeat":"repeat","background-position":"center center","background-size":"auto","background-attachment":"scroll","background-type":"","background-media":"","overlay-type":"","overlay-color":"","overlay-opacity":"","overlay-gradient":""},"mobile":{"background-color":"","background-image":"","background-repeat":"repeat","background-position":"center center","background-size":"auto","background-attachment":"scroll","background-type":"","background-media":"","overlay-type":"","overlay-color":"","overlay-opacity":"","overlay-gradient":""}},"ast-content-background-meta":{"desktop":{"background-color":"var(--ast-global-color-5)","background-image":"","background-repeat":"repeat","background-position":"center center","background-size":"auto","background-attachment":"scroll","background-type":"","background-media":"","overlay-type":"","overlay-color":"","overlay-opacity":"","overlay-gradient":""},"tablet":{"background-color":"var(--ast-global-color-5)","background-image":"","background-repeat":"repeat","background-position":"center center","background-size":"auto","background-attachment":"scroll","background-type":"","background-media":"","overlay-type":"","overlay-color":"","overlay-opacity":"","overlay-gradient":""},"mobile":{"background-color":"var(--ast-global-color-5)","background-image":"","background-repeat":"repeat","background-position":"center center","background-size":"auto","background-attachment":"scroll","background-type":"","background-media":"","overlay-type":"","overlay-color":"","overlay-opacity":"","overlay-gradient":""}},"footnotes":""},"class_list":["post-1163","page","type-page","status-publish","hentry"],"yoast_head":"<!-- This site is optimized with the Yoast SEO plugin v27.3 - https:\/\/yoast.com\/product\/yoast-seo-wordpress\/ -->\n<title>Tory Island - Corncrake LIFE<\/title>\n<meta name=\"robots\" content=\"index, follow, max-snippet:-1, max-image-preview:large, max-video-preview:-1\" \/>\n<link rel=\"canonical\" href=\"https:\/\/www.corncrakelife.ie\/de\/tory-island\/\" \/>\n<meta property=\"og:locale\" content=\"de_DE\" \/>\n<meta property=\"og:type\" content=\"article\" \/>\n<meta property=\"og:title\" content=\"Tory Island - Corncrake LIFE\" \/>\n<meta property=\"og:description\" content=\"Tory Island, oder einfach Tory (offiziell unter dem irischen Namen Toraigh bekannt), ist eine Insel 14,5 Kilometer (9,0 Meilen) vor der Nordwestk\u00fcste der Grafschaft Donegal, Irland, und ist die abgelegenste bewohnte Insel Irlands. Auf Irisch ist sie auch als Oile\u00e1n Thora\u00ed oder, historisch gesehen, als Oile\u00e1n Th\u00far R\u00ed bekannt. Das Wort Tory stammt von dem [&hellip;]\" \/>\n<meta property=\"og:url\" content=\"https:\/\/www.corncrakelife.ie\/de\/tory-island\/\" \/>\n<meta property=\"og:site_name\" content=\"Corncrake LIFE\" \/>\n<meta property=\"article:publisher\" content=\"https:\/\/www.facebook.com\/groups\/1110924015998978\" \/>\n<meta property=\"article:modified_time\" content=\"2024-06-04T10:32:17+00:00\" \/>\n<meta property=\"og:image\" content=\"https:\/\/www.corncrakelife.ie\/wp-content\/uploads\/2022\/03\/03611e_a0ac75ec99f24b82bcafc23401e3f667_mv2-1024x724.jpg\" \/>\n<meta name=\"twitter:card\" content=\"summary_large_image\" \/>\n<meta name=\"twitter:site\" content=\"@CorncrakeLife\" \/>\n<meta name=\"twitter:label1\" content=\"Gesch\u00e4tzte Lesezeit\" \/>\n\t<meta name=\"twitter:data1\" content=\"5\u00a0Minuten\" \/>\n<script type=\"application\/ld+json\" class=\"yoast-schema-graph\">{\"@context\":\"https:\\\/\\\/schema.org\",\"@graph\":[{\"@type\":\"WebPage\",\"@id\":\"https:\\\/\\\/www.corncrakelife.ie\\\/de\\\/tory-island\\\/\",\"url\":\"https:\\\/\\\/www.corncrakelife.ie\\\/de\\\/tory-island\\\/\",\"name\":\"Tory Island - Corncrake LIFE\",\"isPartOf\":{\"@id\":\"https:\\\/\\\/www.corncrakelife.ie\\\/de\\\/#website\"},\"primaryImageOfPage\":{\"@id\":\"https:\\\/\\\/www.corncrakelife.ie\\\/de\\\/tory-island\\\/#primaryimage\"},\"image\":{\"@id\":\"https:\\\/\\\/www.corncrakelife.ie\\\/de\\\/tory-island\\\/#primaryimage\"},\"thumbnailUrl\":\"https:\\\/\\\/www.corncrakelife.ie\\\/wp-content\\\/uploads\\\/2022\\\/03\\\/03611e_a0ac75ec99f24b82bcafc23401e3f667_mv2-1024x724.jpg\",\"datePublished\":\"2022-03-03T09:49:53+00:00\",\"dateModified\":\"2024-06-04T10:32:17+00:00\",\"breadcrumb\":{\"@id\":\"https:\\\/\\\/www.corncrakelife.ie\\\/de\\\/tory-island\\\/#breadcrumb\"},\"inLanguage\":\"de\",\"potentialAction\":[{\"@type\":\"ReadAction\",\"target\":[\"https:\\\/\\\/www.corncrakelife.ie\\\/de\\\/tory-island\\\/\"]}]},{\"@type\":\"ImageObject\",\"inLanguage\":\"de\",\"@id\":\"https:\\\/\\\/www.corncrakelife.ie\\\/de\\\/tory-island\\\/#primaryimage\",\"url\":\"https:\\\/\\\/www.corncrakelife.ie\\\/wp-content\\\/uploads\\\/2022\\\/03\\\/03611e_a0ac75ec99f24b82bcafc23401e3f667_mv2-1024x724.jpg\",\"contentUrl\":\"https:\\\/\\\/www.corncrakelife.ie\\\/wp-content\\\/uploads\\\/2022\\\/03\\\/03611e_a0ac75ec99f24b82bcafc23401e3f667_mv2-1024x724.jpg\"},{\"@type\":\"BreadcrumbList\",\"@id\":\"https:\\\/\\\/www.corncrakelife.ie\\\/de\\\/tory-island\\\/#breadcrumb\",\"itemListElement\":[{\"@type\":\"ListItem\",\"position\":1,\"name\":\"Home\",\"item\":\"https:\\\/\\\/www.corncrakelife.ie\\\/de\\\/\"},{\"@type\":\"ListItem\",\"position\":2,\"name\":\"Tory Island\"}]},{\"@type\":\"WebSite\",\"@id\":\"https:\\\/\\\/www.corncrakelife.ie\\\/de\\\/#website\",\"url\":\"https:\\\/\\\/www.corncrakelife.ie\\\/de\\\/\",\"name\":\"Corncrake LIFE\",\"description\":\"Corncrake Traonach LIFE\",\"publisher\":{\"@id\":\"https:\\\/\\\/www.corncrakelife.ie\\\/de\\\/#organization\"},\"potentialAction\":[{\"@type\":\"SearchAction\",\"target\":{\"@type\":\"EntryPoint\",\"urlTemplate\":\"https:\\\/\\\/www.corncrakelife.ie\\\/de\\\/?s={search_term_string}\"},\"query-input\":{\"@type\":\"PropertyValueSpecification\",\"valueRequired\":true,\"valueName\":\"search_term_string\"}}],\"inLanguage\":\"de\"},{\"@type\":\"Organization\",\"@id\":\"https:\\\/\\\/www.corncrakelife.ie\\\/de\\\/#organization\",\"name\":\"Department of Housing, Local Government and Heritage\",\"url\":\"https:\\\/\\\/www.corncrakelife.ie\\\/de\\\/\",\"logo\":{\"@type\":\"ImageObject\",\"inLanguage\":\"de\",\"@id\":\"https:\\\/\\\/www.corncrakelife.ie\\\/de\\\/#\\\/schema\\\/logo\\\/image\\\/\",\"url\":\"https:\\\/\\\/www.corncrakelife.ie\\\/wp-content\\\/uploads\\\/2022\\\/03\\\/Corncrake-Traonach-LIFE-Logo.png\",\"contentUrl\":\"https:\\\/\\\/www.corncrakelife.ie\\\/wp-content\\\/uploads\\\/2022\\\/03\\\/Corncrake-Traonach-LIFE-Logo.png\",\"width\":207,\"height\":100,\"caption\":\"Department of Housing, Local Government and Heritage\"},\"image\":{\"@id\":\"https:\\\/\\\/www.corncrakelife.ie\\\/de\\\/#\\\/schema\\\/logo\\\/image\\\/\"},\"sameAs\":[\"https:\\\/\\\/www.facebook.com\\\/groups\\\/1110924015998978\",\"https:\\\/\\\/x.com\\\/CorncrakeLife\",\"https:\\\/\\\/www.instagram.com\\\/corncrakelife\\\/\",\"https:\\\/\\\/www.youtube.com\\\/channel\\\/UCJGP2YKBafZ689yVU0Iy_Zw\"]}]}<\/script>\n<!-- \/ Yoast SEO plugin. -->","yoast_head_json":{"title":"Tory Island - Corncrake LIFE","robots":{"index":"index","follow":"follow","max-snippet":"max-snippet:-1","max-image-preview":"max-image-preview:large","max-video-preview":"max-video-preview:-1"},"canonical":"https:\/\/www.corncrakelife.ie\/de\/tory-island\/","og_locale":"de_DE","og_type":"article","og_title":"Tory Island - Corncrake LIFE","og_description":"Tory Island, oder einfach Tory (offiziell unter dem irischen Namen Toraigh bekannt), ist eine Insel 14,5 Kilometer (9,0 Meilen) vor der Nordwestk\u00fcste der Grafschaft Donegal, Irland, und ist die abgelegenste bewohnte Insel Irlands. Auf Irisch ist sie auch als Oile\u00e1n Thora\u00ed oder, historisch gesehen, als Oile\u00e1n Th\u00far R\u00ed bekannt. Das Wort Tory stammt von dem [&hellip;]","og_url":"https:\/\/www.corncrakelife.ie\/de\/tory-island\/","og_site_name":"Corncrake LIFE","article_publisher":"https:\/\/www.facebook.com\/groups\/1110924015998978","article_modified_time":"2024-06-04T10:32:17+00:00","og_image":[{"url":"https:\/\/www.corncrakelife.ie\/wp-content\/uploads\/2022\/03\/03611e_a0ac75ec99f24b82bcafc23401e3f667_mv2-1024x724.jpg","type":"","width":"","height":""}],"twitter_card":"summary_large_image","twitter_site":"@CorncrakeLife","twitter_misc":{"Gesch\u00e4tzte Lesezeit":"5\u00a0Minuten"},"schema":{"@context":"https:\/\/schema.org","@graph":[{"@type":"WebPage","@id":"https:\/\/www.corncrakelife.ie\/de\/tory-island\/","url":"https:\/\/www.corncrakelife.ie\/de\/tory-island\/","name":"Tory Island - Corncrake LIFE","isPartOf":{"@id":"https:\/\/www.corncrakelife.ie\/de\/#website"},"primaryImageOfPage":{"@id":"https:\/\/www.corncrakelife.ie\/de\/tory-island\/#primaryimage"},"image":{"@id":"https:\/\/www.corncrakelife.ie\/de\/tory-island\/#primaryimage"},"thumbnailUrl":"https:\/\/www.corncrakelife.ie\/wp-content\/uploads\/2022\/03\/03611e_a0ac75ec99f24b82bcafc23401e3f667_mv2-1024x724.jpg","datePublished":"2022-03-03T09:49:53+00:00","dateModified":"2024-06-04T10:32:17+00:00","breadcrumb":{"@id":"https:\/\/www.corncrakelife.ie\/de\/tory-island\/#breadcrumb"},"inLanguage":"de","potentialAction":[{"@type":"ReadAction","target":["https:\/\/www.corncrakelife.ie\/de\/tory-island\/"]}]},{"@type":"ImageObject","inLanguage":"de","@id":"https:\/\/www.corncrakelife.ie\/de\/tory-island\/#primaryimage","url":"https:\/\/www.corncrakelife.ie\/wp-content\/uploads\/2022\/03\/03611e_a0ac75ec99f24b82bcafc23401e3f667_mv2-1024x724.jpg","contentUrl":"https:\/\/www.corncrakelife.ie\/wp-content\/uploads\/2022\/03\/03611e_a0ac75ec99f24b82bcafc23401e3f667_mv2-1024x724.jpg"},{"@type":"BreadcrumbList","@id":"https:\/\/www.corncrakelife.ie\/de\/tory-island\/#breadcrumb","itemListElement":[{"@type":"ListItem","position":1,"name":"Home","item":"https:\/\/www.corncrakelife.ie\/de\/"},{"@type":"ListItem","position":2,"name":"Tory Island"}]},{"@type":"WebSite","@id":"https:\/\/www.corncrakelife.ie\/de\/#website","url":"https:\/\/www.corncrakelife.ie\/de\/","name":"Corncrake LIFE","description":"Corncrake Traonach LIFE","publisher":{"@id":"https:\/\/www.corncrakelife.ie\/de\/#organization"},"potentialAction":[{"@type":"SearchAction","target":{"@type":"EntryPoint","urlTemplate":"https:\/\/www.corncrakelife.ie\/de\/?s={search_term_string}"},"query-input":{"@type":"PropertyValueSpecification","valueRequired":true,"valueName":"search_term_string"}}],"inLanguage":"de"},{"@type":"Organization","@id":"https:\/\/www.corncrakelife.ie\/de\/#organization","name":"Department of Housing, Local Government and Heritage","url":"https:\/\/www.corncrakelife.ie\/de\/","logo":{"@type":"ImageObject","inLanguage":"de","@id":"https:\/\/www.corncrakelife.ie\/de\/#\/schema\/logo\/image\/","url":"https:\/\/www.corncrakelife.ie\/wp-content\/uploads\/2022\/03\/Corncrake-Traonach-LIFE-Logo.png","contentUrl":"https:\/\/www.corncrakelife.ie\/wp-content\/uploads\/2022\/03\/Corncrake-Traonach-LIFE-Logo.png","width":207,"height":100,"caption":"Department of Housing, Local Government and Heritage"},"image":{"@id":"https:\/\/www.corncrakelife.ie\/de\/#\/schema\/logo\/image\/"},"sameAs":["https:\/\/www.facebook.com\/groups\/1110924015998978","https:\/\/x.com\/CorncrakeLife","https:\/\/www.instagram.com\/corncrakelife\/","https:\/\/www.youtube.com\/channel\/UCJGP2YKBafZ689yVU0Iy_Zw"]}]}},"_links":{"self":[{"href":"https:\/\/www.corncrakelife.ie\/de\/wp-json\/wp\/v2\/pages\/1163","targetHints":{"allow":["GET"]}}],"collection":[{"href":"https:\/\/www.corncrakelife.ie\/de\/wp-json\/wp\/v2\/pages"}],"about":[{"href":"https:\/\/www.corncrakelife.ie\/de\/wp-json\/wp\/v2\/types\/page"}],"author":[{"embeddable":true,"href":"https:\/\/www.corncrakelife.ie\/de\/wp-json\/wp\/v2\/users\/1"}],"replies":[{"embeddable":true,"href":"https:\/\/www.corncrakelife.ie\/de\/wp-json\/wp\/v2\/comments?post=1163"}],"version-history":[{"count":4,"href":"https:\/\/www.corncrakelife.ie\/de\/wp-json\/wp\/v2\/pages\/1163\/revisions"}],"predecessor-version":[{"id":2424,"href":"https:\/\/www.corncrakelife.ie\/de\/wp-json\/wp\/v2\/pages\/1163\/revisions\/2424"}],"wp:attachment":[{"href":"https:\/\/www.corncrakelife.ie\/de\/wp-json\/wp\/v2\/media?parent=1163"}],"curies":[{"name":"wp","href":"https:\/\/api.w.org\/{rel}","templated":true}]}}