{"id":1161,"date":"2022-03-03T09:04:51","date_gmt":"2022-03-03T09:04:51","guid":{"rendered":"https:\/\/www.corncrakelife.ie\/inishbofin-inishdooey\/"},"modified":"2024-06-04T11:34:08","modified_gmt":"2024-06-04T10:34:08","slug":"inishbofin-inishdooey","status":"publish","type":"page","link":"https:\/\/www.corncrakelife.ie\/de\/inishbofin-inishdooey\/","title":{"rendered":"Inishbofin &amp; Inishdooey"},"content":{"rendered":"\n<div class=\"wp-block-media-text alignwide has-media-on-the-right is-stacked-on-mobile\"><div class=\"wp-block-media-text__content\">\n<h2 class=\"wp-block-heading\">Tierwelt<\/h2>\n\n\n\n<p>Inishbofin, Inishdooey und Inishbeg SPA beherbergen eine landesweit wichtige \u00fcberwinternde Population der Nonnengans (322 Individuen &#8211; 4 Erhebungen im Durchschnitt zwischen 1993 und 2003).\nDie V\u00f6gel nutzen die Inseln sowohl zum F\u00fcttern als auch zum Schlafen, pendeln aber gelegentlich auch zu anderen Orten in der Region.\nDer Ort beherbergt auch eine Brutpopulation von Wachtelk\u00f6nigen (13 Paare &#8211; f\u00fcnfj\u00e4hriger Durchschnittswert zwischen 2003 und 2007, basierend auf Aufzeichnungen von rufenden M\u00e4nnchen).\nDas Schutzgebiet Inishbofin, Inishdooey und Inishbeg ist eines von mehreren Gebieten an der Westk\u00fcste, die regelm\u00e4\u00dfig von Wachtelk\u00f6nigen genutzt werden, die in gro\u00dfer Zahl br\u00fcten.   <\/p>\n\n\n\n<p>Inishbofin \/ <em>Inis B\u00f3 Finne<\/em> (\u201cInsel der wei\u00dfen Kuh\u201d), liegt 3 km vom Pier in <em>Machaire U\u00ed Rabhartaigh<\/em> \/ Magheroarty \/ Gortahork entfernt, von dem aus seit 2004 regelm\u00e4\u00dfig F\u00e4hren verkehren.<\/p>\n<\/div><figure class=\"wp-block-media-text__media\"><a href=\"https:\/\/www.corncrakelife.ie\/wp-content\/uploads\/2022\/03\/03611e_2dcd4e60aafe4861b715e722b14eab47_mv2-1024x724.jpg\"><img loading=\"lazy\" decoding=\"async\" width=\"1024\" height=\"724\" src=\"https:\/\/www.corncrakelife.ie\/wp-content\/uploads\/2022\/03\/03611e_2dcd4e60aafe4861b715e722b14eab47_mv2-1024x724.jpg\" alt=\"Inishbofin &amp; Inishdooey Catchment Map\" class=\"wp-image-296 size-full\" srcset=\"https:\/\/www.corncrakelife.ie\/wp-content\/uploads\/2022\/03\/03611e_2dcd4e60aafe4861b715e722b14eab47_mv2-1024x724.jpg 1024w, https:\/\/www.corncrakelife.ie\/wp-content\/uploads\/2022\/03\/03611e_2dcd4e60aafe4861b715e722b14eab47_mv2-300x212.jpg 300w, https:\/\/www.corncrakelife.ie\/wp-content\/uploads\/2022\/03\/03611e_2dcd4e60aafe4861b715e722b14eab47_mv2-768x543.jpg 768w, https:\/\/www.corncrakelife.ie\/wp-content\/uploads\/2022\/03\/03611e_2dcd4e60aafe4861b715e722b14eab47_mv2.jpg 1200w\" sizes=\"auto, (max-width: 1024px) 100vw, 1024px\" \/><\/a><\/figure><\/div>\n\n<div class=\"wp-block-media-text alignwide has-media-on-the-right is-stacked-on-mobile\"><div class=\"wp-block-media-text__content\">\n<p>Inishbofin \/ <em>Inis B\u00f3 Finne<\/em> (\u201cInsel der wei\u00dfen Kuh\u201d), liegt 3 km vom Pier in <em>Machaire U\u00ed Rabhartaigh<\/em> \/ Magheroarty \/ Gortahork entfernt, von dem aus seit 2004 regelm\u00e4\u00dfig F\u00e4hren verkehren.<\/p>\n\n\n\n<p>Die Insel hat eine Fl\u00e4che von 120 Hektar (300 Acres) und ihre Wirtschaft basiert traditionell auf Fischerei und Landwirtschaft.\nEs wird routinem\u00e4\u00dfig Irisch gesprochen.\nEs gibt keine Pubs oder Gesch\u00e4fte auf der Insel.\nEs gibt einen Bootsservice von und zur Insel, aber keine regelm\u00e4\u00dfige F\u00e4hre.   <\/p>\n\n\n\n<p>Die 300 Hektar gro\u00dfe Insel besteht aus zwei H\u00e4lften, die durch einen schmalen, sandigen Sattel verbunden sind. Die s\u00fcdliche H\u00e4lfte der Insel ist fruchtbar und wurde in der Vergangenheit in der traditionellen &#8218;clachan and rundale&#8216;-Manier bewirtschaftet, bei der der knappe Ackerboden und die Viehweiden gemeinschaftlich genutzt wurden.\nDie alten Feldgrenzen sind immer noch vorhanden, auch wenn die Felder jetzt wieder zu Grasland geworden sind, das einen wichtigen Lebensraum f\u00fcr G\u00e4nse und vor allem Wachtelk\u00f6nige bietet, die hier gut gedeihen. <\/p>\n<\/div><figure class=\"wp-block-media-text__media\"><a href=\"https:\/\/www.corncrakelife.ie\/wp-content\/uploads\/2022\/03\/image012.jpg\"><img loading=\"lazy\" decoding=\"async\" width=\"405\" height=\"282\" src=\"https:\/\/www.corncrakelife.ie\/wp-content\/uploads\/2022\/03\/image012.jpg\" alt=\"Total Male Calling Corncrakes - Inishbofin &amp; Inishdooey\" class=\"wp-image-339 size-full\" srcset=\"https:\/\/www.corncrakelife.ie\/wp-content\/uploads\/2022\/03\/image012.jpg 405w, https:\/\/www.corncrakelife.ie\/wp-content\/uploads\/2022\/03\/image012-300x209.jpg 300w\" sizes=\"auto, (max-width: 405px) 100vw, 405px\" \/><\/a><\/figure><\/div>\n\n<p>Es gibt zwei ehemalige D\u00f6rfer auf der Insel, eines in der N\u00e4he des Hafens von <em>An Clachan<\/em>, und das andere in der N\u00e4he von <em>An Garradh B\u00e1n<\/em>.<\/p>\n\n<p>Man nimmt an, dass die ersten Bewohner skandinavischer Herkunft waren, die zur Zeit der Wikingerangriffe auf Irlands K\u00fcste im 9. und 10.\nEs wird angenommen, dass ihre Nachkommen Mitte des 17. Jahrhunderts von Cromwells Soldaten ausgerottet wurden.\nSp\u00e4ter wurde die Insel von Festlandbewohnern aus Donegal besiedelt, die vor Unterdr\u00fcckung, Armut und Hungersnot flohen.\nEs hei\u00dft, dass die Kartoffeln auf der Insel nicht von der Krautf\u00e4ule betroffen waren, die die Hauptnahrungsquelle der irischen Landbev\u00f6lkerung zerst\u00f6rte und zu den Krankheiten, Todesf\u00e4llen und der Massenauswanderung f\u00fchrte, die die gro\u00dfe Hungersnot Mitte des 19.   <\/p>\n\n<div class=\"wp-block-media-text alignwide has-media-on-the-right is-stacked-on-mobile is-vertically-aligned-top\"><div class=\"wp-block-media-text__content\">\n<h2 class=\"wp-block-heading\">Demografie<\/h2>\n\n\n\n<p>Inishbofins Bev\u00f6lkerung sank in 100 Jahren von 166 (1911) auf 11 (2011).<\/p>\n\n\n\n<p>Inishbofin hat eine Reihe von maritimen Trag\u00f6dien erlebt.\nIm Jahr 1929 wurde ein Fischerboot der Insel bei dichtem Nebel von einem gr\u00f6\u00dferen Boot in zwei H\u00e4lften geteilt, wobei alle bis auf einen Mann ertranken.\nIm Jahr 1940 st\u00fcrzte ein Schiff namens Stulwik auf Felsen und 10 Menschen kamen ums Leben.  <\/p>\n<\/div><figure class=\"wp-block-media-text__media\"><a href=\"https:\/\/www.corncrakelife.ie\/wp-content\/uploads\/2022\/03\/03611e_eb57452e83394563b3584f0ca50ea077_mv2.jpg\"><img loading=\"lazy\" decoding=\"async\" width=\"800\" height=\"332\" src=\"https:\/\/www.corncrakelife.ie\/wp-content\/uploads\/2022\/03\/03611e_eb57452e83394563b3584f0ca50ea077_mv2.jpg\" alt=\"Inishbofin Historical Population\" class=\"wp-image-340 size-full\" srcset=\"https:\/\/www.corncrakelife.ie\/wp-content\/uploads\/2022\/03\/03611e_eb57452e83394563b3584f0ca50ea077_mv2.jpg 800w, https:\/\/www.corncrakelife.ie\/wp-content\/uploads\/2022\/03\/03611e_eb57452e83394563b3584f0ca50ea077_mv2-300x125.jpg 300w, https:\/\/www.corncrakelife.ie\/wp-content\/uploads\/2022\/03\/03611e_eb57452e83394563b3584f0ca50ea077_mv2-768x319.jpg 768w\" sizes=\"auto, (max-width: 800px) 100vw, 800px\" \/><\/a><\/figure><\/div>\n\n<p>Noch in den 1960er Jahren fristeten etwa 120 Inselbewohner ein beschauliches, wenn auch hartes Leben mit Fischfang und Landwirtschaft.\nHeutzutage verbringen nur noch einige wenige Hartgesottene das ganze Jahr auf der Insel und betreiben Landwirtschaft auf Teilzeitbasis. <\/p>\n\n<p>Von M\u00e4rz bis Oktober kehren jedoch viele der ehemaligen Bewohner zur\u00fcck, um Hummer, Krabben und Atlantiklachs zu fangen oder Muscheln zu sammeln und essbare Meeresalgen wie Cairrigin (Carrageen) und Creathnach (Dulse) von den Felsen zu pfl\u00fccken.\nAndere Familien ziehen f\u00fcr die Dauer der Sommerschulferien zur\u00fcck.\nViele der H\u00e4user auf der Insel wurden renoviert, vor allem f\u00fcr die Nutzung als Ferienh\u00e4user.  <\/p>\n\n<p>Bis vor kurzem gab es auf der Insel keinerlei Einrichtungen f\u00fcr Besucher.\nSeit dem Sommer 2002 gibt es Strom und flie\u00dfendes Wasser, und in An Clachan wurde eine Herberge mit 30 Betten er\u00f6ffnet.\nDie meisten Besucher kommen, um V\u00f6gel zu beobachten und \/ oder seltsame Felsformationen an der K\u00fcste zu erkunden.  <\/p>\n\n<p>Die Inselbewohner sprechen gerne mit Besuchern (vorzugsweise auf Irisch-G\u00e4lisch) und erz\u00e4hlen gerne Geschichten \u00fcber die Insel und ihre Geschichte.\nSprachwissenschaftler haben ihre ungew\u00f6hnlichen Sprachmuster mit &#8222;Echo&#8220;-Wiederholungen kommentiert, die f\u00fcr erz\u00e4hlende Gemeinschaften typisch sein sollen. <\/p>\n\n<p>Inishbofin hat eine Reihe von maritimen Trag\u00f6dien erlebt.\nIm Jahr 1929 wurde ein Fischerboot der Insel bei dichtem Nebel von einem gr\u00f6\u00dferen Boot in zwei H\u00e4lften geteilt, wobei alle bis auf einen Mann ertranken.\nIm Jahr 1940 st\u00fcrzte ein Schiff namens Stulwik auf Felsen und 10 Menschen kamen ums Leben.  <\/p>\n\n<p>Noch in den 1960er Jahren fristeten etwa 120 Inselbewohner ein beschauliches, wenn auch hartes Leben mit Fischfang und Landwirtschaft.\nHeutzutage verbringen nur noch einige wenige Hartgesottene das ganze Jahr auf der Insel und betreiben Landwirtschaft auf Teilzeitbasis. <\/p>\n\n<p>Von M\u00e4rz bis Oktober kehren jedoch viele der ehemaligen Bewohner zur\u00fcck, um Hummer, Krabben und Atlantiklachs zu fangen oder Muscheln zu sammeln und essbare Meeresalgen wie Cairrigin (Carrageen) und Creathnach (Dulse) von den Felsen zu pfl\u00fccken.\nAndere Familien ziehen f\u00fcr die Dauer der Sommerschulferien zur\u00fcck.\nViele der H\u00e4user auf der Insel wurden renoviert, vor allem f\u00fcr die Nutzung als Ferienh\u00e4user.  <\/p>\n\n<p>Bis vor kurzem gab es auf der Insel keinerlei Einrichtungen f\u00fcr Besucher.\nSeit dem Sommer 2002 gibt es Strom und flie\u00dfendes Wasser, und in An Clachan wurde eine Herberge mit 30 Betten er\u00f6ffnet.\nDie meisten Besucher kommen, um V\u00f6gel zu beobachten und \/ oder seltsame Felsformationen an der K\u00fcste zu erkunden.  <\/p>\n\n<p>Die Inselbewohner sprechen gerne mit Besuchern (vorzugsweise auf Irisch-G\u00e4lisch) und erz\u00e4hlen gerne Geschichten \u00fcber die Insel und ihre Geschichte.\nSprachwissenschaftler haben ihre ungew\u00f6hnlichen Sprachmuster mit &#8222;Echo&#8220;-Wiederholungen kommentiert, die f\u00fcr erz\u00e4hlende Gemeinschaften typisch sein sollen. <\/p>\n\n<p>Inishdooey \/ Inis Dhubhnach ist eine kleine, unbewohnte Insel, die vor allem f\u00fcr die herrlichen B\u00f6gen und H\u00f6hlen auf ihrer Ostseite bekannt ist.\nDie Insel ist nach dem legend\u00e4ren Heiligen Dubhthach \/ Dooey aus dem 6. Jahrhundert benannt und beherbergt die Ruinen einer Kirche, die von ihm gegr\u00fcndet worden sein soll.\nJahrhundert gegr\u00fcndet wurde. Au\u00dferdem sind die \u00dcberreste von steinernen Einfriedungen zu sehen, die in m\u00fchevoller Arbeit \u00fcber viele Jahre hinweg errichtet wurden.  <\/p>\n\n<p>Das Inishbofin, Inishdooey und Inishbeg SPA besteht aus drei kleinen bis mittelgro\u00dfen Inseln, die zwischen 1 km und 4 km vor der Nordwestk\u00fcste von Co.\nDonegal.\nDas Gebiet ist ein besonderes Schutzgebiet (Special Protection Area, SPA) gem\u00e4\u00df der EU-Vogelschutzrichtlinie und von besonderem Interesse f\u00fcr die folgenden Arten: Nonnengans, Wachtelk\u00f6nig, Sturmm\u00f6we, Zwergm\u00f6we und K\u00fcstenseeschwalbe.  <\/p>\n\n<p>Weitere Karten und Touristeninformationen finden Sie unter: <a href=\"https:\/\/www.govisitdonegal.com\/\" target=\"_blank\" rel=\"noreferrer noopener\">https:\/\/www.govisitdonegal.com<\/a><\/p>\n","protected":false},"excerpt":{"rendered":"<p>Tierwelt Inishbofin, Inishdooey und Inishbeg SPA beherbergen eine landesweit wichtige \u00fcberwinternde Population der Nonnengans (322 Individuen &#8211; 4 Erhebungen im Durchschnitt zwischen 1993 und 2003). Die V\u00f6gel nutzen die Inseln sowohl zum F\u00fcttern als auch zum Schlafen, pendeln aber gelegentlich auch zu anderen Orten in der Region. Der Ort beherbergt auch eine Brutpopulation von Wachtelk\u00f6nigen [&hellip;]<\/p>\n","protected":false},"author":1,"featured_media":0,"parent":0,"menu_order":0,"comment_status":"closed","ping_status":"closed","template":"","meta":{"site-sidebar-layout":"no-sidebar","site-content-layout":"","ast-site-content-layout":"default","site-content-style":"default","site-sidebar-style":"default","ast-global-header-display":"","ast-banner-title-visibility":"","ast-main-header-display":"","ast-hfb-above-header-display":"","ast-hfb-below-header-display":"","ast-hfb-mobile-header-display":"","site-post-title":"","ast-breadcrumbs-content":"","ast-featured-img":"","footer-sml-layout":"","ast-disable-related-posts":"","theme-transparent-header-meta":"","adv-header-id-meta":"","stick-header-meta":"","header-above-stick-meta":"","header-main-stick-meta":"","header-below-stick-meta":"","astra-migrate-meta-layouts":"default","ast-page-background-enabled":"default","ast-page-background-meta":{"desktop":{"background-color":"var(--ast-global-color-4)","background-image":"","background-repeat":"repeat","background-position":"center center","background-size":"auto","background-attachment":"scroll","background-type":"","background-media":"","overlay-type":"","overlay-color":"","overlay-opacity":"","overlay-gradient":""},"tablet":{"background-color":"","background-image":"","background-repeat":"repeat","background-position":"center center","background-size":"auto","background-attachment":"scroll","background-type":"","background-media":"","overlay-type":"","overlay-color":"","overlay-opacity":"","overlay-gradient":""},"mobile":{"background-color":"","background-image":"","background-repeat":"repeat","background-position":"center center","background-size":"auto","background-attachment":"scroll","background-type":"","background-media":"","overlay-type":"","overlay-color":"","overlay-opacity":"","overlay-gradient":""}},"ast-content-background-meta":{"desktop":{"background-color":"var(--ast-global-color-5)","background-image":"","background-repeat":"repeat","background-position":"center center","background-size":"auto","background-attachment":"scroll","background-type":"","background-media":"","overlay-type":"","overlay-color":"","overlay-opacity":"","overlay-gradient":""},"tablet":{"background-color":"var(--ast-global-color-5)","background-image":"","background-repeat":"repeat","background-position":"center center","background-size":"auto","background-attachment":"scroll","background-type":"","background-media":"","overlay-type":"","overlay-color":"","overlay-opacity":"","overlay-gradient":""},"mobile":{"background-color":"var(--ast-global-color-5)","background-image":"","background-repeat":"repeat","background-position":"center center","background-size":"auto","background-attachment":"scroll","background-type":"","background-media":"","overlay-type":"","overlay-color":"","overlay-opacity":"","overlay-gradient":""}},"footnotes":""},"class_list":["post-1161","page","type-page","status-publish","hentry"],"yoast_head":"<!-- This site is optimized with the Yoast SEO plugin v27.3 - https:\/\/yoast.com\/product\/yoast-seo-wordpress\/ -->\n<title>Inishbofin &amp; Inishdooey - Corncrake LIFE<\/title>\n<meta name=\"robots\" content=\"index, follow, max-snippet:-1, max-image-preview:large, max-video-preview:-1\" \/>\n<link rel=\"canonical\" href=\"https:\/\/www.corncrakelife.ie\/de\/inishbofin-inishdooey\/\" \/>\n<meta property=\"og:locale\" content=\"de_DE\" \/>\n<meta property=\"og:type\" content=\"article\" \/>\n<meta property=\"og:title\" content=\"Inishbofin &amp; Inishdooey - Corncrake LIFE\" \/>\n<meta property=\"og:description\" content=\"Tierwelt Inishbofin, Inishdooey und Inishbeg SPA beherbergen eine landesweit wichtige \u00fcberwinternde Population der Nonnengans (322 Individuen &#8211; 4 Erhebungen im Durchschnitt zwischen 1993 und 2003). Die V\u00f6gel nutzen die Inseln sowohl zum F\u00fcttern als auch zum Schlafen, pendeln aber gelegentlich auch zu anderen Orten in der Region. Der Ort beherbergt auch eine Brutpopulation von Wachtelk\u00f6nigen [&hellip;]\" \/>\n<meta property=\"og:url\" content=\"https:\/\/www.corncrakelife.ie\/de\/inishbofin-inishdooey\/\" \/>\n<meta property=\"og:site_name\" content=\"Corncrake LIFE\" \/>\n<meta property=\"article:publisher\" content=\"https:\/\/www.facebook.com\/groups\/1110924015998978\" \/>\n<meta property=\"article:modified_time\" content=\"2024-06-04T10:34:08+00:00\" \/>\n<meta property=\"og:image\" content=\"https:\/\/www.corncrakelife.ie\/wp-content\/uploads\/2022\/03\/03611e_2dcd4e60aafe4861b715e722b14eab47_mv2-1024x724.jpg\" \/>\n<meta name=\"twitter:card\" content=\"summary_large_image\" \/>\n<meta name=\"twitter:site\" content=\"@CorncrakeLife\" \/>\n<meta name=\"twitter:label1\" content=\"Gesch\u00e4tzte Lesezeit\" \/>\n\t<meta name=\"twitter:data1\" content=\"5\u00a0Minuten\" \/>\n<script type=\"application\/ld+json\" class=\"yoast-schema-graph\">{\"@context\":\"https:\\\/\\\/schema.org\",\"@graph\":[{\"@type\":\"WebPage\",\"@id\":\"https:\\\/\\\/www.corncrakelife.ie\\\/de\\\/inishbofin-inishdooey\\\/\",\"url\":\"https:\\\/\\\/www.corncrakelife.ie\\\/de\\\/inishbofin-inishdooey\\\/\",\"name\":\"Inishbofin &amp; Inishdooey - Corncrake LIFE\",\"isPartOf\":{\"@id\":\"https:\\\/\\\/www.corncrakelife.ie\\\/de\\\/#website\"},\"primaryImageOfPage\":{\"@id\":\"https:\\\/\\\/www.corncrakelife.ie\\\/de\\\/inishbofin-inishdooey\\\/#primaryimage\"},\"image\":{\"@id\":\"https:\\\/\\\/www.corncrakelife.ie\\\/de\\\/inishbofin-inishdooey\\\/#primaryimage\"},\"thumbnailUrl\":\"https:\\\/\\\/www.corncrakelife.ie\\\/wp-content\\\/uploads\\\/2022\\\/03\\\/03611e_2dcd4e60aafe4861b715e722b14eab47_mv2-1024x724.jpg\",\"datePublished\":\"2022-03-03T09:04:51+00:00\",\"dateModified\":\"2024-06-04T10:34:08+00:00\",\"breadcrumb\":{\"@id\":\"https:\\\/\\\/www.corncrakelife.ie\\\/de\\\/inishbofin-inishdooey\\\/#breadcrumb\"},\"inLanguage\":\"de\",\"potentialAction\":[{\"@type\":\"ReadAction\",\"target\":[\"https:\\\/\\\/www.corncrakelife.ie\\\/de\\\/inishbofin-inishdooey\\\/\"]}]},{\"@type\":\"ImageObject\",\"inLanguage\":\"de\",\"@id\":\"https:\\\/\\\/www.corncrakelife.ie\\\/de\\\/inishbofin-inishdooey\\\/#primaryimage\",\"url\":\"https:\\\/\\\/www.corncrakelife.ie\\\/wp-content\\\/uploads\\\/2022\\\/03\\\/03611e_2dcd4e60aafe4861b715e722b14eab47_mv2-1024x724.jpg\",\"contentUrl\":\"https:\\\/\\\/www.corncrakelife.ie\\\/wp-content\\\/uploads\\\/2022\\\/03\\\/03611e_2dcd4e60aafe4861b715e722b14eab47_mv2-1024x724.jpg\"},{\"@type\":\"BreadcrumbList\",\"@id\":\"https:\\\/\\\/www.corncrakelife.ie\\\/de\\\/inishbofin-inishdooey\\\/#breadcrumb\",\"itemListElement\":[{\"@type\":\"ListItem\",\"position\":1,\"name\":\"Home\",\"item\":\"https:\\\/\\\/www.corncrakelife.ie\\\/de\\\/\"},{\"@type\":\"ListItem\",\"position\":2,\"name\":\"Inishbofin &amp; Inishdooey\"}]},{\"@type\":\"WebSite\",\"@id\":\"https:\\\/\\\/www.corncrakelife.ie\\\/de\\\/#website\",\"url\":\"https:\\\/\\\/www.corncrakelife.ie\\\/de\\\/\",\"name\":\"Corncrake LIFE\",\"description\":\"Corncrake Traonach LIFE\",\"publisher\":{\"@id\":\"https:\\\/\\\/www.corncrakelife.ie\\\/de\\\/#organization\"},\"potentialAction\":[{\"@type\":\"SearchAction\",\"target\":{\"@type\":\"EntryPoint\",\"urlTemplate\":\"https:\\\/\\\/www.corncrakelife.ie\\\/de\\\/?s={search_term_string}\"},\"query-input\":{\"@type\":\"PropertyValueSpecification\",\"valueRequired\":true,\"valueName\":\"search_term_string\"}}],\"inLanguage\":\"de\"},{\"@type\":\"Organization\",\"@id\":\"https:\\\/\\\/www.corncrakelife.ie\\\/de\\\/#organization\",\"name\":\"Department of Housing, Local Government and Heritage\",\"url\":\"https:\\\/\\\/www.corncrakelife.ie\\\/de\\\/\",\"logo\":{\"@type\":\"ImageObject\",\"inLanguage\":\"de\",\"@id\":\"https:\\\/\\\/www.corncrakelife.ie\\\/de\\\/#\\\/schema\\\/logo\\\/image\\\/\",\"url\":\"https:\\\/\\\/www.corncrakelife.ie\\\/wp-content\\\/uploads\\\/2022\\\/03\\\/Corncrake-Traonach-LIFE-Logo.png\",\"contentUrl\":\"https:\\\/\\\/www.corncrakelife.ie\\\/wp-content\\\/uploads\\\/2022\\\/03\\\/Corncrake-Traonach-LIFE-Logo.png\",\"width\":207,\"height\":100,\"caption\":\"Department of Housing, Local Government and Heritage\"},\"image\":{\"@id\":\"https:\\\/\\\/www.corncrakelife.ie\\\/de\\\/#\\\/schema\\\/logo\\\/image\\\/\"},\"sameAs\":[\"https:\\\/\\\/www.facebook.com\\\/groups\\\/1110924015998978\",\"https:\\\/\\\/x.com\\\/CorncrakeLife\",\"https:\\\/\\\/www.instagram.com\\\/corncrakelife\\\/\",\"https:\\\/\\\/www.youtube.com\\\/channel\\\/UCJGP2YKBafZ689yVU0Iy_Zw\"]}]}<\/script>\n<!-- \/ Yoast SEO plugin. -->","yoast_head_json":{"title":"Inishbofin &amp; Inishdooey - Corncrake LIFE","robots":{"index":"index","follow":"follow","max-snippet":"max-snippet:-1","max-image-preview":"max-image-preview:large","max-video-preview":"max-video-preview:-1"},"canonical":"https:\/\/www.corncrakelife.ie\/de\/inishbofin-inishdooey\/","og_locale":"de_DE","og_type":"article","og_title":"Inishbofin &amp; Inishdooey - Corncrake LIFE","og_description":"Tierwelt Inishbofin, Inishdooey und Inishbeg SPA beherbergen eine landesweit wichtige \u00fcberwinternde Population der Nonnengans (322 Individuen &#8211; 4 Erhebungen im Durchschnitt zwischen 1993 und 2003). Die V\u00f6gel nutzen die Inseln sowohl zum F\u00fcttern als auch zum Schlafen, pendeln aber gelegentlich auch zu anderen Orten in der Region. Der Ort beherbergt auch eine Brutpopulation von Wachtelk\u00f6nigen [&hellip;]","og_url":"https:\/\/www.corncrakelife.ie\/de\/inishbofin-inishdooey\/","og_site_name":"Corncrake LIFE","article_publisher":"https:\/\/www.facebook.com\/groups\/1110924015998978","article_modified_time":"2024-06-04T10:34:08+00:00","og_image":[{"url":"https:\/\/www.corncrakelife.ie\/wp-content\/uploads\/2022\/03\/03611e_2dcd4e60aafe4861b715e722b14eab47_mv2-1024x724.jpg","type":"","width":"","height":""}],"twitter_card":"summary_large_image","twitter_site":"@CorncrakeLife","twitter_misc":{"Gesch\u00e4tzte Lesezeit":"5\u00a0Minuten"},"schema":{"@context":"https:\/\/schema.org","@graph":[{"@type":"WebPage","@id":"https:\/\/www.corncrakelife.ie\/de\/inishbofin-inishdooey\/","url":"https:\/\/www.corncrakelife.ie\/de\/inishbofin-inishdooey\/","name":"Inishbofin &amp; Inishdooey - Corncrake LIFE","isPartOf":{"@id":"https:\/\/www.corncrakelife.ie\/de\/#website"},"primaryImageOfPage":{"@id":"https:\/\/www.corncrakelife.ie\/de\/inishbofin-inishdooey\/#primaryimage"},"image":{"@id":"https:\/\/www.corncrakelife.ie\/de\/inishbofin-inishdooey\/#primaryimage"},"thumbnailUrl":"https:\/\/www.corncrakelife.ie\/wp-content\/uploads\/2022\/03\/03611e_2dcd4e60aafe4861b715e722b14eab47_mv2-1024x724.jpg","datePublished":"2022-03-03T09:04:51+00:00","dateModified":"2024-06-04T10:34:08+00:00","breadcrumb":{"@id":"https:\/\/www.corncrakelife.ie\/de\/inishbofin-inishdooey\/#breadcrumb"},"inLanguage":"de","potentialAction":[{"@type":"ReadAction","target":["https:\/\/www.corncrakelife.ie\/de\/inishbofin-inishdooey\/"]}]},{"@type":"ImageObject","inLanguage":"de","@id":"https:\/\/www.corncrakelife.ie\/de\/inishbofin-inishdooey\/#primaryimage","url":"https:\/\/www.corncrakelife.ie\/wp-content\/uploads\/2022\/03\/03611e_2dcd4e60aafe4861b715e722b14eab47_mv2-1024x724.jpg","contentUrl":"https:\/\/www.corncrakelife.ie\/wp-content\/uploads\/2022\/03\/03611e_2dcd4e60aafe4861b715e722b14eab47_mv2-1024x724.jpg"},{"@type":"BreadcrumbList","@id":"https:\/\/www.corncrakelife.ie\/de\/inishbofin-inishdooey\/#breadcrumb","itemListElement":[{"@type":"ListItem","position":1,"name":"Home","item":"https:\/\/www.corncrakelife.ie\/de\/"},{"@type":"ListItem","position":2,"name":"Inishbofin &amp; Inishdooey"}]},{"@type":"WebSite","@id":"https:\/\/www.corncrakelife.ie\/de\/#website","url":"https:\/\/www.corncrakelife.ie\/de\/","name":"Corncrake LIFE","description":"Corncrake Traonach LIFE","publisher":{"@id":"https:\/\/www.corncrakelife.ie\/de\/#organization"},"potentialAction":[{"@type":"SearchAction","target":{"@type":"EntryPoint","urlTemplate":"https:\/\/www.corncrakelife.ie\/de\/?s={search_term_string}"},"query-input":{"@type":"PropertyValueSpecification","valueRequired":true,"valueName":"search_term_string"}}],"inLanguage":"de"},{"@type":"Organization","@id":"https:\/\/www.corncrakelife.ie\/de\/#organization","name":"Department of Housing, Local Government and Heritage","url":"https:\/\/www.corncrakelife.ie\/de\/","logo":{"@type":"ImageObject","inLanguage":"de","@id":"https:\/\/www.corncrakelife.ie\/de\/#\/schema\/logo\/image\/","url":"https:\/\/www.corncrakelife.ie\/wp-content\/uploads\/2022\/03\/Corncrake-Traonach-LIFE-Logo.png","contentUrl":"https:\/\/www.corncrakelife.ie\/wp-content\/uploads\/2022\/03\/Corncrake-Traonach-LIFE-Logo.png","width":207,"height":100,"caption":"Department of Housing, Local Government and Heritage"},"image":{"@id":"https:\/\/www.corncrakelife.ie\/de\/#\/schema\/logo\/image\/"},"sameAs":["https:\/\/www.facebook.com\/groups\/1110924015998978","https:\/\/x.com\/CorncrakeLife","https:\/\/www.instagram.com\/corncrakelife\/","https:\/\/www.youtube.com\/channel\/UCJGP2YKBafZ689yVU0Iy_Zw"]}]}},"_links":{"self":[{"href":"https:\/\/www.corncrakelife.ie\/de\/wp-json\/wp\/v2\/pages\/1161","targetHints":{"allow":["GET"]}}],"collection":[{"href":"https:\/\/www.corncrakelife.ie\/de\/wp-json\/wp\/v2\/pages"}],"about":[{"href":"https:\/\/www.corncrakelife.ie\/de\/wp-json\/wp\/v2\/types\/page"}],"author":[{"embeddable":true,"href":"https:\/\/www.corncrakelife.ie\/de\/wp-json\/wp\/v2\/users\/1"}],"replies":[{"embeddable":true,"href":"https:\/\/www.corncrakelife.ie\/de\/wp-json\/wp\/v2\/comments?post=1161"}],"version-history":[{"count":3,"href":"https:\/\/www.corncrakelife.ie\/de\/wp-json\/wp\/v2\/pages\/1161\/revisions"}],"predecessor-version":[{"id":2432,"href":"https:\/\/www.corncrakelife.ie\/de\/wp-json\/wp\/v2\/pages\/1161\/revisions\/2432"}],"wp:attachment":[{"href":"https:\/\/www.corncrakelife.ie\/de\/wp-json\/wp\/v2\/media?parent=1161"}],"curies":[{"name":"wp","href":"https:\/\/api.w.org\/{rel}","templated":true}]}}