{"id":1159,"date":"2022-03-03T08:59:05","date_gmt":"2022-03-03T08:59:05","guid":{"rendered":"https:\/\/www.corncrakelife.ie\/marblehill-nach-meenlaragh-einzugsgebiet\/"},"modified":"2024-06-04T11:35:55","modified_gmt":"2024-06-04T10:35:55","slug":"marblehill-nach-meenlaragh-einzugsgebiet","status":"publish","type":"page","link":"https:\/\/www.corncrakelife.ie\/de\/marblehill-nach-meenlaragh-einzugsgebiet\/","title":{"rendered":"Marblehill nach Meenlaragh Einzugsgebiet"},"content":{"rendered":"\n<p><strong>Einzugsgebiet: 4, enth\u00e4lt den <a rel=\"noreferrer noopener\" href=\"https:\/\/www.npws.ie\/protected-sites\/spa\/004149\" target=\"_blank\">Standortcode 004149<\/a> <\/strong><\/p>\n\n<div class=\"wp-block-media-text alignwide has-media-on-the-right is-stacked-on-mobile\"><div class=\"wp-block-media-text__content\">\n<h2 class=\"wp-block-heading\">Tierwelt<\/h2>\n\n\n\n<p>Das Einzugsgebiet von Marblehill nach Meenlaragh beherbergte in der Vergangenheit eine gute Population von Wachtelk\u00f6nigen, aber die Zahlen sind in den letzten Jahren zur\u00fcckgegangen. F\u00fcr Vogelliebhaber ist die Coatsline die Heimat einer gro\u00dfen Auswahl an gesch\u00fctzten und seltenen Arten, darunter; Eissturmvogel, Kormoran Shag (Phalacrocorax aristotelis)  [A018] Nonnengans (Branta leucopsis) [A045] Wanderer (Falco peregrinus) [A103] Dreizehenm\u00f6we (Rissa tridactyla) [A188] Guillemot-Tordalke (Alca torda) [A200] Chough (Pyrrhocorax pyrrhocorax) [A346] Gr\u00f6nland-Wei\u00dfhalsgans (Anser albifrons flavirostris) [A395] <\/p>\n\n\n\n<p>Dieses Einzugsgebiet (Marblehill bis Meelaragh) unterst\u00fctzt j\u00e4hrlich national wichtige Zahlen von Corncrake (10 anrufende M\u00e4nner, Mittelwert der Umfrage 2014 &#8211; 2018). Es ist auch eines der wenigen verbliebenen Festlandgebiete, die Corncrake in der Grafschaft Donegal unterst\u00fctzen, und hat oft eine gute Anzahl anrufender M\u00e4nner.  <\/p>\n<\/div><figure class=\"wp-block-media-text__media\"><a href=\"https:\/\/www.corncrakelife.ie\/wp-content\/uploads\/2022\/03\/03611e_629ccc252048440c8a8c05d91f28fe4b_mv2-1024x724.jpg\"><img loading=\"lazy\" decoding=\"async\" width=\"1024\" height=\"724\" src=\"https:\/\/www.corncrakelife.ie\/wp-content\/uploads\/2022\/03\/03611e_629ccc252048440c8a8c05d91f28fe4b_mv2-1024x724.jpg\" alt=\"Marblehill to Meenlaragh Catchment Map\" class=\"wp-image-300 size-full\" srcset=\"https:\/\/www.corncrakelife.ie\/wp-content\/uploads\/2022\/03\/03611e_629ccc252048440c8a8c05d91f28fe4b_mv2-1024x724.jpg 1024w, https:\/\/www.corncrakelife.ie\/wp-content\/uploads\/2022\/03\/03611e_629ccc252048440c8a8c05d91f28fe4b_mv2-300x212.jpg 300w, https:\/\/www.corncrakelife.ie\/wp-content\/uploads\/2022\/03\/03611e_629ccc252048440c8a8c05d91f28fe4b_mv2-768x543.jpg 768w, https:\/\/www.corncrakelife.ie\/wp-content\/uploads\/2022\/03\/03611e_629ccc252048440c8a8c05d91f28fe4b_mv2.jpg 1200w\" sizes=\"auto, (max-width: 1024px) 100vw, 1024px\" \/><\/a><\/figure><\/div>\n\n<div class=\"wp-block-media-text alignwide has-media-on-the-right is-stacked-on-mobile\"><div class=\"wp-block-media-text__content\">\n<p>T er Marble zu Meenlaragh Einzugs entlang der K\u00fcstenlinie von Nordwesten Co. Donegal, einschlie\u00dflich der Bereiche , in SPA \u00fcber mehrere Townlands verteilt <em><a rel=\"noreferrer noopener\" href=\"https:\/\/goo.gl\/maps\/bYDhkGo5YGPkzuSk8\" target=\"_blank\">M\u00edn Larach<\/a><\/em>, <em><a rel=\"noreferrer noopener\" href=\"https:\/\/goo.gl\/maps\/hLf6E4eR9x7KToAR9\" target=\"_blank\">Machaire Rabhartaigh<\/a><\/em> , <em>Cill Ulta<\/em>, <em><a rel=\"noreferrer noopener\" href=\"https:\/\/goo.gl\/maps\/6WgDqVDi2it56cf49\" target=\"_blank\">Baile An Easa<\/a><\/em>, <em><a rel=\"noreferrer noopener\" href=\"https:\/\/goo.gl\/maps\/HuwLrtEUc2BrhtSU7\" target=\"_blank\">Droim Na Tine<\/a><\/em> und <em>Baile Chonaill<\/em>. <\/p>\n\n\n\n<p>Das Einzugsgebiet von Marblehill nach Meenlaragh beherbergte in der Vergangenheit eine gute Population von Wachtelk\u00f6nigen, aber die Zahlen sind in den letzten Jahren zur\u00fcckgegangen. F\u00fcr Vogelliebhaber ist die Coatsline die Heimat einer gro\u00dfen Auswahl an gesch\u00fctzten und seltenen Arten, darunter; Eissturmvogel, Kormoran Shag (Phalacrocorax aristotelis)  [A018] Nonnengans (Branta leucopsis) [A045] Wanderer (Falco peregrinus) [A103] Dreizehenm\u00f6we (Rissa tridactyla) [A188] Guillemot-Tordalke (Alca torda) [A200] Chough (Pyrrhocorax pyrrhocorax) [A346] Gr\u00f6nland-Wei\u00dfhalsgans (Anser albifrons flavirostris) [A395]<\/p>\n<\/div><figure class=\"wp-block-media-text__media\"><a href=\"https:\/\/www.corncrakelife.ie\/wp-content\/uploads\/2022\/03\/image013.jpg\"><img loading=\"lazy\" decoding=\"async\" width=\"405\" height=\"285\" src=\"https:\/\/www.corncrakelife.ie\/wp-content\/uploads\/2022\/03\/image013.jpg\" alt=\"Total Male Calling Corncrakes - Marblehill to Meenlaragh\" class=\"wp-image-331 size-full\" srcset=\"https:\/\/www.corncrakelife.ie\/wp-content\/uploads\/2022\/03\/image013.jpg 405w, https:\/\/www.corncrakelife.ie\/wp-content\/uploads\/2022\/03\/image013-300x211.jpg 300w\" sizes=\"auto, (max-width: 405px) 100vw, 405px\" \/><\/a><\/figure><\/div>\n\n<p>Die alte Gaeltacht-Gemeinde <em>Cloich Cheann Fhaola<\/em>, die heute aus den Gemeinden <a href=\"https:\/\/goo.gl\/maps\/fKRWu9nCbuAxGgT59\" target=\"_blank\" rel=\"noreferrer noopener\">G<em>ort A\u2019 Choirce<\/em><\/a> und <em><a href=\"https:\/\/goo.gl\/maps\/8WqjUQnJiKzDUCx58\" target=\"_blank\" rel=\"noreferrer noopener\">An F\u00e1l Carrach<\/a><\/em>, besteht , liegt in der nordwestlichen Ecke Irlands und verl\u00e4uft vom blutigen Vorland n\u00f6rdlich bis zum Roggen Fluss, Richtung <a href=\"https:\/\/goo.gl\/maps\/PXRn7s2zc6vbMjYZA\" target=\"_blank\" rel=\"noreferrer noopener\">Dunfanaghy<\/a>. Diese K\u00fcstenlandschaft wird im Donegal County Development Plan 2018-2024 als besonders landschaftlich reizvolles Gebiet eingestuft, da sie ihre traditionellen l\u00e4ndlichen Merkmale beibeh\u00e4lt. Es hat eine Bev\u00f6lkerung von ca. 4000. <\/p>\n\n<p>\u200bDie Landnutzung im Einzugsgebiet wird von landwirtschaftlichen T\u00e4tigkeiten dominiert. Die Wirtschaftst\u00e4tigkeit in der Region konzentriert sich haupts\u00e4chlich auf den Tourismus und die Hotellerie. Der Wild Atlantic Way hat zu einer erh\u00f6hten Besucherzahl gef\u00fchrt. Besonders nachdem Donegal und <em>Machaire Rabhartaigh<\/em> zur Nummer eins in <a rel=\"noreferrer noopener\" href=\"https:\/\/www.nationalgeographic.co.uk\/travel\/2016\/12\/cool-list-17-2017\" target=\"_blank\">Der Cool List: gew\u00e4hlt wurden: 17 f\u00fcr 2017 | National Geographic<\/a>.    Weitere lokale Sehensw\u00fcrdigkeiten sind die <a rel=\"noreferrer noopener\" href=\"https:\/\/www.tripadvisor.ie\/Attraction_Review-g1937012-d12211101-Reviews-Ray_Church-Falcarragh_County_Donegal.html\" target=\"_blank\">Ray Church,<\/a> <a rel=\"noreferrer noopener\" href=\"https:\/\/www.tripadvisor.ie\/Attraction_Review-g1937012-d17433653-Reviews-Drumnatinny_Beach-Falcarragh_County_Donegal.html\" target=\"_blank\">Drumnatinney Beach,<\/a> und das Besucherzentrum <em><a rel=\"noreferrer noopener\" href=\"https:\/\/www.tripadvisor.ie\/Attraction_Review-g1937012-d2624680-Reviews-Falcarragh_Visitor_Centre-Falcarragh_County_Donegal.html\" target=\"_blank\">An tSean Bhearic<\/a><\/em>.<\/p>\n\n<p>\u200bFalcarragh (<em>An F\u00e1l Carrach<\/em>), ist eine Gaeltacht-Region in Donegal und eine Marktgemeinde in der Gemeinde Cloughaneely im Nordwesten von Donegal an der N56, etwa 45 km von Letterkenny entfernt. Die Umgebung von Falcarragh ist von erstaunlicher nat\u00fcrlicher Sch\u00f6nheit, mit den Derryveagh Mountains auf der einen Seite und den wundersch\u00f6nen unber\u00fchrten Str\u00e4nden von Drumnatinney, Ballyness Bay und Magheroarty auf der anderen Seite. Die Inseln Tory und Innisboffin liegen direkt vor der K\u00fcste. Diese abwechslungsreiche Landschaft ist ideal f\u00fcr Outdoor-Enthusiasten.   <br\/>Auf der Seite <a rel=\"noreferrer noopener\" href=\"http:\/\/www.falcarraghvisitorcentre.com\/activities\" target=\"_blank\">Aktivit\u00e4ten <\/a> des Besucherzentrums von Falcarragh finden Sie einige Ideen zu Aktivit\u00e4ten in dieser malerischen Ecke von Donegal.<\/p>\n\n<p>W\u00e4hrend Dunfanaghy Surfen und Reiten bietet, bietet das <a href=\"https:\/\/www.tripadvisor.ie\/Attraction_Review-g212536-d214832-Reviews-The_Workhouse-Dunfanaghy_County_Donegal.html\" target=\"_blank\" rel=\"noreferrer noopener\">workhouse<\/a> Museum zusammen mit dem atemberaubend sch\u00f6nen Ards Forest Park und der <a href=\"https:\/\/www.tripadvisor.ie\/Attraction_Review-g212536-d5979209-Reviews-Hornhead_Loop-Dunfanaghy_County_Donegal.html\" target=\"_blank\" rel=\"noreferrer noopener\">Horn Head Loop<\/a>. Der nahe gelegene <a href=\"https:\/\/www.glenveaghnationalpark.ie\/\" target=\"_blank\" rel=\"noreferrer noopener\">Glenveagh National Park<\/a> ist eine \u00e4u\u00dferst beliebte Besucherattraktion. <\/p>\n\n<p>Dunfanaghy ist ein Handelszentrum im Nordwesten von Donegal. Es ist ein beliebtes Touristenziel mit zahlreichen Annehmlichkeiten, darunter ein Golfplatz, ein Interpretationszentrum und eine Surfschule. Landwirtschaft und in geringerem Ma\u00dfe Fischerei sind ebenfalls wichtige Aktivit\u00e4ten im Einzugsgebiet.  <\/p>\n\n<p>Weitere Karten und Touristeninformationen finden Sie unter: <a rel=\"noreferrer noopener\" href=\"http:\/\/www.wildatlanticcamp.ie\/\" target=\"_blank\">www.wildatlanticcamp.ie<\/a><\/p>\n\n<p>\u200b\u200bWeitere Informationen zum besonderen Schutzgebiet in diesem Einzugsgebiet finden Sie auf der Website von National Parks and Wildlife Services <a rel=\"noreferrer noopener\" href=\"https:\/\/www.npws.ie\/protected-sites\/spa\/004149\" target=\"_blank\">https:\/\/www.npws.ie\/protected-sites\/spa\/004149<\/a><\/p>\n","protected":false},"excerpt":{"rendered":"<p>Einzugsgebiet: 4, enth\u00e4lt den Standortcode 004149 Tierwelt Das Einzugsgebiet von Marblehill nach Meenlaragh beherbergte in der Vergangenheit eine gute Population von Wachtelk\u00f6nigen, aber die Zahlen sind in den letzten Jahren zur\u00fcckgegangen. F\u00fcr Vogelliebhaber ist die Coatsline die Heimat einer gro\u00dfen Auswahl an gesch\u00fctzten und seltenen Arten, darunter; Eissturmvogel, Kormoran Shag (Phalacrocorax aristotelis) [A018] Nonnengans (Branta [&hellip;]<\/p>\n","protected":false},"author":1,"featured_media":0,"parent":0,"menu_order":0,"comment_status":"closed","ping_status":"closed","template":"","meta":{"site-sidebar-layout":"no-sidebar","site-content-layout":"","ast-site-content-layout":"default","site-content-style":"default","site-sidebar-style":"default","ast-global-header-display":"","ast-banner-title-visibility":"","ast-main-header-display":"","ast-hfb-above-header-display":"","ast-hfb-below-header-display":"","ast-hfb-mobile-header-display":"","site-post-title":"","ast-breadcrumbs-content":"","ast-featured-img":"","footer-sml-layout":"","ast-disable-related-posts":"","theme-transparent-header-meta":"","adv-header-id-meta":"","stick-header-meta":"","header-above-stick-meta":"","header-main-stick-meta":"","header-below-stick-meta":"","astra-migrate-meta-layouts":"default","ast-page-background-enabled":"default","ast-page-background-meta":{"desktop":{"background-color":"var(--ast-global-color-4)","background-image":"","background-repeat":"repeat","background-position":"center center","background-size":"auto","background-attachment":"scroll","background-type":"","background-media":"","overlay-type":"","overlay-color":"","overlay-opacity":"","overlay-gradient":""},"tablet":{"background-color":"","background-image":"","background-repeat":"repeat","background-position":"center center","background-size":"auto","background-attachment":"scroll","background-type":"","background-media":"","overlay-type":"","overlay-color":"","overlay-opacity":"","overlay-gradient":""},"mobile":{"background-color":"","background-image":"","background-repeat":"repeat","background-position":"center center","background-size":"auto","background-attachment":"scroll","background-type":"","background-media":"","overlay-type":"","overlay-color":"","overlay-opacity":"","overlay-gradient":""}},"ast-content-background-meta":{"desktop":{"background-color":"var(--ast-global-color-5)","background-image":"","background-repeat":"repeat","background-position":"center center","background-size":"auto","background-attachment":"scroll","background-type":"","background-media":"","overlay-type":"","overlay-color":"","overlay-opacity":"","overlay-gradient":""},"tablet":{"background-color":"var(--ast-global-color-5)","background-image":"","background-repeat":"repeat","background-position":"center center","background-size":"auto","background-attachment":"scroll","background-type":"","background-media":"","overlay-type":"","overlay-color":"","overlay-opacity":"","overlay-gradient":""},"mobile":{"background-color":"var(--ast-global-color-5)","background-image":"","background-repeat":"repeat","background-position":"center center","background-size":"auto","background-attachment":"scroll","background-type":"","background-media":"","overlay-type":"","overlay-color":"","overlay-opacity":"","overlay-gradient":""}},"footnotes":""},"class_list":["post-1159","page","type-page","status-publish","hentry"],"yoast_head":"<!-- This site is optimized with the Yoast SEO plugin v27.3 - https:\/\/yoast.com\/product\/yoast-seo-wordpress\/ -->\n<title>Marblehill nach Meenlaragh Einzugsgebiet - Corncrake LIFE<\/title>\n<meta name=\"robots\" content=\"index, follow, max-snippet:-1, max-image-preview:large, max-video-preview:-1\" \/>\n<link rel=\"canonical\" href=\"https:\/\/www.corncrakelife.ie\/de\/marblehill-nach-meenlaragh-einzugsgebiet\/\" \/>\n<meta property=\"og:locale\" content=\"de_DE\" \/>\n<meta property=\"og:type\" content=\"article\" \/>\n<meta property=\"og:title\" content=\"Marblehill nach Meenlaragh Einzugsgebiet - Corncrake LIFE\" \/>\n<meta property=\"og:description\" content=\"Einzugsgebiet: 4, enth\u00e4lt den Standortcode 004149 Tierwelt Das Einzugsgebiet von Marblehill nach Meenlaragh beherbergte in der Vergangenheit eine gute Population von Wachtelk\u00f6nigen, aber die Zahlen sind in den letzten Jahren zur\u00fcckgegangen. F\u00fcr Vogelliebhaber ist die Coatsline die Heimat einer gro\u00dfen Auswahl an gesch\u00fctzten und seltenen Arten, darunter; Eissturmvogel, Kormoran Shag (Phalacrocorax aristotelis) [A018] Nonnengans (Branta [&hellip;]\" \/>\n<meta property=\"og:url\" content=\"https:\/\/www.corncrakelife.ie\/de\/marblehill-nach-meenlaragh-einzugsgebiet\/\" \/>\n<meta property=\"og:site_name\" content=\"Corncrake LIFE\" \/>\n<meta property=\"article:publisher\" content=\"https:\/\/www.facebook.com\/groups\/1110924015998978\" \/>\n<meta property=\"article:modified_time\" content=\"2024-06-04T10:35:55+00:00\" \/>\n<meta property=\"og:image\" content=\"https:\/\/www.corncrakelife.ie\/wp-content\/uploads\/2022\/03\/03611e_629ccc252048440c8a8c05d91f28fe4b_mv2-1024x724.jpg\" \/>\n<meta name=\"twitter:card\" content=\"summary_large_image\" \/>\n<meta name=\"twitter:site\" content=\"@CorncrakeLife\" \/>\n<meta name=\"twitter:label1\" content=\"Gesch\u00e4tzte Lesezeit\" \/>\n\t<meta name=\"twitter:data1\" content=\"3\u00a0Minuten\" \/>\n<script type=\"application\/ld+json\" class=\"yoast-schema-graph\">{\"@context\":\"https:\\\/\\\/schema.org\",\"@graph\":[{\"@type\":\"WebPage\",\"@id\":\"https:\\\/\\\/www.corncrakelife.ie\\\/de\\\/marblehill-nach-meenlaragh-einzugsgebiet\\\/\",\"url\":\"https:\\\/\\\/www.corncrakelife.ie\\\/de\\\/marblehill-nach-meenlaragh-einzugsgebiet\\\/\",\"name\":\"Marblehill nach Meenlaragh Einzugsgebiet - Corncrake LIFE\",\"isPartOf\":{\"@id\":\"https:\\\/\\\/www.corncrakelife.ie\\\/de\\\/#website\"},\"primaryImageOfPage\":{\"@id\":\"https:\\\/\\\/www.corncrakelife.ie\\\/de\\\/marblehill-nach-meenlaragh-einzugsgebiet\\\/#primaryimage\"},\"image\":{\"@id\":\"https:\\\/\\\/www.corncrakelife.ie\\\/de\\\/marblehill-nach-meenlaragh-einzugsgebiet\\\/#primaryimage\"},\"thumbnailUrl\":\"https:\\\/\\\/www.corncrakelife.ie\\\/wp-content\\\/uploads\\\/2022\\\/03\\\/03611e_629ccc252048440c8a8c05d91f28fe4b_mv2-1024x724.jpg\",\"datePublished\":\"2022-03-03T08:59:05+00:00\",\"dateModified\":\"2024-06-04T10:35:55+00:00\",\"breadcrumb\":{\"@id\":\"https:\\\/\\\/www.corncrakelife.ie\\\/de\\\/marblehill-nach-meenlaragh-einzugsgebiet\\\/#breadcrumb\"},\"inLanguage\":\"de\",\"potentialAction\":[{\"@type\":\"ReadAction\",\"target\":[\"https:\\\/\\\/www.corncrakelife.ie\\\/de\\\/marblehill-nach-meenlaragh-einzugsgebiet\\\/\"]}]},{\"@type\":\"ImageObject\",\"inLanguage\":\"de\",\"@id\":\"https:\\\/\\\/www.corncrakelife.ie\\\/de\\\/marblehill-nach-meenlaragh-einzugsgebiet\\\/#primaryimage\",\"url\":\"https:\\\/\\\/www.corncrakelife.ie\\\/wp-content\\\/uploads\\\/2022\\\/03\\\/03611e_629ccc252048440c8a8c05d91f28fe4b_mv2-1024x724.jpg\",\"contentUrl\":\"https:\\\/\\\/www.corncrakelife.ie\\\/wp-content\\\/uploads\\\/2022\\\/03\\\/03611e_629ccc252048440c8a8c05d91f28fe4b_mv2-1024x724.jpg\"},{\"@type\":\"BreadcrumbList\",\"@id\":\"https:\\\/\\\/www.corncrakelife.ie\\\/de\\\/marblehill-nach-meenlaragh-einzugsgebiet\\\/#breadcrumb\",\"itemListElement\":[{\"@type\":\"ListItem\",\"position\":1,\"name\":\"Home\",\"item\":\"https:\\\/\\\/www.corncrakelife.ie\\\/de\\\/\"},{\"@type\":\"ListItem\",\"position\":2,\"name\":\"Marblehill nach Meenlaragh Einzugsgebiet\"}]},{\"@type\":\"WebSite\",\"@id\":\"https:\\\/\\\/www.corncrakelife.ie\\\/de\\\/#website\",\"url\":\"https:\\\/\\\/www.corncrakelife.ie\\\/de\\\/\",\"name\":\"Corncrake LIFE\",\"description\":\"Corncrake Traonach LIFE\",\"publisher\":{\"@id\":\"https:\\\/\\\/www.corncrakelife.ie\\\/de\\\/#organization\"},\"potentialAction\":[{\"@type\":\"SearchAction\",\"target\":{\"@type\":\"EntryPoint\",\"urlTemplate\":\"https:\\\/\\\/www.corncrakelife.ie\\\/de\\\/?s={search_term_string}\"},\"query-input\":{\"@type\":\"PropertyValueSpecification\",\"valueRequired\":true,\"valueName\":\"search_term_string\"}}],\"inLanguage\":\"de\"},{\"@type\":\"Organization\",\"@id\":\"https:\\\/\\\/www.corncrakelife.ie\\\/de\\\/#organization\",\"name\":\"Department of Housing, Local Government and Heritage\",\"url\":\"https:\\\/\\\/www.corncrakelife.ie\\\/de\\\/\",\"logo\":{\"@type\":\"ImageObject\",\"inLanguage\":\"de\",\"@id\":\"https:\\\/\\\/www.corncrakelife.ie\\\/de\\\/#\\\/schema\\\/logo\\\/image\\\/\",\"url\":\"https:\\\/\\\/www.corncrakelife.ie\\\/wp-content\\\/uploads\\\/2022\\\/03\\\/Corncrake-Traonach-LIFE-Logo.png\",\"contentUrl\":\"https:\\\/\\\/www.corncrakelife.ie\\\/wp-content\\\/uploads\\\/2022\\\/03\\\/Corncrake-Traonach-LIFE-Logo.png\",\"width\":207,\"height\":100,\"caption\":\"Department of Housing, Local Government and Heritage\"},\"image\":{\"@id\":\"https:\\\/\\\/www.corncrakelife.ie\\\/de\\\/#\\\/schema\\\/logo\\\/image\\\/\"},\"sameAs\":[\"https:\\\/\\\/www.facebook.com\\\/groups\\\/1110924015998978\",\"https:\\\/\\\/x.com\\\/CorncrakeLife\",\"https:\\\/\\\/www.instagram.com\\\/corncrakelife\\\/\",\"https:\\\/\\\/www.youtube.com\\\/channel\\\/UCJGP2YKBafZ689yVU0Iy_Zw\"]}]}<\/script>\n<!-- \/ Yoast SEO plugin. -->","yoast_head_json":{"title":"Marblehill nach Meenlaragh Einzugsgebiet - Corncrake LIFE","robots":{"index":"index","follow":"follow","max-snippet":"max-snippet:-1","max-image-preview":"max-image-preview:large","max-video-preview":"max-video-preview:-1"},"canonical":"https:\/\/www.corncrakelife.ie\/de\/marblehill-nach-meenlaragh-einzugsgebiet\/","og_locale":"de_DE","og_type":"article","og_title":"Marblehill nach Meenlaragh Einzugsgebiet - Corncrake LIFE","og_description":"Einzugsgebiet: 4, enth\u00e4lt den Standortcode 004149 Tierwelt Das Einzugsgebiet von Marblehill nach Meenlaragh beherbergte in der Vergangenheit eine gute Population von Wachtelk\u00f6nigen, aber die Zahlen sind in den letzten Jahren zur\u00fcckgegangen. F\u00fcr Vogelliebhaber ist die Coatsline die Heimat einer gro\u00dfen Auswahl an gesch\u00fctzten und seltenen Arten, darunter; Eissturmvogel, Kormoran Shag (Phalacrocorax aristotelis) [A018] Nonnengans (Branta [&hellip;]","og_url":"https:\/\/www.corncrakelife.ie\/de\/marblehill-nach-meenlaragh-einzugsgebiet\/","og_site_name":"Corncrake LIFE","article_publisher":"https:\/\/www.facebook.com\/groups\/1110924015998978","article_modified_time":"2024-06-04T10:35:55+00:00","og_image":[{"url":"https:\/\/www.corncrakelife.ie\/wp-content\/uploads\/2022\/03\/03611e_629ccc252048440c8a8c05d91f28fe4b_mv2-1024x724.jpg","type":"","width":"","height":""}],"twitter_card":"summary_large_image","twitter_site":"@CorncrakeLife","twitter_misc":{"Gesch\u00e4tzte Lesezeit":"3\u00a0Minuten"},"schema":{"@context":"https:\/\/schema.org","@graph":[{"@type":"WebPage","@id":"https:\/\/www.corncrakelife.ie\/de\/marblehill-nach-meenlaragh-einzugsgebiet\/","url":"https:\/\/www.corncrakelife.ie\/de\/marblehill-nach-meenlaragh-einzugsgebiet\/","name":"Marblehill nach Meenlaragh Einzugsgebiet - Corncrake LIFE","isPartOf":{"@id":"https:\/\/www.corncrakelife.ie\/de\/#website"},"primaryImageOfPage":{"@id":"https:\/\/www.corncrakelife.ie\/de\/marblehill-nach-meenlaragh-einzugsgebiet\/#primaryimage"},"image":{"@id":"https:\/\/www.corncrakelife.ie\/de\/marblehill-nach-meenlaragh-einzugsgebiet\/#primaryimage"},"thumbnailUrl":"https:\/\/www.corncrakelife.ie\/wp-content\/uploads\/2022\/03\/03611e_629ccc252048440c8a8c05d91f28fe4b_mv2-1024x724.jpg","datePublished":"2022-03-03T08:59:05+00:00","dateModified":"2024-06-04T10:35:55+00:00","breadcrumb":{"@id":"https:\/\/www.corncrakelife.ie\/de\/marblehill-nach-meenlaragh-einzugsgebiet\/#breadcrumb"},"inLanguage":"de","potentialAction":[{"@type":"ReadAction","target":["https:\/\/www.corncrakelife.ie\/de\/marblehill-nach-meenlaragh-einzugsgebiet\/"]}]},{"@type":"ImageObject","inLanguage":"de","@id":"https:\/\/www.corncrakelife.ie\/de\/marblehill-nach-meenlaragh-einzugsgebiet\/#primaryimage","url":"https:\/\/www.corncrakelife.ie\/wp-content\/uploads\/2022\/03\/03611e_629ccc252048440c8a8c05d91f28fe4b_mv2-1024x724.jpg","contentUrl":"https:\/\/www.corncrakelife.ie\/wp-content\/uploads\/2022\/03\/03611e_629ccc252048440c8a8c05d91f28fe4b_mv2-1024x724.jpg"},{"@type":"BreadcrumbList","@id":"https:\/\/www.corncrakelife.ie\/de\/marblehill-nach-meenlaragh-einzugsgebiet\/#breadcrumb","itemListElement":[{"@type":"ListItem","position":1,"name":"Home","item":"https:\/\/www.corncrakelife.ie\/de\/"},{"@type":"ListItem","position":2,"name":"Marblehill nach Meenlaragh Einzugsgebiet"}]},{"@type":"WebSite","@id":"https:\/\/www.corncrakelife.ie\/de\/#website","url":"https:\/\/www.corncrakelife.ie\/de\/","name":"Corncrake LIFE","description":"Corncrake Traonach LIFE","publisher":{"@id":"https:\/\/www.corncrakelife.ie\/de\/#organization"},"potentialAction":[{"@type":"SearchAction","target":{"@type":"EntryPoint","urlTemplate":"https:\/\/www.corncrakelife.ie\/de\/?s={search_term_string}"},"query-input":{"@type":"PropertyValueSpecification","valueRequired":true,"valueName":"search_term_string"}}],"inLanguage":"de"},{"@type":"Organization","@id":"https:\/\/www.corncrakelife.ie\/de\/#organization","name":"Department of Housing, Local Government and Heritage","url":"https:\/\/www.corncrakelife.ie\/de\/","logo":{"@type":"ImageObject","inLanguage":"de","@id":"https:\/\/www.corncrakelife.ie\/de\/#\/schema\/logo\/image\/","url":"https:\/\/www.corncrakelife.ie\/wp-content\/uploads\/2022\/03\/Corncrake-Traonach-LIFE-Logo.png","contentUrl":"https:\/\/www.corncrakelife.ie\/wp-content\/uploads\/2022\/03\/Corncrake-Traonach-LIFE-Logo.png","width":207,"height":100,"caption":"Department of Housing, Local Government and Heritage"},"image":{"@id":"https:\/\/www.corncrakelife.ie\/de\/#\/schema\/logo\/image\/"},"sameAs":["https:\/\/www.facebook.com\/groups\/1110924015998978","https:\/\/x.com\/CorncrakeLife","https:\/\/www.instagram.com\/corncrakelife\/","https:\/\/www.youtube.com\/channel\/UCJGP2YKBafZ689yVU0Iy_Zw"]}]}},"_links":{"self":[{"href":"https:\/\/www.corncrakelife.ie\/de\/wp-json\/wp\/v2\/pages\/1159","targetHints":{"allow":["GET"]}}],"collection":[{"href":"https:\/\/www.corncrakelife.ie\/de\/wp-json\/wp\/v2\/pages"}],"about":[{"href":"https:\/\/www.corncrakelife.ie\/de\/wp-json\/wp\/v2\/types\/page"}],"author":[{"embeddable":true,"href":"https:\/\/www.corncrakelife.ie\/de\/wp-json\/wp\/v2\/users\/1"}],"replies":[{"embeddable":true,"href":"https:\/\/www.corncrakelife.ie\/de\/wp-json\/wp\/v2\/comments?post=1159"}],"version-history":[{"count":10,"href":"https:\/\/www.corncrakelife.ie\/de\/wp-json\/wp\/v2\/pages\/1159\/revisions"}],"predecessor-version":[{"id":2444,"href":"https:\/\/www.corncrakelife.ie\/de\/wp-json\/wp\/v2\/pages\/1159\/revisions\/2444"}],"wp:attachment":[{"href":"https:\/\/www.corncrakelife.ie\/de\/wp-json\/wp\/v2\/media?parent=1159"}],"curies":[{"name":"wp","href":"https:\/\/api.w.org\/{rel}","templated":true}]}}