{"id":1157,"date":"2022-03-03T08:51:37","date_gmt":"2022-03-03T08:51:37","guid":{"rendered":"https:\/\/www.corncrakelife.ie\/cionn-fhanada-fanad-head\/"},"modified":"2024-06-04T11:36:30","modified_gmt":"2024-06-04T10:36:30","slug":"cionn-fhanada-fanad-head","status":"publish","type":"page","link":"https:\/\/www.corncrakelife.ie\/de\/cionn-fhanada-fanad-head\/","title":{"rendered":"Cionn Fh\u00e1nada (Fanad Head)"},"content":{"rendered":"\n<div class=\"wp-block-media-text alignwide has-media-on-the-right is-stacked-on-mobile\"><div class=\"wp-block-media-text__content\">\n<h2 class=\"wp-block-heading\">Tierwelt<\/h2>\n\n\n\n<p>Das Fanad Head SPA umfasst zwei Gebiete mit extensiv bewirtschaftetem Gr\u00fcnland auf der Halbinsel Fanad Head an der Nordk\u00fcste von Co.\nDonegal.\nZu dem Gebiet geh\u00f6rt ein Gr\u00fcnlandgebiet zwischen Kinny Lough und Shannagh Lough sowie ein weiteres Gebiet um das Dorf Doagh Beg am Westufer des Lough Swilly s\u00fcdlich von Fanad Head.  <\/p>\n\n\n\n<p>Der Haupthabitat ist Grasland, aber es gibt auch kleine Gebiete mit Buschwerk und Feuchtgebiete.\nDas Gebiet ist ein besonderes Schutzgebiet (Special Protection Area, SPA) gem\u00e4\u00df der EU-Vogelschutzrichtlinie, das f\u00fcr den Wachtelk\u00f6nig von besonderem Interesse ist. <\/p>\n\n\n\n<p>Die K\u00fcstenlinie von Fanad ist Teil des ausgedehnten Horn Head to Fanad Head Special Protection Area.\nZu den wichtigsten Vogelarten geh\u00f6ren: Eissturmvogel, Nonnengans, Wanderfalke, Dreizehenm\u00f6we, Trottellumme, Tordalk, Saatkr\u00e4he, Gr\u00f6nlandgans.\nDas Wachtelk\u00f6nig-Schutzgebiet \u00fcberschneidet sich mit dem Ballyhoorisky Point To Fanad Head Special Area of Conservation, das f\u00fcr mehrere Lebensr\u00e4ume von europ\u00e4ischer Bedeutung bekannt ist.  <\/p>\n<\/div><figure class=\"wp-block-media-text__media\"><a href=\"https:\/\/www.corncrakelife.ie\/wp-content\/uploads\/2022\/03\/03611e_5f7dfd585afd41028ed98e2596d44b41_mv2-1024x724.jpg\"><img loading=\"lazy\" decoding=\"async\" width=\"1024\" height=\"724\" src=\"https:\/\/www.corncrakelife.ie\/wp-content\/uploads\/2022\/03\/03611e_5f7dfd585afd41028ed98e2596d44b41_mv2-1024x724.jpg\" alt=\"Fanad Head Catchment Map\" class=\"wp-image-302 size-full\" srcset=\"https:\/\/www.corncrakelife.ie\/wp-content\/uploads\/2022\/03\/03611e_5f7dfd585afd41028ed98e2596d44b41_mv2-1024x724.jpg 1024w, https:\/\/www.corncrakelife.ie\/wp-content\/uploads\/2022\/03\/03611e_5f7dfd585afd41028ed98e2596d44b41_mv2-300x212.jpg 300w, https:\/\/www.corncrakelife.ie\/wp-content\/uploads\/2022\/03\/03611e_5f7dfd585afd41028ed98e2596d44b41_mv2-768x543.jpg 768w, https:\/\/www.corncrakelife.ie\/wp-content\/uploads\/2022\/03\/03611e_5f7dfd585afd41028ed98e2596d44b41_mv2.jpg 1200w\" sizes=\"auto, (max-width: 1024px) 100vw, 1024px\" \/><\/a><\/figure><\/div>\n\n<div class=\"wp-block-media-text alignwide has-media-on-the-right is-stacked-on-mobile\"><div class=\"wp-block-media-text__content\">\n<p>In Fanad leben sch\u00e4tzungsweise 700 Menschen, von denen 30% irischsprachig sind.\nFanad Head misst etwa 12 km von Ost nach West und liegt 33 km n\u00f6rdlich der Stadt Letterkenny in Co.\nDonegal.  <\/p>\n\n\n\n<p>Die wichtigsten Aktivit\u00e4ten in der weiteren Umgebung sind Landwirtschaft, Fischerei und Tourismus.\nDer Leuchtturm von Fanad Head wurde vor kurzem renoviert und f\u00fcr die \u00d6ffentlichkeit zug\u00e4nglich gemacht, was zahlreiche Touristen anlockt.\nFanad Head liegt auch an der Route des Wild Atlantic Way und ist nur eine kurze Strecke vom Strand und Golfclub von Portsalon entfernt.\nIn der Gegend gibt es auch einige Industriebetriebe. Eine Fabrik zur Verarbeitung von Bio-Lachs in Magheradrumman bietet Arbeitspl\u00e4tze vor Ort.   <\/p>\n\n\n\n<p>Fanad Head beherbergt auch j\u00e4hrlich eine landesweit bedeutende Anzahl von Wachtelk\u00f6nigen (7 rufende M\u00e4nnchen, Mittelwert der Erhebungen 2014 &#8211; 2018).\nEs ist auch einer der wenigen verbleibenden Wachtelk\u00f6nigstandorte auf dem Festland in der Region (Co. Donegal) und oft einer der am dichtesten besiedelten Standorte auf dem Festland.\nFanad Head hat seit 2014 j\u00e4hrlich zwischen 5 und 11 V\u00f6gel beherbergt.    <\/p>\n<\/div><figure class=\"wp-block-media-text__media\"><a href=\"https:\/\/www.corncrakelife.ie\/wp-content\/uploads\/2022\/03\/malecallingcrakesfanad.jpg\"><img loading=\"lazy\" decoding=\"async\" width=\"405\" height=\"281\" src=\"https:\/\/www.corncrakelife.ie\/wp-content\/uploads\/2022\/03\/malecallingcrakesfanad.jpg\" alt=\"Total Male Calling Crakes - Fanad\" class=\"wp-image-322 size-full\" srcset=\"https:\/\/www.corncrakelife.ie\/wp-content\/uploads\/2022\/03\/malecallingcrakesfanad.jpg 405w, https:\/\/www.corncrakelife.ie\/wp-content\/uploads\/2022\/03\/malecallingcrakesfanad-300x208.jpg 300w\" sizes=\"auto, (max-width: 405px) 100vw, 405px\" \/><\/a><\/figure><\/div>\n\n<h2 class=\"wp-block-heading\">Landschaft<\/h2>\n\n<p>Die Fanad-Halbinsel liegt im Norden Donegals und bietet einige der sch\u00f6nsten Landschaften im Nordwesten.\nDer Golfplatz in Portsalon ist wirklich spektakul\u00e4r, ebenso wie die Stra\u00dfe, die entlang des Wild Atlantic Way am Knockalla Mountain vorbeif\u00fchrt. <\/p>\n\n<p>\u200bFanad ist eine spektakul\u00e4re und abwechslungsreiche Halbinsel mit wundersch\u00f6nen Str\u00e4nden und einer atemberaubenden Landschaft. Hier finden Sie auch Golfpl\u00e4tze, l\u00e4ndliche D\u00f6rfer und St\u00e4dte, historische Geb\u00e4ude und Ruinen, Extremsportarten und das Beste an Essen und Trinken.<\/p>\n\n<p>Erreichen Sie Cionn Fh\u00e1nada (Fanad Head) von der Knockalla Coast Road aus und genie\u00dfen Sie die Aussicht \u00fcber die Flussm\u00fcndung in Richtung der Halbinsel Inishowen.\nWenn die Stra\u00dfe ansteigt, bietet sich Ihnen eine der sch\u00f6nsten Aussichten Irlands.\nBewundern Sie das h\u00fcbsche Portsalon und die spektakul\u00e4re Ballymastocker Bay, die einst zum zweitsch\u00f6nsten Strand der Welt gew\u00e4hlt wurde.\nSegeln Sie auf dem kristallklaren Wasser, versuchen Sie sich im Windsurfen, spielen Sie eine Runde Golf oder entdecken Sie die atemberaubenden Wanderwege an der K\u00fcste.   <\/p>\n\n<p>Br\u00fcchige Klippen, brechende Wellen und weitl\u00e4ufige Meereslandschaften. Betreten Sie am Fanad Head eine Welt der rauen Natur und friedlichen Einsamkeit.\nWenn Sie weiter in den Norden der Insel fahren, haben Sie das Gef\u00fchl, die Zivilisation weit, weit hinter sich gelassen zu haben.\nSie betreten eine Welt, die durch ihre Land- und Meereslandschaften lebt und atmet&#8230; willkommen auf der Halbinsel Fanad Head in der <a rel=\"noreferrer noopener\" href=\"https:\/\/www.ireland.com\/en-gb\/Articles\/destinations\/donegal\/County-Donegal\" target=\"_blank\">Grafschaft Donegal<\/a>.  <\/p>\n\n<h2 class=\"wp-block-heading\">Leuchtturm<\/h2>\n\n<p>Es ist leicht, die Hauptattraktion dieser Halbinsel zu erkennen: Der Fanad Head Leuchtturm, der nach einer Trag\u00f6die vor \u00fcber 200 Jahren f\u00fcr die Seeleute lebenswichtig wurde.\nIm Dezember 1811 suchte die Fregatte Saldanha Schutz vor einem Sturm und steuerte auf Fanad zu, w\u00e4hrend sie verzweifelt gegen den tobenden Wind und die Wellen ank\u00e4mpfte.\nLeider gelang es nicht, das Ufer sicher zu erreichen, und das Schiff erlitt vor der Nordk\u00fcste Schiffbruch &#8211; der einzige \u00dcberlebende war der Papagei des Schiffs.  <\/p>\n\n<p>Nach dem Schiffbruch der HMS Saldanha in den Gew\u00e4ssern des Lough Swilly im Jahr 1811 wurde ein Leuchtturm f\u00fcr Fanad Head vorgeschlagen.\nDer Leuchtturm wurde von einem der f\u00fchrenden Bauingenieure der damaligen Zeit, George Halpin, entworfen und am 17. M\u00e4rz 1817 erstmals in Betrieb genommen.\nSein festes Licht leuchtete rot zur See und wei\u00df zum Lough hin und war bei klarem Wetter bis zu 14 Meilen (22 km) weit zu sehen.  <\/p>\n\n<p>Er steht auch heute noch auf einem Felsvorsprung und blinzelt aufs Meer hinaus.\nErklimmen Sie die Spitze des Leuchtturms und genie\u00dfen Sie das unglaubliche Panorama der Fanad-Halbinsel &#8211; Sie k\u00f6nnen sogar im Leuchtturm selbst \u00fcbernachten! <\/p>\n\n<p>Fanad Lighthouse steht zwischen dem idyllischen Lough Swilly und der Mulroy Bay und wurde zu einem der sch\u00f6nsten Leuchtt\u00fcrme der Welt gew\u00e4hlt.\nMit seiner Lage in der Donegal Gaeltacht (einem irischsprachigen Gebiet) an der Ostk\u00fcste der windgepeitschten Fanad-Halbinsel ist es kein Wunder, dass dieser Leuchtturm ein Highlight des Wild Atlantic Way ist. <\/p>\n\n<p>F\u00fcr weitere Informationen kontaktieren:<\/p>\n\n<p>Website <a href=\"http:\/\/www.fanadlighthouse.com\/\" target=\"_blank\" rel=\"noreferrer noopener\">www.fanadlighthouse.com<\/a><\/p>\n\n<p>Email <a href=\"mailto:info@fanadlighthouse.com\">info@fanadlighthouse.com<\/a><\/p>\n\n<p>Weitere Informationen: <a rel=\"noreferrer noopener\" href=\"https:\/\/www.greatlighthouses.com\/lighthouses\/fanad-head\/\" target=\"_blank\">https:\/\/www.greatlighthouses.com\/lighthouses\/fanad-head\/<\/a><\/p>\n\n<h2 class=\"wp-block-heading\">Landschaft<\/h2>\n\n<p>Ihre Reise nach Fanad Head auf den Leuchtturm zu beschr\u00e4nken, hie\u00dfe jedoch, die spektakul\u00e4ren Landschaften zu ignorieren, die durch das ununterbrochene Aufeinandertreffen der Landzunge mit dem Atlantik entstanden sind.\nEin Teil dieser epischen Landschaft ist der Great Arch, ein atemberaubender Aussichtspunkt, der aus Ihrem Wild Atlantic Way-Fotoalbum hervorstechen wird. <\/p>\n\n<p>Die K\u00fcste ist jedoch nicht nur rau, wie Strandliebhaber best\u00e4tigen werden, wenn sie die Ballymastocker Bay in der N\u00e4he von Portsalon entdecken.\nDieser mit der blauen Flagge ausgezeichnete Strand, der in einer Umfrage des Observer zu den sch\u00f6nsten Str\u00e4nden der Welt auf Platz zwei gew\u00e4hlt wurde, verlockt Sie dazu, Ihre Badesachen anzuziehen und sich in die Wellen zu st\u00fcrzen. <\/p>\n\n<p>Auch wenn Sie die Zivilisation hinter sich lassen, um Fanad Head zu umrunden, k\u00f6nnen Sie auf einige Annehmlichkeiten nicht verzichten.\nVielleicht sehnen Sie sich danach, den Elementen mit Ihren Golfschl\u00e4gern zu trotzen?\nDann besuchen Sie den Portsalon Golf Club, einen hervorragenden Linksplatz, der von Golf Digest auf Platz 25 der 100 besten Golfpl\u00e4tze Irlands gew\u00e4hlt wurde.\nBelohnen Sie sich anschlie\u00dfend mit einer Sch\u00fcssel Seafood Chowder in der Gem\u00fctlichkeit des The Pier Restaurant mit Blick auf den Lough Swilly in Portsalon.   <\/p>\n\n<p>F\u00fcr weitere Informationen kontaktieren: <a rel=\"noreferrer noopener\" href=\"https:\/\/visitfanad.com\/\" target=\"_blank\">https:\/\/visitfanad.com\/<\/a><\/p>\n\n<p>Weitere Informationen zum Fanad Head Special Area of \u200b\u200bConservation finden Sie auf der Website der National Parks and Wildlife Services unter <a href=\"https:\/\/www.npws.ie\/protected-sites\/spa\/004148\" target=\"_blank\" rel=\"noreferrer noopener\">https:\/\/www.npws.ie\/protected-sites\/spa\/004148<\/a><\/p>\n","protected":false},"excerpt":{"rendered":"<p>Tierwelt Das Fanad Head SPA umfasst zwei Gebiete mit extensiv bewirtschaftetem Gr\u00fcnland auf der Halbinsel Fanad Head an der Nordk\u00fcste von Co. Donegal. Zu dem Gebiet geh\u00f6rt ein Gr\u00fcnlandgebiet zwischen Kinny Lough und Shannagh Lough sowie ein weiteres Gebiet um das Dorf Doagh Beg am Westufer des Lough Swilly s\u00fcdlich von Fanad Head. Der Haupthabitat [&hellip;]<\/p>\n","protected":false},"author":1,"featured_media":0,"parent":0,"menu_order":0,"comment_status":"closed","ping_status":"closed","template":"","meta":{"site-sidebar-layout":"no-sidebar","site-content-layout":"","ast-site-content-layout":"default","site-content-style":"default","site-sidebar-style":"default","ast-global-header-display":"","ast-banner-title-visibility":"","ast-main-header-display":"","ast-hfb-above-header-display":"","ast-hfb-below-header-display":"","ast-hfb-mobile-header-display":"","site-post-title":"","ast-breadcrumbs-content":"","ast-featured-img":"","footer-sml-layout":"","ast-disable-related-posts":"","theme-transparent-header-meta":"","adv-header-id-meta":"","stick-header-meta":"","header-above-stick-meta":"","header-main-stick-meta":"","header-below-stick-meta":"","astra-migrate-meta-layouts":"default","ast-page-background-enabled":"default","ast-page-background-meta":{"desktop":{"background-color":"var(--ast-global-color-4)","background-image":"","background-repeat":"repeat","background-position":"center center","background-size":"auto","background-attachment":"scroll","background-type":"","background-media":"","overlay-type":"","overlay-color":"","overlay-opacity":"","overlay-gradient":""},"tablet":{"background-color":"","background-image":"","background-repeat":"repeat","background-position":"center center","background-size":"auto","background-attachment":"scroll","background-type":"","background-media":"","overlay-type":"","overlay-color":"","overlay-opacity":"","overlay-gradient":""},"mobile":{"background-color":"","background-image":"","background-repeat":"repeat","background-position":"center center","background-size":"auto","background-attachment":"scroll","background-type":"","background-media":"","overlay-type":"","overlay-color":"","overlay-opacity":"","overlay-gradient":""}},"ast-content-background-meta":{"desktop":{"background-color":"var(--ast-global-color-5)","background-image":"","background-repeat":"repeat","background-position":"center center","background-size":"auto","background-attachment":"scroll","background-type":"","background-media":"","overlay-type":"","overlay-color":"","overlay-opacity":"","overlay-gradient":""},"tablet":{"background-color":"var(--ast-global-color-5)","background-image":"","background-repeat":"repeat","background-position":"center center","background-size":"auto","background-attachment":"scroll","background-type":"","background-media":"","overlay-type":"","overlay-color":"","overlay-opacity":"","overlay-gradient":""},"mobile":{"background-color":"var(--ast-global-color-5)","background-image":"","background-repeat":"repeat","background-position":"center center","background-size":"auto","background-attachment":"scroll","background-type":"","background-media":"","overlay-type":"","overlay-color":"","overlay-opacity":"","overlay-gradient":""}},"footnotes":""},"class_list":["post-1157","page","type-page","status-publish","hentry"],"yoast_head":"<!-- This site is optimized with the Yoast SEO plugin v27.4 - https:\/\/yoast.com\/product\/yoast-seo-wordpress\/ -->\n<title>Cionn Fh\u00e1nada (Fanad Head) - Corncrake LIFE<\/title>\n<meta name=\"robots\" content=\"index, follow, max-snippet:-1, max-image-preview:large, max-video-preview:-1\" \/>\n<link rel=\"canonical\" href=\"https:\/\/www.corncrakelife.ie\/de\/cionn-fhanada-fanad-head\/\" \/>\n<meta property=\"og:locale\" content=\"de_DE\" \/>\n<meta property=\"og:type\" content=\"article\" \/>\n<meta property=\"og:title\" content=\"Cionn Fh\u00e1nada (Fanad Head) - Corncrake LIFE\" \/>\n<meta property=\"og:description\" content=\"Tierwelt Das Fanad Head SPA umfasst zwei Gebiete mit extensiv bewirtschaftetem Gr\u00fcnland auf der Halbinsel Fanad Head an der Nordk\u00fcste von Co. Donegal. Zu dem Gebiet geh\u00f6rt ein Gr\u00fcnlandgebiet zwischen Kinny Lough und Shannagh Lough sowie ein weiteres Gebiet um das Dorf Doagh Beg am Westufer des Lough Swilly s\u00fcdlich von Fanad Head. Der Haupthabitat [&hellip;]\" \/>\n<meta property=\"og:url\" content=\"https:\/\/www.corncrakelife.ie\/de\/cionn-fhanada-fanad-head\/\" \/>\n<meta property=\"og:site_name\" content=\"Corncrake LIFE\" \/>\n<meta property=\"article:publisher\" content=\"https:\/\/www.facebook.com\/groups\/1110924015998978\" \/>\n<meta property=\"article:modified_time\" content=\"2024-06-04T10:36:30+00:00\" \/>\n<meta property=\"og:image\" content=\"https:\/\/www.corncrakelife.ie\/wp-content\/uploads\/2022\/03\/03611e_5f7dfd585afd41028ed98e2596d44b41_mv2-1024x724.jpg\" \/>\n<meta name=\"twitter:card\" content=\"summary_large_image\" \/>\n<meta name=\"twitter:site\" content=\"@CorncrakeLife\" \/>\n<meta name=\"twitter:label1\" content=\"Gesch\u00e4tzte Lesezeit\" \/>\n\t<meta name=\"twitter:data1\" content=\"5\u00a0Minuten\" \/>\n<script type=\"application\/ld+json\" class=\"yoast-schema-graph\">{\"@context\":\"https:\\\/\\\/schema.org\",\"@graph\":[{\"@type\":\"WebPage\",\"@id\":\"https:\\\/\\\/www.corncrakelife.ie\\\/de\\\/cionn-fhanada-fanad-head\\\/\",\"url\":\"https:\\\/\\\/www.corncrakelife.ie\\\/de\\\/cionn-fhanada-fanad-head\\\/\",\"name\":\"Cionn Fh\u00e1nada (Fanad Head) - Corncrake LIFE\",\"isPartOf\":{\"@id\":\"https:\\\/\\\/www.corncrakelife.ie\\\/de\\\/#website\"},\"primaryImageOfPage\":{\"@id\":\"https:\\\/\\\/www.corncrakelife.ie\\\/de\\\/cionn-fhanada-fanad-head\\\/#primaryimage\"},\"image\":{\"@id\":\"https:\\\/\\\/www.corncrakelife.ie\\\/de\\\/cionn-fhanada-fanad-head\\\/#primaryimage\"},\"thumbnailUrl\":\"https:\\\/\\\/www.corncrakelife.ie\\\/wp-content\\\/uploads\\\/2022\\\/03\\\/03611e_5f7dfd585afd41028ed98e2596d44b41_mv2-1024x724.jpg\",\"datePublished\":\"2022-03-03T08:51:37+00:00\",\"dateModified\":\"2024-06-04T10:36:30+00:00\",\"breadcrumb\":{\"@id\":\"https:\\\/\\\/www.corncrakelife.ie\\\/de\\\/cionn-fhanada-fanad-head\\\/#breadcrumb\"},\"inLanguage\":\"de\",\"potentialAction\":[{\"@type\":\"ReadAction\",\"target\":[\"https:\\\/\\\/www.corncrakelife.ie\\\/de\\\/cionn-fhanada-fanad-head\\\/\"]}]},{\"@type\":\"ImageObject\",\"inLanguage\":\"de\",\"@id\":\"https:\\\/\\\/www.corncrakelife.ie\\\/de\\\/cionn-fhanada-fanad-head\\\/#primaryimage\",\"url\":\"https:\\\/\\\/www.corncrakelife.ie\\\/wp-content\\\/uploads\\\/2022\\\/03\\\/03611e_5f7dfd585afd41028ed98e2596d44b41_mv2-1024x724.jpg\",\"contentUrl\":\"https:\\\/\\\/www.corncrakelife.ie\\\/wp-content\\\/uploads\\\/2022\\\/03\\\/03611e_5f7dfd585afd41028ed98e2596d44b41_mv2-1024x724.jpg\"},{\"@type\":\"BreadcrumbList\",\"@id\":\"https:\\\/\\\/www.corncrakelife.ie\\\/de\\\/cionn-fhanada-fanad-head\\\/#breadcrumb\",\"itemListElement\":[{\"@type\":\"ListItem\",\"position\":1,\"name\":\"Home\",\"item\":\"https:\\\/\\\/www.corncrakelife.ie\\\/de\\\/\"},{\"@type\":\"ListItem\",\"position\":2,\"name\":\"Cionn Fh\u00e1nada (Fanad Head)\"}]},{\"@type\":\"WebSite\",\"@id\":\"https:\\\/\\\/www.corncrakelife.ie\\\/de\\\/#website\",\"url\":\"https:\\\/\\\/www.corncrakelife.ie\\\/de\\\/\",\"name\":\"Corncrake LIFE\",\"description\":\"Corncrake Traonach LIFE\",\"publisher\":{\"@id\":\"https:\\\/\\\/www.corncrakelife.ie\\\/de\\\/#organization\"},\"potentialAction\":[{\"@type\":\"SearchAction\",\"target\":{\"@type\":\"EntryPoint\",\"urlTemplate\":\"https:\\\/\\\/www.corncrakelife.ie\\\/de\\\/?s={search_term_string}\"},\"query-input\":{\"@type\":\"PropertyValueSpecification\",\"valueRequired\":true,\"valueName\":\"search_term_string\"}}],\"inLanguage\":\"de\"},{\"@type\":\"Organization\",\"@id\":\"https:\\\/\\\/www.corncrakelife.ie\\\/de\\\/#organization\",\"name\":\"Department of Housing, Local Government and Heritage\",\"url\":\"https:\\\/\\\/www.corncrakelife.ie\\\/de\\\/\",\"logo\":{\"@type\":\"ImageObject\",\"inLanguage\":\"de\",\"@id\":\"https:\\\/\\\/www.corncrakelife.ie\\\/de\\\/#\\\/schema\\\/logo\\\/image\\\/\",\"url\":\"https:\\\/\\\/www.corncrakelife.ie\\\/wp-content\\\/uploads\\\/2022\\\/03\\\/Corncrake-Traonach-LIFE-Logo.png\",\"contentUrl\":\"https:\\\/\\\/www.corncrakelife.ie\\\/wp-content\\\/uploads\\\/2022\\\/03\\\/Corncrake-Traonach-LIFE-Logo.png\",\"width\":207,\"height\":100,\"caption\":\"Department of Housing, Local Government and Heritage\"},\"image\":{\"@id\":\"https:\\\/\\\/www.corncrakelife.ie\\\/de\\\/#\\\/schema\\\/logo\\\/image\\\/\"},\"sameAs\":[\"https:\\\/\\\/www.facebook.com\\\/groups\\\/1110924015998978\",\"https:\\\/\\\/x.com\\\/CorncrakeLife\",\"https:\\\/\\\/www.instagram.com\\\/corncrakelife\\\/\",\"https:\\\/\\\/www.youtube.com\\\/channel\\\/UCJGP2YKBafZ689yVU0Iy_Zw\"]}]}<\/script>\n<!-- \/ Yoast SEO plugin. -->","yoast_head_json":{"title":"Cionn Fh\u00e1nada (Fanad Head) - Corncrake LIFE","robots":{"index":"index","follow":"follow","max-snippet":"max-snippet:-1","max-image-preview":"max-image-preview:large","max-video-preview":"max-video-preview:-1"},"canonical":"https:\/\/www.corncrakelife.ie\/de\/cionn-fhanada-fanad-head\/","og_locale":"de_DE","og_type":"article","og_title":"Cionn Fh\u00e1nada (Fanad Head) - Corncrake LIFE","og_description":"Tierwelt Das Fanad Head SPA umfasst zwei Gebiete mit extensiv bewirtschaftetem Gr\u00fcnland auf der Halbinsel Fanad Head an der Nordk\u00fcste von Co. Donegal. Zu dem Gebiet geh\u00f6rt ein Gr\u00fcnlandgebiet zwischen Kinny Lough und Shannagh Lough sowie ein weiteres Gebiet um das Dorf Doagh Beg am Westufer des Lough Swilly s\u00fcdlich von Fanad Head. Der Haupthabitat [&hellip;]","og_url":"https:\/\/www.corncrakelife.ie\/de\/cionn-fhanada-fanad-head\/","og_site_name":"Corncrake LIFE","article_publisher":"https:\/\/www.facebook.com\/groups\/1110924015998978","article_modified_time":"2024-06-04T10:36:30+00:00","og_image":[{"url":"https:\/\/www.corncrakelife.ie\/wp-content\/uploads\/2022\/03\/03611e_5f7dfd585afd41028ed98e2596d44b41_mv2-1024x724.jpg","type":"","width":"","height":""}],"twitter_card":"summary_large_image","twitter_site":"@CorncrakeLife","twitter_misc":{"Gesch\u00e4tzte Lesezeit":"5\u00a0Minuten"},"schema":{"@context":"https:\/\/schema.org","@graph":[{"@type":"WebPage","@id":"https:\/\/www.corncrakelife.ie\/de\/cionn-fhanada-fanad-head\/","url":"https:\/\/www.corncrakelife.ie\/de\/cionn-fhanada-fanad-head\/","name":"Cionn Fh\u00e1nada (Fanad Head) - Corncrake LIFE","isPartOf":{"@id":"https:\/\/www.corncrakelife.ie\/de\/#website"},"primaryImageOfPage":{"@id":"https:\/\/www.corncrakelife.ie\/de\/cionn-fhanada-fanad-head\/#primaryimage"},"image":{"@id":"https:\/\/www.corncrakelife.ie\/de\/cionn-fhanada-fanad-head\/#primaryimage"},"thumbnailUrl":"https:\/\/www.corncrakelife.ie\/wp-content\/uploads\/2022\/03\/03611e_5f7dfd585afd41028ed98e2596d44b41_mv2-1024x724.jpg","datePublished":"2022-03-03T08:51:37+00:00","dateModified":"2024-06-04T10:36:30+00:00","breadcrumb":{"@id":"https:\/\/www.corncrakelife.ie\/de\/cionn-fhanada-fanad-head\/#breadcrumb"},"inLanguage":"de","potentialAction":[{"@type":"ReadAction","target":["https:\/\/www.corncrakelife.ie\/de\/cionn-fhanada-fanad-head\/"]}]},{"@type":"ImageObject","inLanguage":"de","@id":"https:\/\/www.corncrakelife.ie\/de\/cionn-fhanada-fanad-head\/#primaryimage","url":"https:\/\/www.corncrakelife.ie\/wp-content\/uploads\/2022\/03\/03611e_5f7dfd585afd41028ed98e2596d44b41_mv2-1024x724.jpg","contentUrl":"https:\/\/www.corncrakelife.ie\/wp-content\/uploads\/2022\/03\/03611e_5f7dfd585afd41028ed98e2596d44b41_mv2-1024x724.jpg"},{"@type":"BreadcrumbList","@id":"https:\/\/www.corncrakelife.ie\/de\/cionn-fhanada-fanad-head\/#breadcrumb","itemListElement":[{"@type":"ListItem","position":1,"name":"Home","item":"https:\/\/www.corncrakelife.ie\/de\/"},{"@type":"ListItem","position":2,"name":"Cionn Fh\u00e1nada (Fanad Head)"}]},{"@type":"WebSite","@id":"https:\/\/www.corncrakelife.ie\/de\/#website","url":"https:\/\/www.corncrakelife.ie\/de\/","name":"Corncrake LIFE","description":"Corncrake Traonach LIFE","publisher":{"@id":"https:\/\/www.corncrakelife.ie\/de\/#organization"},"potentialAction":[{"@type":"SearchAction","target":{"@type":"EntryPoint","urlTemplate":"https:\/\/www.corncrakelife.ie\/de\/?s={search_term_string}"},"query-input":{"@type":"PropertyValueSpecification","valueRequired":true,"valueName":"search_term_string"}}],"inLanguage":"de"},{"@type":"Organization","@id":"https:\/\/www.corncrakelife.ie\/de\/#organization","name":"Department of Housing, Local Government and Heritage","url":"https:\/\/www.corncrakelife.ie\/de\/","logo":{"@type":"ImageObject","inLanguage":"de","@id":"https:\/\/www.corncrakelife.ie\/de\/#\/schema\/logo\/image\/","url":"https:\/\/www.corncrakelife.ie\/wp-content\/uploads\/2022\/03\/Corncrake-Traonach-LIFE-Logo.png","contentUrl":"https:\/\/www.corncrakelife.ie\/wp-content\/uploads\/2022\/03\/Corncrake-Traonach-LIFE-Logo.png","width":207,"height":100,"caption":"Department of Housing, Local Government and Heritage"},"image":{"@id":"https:\/\/www.corncrakelife.ie\/de\/#\/schema\/logo\/image\/"},"sameAs":["https:\/\/www.facebook.com\/groups\/1110924015998978","https:\/\/x.com\/CorncrakeLife","https:\/\/www.instagram.com\/corncrakelife\/","https:\/\/www.youtube.com\/channel\/UCJGP2YKBafZ689yVU0Iy_Zw"]}]}},"_links":{"self":[{"href":"https:\/\/www.corncrakelife.ie\/de\/wp-json\/wp\/v2\/pages\/1157","targetHints":{"allow":["GET"]}}],"collection":[{"href":"https:\/\/www.corncrakelife.ie\/de\/wp-json\/wp\/v2\/pages"}],"about":[{"href":"https:\/\/www.corncrakelife.ie\/de\/wp-json\/wp\/v2\/types\/page"}],"author":[{"embeddable":true,"href":"https:\/\/www.corncrakelife.ie\/de\/wp-json\/wp\/v2\/users\/1"}],"replies":[{"embeddable":true,"href":"https:\/\/www.corncrakelife.ie\/de\/wp-json\/wp\/v2\/comments?post=1157"}],"version-history":[{"count":3,"href":"https:\/\/www.corncrakelife.ie\/de\/wp-json\/wp\/v2\/pages\/1157\/revisions"}],"predecessor-version":[{"id":2448,"href":"https:\/\/www.corncrakelife.ie\/de\/wp-json\/wp\/v2\/pages\/1157\/revisions\/2448"}],"wp:attachment":[{"href":"https:\/\/www.corncrakelife.ie\/de\/wp-json\/wp\/v2\/media?parent=1157"}],"curies":[{"name":"wp","href":"https:\/\/api.w.org\/{rel}","templated":true}]}}