{"id":1155,"date":"2022-03-02T17:54:44","date_gmt":"2022-03-02T17:54:44","guid":{"rendered":"https:\/\/www.corncrakelife.ie\/malin-kopf\/"},"modified":"2024-06-04T11:34:41","modified_gmt":"2024-06-04T10:34:41","slug":"malin-kopf","status":"publish","type":"page","link":"https:\/\/www.corncrakelife.ie\/de\/malin-kopf\/","title":{"rendered":"Malin Head"},"content":{"rendered":"\n<div class=\"wp-block-media-text alignwide has-media-on-the-right is-stacked-on-mobile\"><div class=\"wp-block-media-text__content\">\n<p>Malin Head (Cionn Mh\u00e1lanna) liegt auf der Inishowen-Halbinsel in der Grafschaft Donegal an der n\u00f6rdlichsten Spitze der Insel Irland. Es ist der Anfang (oder das Ende, abh\u00e4ngig von Ihrer Sichtweise) des <a rel=\"noreferrer noopener\" href=\"https:\/\/www.ireland.com\/Articles\/regions\/wild-atlantic-way\/wild-atlantic-way\" target=\"_blank\">Wild Atlantic Way<\/a> und seit langem bekannt f\u00fcr seine epische K\u00fcstenlandschaft, die bl\u00fchende Vogelwelt und die historischen Kuriosit\u00e4ten.  Die Gegend um Malin Head ist gespickt mit vielen lokalen Ortsnamen nordischer und irischer Herkunft. Auf dem Kopf befindet sich eine Wetterstation, eine von 22 solchen Stationen, deren Berichte im Rahmen der BBC-Versandprognose ausgestrahlt werden. Ein 1805 erbauter Turm befindet sich auf Altnadarrow, der auch als Turmh\u00fcgel bekannt ist.  <\/p>\n<\/div><figure class=\"wp-block-media-text__media\"><a href=\"https:\/\/www.corncrakelife.ie\/wp-content\/uploads\/2022\/03\/03611e_eef5ede924474cfeadc3c8d919490bfb_mv2-1024x724.jpg\"><img loading=\"lazy\" decoding=\"async\" width=\"1024\" height=\"724\" src=\"https:\/\/www.corncrakelife.ie\/wp-content\/uploads\/2022\/03\/03611e_eef5ede924474cfeadc3c8d919490bfb_mv2-1024x724.jpg\" alt=\"Malin Head Catchment Area Map\" class=\"wp-image-303 size-full\" srcset=\"https:\/\/www.corncrakelife.ie\/wp-content\/uploads\/2022\/03\/03611e_eef5ede924474cfeadc3c8d919490bfb_mv2-1024x724.jpg 1024w, https:\/\/www.corncrakelife.ie\/wp-content\/uploads\/2022\/03\/03611e_eef5ede924474cfeadc3c8d919490bfb_mv2-300x212.jpg 300w, https:\/\/www.corncrakelife.ie\/wp-content\/uploads\/2022\/03\/03611e_eef5ede924474cfeadc3c8d919490bfb_mv2-768x543.jpg 768w, https:\/\/www.corncrakelife.ie\/wp-content\/uploads\/2022\/03\/03611e_eef5ede924474cfeadc3c8d919490bfb_mv2.jpg 1200w\" sizes=\"auto, (max-width: 1024px) 100vw, 1024px\" \/><\/a><\/figure><\/div>\n\n<div class=\"wp-block-media-text alignwide has-media-on-the-right is-stacked-on-mobile\"><div class=\"wp-block-media-text__content\">\n<h2 class=\"wp-block-heading\">Tierwelt<\/h2>\n\n\n\n<p>Malin Head ist ein Gebiet von gro\u00dfer landschaftlicher Sch\u00f6nheit und entdeckt seine historische, wissenschaftliche und \u00f6kologische Bedeutung. Es ist ein idealer Aussichtspunkt, um die herbstlichen Bewegungen von Seev\u00f6geln wie <a rel=\"noreferrer noopener\" href=\"https:\/\/en.wikipedia.org\/wiki\/Gannet\" target=\"_blank\">T\u00f6lpeln<\/a>, <a rel=\"noreferrer noopener\" href=\"https:\/\/en.wikipedia.org\/wiki\/Shearwater\" target=\"_blank\">Sturmtauchern <\/a>, <a rel=\"noreferrer noopener\" href=\"https:\/\/en.wikipedia.org\/wiki\/Skua\" target=\"_blank\">Skuas<\/a>, <a rel=\"noreferrer noopener\" href=\"https:\/\/en.wikipedia.org\/wiki\/Auk\" target=\"_blank\">Auks<\/a> und anderen auf ihren Migrationsfl\u00fcgen nach S\u00fcden zu beobachten.     Zu den Rarit\u00e4ten geh\u00f6rten Schwarzbrauenalbatros, Feas Petrel und viele andere seltene Seev\u00f6gel, die hier aufgezeichnet wurden. Dies ist auch ein guter Aussichtspunkt f\u00fcr die Beobachtung von Riesenhaien und der dort ans\u00e4ssigen Schote von Delfinen mit Flaschennase. <\/p>\n<\/div><figure class=\"wp-block-media-text__media\"><a href=\"https:\/\/www.corncrakelife.ie\/wp-content\/uploads\/2022\/03\/malecallingcorncrakes.png\"><img loading=\"lazy\" decoding=\"async\" width=\"405\" height=\"281\" src=\"https:\/\/www.corncrakelife.ie\/wp-content\/uploads\/2022\/03\/malecallingcorncrakes.png\" alt=\"Male Calling Corncrakes 2016 to 2020\" class=\"wp-image-311 size-full\" srcset=\"https:\/\/www.corncrakelife.ie\/wp-content\/uploads\/2022\/03\/malecallingcorncrakes.png 405w, https:\/\/www.corncrakelife.ie\/wp-content\/uploads\/2022\/03\/malecallingcorncrakes-300x208.png 300w\" sizes=\"auto, (max-width: 405px) 100vw, 405px\" \/><\/a><\/figure><\/div>\n\n<div class=\"wp-block-columns is-layout-flex wp-container-core-columns-is-layout-28f84493 wp-block-columns-is-layout-flex\">\n<div class=\"wp-block-column is-layout-flow wp-block-column-is-layout-flow\">\n<h2 class=\"wp-block-heading\">Aktivit\u00e4ten<\/h2>\n\n\n\n<p>Malin Head ist bekannt f\u00fcr seine dramatische Landschaft und die sch\u00f6nen Str\u00e4nde. Sehen Sie einige der gr\u00f6\u00dften Sandd\u00fcnen Europas, wenn Sie sich Malin Head von der K\u00fcstenstra\u00dfe n\u00f6rdlich der Trawbreaga Bay in Lagg n\u00e4hern. Genie\u00dfen Sie einen Spaziergang, gehen Sie angeln, schwimmen Sie im schimmernden Wasser, machen Sie unglaubliche Fotos oder studieren Sie die einzigartigen Felsformationen.  <\/p>\n\n\n\n<p>Ein Rundgang von Malin Head f\u00fchrt Sie entlang der K\u00fcste zu Banbas Krone, wo ein verlassenes Geb\u00e4ude namens The Tower einst als Signalstation zwischen Amerika und Europa diente. Sehen Sie von Banbas Krone aus die <a rel=\"noreferrer noopener\" href=\"https:\/\/inishtrahullbirdobs436659775.wordpress.com\/\" target=\"_blank\">Insel Inishtrahull<\/a> und ihren majest\u00e4tischen Leuchtturm im Nordosten.  Sehen Sie an einem klaren Tag weiter \u00f6stlich, ob Sie die Scottish Hills sehen k\u00f6nnen.<\/p>\n\n\n\n<p>Wandern Sie entlang der Klippen zum Hell&#8217;s Hole, einer bemerkenswerten unterirdischen H\u00f6hle, in die die Flut mit gro\u00dfer Kraft str\u00f6mt, und finden Sie in der N\u00e4he die Devil&#8217;s Bridge, einen malerischen Naturbogen.<\/p>\n\n\n\n<h2 class=\"wp-block-heading\">Geschichte<\/h2>\n\n\n\n<p>Ein gro\u00dfartiger Ort, um Malin Head zu erkunden, ist die Spitze der Landzunge, wo Sie Banbas Krone finden (benannt nach einer mythischen G\u00f6ttin Irlands). &#8222;The Tower&#8220;, wie es vor Ort genannt wird, wurde 1805 von der britischen Admiralit\u00e4t als Teil einer Reihe von Geb\u00e4uden direkt an der irischen K\u00fcste gebaut, um sich vor einer m\u00f6glichen franz\u00f6sischen Invasion zu sch\u00fctzen. <\/p>\n\n\n\n<p>Bescheidener sind die nahe gelegenen Aussichtspunkte des Zweiten Weltkriegs. Malin Head war einer von 83 K\u00fcstenorten, an denen Kriegsereignisse entlang der irischen K\u00fcste dargestellt wurden. Die K\u00fcstenw\u00e4chter hier hatten zu Beginn des Krieges viel zu berichten, als deutsche U-Boote Konvois in der N\u00e4he angriffen.  <\/p>\n\n\n\n<p><strong>Weitere Karten und touristische Informationen finden Sie unter: <a rel=\"noreferrer noopener\" href=\"https:\/\/www.malinheadcommunity.ie\/tourist-information\/\" target=\"_blank\">Malin Head Community Tourist Information<\/a><\/strong><\/p>\n<\/div>\n\n\n\n<div class=\"wp-block-column is-vertically-aligned-bottom is-layout-flow wp-block-column-is-layout-flow\">\n<p class=\"has-ast-global-color-0-color has-text-color\">Weitere Informationen zum Malin Head Special Area of Conservation finden Sie auf der Website der National Parks and Wildlife Services unter <a rel=\"noreferrer noopener\" href=\"https:\/\/www.npws.ie\/protected-sites\/spa\/004146\" target=\"_blank\">https:\/\/www.npws.ie\/protected-sites\/spa\/004146<\/a><\/p>\n<\/div>\n<\/div>\n\n<p><\/p>\n","protected":false},"excerpt":{"rendered":"<p>Malin Head (Cionn Mh\u00e1lanna) liegt auf der Inishowen-Halbinsel in der Grafschaft Donegal an der n\u00f6rdlichsten Spitze der Insel Irland. Es ist der Anfang (oder das Ende, abh\u00e4ngig von Ihrer Sichtweise) des Wild Atlantic Way und seit langem bekannt f\u00fcr seine epische K\u00fcstenlandschaft, die bl\u00fchende Vogelwelt und die historischen Kuriosit\u00e4ten. Die Gegend um Malin Head ist [&hellip;]<\/p>\n","protected":false},"author":1,"featured_media":0,"parent":0,"menu_order":0,"comment_status":"closed","ping_status":"closed","template":"","meta":{"site-sidebar-layout":"no-sidebar","site-content-layout":"","ast-site-content-layout":"default","site-content-style":"default","site-sidebar-style":"default","ast-global-header-display":"","ast-banner-title-visibility":"","ast-main-header-display":"","ast-hfb-above-header-display":"","ast-hfb-below-header-display":"","ast-hfb-mobile-header-display":"","site-post-title":"","ast-breadcrumbs-content":"","ast-featured-img":"","footer-sml-layout":"","ast-disable-related-posts":"","theme-transparent-header-meta":"","adv-header-id-meta":"","stick-header-meta":"","header-above-stick-meta":"","header-main-stick-meta":"","header-below-stick-meta":"","astra-migrate-meta-layouts":"default","ast-page-background-enabled":"default","ast-page-background-meta":{"desktop":{"background-color":"var(--ast-global-color-4)","background-image":"","background-repeat":"repeat","background-position":"center center","background-size":"auto","background-attachment":"scroll","background-type":"","background-media":"","overlay-type":"","overlay-color":"","overlay-opacity":"","overlay-gradient":""},"tablet":{"background-color":"","background-image":"","background-repeat":"repeat","background-position":"center center","background-size":"auto","background-attachment":"scroll","background-type":"","background-media":"","overlay-type":"","overlay-color":"","overlay-opacity":"","overlay-gradient":""},"mobile":{"background-color":"","background-image":"","background-repeat":"repeat","background-position":"center center","background-size":"auto","background-attachment":"scroll","background-type":"","background-media":"","overlay-type":"","overlay-color":"","overlay-opacity":"","overlay-gradient":""}},"ast-content-background-meta":{"desktop":{"background-color":"var(--ast-global-color-5)","background-image":"","background-repeat":"repeat","background-position":"center center","background-size":"auto","background-attachment":"scroll","background-type":"","background-media":"","overlay-type":"","overlay-color":"","overlay-opacity":"","overlay-gradient":""},"tablet":{"background-color":"var(--ast-global-color-5)","background-image":"","background-repeat":"repeat","background-position":"center center","background-size":"auto","background-attachment":"scroll","background-type":"","background-media":"","overlay-type":"","overlay-color":"","overlay-opacity":"","overlay-gradient":""},"mobile":{"background-color":"var(--ast-global-color-5)","background-image":"","background-repeat":"repeat","background-position":"center center","background-size":"auto","background-attachment":"scroll","background-type":"","background-media":"","overlay-type":"","overlay-color":"","overlay-opacity":"","overlay-gradient":""}},"footnotes":""},"class_list":["post-1155","page","type-page","status-publish","hentry"],"yoast_head":"<!-- This site is optimized with the Yoast SEO plugin v27.3 - https:\/\/yoast.com\/product\/yoast-seo-wordpress\/ -->\n<title>Malin Head - Corncrake LIFE<\/title>\n<meta name=\"robots\" content=\"index, follow, max-snippet:-1, max-image-preview:large, max-video-preview:-1\" \/>\n<link rel=\"canonical\" href=\"https:\/\/www.corncrakelife.ie\/de\/malin-kopf\/\" \/>\n<meta property=\"og:locale\" content=\"de_DE\" \/>\n<meta property=\"og:type\" content=\"article\" \/>\n<meta property=\"og:title\" content=\"Malin Head - Corncrake LIFE\" \/>\n<meta property=\"og:description\" content=\"Malin Head (Cionn Mh\u00e1lanna) liegt auf der Inishowen-Halbinsel in der Grafschaft Donegal an der n\u00f6rdlichsten Spitze der Insel Irland. Es ist der Anfang (oder das Ende, abh\u00e4ngig von Ihrer Sichtweise) des Wild Atlantic Way und seit langem bekannt f\u00fcr seine epische K\u00fcstenlandschaft, die bl\u00fchende Vogelwelt und die historischen Kuriosit\u00e4ten. Die Gegend um Malin Head ist [&hellip;]\" \/>\n<meta property=\"og:url\" content=\"https:\/\/www.corncrakelife.ie\/de\/malin-kopf\/\" \/>\n<meta property=\"og:site_name\" content=\"Corncrake LIFE\" \/>\n<meta property=\"article:publisher\" content=\"https:\/\/www.facebook.com\/groups\/1110924015998978\" \/>\n<meta property=\"article:modified_time\" content=\"2024-06-04T10:34:41+00:00\" \/>\n<meta property=\"og:image\" content=\"https:\/\/www.corncrakelife.ie\/wp-content\/uploads\/2022\/03\/03611e_eef5ede924474cfeadc3c8d919490bfb_mv2-1024x724.jpg\" \/>\n<meta name=\"twitter:card\" content=\"summary_large_image\" \/>\n<meta name=\"twitter:site\" content=\"@CorncrakeLife\" \/>\n<meta name=\"twitter:label1\" content=\"Gesch\u00e4tzte Lesezeit\" \/>\n\t<meta name=\"twitter:data1\" content=\"3\u00a0Minuten\" \/>\n<script type=\"application\/ld+json\" class=\"yoast-schema-graph\">{\"@context\":\"https:\\\/\\\/schema.org\",\"@graph\":[{\"@type\":\"WebPage\",\"@id\":\"https:\\\/\\\/www.corncrakelife.ie\\\/de\\\/malin-kopf\\\/\",\"url\":\"https:\\\/\\\/www.corncrakelife.ie\\\/de\\\/malin-kopf\\\/\",\"name\":\"Malin Head - Corncrake LIFE\",\"isPartOf\":{\"@id\":\"https:\\\/\\\/www.corncrakelife.ie\\\/de\\\/#website\"},\"primaryImageOfPage\":{\"@id\":\"https:\\\/\\\/www.corncrakelife.ie\\\/de\\\/malin-kopf\\\/#primaryimage\"},\"image\":{\"@id\":\"https:\\\/\\\/www.corncrakelife.ie\\\/de\\\/malin-kopf\\\/#primaryimage\"},\"thumbnailUrl\":\"https:\\\/\\\/www.corncrakelife.ie\\\/wp-content\\\/uploads\\\/2022\\\/03\\\/03611e_eef5ede924474cfeadc3c8d919490bfb_mv2-1024x724.jpg\",\"datePublished\":\"2022-03-02T17:54:44+00:00\",\"dateModified\":\"2024-06-04T10:34:41+00:00\",\"breadcrumb\":{\"@id\":\"https:\\\/\\\/www.corncrakelife.ie\\\/de\\\/malin-kopf\\\/#breadcrumb\"},\"inLanguage\":\"de\",\"potentialAction\":[{\"@type\":\"ReadAction\",\"target\":[\"https:\\\/\\\/www.corncrakelife.ie\\\/de\\\/malin-kopf\\\/\"]}]},{\"@type\":\"ImageObject\",\"inLanguage\":\"de\",\"@id\":\"https:\\\/\\\/www.corncrakelife.ie\\\/de\\\/malin-kopf\\\/#primaryimage\",\"url\":\"https:\\\/\\\/www.corncrakelife.ie\\\/wp-content\\\/uploads\\\/2022\\\/03\\\/03611e_eef5ede924474cfeadc3c8d919490bfb_mv2-1024x724.jpg\",\"contentUrl\":\"https:\\\/\\\/www.corncrakelife.ie\\\/wp-content\\\/uploads\\\/2022\\\/03\\\/03611e_eef5ede924474cfeadc3c8d919490bfb_mv2-1024x724.jpg\"},{\"@type\":\"BreadcrumbList\",\"@id\":\"https:\\\/\\\/www.corncrakelife.ie\\\/de\\\/malin-kopf\\\/#breadcrumb\",\"itemListElement\":[{\"@type\":\"ListItem\",\"position\":1,\"name\":\"Home\",\"item\":\"https:\\\/\\\/www.corncrakelife.ie\\\/de\\\/\"},{\"@type\":\"ListItem\",\"position\":2,\"name\":\"Malin Head\"}]},{\"@type\":\"WebSite\",\"@id\":\"https:\\\/\\\/www.corncrakelife.ie\\\/de\\\/#website\",\"url\":\"https:\\\/\\\/www.corncrakelife.ie\\\/de\\\/\",\"name\":\"Corncrake LIFE\",\"description\":\"Corncrake Traonach LIFE\",\"publisher\":{\"@id\":\"https:\\\/\\\/www.corncrakelife.ie\\\/de\\\/#organization\"},\"potentialAction\":[{\"@type\":\"SearchAction\",\"target\":{\"@type\":\"EntryPoint\",\"urlTemplate\":\"https:\\\/\\\/www.corncrakelife.ie\\\/de\\\/?s={search_term_string}\"},\"query-input\":{\"@type\":\"PropertyValueSpecification\",\"valueRequired\":true,\"valueName\":\"search_term_string\"}}],\"inLanguage\":\"de\"},{\"@type\":\"Organization\",\"@id\":\"https:\\\/\\\/www.corncrakelife.ie\\\/de\\\/#organization\",\"name\":\"Department of Housing, Local Government and Heritage\",\"url\":\"https:\\\/\\\/www.corncrakelife.ie\\\/de\\\/\",\"logo\":{\"@type\":\"ImageObject\",\"inLanguage\":\"de\",\"@id\":\"https:\\\/\\\/www.corncrakelife.ie\\\/de\\\/#\\\/schema\\\/logo\\\/image\\\/\",\"url\":\"https:\\\/\\\/www.corncrakelife.ie\\\/wp-content\\\/uploads\\\/2022\\\/03\\\/Corncrake-Traonach-LIFE-Logo.png\",\"contentUrl\":\"https:\\\/\\\/www.corncrakelife.ie\\\/wp-content\\\/uploads\\\/2022\\\/03\\\/Corncrake-Traonach-LIFE-Logo.png\",\"width\":207,\"height\":100,\"caption\":\"Department of Housing, Local Government and Heritage\"},\"image\":{\"@id\":\"https:\\\/\\\/www.corncrakelife.ie\\\/de\\\/#\\\/schema\\\/logo\\\/image\\\/\"},\"sameAs\":[\"https:\\\/\\\/www.facebook.com\\\/groups\\\/1110924015998978\",\"https:\\\/\\\/x.com\\\/CorncrakeLife\",\"https:\\\/\\\/www.instagram.com\\\/corncrakelife\\\/\",\"https:\\\/\\\/www.youtube.com\\\/channel\\\/UCJGP2YKBafZ689yVU0Iy_Zw\"]}]}<\/script>\n<!-- \/ Yoast SEO plugin. -->","yoast_head_json":{"title":"Malin Head - Corncrake LIFE","robots":{"index":"index","follow":"follow","max-snippet":"max-snippet:-1","max-image-preview":"max-image-preview:large","max-video-preview":"max-video-preview:-1"},"canonical":"https:\/\/www.corncrakelife.ie\/de\/malin-kopf\/","og_locale":"de_DE","og_type":"article","og_title":"Malin Head - Corncrake LIFE","og_description":"Malin Head (Cionn Mh\u00e1lanna) liegt auf der Inishowen-Halbinsel in der Grafschaft Donegal an der n\u00f6rdlichsten Spitze der Insel Irland. Es ist der Anfang (oder das Ende, abh\u00e4ngig von Ihrer Sichtweise) des Wild Atlantic Way und seit langem bekannt f\u00fcr seine epische K\u00fcstenlandschaft, die bl\u00fchende Vogelwelt und die historischen Kuriosit\u00e4ten. Die Gegend um Malin Head ist [&hellip;]","og_url":"https:\/\/www.corncrakelife.ie\/de\/malin-kopf\/","og_site_name":"Corncrake LIFE","article_publisher":"https:\/\/www.facebook.com\/groups\/1110924015998978","article_modified_time":"2024-06-04T10:34:41+00:00","og_image":[{"url":"https:\/\/www.corncrakelife.ie\/wp-content\/uploads\/2022\/03\/03611e_eef5ede924474cfeadc3c8d919490bfb_mv2-1024x724.jpg","type":"","width":"","height":""}],"twitter_card":"summary_large_image","twitter_site":"@CorncrakeLife","twitter_misc":{"Gesch\u00e4tzte Lesezeit":"3\u00a0Minuten"},"schema":{"@context":"https:\/\/schema.org","@graph":[{"@type":"WebPage","@id":"https:\/\/www.corncrakelife.ie\/de\/malin-kopf\/","url":"https:\/\/www.corncrakelife.ie\/de\/malin-kopf\/","name":"Malin Head - Corncrake LIFE","isPartOf":{"@id":"https:\/\/www.corncrakelife.ie\/de\/#website"},"primaryImageOfPage":{"@id":"https:\/\/www.corncrakelife.ie\/de\/malin-kopf\/#primaryimage"},"image":{"@id":"https:\/\/www.corncrakelife.ie\/de\/malin-kopf\/#primaryimage"},"thumbnailUrl":"https:\/\/www.corncrakelife.ie\/wp-content\/uploads\/2022\/03\/03611e_eef5ede924474cfeadc3c8d919490bfb_mv2-1024x724.jpg","datePublished":"2022-03-02T17:54:44+00:00","dateModified":"2024-06-04T10:34:41+00:00","breadcrumb":{"@id":"https:\/\/www.corncrakelife.ie\/de\/malin-kopf\/#breadcrumb"},"inLanguage":"de","potentialAction":[{"@type":"ReadAction","target":["https:\/\/www.corncrakelife.ie\/de\/malin-kopf\/"]}]},{"@type":"ImageObject","inLanguage":"de","@id":"https:\/\/www.corncrakelife.ie\/de\/malin-kopf\/#primaryimage","url":"https:\/\/www.corncrakelife.ie\/wp-content\/uploads\/2022\/03\/03611e_eef5ede924474cfeadc3c8d919490bfb_mv2-1024x724.jpg","contentUrl":"https:\/\/www.corncrakelife.ie\/wp-content\/uploads\/2022\/03\/03611e_eef5ede924474cfeadc3c8d919490bfb_mv2-1024x724.jpg"},{"@type":"BreadcrumbList","@id":"https:\/\/www.corncrakelife.ie\/de\/malin-kopf\/#breadcrumb","itemListElement":[{"@type":"ListItem","position":1,"name":"Home","item":"https:\/\/www.corncrakelife.ie\/de\/"},{"@type":"ListItem","position":2,"name":"Malin Head"}]},{"@type":"WebSite","@id":"https:\/\/www.corncrakelife.ie\/de\/#website","url":"https:\/\/www.corncrakelife.ie\/de\/","name":"Corncrake LIFE","description":"Corncrake Traonach LIFE","publisher":{"@id":"https:\/\/www.corncrakelife.ie\/de\/#organization"},"potentialAction":[{"@type":"SearchAction","target":{"@type":"EntryPoint","urlTemplate":"https:\/\/www.corncrakelife.ie\/de\/?s={search_term_string}"},"query-input":{"@type":"PropertyValueSpecification","valueRequired":true,"valueName":"search_term_string"}}],"inLanguage":"de"},{"@type":"Organization","@id":"https:\/\/www.corncrakelife.ie\/de\/#organization","name":"Department of Housing, Local Government and Heritage","url":"https:\/\/www.corncrakelife.ie\/de\/","logo":{"@type":"ImageObject","inLanguage":"de","@id":"https:\/\/www.corncrakelife.ie\/de\/#\/schema\/logo\/image\/","url":"https:\/\/www.corncrakelife.ie\/wp-content\/uploads\/2022\/03\/Corncrake-Traonach-LIFE-Logo.png","contentUrl":"https:\/\/www.corncrakelife.ie\/wp-content\/uploads\/2022\/03\/Corncrake-Traonach-LIFE-Logo.png","width":207,"height":100,"caption":"Department of Housing, Local Government and Heritage"},"image":{"@id":"https:\/\/www.corncrakelife.ie\/de\/#\/schema\/logo\/image\/"},"sameAs":["https:\/\/www.facebook.com\/groups\/1110924015998978","https:\/\/x.com\/CorncrakeLife","https:\/\/www.instagram.com\/corncrakelife\/","https:\/\/www.youtube.com\/channel\/UCJGP2YKBafZ689yVU0Iy_Zw"]}]}},"_links":{"self":[{"href":"https:\/\/www.corncrakelife.ie\/de\/wp-json\/wp\/v2\/pages\/1155","targetHints":{"allow":["GET"]}}],"collection":[{"href":"https:\/\/www.corncrakelife.ie\/de\/wp-json\/wp\/v2\/pages"}],"about":[{"href":"https:\/\/www.corncrakelife.ie\/de\/wp-json\/wp\/v2\/types\/page"}],"author":[{"embeddable":true,"href":"https:\/\/www.corncrakelife.ie\/de\/wp-json\/wp\/v2\/users\/1"}],"replies":[{"embeddable":true,"href":"https:\/\/www.corncrakelife.ie\/de\/wp-json\/wp\/v2\/comments?post=1155"}],"version-history":[{"count":8,"href":"https:\/\/www.corncrakelife.ie\/de\/wp-json\/wp\/v2\/pages\/1155\/revisions"}],"predecessor-version":[{"id":2438,"href":"https:\/\/www.corncrakelife.ie\/de\/wp-json\/wp\/v2\/pages\/1155\/revisions\/2438"}],"wp:attachment":[{"href":"https:\/\/www.corncrakelife.ie\/de\/wp-json\/wp\/v2\/media?parent=1155"}],"curies":[{"name":"wp","href":"https:\/\/api.w.org\/{rel}","templated":true}]}}