{"id":1076,"date":"2022-03-01T16:16:00","date_gmt":"2022-03-01T16:16:00","guid":{"rendered":"https:\/\/www.corncrakelife.ie\/corncrake-biologie-und-oekologie\/"},"modified":"2023-03-22T16:43:20","modified_gmt":"2023-03-22T16:43:20","slug":"corncrake-biologie-und-oekologie","status":"publish","type":"page","link":"https:\/\/www.corncrakelife.ie\/de\/corncrake-biologie-und-oekologie\/","title":{"rendered":"Corncrake Biologie und \u00d6kologie"},"content":{"rendered":"\n<div class=\"wp-block-columns is-layout-flex wp-container-core-columns-is-layout-28f84493 wp-block-columns-is-layout-flex\">\n<div class=\"wp-block-column is-layout-flow wp-block-column-is-layout-flow\" style=\"flex-basis:30%\">\n<figure class=\"wp-block-image size-full\"><a href=\"https:\/\/www.corncrakelife.ie\/wp-content\/uploads\/2022\/03\/03611e_9711342e87c746f6a8d0e4f0659d96b0_mv2.jpg\"><img loading=\"lazy\" decoding=\"async\" width=\"505\" height=\"758\" src=\"https:\/\/www.corncrakelife.ie\/wp-content\/uploads\/2022\/03\/03611e_9711342e87c746f6a8d0e4f0659d96b0_mv2.jpg\" alt=\"Corncrake\" class=\"wp-image-18\" srcset=\"https:\/\/www.corncrakelife.ie\/wp-content\/uploads\/2022\/03\/03611e_9711342e87c746f6a8d0e4f0659d96b0_mv2.jpg 505w, https:\/\/www.corncrakelife.ie\/wp-content\/uploads\/2022\/03\/03611e_9711342e87c746f6a8d0e4f0659d96b0_mv2-200x300.jpg 200w\" sizes=\"auto, (max-width: 505px) 100vw, 505px\" \/><\/a><\/figure>\n\n\n\n<div style=\"height:20px\" aria-hidden=\"true\" class=\"wp-block-spacer\"><\/div>\n\n\n\n<figure class=\"wp-block-gallery has-nested-images columns-1 is-cropped wp-block-gallery-1 is-layout-flex wp-block-gallery-is-layout-flex\">\n<figure class=\"wp-block-image size-medium\"><a href=\"https:\/\/www.corncrakelife.ie\/wp-content\/uploads\/2022\/03\/03611e_5e8a328c2ddf48889ef9add2bc7a39f9_mv2.jpg\"><img loading=\"lazy\" decoding=\"async\" width=\"300\" height=\"169\" data-id=\"21\" src=\"https:\/\/www.corncrakelife.ie\/wp-content\/uploads\/2022\/03\/03611e_5e8a328c2ddf48889ef9add2bc7a39f9_mv2-300x169.jpg\" alt=\"Brennnesseln&#10;\" class=\"wp-image-21\" srcset=\"https:\/\/www.corncrakelife.ie\/wp-content\/uploads\/2022\/03\/03611e_5e8a328c2ddf48889ef9add2bc7a39f9_mv2-300x169.jpg 300w, https:\/\/www.corncrakelife.ie\/wp-content\/uploads\/2022\/03\/03611e_5e8a328c2ddf48889ef9add2bc7a39f9_mv2-1024x576.jpg 1024w, https:\/\/www.corncrakelife.ie\/wp-content\/uploads\/2022\/03\/03611e_5e8a328c2ddf48889ef9add2bc7a39f9_mv2-768x432.jpg 768w, https:\/\/www.corncrakelife.ie\/wp-content\/uploads\/2022\/03\/03611e_5e8a328c2ddf48889ef9add2bc7a39f9_mv2.jpg 1348w\" sizes=\"auto, (max-width: 300px) 100vw, 300px\" \/><\/a><figcaption>Brennnesseln<\/figcaption><\/figure>\n\n\n\n<figure class=\"wp-block-image size-large\"><a href=\"https:\/\/www.corncrakelife.ie\/wp-content\/uploads\/2022\/03\/03611e_014388252c6344dba3d1eebd763ce4e7_mv2.png\"><img loading=\"lazy\" decoding=\"async\" width=\"615\" height=\"425\" data-id=\"22\" src=\"https:\/\/www.corncrakelife.ie\/wp-content\/uploads\/2022\/03\/03611e_014388252c6344dba3d1eebd763ce4e7_mv2.png\" alt=\"Flagge Iris\" class=\"wp-image-22\" srcset=\"https:\/\/www.corncrakelife.ie\/wp-content\/uploads\/2022\/03\/03611e_014388252c6344dba3d1eebd763ce4e7_mv2.png 615w, https:\/\/www.corncrakelife.ie\/wp-content\/uploads\/2022\/03\/03611e_014388252c6344dba3d1eebd763ce4e7_mv2-300x207.png 300w\" sizes=\"auto, (max-width: 615px) 100vw, 615px\" \/><\/a><figcaption>Flagge Iris<\/figcaption><\/figure>\n\n\n\n<figure class=\"wp-block-image size-large\"><a href=\"https:\/\/www.corncrakelife.ie\/wp-content\/uploads\/2022\/03\/03611e_78d924ba8e4a41a880d6756836cd23bf_mv2.png\"><img loading=\"lazy\" decoding=\"async\" width=\"313\" height=\"236\" data-id=\"23\" src=\"https:\/\/www.corncrakelife.ie\/wp-content\/uploads\/2022\/03\/03611e_78d924ba8e4a41a880d6756836cd23bf_mv2.png\" alt=\"B&#xE4;renklau\" class=\"wp-image-23\" srcset=\"https:\/\/www.corncrakelife.ie\/wp-content\/uploads\/2022\/03\/03611e_78d924ba8e4a41a880d6756836cd23bf_mv2.png 313w, https:\/\/www.corncrakelife.ie\/wp-content\/uploads\/2022\/03\/03611e_78d924ba8e4a41a880d6756836cd23bf_mv2-300x226.png 300w\" sizes=\"auto, (max-width: 313px) 100vw, 313px\" \/><\/a><figcaption>B\u00e4renklau<\/figcaption><\/figure>\n<figcaption class=\"blocks-gallery-caption\">Einige wichtige fr\u00fche Deckarten f\u00fcr den Wachtelk\u00f6nig.<\/figcaption><\/figure>\n\n\n\n<figure class=\"wp-block-gallery has-nested-images columns-default is-cropped wp-block-gallery-2 is-layout-flex wp-block-gallery-is-layout-flex\">\n<figure class=\"wp-block-image size-medium\"><a href=\"https:\/\/www.corncrakelife.ie\/wp-content\/uploads\/2022\/03\/03611e_a63aa72d4fba4333b391b31af6566146_mv2.jpg\"><img loading=\"lazy\" decoding=\"async\" width=\"225\" height=\"300\" data-id=\"24\" src=\"https:\/\/www.corncrakelife.ie\/wp-content\/uploads\/2022\/03\/03611e_a63aa72d4fba4333b391b31af6566146_mv2-225x300.jpg\" alt=\"Wilde Brennnesseln\" class=\"wp-image-24\" srcset=\"https:\/\/www.corncrakelife.ie\/wp-content\/uploads\/2022\/03\/03611e_a63aa72d4fba4333b391b31af6566146_mv2-225x300.jpg 225w, https:\/\/www.corncrakelife.ie\/wp-content\/uploads\/2022\/03\/03611e_a63aa72d4fba4333b391b31af6566146_mv2.jpg 569w\" sizes=\"auto, (max-width: 225px) 100vw, 225px\" \/><\/a><\/figure>\n\n\n\n<figure class=\"wp-block-image size-large\"><a href=\"https:\/\/www.corncrakelife.ie\/wp-content\/uploads\/2022\/03\/03611e_96a1e4a53bb74a45ad12f844f3b6030b_mv2.jpg\"><img loading=\"lazy\" decoding=\"async\" width=\"1011\" height=\"758\" data-id=\"25\" src=\"https:\/\/www.corncrakelife.ie\/wp-content\/uploads\/2022\/03\/03611e_96a1e4a53bb74a45ad12f844f3b6030b_mv2.jpg\" alt=\"Brennnesseltrennung in T&#xF6;pfe\" class=\"wp-image-25\" srcset=\"https:\/\/www.corncrakelife.ie\/wp-content\/uploads\/2022\/03\/03611e_96a1e4a53bb74a45ad12f844f3b6030b_mv2.jpg 1011w, https:\/\/www.corncrakelife.ie\/wp-content\/uploads\/2022\/03\/03611e_96a1e4a53bb74a45ad12f844f3b6030b_mv2-300x225.jpg 300w, https:\/\/www.corncrakelife.ie\/wp-content\/uploads\/2022\/03\/03611e_96a1e4a53bb74a45ad12f844f3b6030b_mv2-768x576.jpg 768w\" sizes=\"auto, (max-width: 1011px) 100vw, 1011px\" \/><\/a><\/figure>\n\n\n\n<figure class=\"wp-block-image size-large\"><a href=\"https:\/\/www.corncrakelife.ie\/wp-content\/uploads\/2022\/03\/03611e_3e12c5f3943b405eb6c73634f7a082be_mv2.jpg\"><img loading=\"lazy\" decoding=\"async\" width=\"360\" height=\"480\" data-id=\"26\" src=\"https:\/\/www.corncrakelife.ie\/wp-content\/uploads\/2022\/03\/03611e_3e12c5f3943b405eb6c73634f7a082be_mv2.jpg\" alt=\"Trennung in gr&#xF6;&#xDF;ere Nesselt&#xF6;pfe\" class=\"wp-image-26\" srcset=\"https:\/\/www.corncrakelife.ie\/wp-content\/uploads\/2022\/03\/03611e_3e12c5f3943b405eb6c73634f7a082be_mv2.jpg 360w, https:\/\/www.corncrakelife.ie\/wp-content\/uploads\/2022\/03\/03611e_3e12c5f3943b405eb6c73634f7a082be_mv2-225x300.jpg 225w\" sizes=\"auto, (max-width: 360px) 100vw, 360px\" \/><\/a><\/figure>\n<figcaption class=\"blocks-gallery-caption\">Anbau von Brennnesseln f\u00fcr ELC-Parzellen<\/figcaption><\/figure>\n<\/div>\n\n\n\n<div class=\"wp-block-column is-layout-flow wp-block-column-is-layout-flow\" style=\"flex-basis:66.66%\">\n<p>Corncrakes sind etwas gr\u00f6\u00dfer als eine Amsel und dunkelgelbbraun, mit dunklen Streifen auf dem R\u00fccken, r\u00f6tlichen Flanken und einem grauen Bauch. K\u00fcken haben beim Schl\u00fcpfen eine schwarze Daune. <\/p>\n\n\n\n<p>M\u00e4nner haben einen lauten, unverwechselbaren &#8222;Crex Crex&#8220; -Ruf, der bis zu 1 km entfernt ist. Corncrakes, eine sch\u00fcchterne Art, werden selten gesehen und sind am besten durch diesen Ruf zu finden, der meistens nachts zu h\u00f6ren ist. <\/p>\n\n\n\n<p>Corncrakes kommen im Allgemeinen in hoher Vegetation (20 cm) auf Heu- und Silagefeldern, rauen Weiden und Best\u00e4nden krautiger Arten wie Iris und Brennnesseln mit gelber Flagge vor. Sie sind Allesfresser und ern\u00e4hren sich haupts\u00e4chlich von Insekten, Schnecken, Schnecken und W\u00fcrmern, aber auch von Samen. <\/p>\n\n\n\n<p>Corncrakes sind Sommerg\u00e4ste, die von April bis September in Irland br\u00fcten und f\u00fcr den Winter nach Afrika ziehen. Das Territorium eines Mannes kann manchmal mehrere Nester umfassen, wodurch lokale Konzentrationen von Brutv\u00f6geln entstehen. Das Nest wird auf dem Boden aus Stielen und Bl\u00e4ttern gemacht. Frauen legen 8-12 Eier und produzieren normalerweise zwei Bruten pro Jahr. Nester sind schwer zu lokalisieren und befinden sich normalerweise in einem Umkreis von 250 m um rufende M\u00e4nnchen.    <\/p>\n\n\n\n<p>Corncrakes sind wandernd und \u00fcberwintern in Afrika s\u00fcdlich der Sahara, haupts\u00e4chlich in s\u00fcd\u00f6stlichen L\u00e4ndern (S\u00fcdafrika, Simbabwe, Sambia und Tansania), in denen Gr\u00fcnlandlebensr\u00e4ume bevorzugt werden.<\/p>\n\n\n\n<p>Corncrakes kommen im April und Mai wieder auf ihren Brutpl\u00e4tzen an. Wie die meisten Schienen sind sie geheimnisvoll und werden selten im Freien gesehen. W\u00e4hrend des gesamten Brutzyklus ben\u00f6tigen sie eine kontinuierliche Bedeckung mit einer hohen Vegetation von mindestens 20 cm H\u00f6he, die eine offene Struktur beibeh\u00e4lt &#8211; Vegetation, die im Verlauf der Saison zu dicht wird, wird eher vermieden.  <\/p>\n\n\n\n<p>M\u00e4nner ziehen Partner mit ihrem lauten, kr\u00e4chzenden Lied an, das ab Mitternacht, von kurz nach der Ankunft bis Mitte Juli, mehrere Stunden lang best\u00e4ndig anruft, wenn die Anrufaktivit\u00e4t abnimmt. W\u00e4hrend der Eiablage bilden sie eine Paarbindung mit den Weibchen. Zu dieser Zeit singen sie nachts weniger h\u00e4ufig. <\/p>\n\n\n\n<p>Das Weibchen ist die einzige Pflegekraft, die das Gelege von normalerweise 8-12 Eiern in einem flachen Nest auf dem Boden inkubiert, das in hoher Vegetation verborgen ist. Die ersten Brutk\u00fcken werden etwa 12 Tage lang von dem Weibchen begleitet, wobei das Weibchen die K\u00fcken dann verl\u00e4sst, um eine zweite Kupplung zu legen. <\/p>\n<\/div>\n<\/div>\n","protected":false},"excerpt":{"rendered":"<p>Corncrakes sind etwas gr\u00f6\u00dfer als eine Amsel und dunkelgelbbraun, mit dunklen Streifen auf dem R\u00fccken, r\u00f6tlichen Flanken und einem grauen Bauch. K\u00fcken haben beim Schl\u00fcpfen eine schwarze Daune. M\u00e4nner haben einen lauten, unverwechselbaren &#8222;Crex Crex&#8220; -Ruf, der bis zu 1 km entfernt ist. Corncrakes, eine sch\u00fcchterne Art, werden selten gesehen und sind am besten durch [&hellip;]<\/p>\n","protected":false},"author":1,"featured_media":0,"parent":0,"menu_order":0,"comment_status":"closed","ping_status":"closed","template":"","meta":{"site-sidebar-layout":"no-sidebar","site-content-layout":"","ast-site-content-layout":"default","site-content-style":"default","site-sidebar-style":"default","ast-global-header-display":"","ast-banner-title-visibility":"","ast-main-header-display":"","ast-hfb-above-header-display":"","ast-hfb-below-header-display":"","ast-hfb-mobile-header-display":"","site-post-title":"","ast-breadcrumbs-content":"","ast-featured-img":"","footer-sml-layout":"","ast-disable-related-posts":"","theme-transparent-header-meta":"","adv-header-id-meta":"","stick-header-meta":"","header-above-stick-meta":"","header-main-stick-meta":"","header-below-stick-meta":"","astra-migrate-meta-layouts":"default","ast-page-background-enabled":"default","ast-page-background-meta":{"desktop":{"background-color":"var(--ast-global-color-4)","background-image":"","background-repeat":"repeat","background-position":"center center","background-size":"auto","background-attachment":"scroll","background-type":"","background-media":"","overlay-type":"","overlay-color":"","overlay-opacity":"","overlay-gradient":""},"tablet":{"background-color":"","background-image":"","background-repeat":"repeat","background-position":"center center","background-size":"auto","background-attachment":"scroll","background-type":"","background-media":"","overlay-type":"","overlay-color":"","overlay-opacity":"","overlay-gradient":""},"mobile":{"background-color":"","background-image":"","background-repeat":"repeat","background-position":"center center","background-size":"auto","background-attachment":"scroll","background-type":"","background-media":"","overlay-type":"","overlay-color":"","overlay-opacity":"","overlay-gradient":""}},"ast-content-background-meta":{"desktop":{"background-color":"var(--ast-global-color-5)","background-image":"","background-repeat":"repeat","background-position":"center center","background-size":"auto","background-attachment":"scroll","background-type":"","background-media":"","overlay-type":"","overlay-color":"","overlay-opacity":"","overlay-gradient":""},"tablet":{"background-color":"var(--ast-global-color-5)","background-image":"","background-repeat":"repeat","background-position":"center center","background-size":"auto","background-attachment":"scroll","background-type":"","background-media":"","overlay-type":"","overlay-color":"","overlay-opacity":"","overlay-gradient":""},"mobile":{"background-color":"var(--ast-global-color-5)","background-image":"","background-repeat":"repeat","background-position":"center center","background-size":"auto","background-attachment":"scroll","background-type":"","background-media":"","overlay-type":"","overlay-color":"","overlay-opacity":"","overlay-gradient":""}},"footnotes":""},"class_list":["post-1076","page","type-page","status-publish","hentry"],"yoast_head":"<!-- This site is optimized with the Yoast SEO plugin v27.4 - https:\/\/yoast.com\/product\/yoast-seo-wordpress\/ -->\n<title>Corncrake Biologie und \u00d6kologie - Corncrake LIFE<\/title>\n<meta name=\"robots\" content=\"index, follow, max-snippet:-1, max-image-preview:large, max-video-preview:-1\" \/>\n<link rel=\"canonical\" href=\"https:\/\/www.corncrakelife.ie\/de\/corncrake-biologie-und-oekologie\/\" \/>\n<meta property=\"og:locale\" content=\"de_DE\" \/>\n<meta property=\"og:type\" content=\"article\" \/>\n<meta property=\"og:title\" content=\"Corncrake Biologie und \u00d6kologie - Corncrake LIFE\" \/>\n<meta property=\"og:description\" content=\"Corncrakes sind etwas gr\u00f6\u00dfer als eine Amsel und dunkelgelbbraun, mit dunklen Streifen auf dem R\u00fccken, r\u00f6tlichen Flanken und einem grauen Bauch. K\u00fcken haben beim Schl\u00fcpfen eine schwarze Daune. M\u00e4nner haben einen lauten, unverwechselbaren &#8222;Crex Crex&#8220; -Ruf, der bis zu 1 km entfernt ist. Corncrakes, eine sch\u00fcchterne Art, werden selten gesehen und sind am besten durch [&hellip;]\" \/>\n<meta property=\"og:url\" content=\"https:\/\/www.corncrakelife.ie\/de\/corncrake-biologie-und-oekologie\/\" \/>\n<meta property=\"og:site_name\" content=\"Corncrake LIFE\" \/>\n<meta property=\"article:publisher\" content=\"https:\/\/www.facebook.com\/groups\/1110924015998978\" \/>\n<meta property=\"article:modified_time\" content=\"2023-03-22T16:43:20+00:00\" \/>\n<meta property=\"og:image\" content=\"https:\/\/www.corncrakelife.ie\/wp-content\/uploads\/2022\/03\/03611e_9711342e87c746f6a8d0e4f0659d96b0_mv2.jpg\" \/>\n<meta name=\"twitter:card\" content=\"summary_large_image\" \/>\n<meta name=\"twitter:site\" content=\"@CorncrakeLife\" \/>\n<meta name=\"twitter:label1\" content=\"Gesch\u00e4tzte Lesezeit\" \/>\n\t<meta name=\"twitter:data1\" content=\"2\u00a0Minuten\" \/>\n<script type=\"application\/ld+json\" class=\"yoast-schema-graph\">{\"@context\":\"https:\\\/\\\/schema.org\",\"@graph\":[{\"@type\":\"WebPage\",\"@id\":\"https:\\\/\\\/www.corncrakelife.ie\\\/de\\\/corncrake-biologie-und-oekologie\\\/\",\"url\":\"https:\\\/\\\/www.corncrakelife.ie\\\/de\\\/corncrake-biologie-und-oekologie\\\/\",\"name\":\"Corncrake Biologie und \u00d6kologie - Corncrake LIFE\",\"isPartOf\":{\"@id\":\"https:\\\/\\\/www.corncrakelife.ie\\\/de\\\/#website\"},\"primaryImageOfPage\":{\"@id\":\"https:\\\/\\\/www.corncrakelife.ie\\\/de\\\/corncrake-biologie-und-oekologie\\\/#primaryimage\"},\"image\":{\"@id\":\"https:\\\/\\\/www.corncrakelife.ie\\\/de\\\/corncrake-biologie-und-oekologie\\\/#primaryimage\"},\"thumbnailUrl\":\"https:\\\/\\\/www.corncrakelife.ie\\\/wp-content\\\/uploads\\\/2022\\\/03\\\/03611e_9711342e87c746f6a8d0e4f0659d96b0_mv2.jpg\",\"datePublished\":\"2022-03-01T16:16:00+00:00\",\"dateModified\":\"2023-03-22T16:43:20+00:00\",\"breadcrumb\":{\"@id\":\"https:\\\/\\\/www.corncrakelife.ie\\\/de\\\/corncrake-biologie-und-oekologie\\\/#breadcrumb\"},\"inLanguage\":\"de\",\"potentialAction\":[{\"@type\":\"ReadAction\",\"target\":[\"https:\\\/\\\/www.corncrakelife.ie\\\/de\\\/corncrake-biologie-und-oekologie\\\/\"]}]},{\"@type\":\"ImageObject\",\"inLanguage\":\"de\",\"@id\":\"https:\\\/\\\/www.corncrakelife.ie\\\/de\\\/corncrake-biologie-und-oekologie\\\/#primaryimage\",\"url\":\"https:\\\/\\\/www.corncrakelife.ie\\\/wp-content\\\/uploads\\\/2022\\\/03\\\/03611e_9711342e87c746f6a8d0e4f0659d96b0_mv2.jpg\",\"contentUrl\":\"https:\\\/\\\/www.corncrakelife.ie\\\/wp-content\\\/uploads\\\/2022\\\/03\\\/03611e_9711342e87c746f6a8d0e4f0659d96b0_mv2.jpg\"},{\"@type\":\"BreadcrumbList\",\"@id\":\"https:\\\/\\\/www.corncrakelife.ie\\\/de\\\/corncrake-biologie-und-oekologie\\\/#breadcrumb\",\"itemListElement\":[{\"@type\":\"ListItem\",\"position\":1,\"name\":\"Home\",\"item\":\"https:\\\/\\\/www.corncrakelife.ie\\\/de\\\/\"},{\"@type\":\"ListItem\",\"position\":2,\"name\":\"Corncrake Biologie und \u00d6kologie\"}]},{\"@type\":\"WebSite\",\"@id\":\"https:\\\/\\\/www.corncrakelife.ie\\\/de\\\/#website\",\"url\":\"https:\\\/\\\/www.corncrakelife.ie\\\/de\\\/\",\"name\":\"Corncrake LIFE\",\"description\":\"Corncrake Traonach LIFE\",\"publisher\":{\"@id\":\"https:\\\/\\\/www.corncrakelife.ie\\\/de\\\/#organization\"},\"potentialAction\":[{\"@type\":\"SearchAction\",\"target\":{\"@type\":\"EntryPoint\",\"urlTemplate\":\"https:\\\/\\\/www.corncrakelife.ie\\\/de\\\/?s={search_term_string}\"},\"query-input\":{\"@type\":\"PropertyValueSpecification\",\"valueRequired\":true,\"valueName\":\"search_term_string\"}}],\"inLanguage\":\"de\"},{\"@type\":\"Organization\",\"@id\":\"https:\\\/\\\/www.corncrakelife.ie\\\/de\\\/#organization\",\"name\":\"Department of Housing, Local Government and Heritage\",\"url\":\"https:\\\/\\\/www.corncrakelife.ie\\\/de\\\/\",\"logo\":{\"@type\":\"ImageObject\",\"inLanguage\":\"de\",\"@id\":\"https:\\\/\\\/www.corncrakelife.ie\\\/de\\\/#\\\/schema\\\/logo\\\/image\\\/\",\"url\":\"https:\\\/\\\/www.corncrakelife.ie\\\/wp-content\\\/uploads\\\/2022\\\/03\\\/Corncrake-Traonach-LIFE-Logo.png\",\"contentUrl\":\"https:\\\/\\\/www.corncrakelife.ie\\\/wp-content\\\/uploads\\\/2022\\\/03\\\/Corncrake-Traonach-LIFE-Logo.png\",\"width\":207,\"height\":100,\"caption\":\"Department of Housing, Local Government and Heritage\"},\"image\":{\"@id\":\"https:\\\/\\\/www.corncrakelife.ie\\\/de\\\/#\\\/schema\\\/logo\\\/image\\\/\"},\"sameAs\":[\"https:\\\/\\\/www.facebook.com\\\/groups\\\/1110924015998978\",\"https:\\\/\\\/x.com\\\/CorncrakeLife\",\"https:\\\/\\\/www.instagram.com\\\/corncrakelife\\\/\",\"https:\\\/\\\/www.youtube.com\\\/channel\\\/UCJGP2YKBafZ689yVU0Iy_Zw\"]}]}<\/script>\n<!-- \/ Yoast SEO plugin. -->","yoast_head_json":{"title":"Corncrake Biologie und \u00d6kologie - Corncrake LIFE","robots":{"index":"index","follow":"follow","max-snippet":"max-snippet:-1","max-image-preview":"max-image-preview:large","max-video-preview":"max-video-preview:-1"},"canonical":"https:\/\/www.corncrakelife.ie\/de\/corncrake-biologie-und-oekologie\/","og_locale":"de_DE","og_type":"article","og_title":"Corncrake Biologie und \u00d6kologie - Corncrake LIFE","og_description":"Corncrakes sind etwas gr\u00f6\u00dfer als eine Amsel und dunkelgelbbraun, mit dunklen Streifen auf dem R\u00fccken, r\u00f6tlichen Flanken und einem grauen Bauch. K\u00fcken haben beim Schl\u00fcpfen eine schwarze Daune. M\u00e4nner haben einen lauten, unverwechselbaren &#8222;Crex Crex&#8220; -Ruf, der bis zu 1 km entfernt ist. Corncrakes, eine sch\u00fcchterne Art, werden selten gesehen und sind am besten durch [&hellip;]","og_url":"https:\/\/www.corncrakelife.ie\/de\/corncrake-biologie-und-oekologie\/","og_site_name":"Corncrake LIFE","article_publisher":"https:\/\/www.facebook.com\/groups\/1110924015998978","article_modified_time":"2023-03-22T16:43:20+00:00","og_image":[{"url":"https:\/\/www.corncrakelife.ie\/wp-content\/uploads\/2022\/03\/03611e_9711342e87c746f6a8d0e4f0659d96b0_mv2.jpg","type":"","width":"","height":""}],"twitter_card":"summary_large_image","twitter_site":"@CorncrakeLife","twitter_misc":{"Gesch\u00e4tzte Lesezeit":"2\u00a0Minuten"},"schema":{"@context":"https:\/\/schema.org","@graph":[{"@type":"WebPage","@id":"https:\/\/www.corncrakelife.ie\/de\/corncrake-biologie-und-oekologie\/","url":"https:\/\/www.corncrakelife.ie\/de\/corncrake-biologie-und-oekologie\/","name":"Corncrake Biologie und \u00d6kologie - Corncrake LIFE","isPartOf":{"@id":"https:\/\/www.corncrakelife.ie\/de\/#website"},"primaryImageOfPage":{"@id":"https:\/\/www.corncrakelife.ie\/de\/corncrake-biologie-und-oekologie\/#primaryimage"},"image":{"@id":"https:\/\/www.corncrakelife.ie\/de\/corncrake-biologie-und-oekologie\/#primaryimage"},"thumbnailUrl":"https:\/\/www.corncrakelife.ie\/wp-content\/uploads\/2022\/03\/03611e_9711342e87c746f6a8d0e4f0659d96b0_mv2.jpg","datePublished":"2022-03-01T16:16:00+00:00","dateModified":"2023-03-22T16:43:20+00:00","breadcrumb":{"@id":"https:\/\/www.corncrakelife.ie\/de\/corncrake-biologie-und-oekologie\/#breadcrumb"},"inLanguage":"de","potentialAction":[{"@type":"ReadAction","target":["https:\/\/www.corncrakelife.ie\/de\/corncrake-biologie-und-oekologie\/"]}]},{"@type":"ImageObject","inLanguage":"de","@id":"https:\/\/www.corncrakelife.ie\/de\/corncrake-biologie-und-oekologie\/#primaryimage","url":"https:\/\/www.corncrakelife.ie\/wp-content\/uploads\/2022\/03\/03611e_9711342e87c746f6a8d0e4f0659d96b0_mv2.jpg","contentUrl":"https:\/\/www.corncrakelife.ie\/wp-content\/uploads\/2022\/03\/03611e_9711342e87c746f6a8d0e4f0659d96b0_mv2.jpg"},{"@type":"BreadcrumbList","@id":"https:\/\/www.corncrakelife.ie\/de\/corncrake-biologie-und-oekologie\/#breadcrumb","itemListElement":[{"@type":"ListItem","position":1,"name":"Home","item":"https:\/\/www.corncrakelife.ie\/de\/"},{"@type":"ListItem","position":2,"name":"Corncrake Biologie und \u00d6kologie"}]},{"@type":"WebSite","@id":"https:\/\/www.corncrakelife.ie\/de\/#website","url":"https:\/\/www.corncrakelife.ie\/de\/","name":"Corncrake LIFE","description":"Corncrake Traonach LIFE","publisher":{"@id":"https:\/\/www.corncrakelife.ie\/de\/#organization"},"potentialAction":[{"@type":"SearchAction","target":{"@type":"EntryPoint","urlTemplate":"https:\/\/www.corncrakelife.ie\/de\/?s={search_term_string}"},"query-input":{"@type":"PropertyValueSpecification","valueRequired":true,"valueName":"search_term_string"}}],"inLanguage":"de"},{"@type":"Organization","@id":"https:\/\/www.corncrakelife.ie\/de\/#organization","name":"Department of Housing, Local Government and Heritage","url":"https:\/\/www.corncrakelife.ie\/de\/","logo":{"@type":"ImageObject","inLanguage":"de","@id":"https:\/\/www.corncrakelife.ie\/de\/#\/schema\/logo\/image\/","url":"https:\/\/www.corncrakelife.ie\/wp-content\/uploads\/2022\/03\/Corncrake-Traonach-LIFE-Logo.png","contentUrl":"https:\/\/www.corncrakelife.ie\/wp-content\/uploads\/2022\/03\/Corncrake-Traonach-LIFE-Logo.png","width":207,"height":100,"caption":"Department of Housing, Local Government and Heritage"},"image":{"@id":"https:\/\/www.corncrakelife.ie\/de\/#\/schema\/logo\/image\/"},"sameAs":["https:\/\/www.facebook.com\/groups\/1110924015998978","https:\/\/x.com\/CorncrakeLife","https:\/\/www.instagram.com\/corncrakelife\/","https:\/\/www.youtube.com\/channel\/UCJGP2YKBafZ689yVU0Iy_Zw"]}]}},"_links":{"self":[{"href":"https:\/\/www.corncrakelife.ie\/de\/wp-json\/wp\/v2\/pages\/1076","targetHints":{"allow":["GET"]}}],"collection":[{"href":"https:\/\/www.corncrakelife.ie\/de\/wp-json\/wp\/v2\/pages"}],"about":[{"href":"https:\/\/www.corncrakelife.ie\/de\/wp-json\/wp\/v2\/types\/page"}],"author":[{"embeddable":true,"href":"https:\/\/www.corncrakelife.ie\/de\/wp-json\/wp\/v2\/users\/1"}],"replies":[{"embeddable":true,"href":"https:\/\/www.corncrakelife.ie\/de\/wp-json\/wp\/v2\/comments?post=1076"}],"version-history":[{"count":5,"href":"https:\/\/www.corncrakelife.ie\/de\/wp-json\/wp\/v2\/pages\/1076\/revisions"}],"predecessor-version":[{"id":2054,"href":"https:\/\/www.corncrakelife.ie\/de\/wp-json\/wp\/v2\/pages\/1076\/revisions\/2054"}],"wp:attachment":[{"href":"https:\/\/www.corncrakelife.ie\/de\/wp-json\/wp\/v2\/media?parent=1076"}],"curies":[{"name":"wp","href":"https:\/\/api.w.org\/{rel}","templated":true}]}}